{"id":4402,"date":"2020-04-04T19:16:03","date_gmt":"2020-04-04T17:16:03","guid":{"rendered":"https:\/\/www.agencedumas.fr\/?page_id=4402"},"modified":"2024-09-11T10:37:40","modified_gmt":"2024-09-11T08:37:40","slug":"blog","status":"publish","type":"page","link":"https:\/\/www.agencedumas.fr\/en\/blog\/","title":{"rendered":"Blog"},"content":{"rendered":"","protected":false},"excerpt":{"rendered":"","protected":false},"author":1,"featured_media":0,"parent":0,"menu_order":62,"comment_status":"closed","ping_status":"closed","template":"template-blog.php","meta":{"_acf_changed":false,"footnotes":""},"class_list":["post-4402","page","type-page","status-publish","hentry"],"acf":[],"yoast_head":"<!-- This site is optimized with the Yoast SEO plugin v26.0 - https:\/\/yoast.com\/wordpress\/plugins\/seo\/ -->\n<title>Actualit\u00e9s du march\u00e9 immobilier C\u00f4te d&#039;Azur - Agence Dumas<\/title>\n<meta name=\"description\" content=\"Vous cherchez des informations sur l&#039;actualit\u00e9 du march\u00e9 immobilier sur la C\u00f4te d&#039;Azur ? L&#039;agence Dumas vous propose des articles.\" \/>\n<meta name=\"robots\" content=\"index, follow, max-snippet:-1, max-image-preview:large, max-video-preview:-1\" \/>\n<link rel=\"canonical\" href=\"https:\/\/www.agencedumas.fr\/blog\/\" \/>\n<meta property=\"og:locale\" content=\"en_US\" \/>\n<meta property=\"og:type\" content=\"article\" \/>\n<meta property=\"og:title\" content=\"Actualit\u00e9s du march\u00e9 immobilier C\u00f4te d&#039;Azur - Agence Dumas\" \/>\n<meta property=\"og:description\" content=\"Vous cherchez des informations sur l&#039;actualit\u00e9 du march\u00e9 immobilier sur la C\u00f4te d&#039;Azur ? L&#039;agence Dumas vous propose des articles.\" \/>\n<meta property=\"og:url\" content=\"https:\/\/www.agencedumas.fr\/blog\/\" \/>\n<meta property=\"og:site_name\" content=\"Dumas\" \/>\n<meta property=\"article:publisher\" content=\"https:\/\/www.facebook.com\/Dumas-Realty-100353566141360\/\" \/>\n<meta property=\"article:modified_time\" content=\"2024-09-11T08:37:40+00:00\" \/>\n<meta name=\"twitter:card\" content=\"summary_large_image\" \/>\n<script type=\"application\/ld+json\" class=\"yoast-schema-graph\">{\"@context\":\"https:\/\/schema.org\",\"@graph\":[{\"@type\":\"WebPage\",\"@id\":\"https:\/\/www.agencedumas.fr\/blog\/\",\"url\":\"https:\/\/www.agencedumas.fr\/blog\/\",\"name\":\"Actualit\u00e9s du march\u00e9 immobilier C\u00f4te d'Azur - Agence Dumas\",\"isPartOf\":{\"@id\":\"https:\/\/www.agencedumas.fr\/#website\"},\"datePublished\":\"2020-04-04T17:16:03+00:00\",\"dateModified\":\"2024-09-11T08:37:40+00:00\",\"description\":\"Vous cherchez des informations sur l'actualit\u00e9 du march\u00e9 immobilier sur la C\u00f4te d'Azur ? L'agence Dumas vous propose des articles.\",\"inLanguage\":\"en-US\",\"potentialAction\":[{\"@type\":\"ReadAction\",\"target\":[\"https:\/\/www.agencedumas.fr\/blog\/\"]}]},{\"@type\":\"WebSite\",\"@id\":\"https:\/\/www.agencedumas.fr\/#website\",\"url\":\"https:\/\/www.agencedumas.fr\/\",\"name\":\"Dumas\",\"description\":\"Agence Immobili\u00e8re Villefranche, Beaulieu et Saint-Jean-Cap-Ferrat\",\"potentialAction\":[{\"@type\":\"SearchAction\",\"target\":{\"@type\":\"EntryPoint\",\"urlTemplate\":\"https:\/\/www.agencedumas.fr\/?s={search_term_string}\"},\"query-input\":{\"@type\":\"PropertyValueSpecification\",\"valueRequired\":true,\"valueName\":\"search_term_string\"}}],\"inLanguage\":\"en-US\"}]}<\/script>\n<!-- \/ Yoast SEO plugin. -->","yoast_head_json":{"title":"Actualit\u00e9s du march\u00e9 immobilier C\u00f4te d'Azur - Agence Dumas","description":"Vous cherchez des informations sur l'actualit\u00e9 du march\u00e9 immobilier sur la C\u00f4te d'Azur ? L'agence Dumas vous propose des articles.","robots":{"index":"index","follow":"follow","max-snippet":"max-snippet:-1","max-image-preview":"max-image-preview:large","max-video-preview":"max-video-preview:-1"},"canonical":"https:\/\/www.agencedumas.fr\/blog\/","og_locale":"en_US","og_type":"article","og_title":"Actualit\u00e9s du march\u00e9 immobilier C\u00f4te d'Azur - Agence Dumas","og_description":"Vous cherchez des informations sur l'actualit\u00e9 du march\u00e9 immobilier sur la C\u00f4te d'Azur ? L'agence Dumas vous propose des articles.","og_url":"https:\/\/www.agencedumas.fr\/blog\/","og_site_name":"Dumas","article_publisher":"https:\/\/www.facebook.com\/Dumas-Realty-100353566141360\/","article_modified_time":"2024-09-11T08:37:40+00:00","twitter_card":"summary_large_image","schema":{"@context":"https:\/\/schema.org","@graph":[{"@type":"WebPage","@id":"https:\/\/www.agencedumas.fr\/blog\/","url":"https:\/\/www.agencedumas.fr\/blog\/","name":"Actualit\u00e9s du march\u00e9 immobilier C\u00f4te d'Azur - Agence Dumas","isPartOf":{"@id":"https:\/\/www.agencedumas.fr\/#website"},"datePublished":"2020-04-04T17:16:03+00:00","dateModified":"2024-09-11T08:37:40+00:00","description":"Vous cherchez des informations sur l'actualit\u00e9 du march\u00e9 immobilier sur la C\u00f4te d'Azur ? L'agence Dumas vous propose des articles.","inLanguage":"en-US","potentialAction":[{"@type":"ReadAction","target":["https:\/\/www.agencedumas.fr\/blog\/"]}]},{"@type":"WebSite","@id":"https:\/\/www.agencedumas.fr\/#website","url":"https:\/\/www.agencedumas.fr\/","name":"Dumas","description":"Agence Immobili\u00e8re Villefranche, Beaulieu et Saint-Jean-Cap-Ferrat","potentialAction":[{"@type":"SearchAction","target":{"@type":"EntryPoint","urlTemplate":"https:\/\/www.agencedumas.fr\/?s={search_term_string}"},"query-input":{"@type":"PropertyValueSpecification","valueRequired":true,"valueName":"search_term_string"}}],"inLanguage":"en-US"}]}},"_links":{"self":[{"href":"https:\/\/www.agencedumas.fr\/en\/wp-json\/wp\/v2\/pages\/4402","targetHints":{"allow":["GET"]}}],"collection":[{"href":"https:\/\/www.agencedumas.fr\/en\/wp-json\/wp\/v2\/pages"}],"about":[{"href":"https:\/\/www.agencedumas.fr\/en\/wp-json\/wp\/v2\/types\/page"}],"author":[{"embeddable":true,"href":"https:\/\/www.agencedumas.fr\/en\/wp-json\/wp\/v2\/users\/1"}],"replies":[{"embeddable":true,"href":"https:\/\/www.agencedumas.fr\/en\/wp-json\/wp\/v2\/comments?post=4402"}],"version-history":[{"count":0,"href":"https:\/\/www.agencedumas.fr\/en\/wp-json\/wp\/v2\/pages\/4402\/revisions"}],"wp:attachment":[{"href":"https:\/\/www.agencedumas.fr\/en\/wp-json\/wp\/v2\/media?parent=4402"}],"curies":[{"name":"wp","href":"https:\/\/api.w.org\/{rel}","templated":true}]}}