{"id":1452918,"date":"2024-03-29T10:02:24","date_gmt":"2024-03-29T09:02:24","guid":{"rendered":"https:\/\/agencedumas.preprod-s1.cawita.com\/localita-maison-niceport\/"},"modified":"2024-03-29T10:02:26","modified_gmt":"2024-03-29T09:02:26","slug":"localita-maison-niceport","status":"publish","type":"page","link":"https:\/\/www.agencedumas.fr\/it\/localita-maison-niceport\/","title":{"rendered":"Affitta la tua casa a Nizza Quartier du Port"},"content":{"rendered":"<p><strong>Louer une maison dans le quartier du Port \u00e0 Nice<\/strong> est la solution id\u00e9ale pour vivre dans un secteur agr\u00e9able tout au long de l\u2019ann\u00e9e. Avec plus d\u2019un demi-si\u00e8cle d\u2019activit\u00e9 dans la ville et dans ses alentours, nous ma\u00eetrisons \u00e0 la perfection les <strong>sp\u00e9cificit\u00e9s du march\u00e9 immobilier local<\/strong>. <\/p>\n<p>Le <strong>quartier du Port \u00e0 Nice<\/strong> est un lieu de pr\u00e9dilection pour de nombreuses personnes en qu\u00eate d\u2019une exp\u00e9rience m\u00e9diterran\u00e9enne authentique. Situ\u00e9 \u00e0 quelques pas des eaux scintillantes de la M\u00e9diterran\u00e9e, le quartier offre un emplacement id\u00e9al pour les personnes qui souhaitent s\u2019installer \u00e0 Nice. <\/p>\n<h2>Quels sont les avantages de louer une maison dans le quartier du Port \u00e0 Nice ?<\/h2>\n<p>De plus, cet emplacement a su pr\u00e9server son charme m\u00e9diterran\u00e9en traditionnel avec ses ruelles pav\u00e9es et ses petits bistrots locaux. Vous vous retrouverez ainsi immerg\u00e9 dans une ambiance o\u00f9 le <strong>mode de vie m\u00e9diterran\u00e9en<\/strong> est au rendez-vous. Par ailleurs, si vous <strong>louez votre maison dans le quartier du Port \u00e0 Nice<\/strong>, vous pourrez vous d\u00e9placer facilement dans la ville, sans avoir besoin de voiture, car il est bien desservi par les <strong>transports en commun<\/strong>.<\/p>\n<p>En outre, le quartier est le foyer de nombreux mus\u00e9es, galeries d\u2019art et \u00e9v\u00e9nements culturels. Vous pourrez donc explorer l\u2019histoire locale, l\u2019art contemporain et assister \u00e0 des festivals anim\u00e9s ou aller au cin\u00e9ma par exemple. De m\u00eame, que vous souhaitiez <strong>d\u00e9guster des fruits de mer frais<\/strong>, une <strong>salade ni\u00e7oise<\/strong> ou des p\u00e2tisseries artisanales, vous y trouverez votre bonheur. Enfin, l\u2019accueil chaleureux des locaux cr\u00e9e une ambiance conviviale pour tous.<\/p>\n<h2>Quels sont les types de maisons que vous pouvez louer \u00e0 Nice quartier du Port ?<\/h2>\n<p>En tant que <strong>destination de fortes attractions<\/strong> et tr\u00e8s pris\u00e9e en France, vous pouvez y constater une diversit\u00e9 remarquable des types de logements disponibles, chacun offrant une exp\u00e9rience unique. Que ce soit pour des vacances, un <strong>s\u00e9jour<\/strong> prolong\u00e9 ou une immersion dans la vie locale, vous trouverez la <strong>maison<\/strong> id\u00e9ale pour rendre votre s\u00e9jour inoubliable avec notre agence. <\/p>\n<p><strong>Nous pouvons citer par exemple :<\/strong><\/p>\n<ul>\n<li>des <strong>villas Belle \u00c9poque<\/strong> de 7 pi\u00e8ces, avec 5 chambres, 5 salles de bain, un WC et une vue d\u00e9gag\u00e9e ou panoramique\u2009;<\/li>\n<li>des maisons de 3 niveaux, avec 9 pi\u00e8ces, 8 chambres, 8 salles de bain, un garage et une vue panoramique\u2009;<\/li>\n<li>des maisons de 3 pi\u00e8ces, 2 <strong>chambres<\/strong>, 2 salles de bain, une exposition ouest et une vue panoramique Mer\u2009;<\/li>\n<li>des <strong>villas de 5 pi\u00e8ces au bord de la M\u00e9diterran\u00e9e<\/strong>, avec 4 chambres et des salles de bain\u2009;<\/li>\n<li>des maisons de 3 pi\u00e8ces avec terrasse, <strong>2 piscines<\/strong>, etc.<\/li>\n<\/ul>\n<p>Toutes les maisons que nous vous proposons sont \u00e9quip\u00e9es avec des mat\u00e9riaux de qualit\u00e9 et dot\u00e9es de <strong>prestations haut de gamme<\/strong>.<\/p>\n<h2>Quels sont les avantages d\u2019avoir recours \u00e0 l\u2019Agence Dumas pour louer une maison dans le quartier du Port \u00e0 Nice ?<\/h2>\n<p>Gr\u00e2ce \u00e0 notre expertise et notre connaissance approfondie de la localit\u00e9, vous \u00eates assur\u00e9 de <strong>b\u00e9n\u00e9ficier de conseils \u00e9clair\u00e9s<\/strong> pour op\u00e9rer un bon choix. De plus, nous proposons une s\u00e9lection diversifi\u00e9e de <strong>maisons de qualit\u00e9<\/strong>. <\/p>\n<p>Chaque propri\u00e9t\u00e9 est minutieusement inspect\u00e9e pour garantir un s\u00e9jour confortable et serein. Vous aurez acc\u00e8s \u00e0 un \u00e9ventail d\u2019options pour r\u00e9pondre \u00e0 vos pr\u00e9f\u00e9rences, qu\u2019il s\u2019agisse d\u2019une <strong>maison traditionnelle ni\u00e7oise<\/strong> ou d\u2019une villa contemporaine. En outre, nos experts vous \u00e9coutent attentivement, comprennent vos besoins sp\u00e9cifiques et mettent tout en \u0153uvre pour vous aider \u00e0 <strong>trouver la maison id\u00e9ale<\/strong>. <\/p>\n<p>En optant pour l\u2019<strong>Agence Dumas<\/strong>, que vous soyez un propri\u00e9taire d\u00e9sirant faire louer une maison ou un locataire, vous pouvez <strong>d\u00e9l\u00e9guer la gestion compl\u00e8te du processus de location<\/strong>. De la recherche initiale \u00e0 la signature du bail, nous nous occupons de tout. Cette approche simplifie consid\u00e9rablement le processus et vous permet de vous consacrer pleinement \u00e0 la jouissance de votre s\u00e9jour ou de la <strong>location de votre maison \u00e0 Nice quartier du Port<\/strong>.<\/p>\n<h2>L\u2019expertise et l\u2019exp\u00e9rience de l\u2019Agence Dumas<\/h2>\n<p>L\u2019Agence Dumas est <strong>sp\u00e9cialis\u00e9e dans l\u2019immobilier haut de gamme \u00e0 Nice<\/strong>. Depuis plus de 50 ans, nos experts ont su fid\u00e9liser notre client\u00e8le gr\u00e2ce \u00e0 notre savoir-faire, notre s\u00e9rieux et notre sens du service. Ils sont accessibles, pr\u00eats \u00e0 r\u00e9pondre \u00e0 toutes vos pr\u00e9occupations pendant le processus de la <strong>location de votre maison dans le quartier du Port \u00e0 Nice<\/strong>.<\/p>\n<p>Notre agence jouit d\u2019une r\u00e9putation solide qui fait de nous un <strong>partenaire de confiance dans le secteur immobilier de Nice<\/strong>. Vous pouvez avoir une totale confiance en notre capacit\u00e9 \u00e0 satisfaire vos besoins en mati\u00e8re de location. <a href=\"https:\/\/www.agencedumas.fr\/contact\/\">Contactez-nous<\/a> d\u00e8s maintenant pour votre <strong>location de maison dans le quartier du Port \u00e0 Nice<\/strong> afin de profiter de notre <strong>service personnalis\u00e9<\/strong> et de la qualit\u00e9 exceptionnelle des propri\u00e9t\u00e9s ni\u00e7oises.<\/p>\n","protected":false},"excerpt":{"rendered":"<p>Louer une maison dans le quartier du Port \u00e0 Nice est la solution id\u00e9ale pour vivre dans un secteur agr\u00e9able [&hellip;]<\/p>\n","protected":false},"author":7,"featured_media":0,"parent":0,"menu_order":104,"comment_status":"closed","ping_status":"closed","template":"template-listing.php","meta":{"_acf_changed":false,"footnotes":""},"class_list":["post-1452918","page","type-page","status-publish","hentry"],"acf":[],"yoast_head":"<!-- This site is optimized with the Yoast SEO plugin v26.0 - https:\/\/yoast.com\/wordpress\/plugins\/seo\/ -->\n<title>Casa in affitto nel quartiere del Porto di Nizza - Agence Dumas<\/title>\n<meta name=\"description\" content=\"Avete bisogno di affittare una casa nel quartiere del Porto di Nizza? L&#039;Agence Dumas vi offre un servizio di qualit\u00e0 grazie al suo team di esperti e alla sua esperienza.\" \/>\n<meta name=\"robots\" content=\"index, follow, max-snippet:-1, max-image-preview:large, max-video-preview:-1\" \/>\n<link rel=\"canonical\" href=\"https:\/\/www.agencedumas.fr\/location-maison-nice-port\/\" \/>\n<meta property=\"og:locale\" content=\"it_IT\" \/>\n<meta property=\"og:type\" content=\"article\" \/>\n<meta property=\"og:title\" content=\"Casa in affitto nel quartiere del Porto di Nizza - Agence Dumas\" \/>\n<meta property=\"og:description\" content=\"Avete bisogno di affittare una casa nel quartiere del Porto di Nizza? L&#039;Agence Dumas vi offre un servizio di qualit\u00e0 grazie al suo team di esperti e alla sua esperienza.\" \/>\n<meta property=\"og:url\" content=\"https:\/\/www.agencedumas.fr\/location-maison-nice-port\/\" \/>\n<meta property=\"og:site_name\" content=\"Dumas\" \/>\n<meta property=\"article:publisher\" content=\"https:\/\/www.facebook.com\/Dumas-Realty-100353566141360\/\" \/>\n<meta property=\"article:modified_time\" content=\"2024-03-29T09:02:26+00:00\" \/>\n<meta name=\"twitter:card\" content=\"summary_large_image\" \/>\n<meta name=\"twitter:label1\" content=\"Tempo di lettura stimato\" \/>\n\t<meta name=\"twitter:data1\" content=\"4 minuti\" \/>\n<script type=\"application\/ld+json\" class=\"yoast-schema-graph\">{\"@context\":\"https:\/\/schema.org\",\"@graph\":[{\"@type\":\"WebPage\",\"@id\":\"https:\/\/www.agencedumas.fr\/location-maison-nice-port\/\",\"url\":\"https:\/\/www.agencedumas.fr\/location-maison-nice-port\/\",\"name\":\"Casa in affitto nel quartiere del Porto di Nizza - Agence Dumas\",\"isPartOf\":{\"@id\":\"https:\/\/www.agencedumas.fr\/#website\"},\"datePublished\":\"2024-03-29T09:02:24+00:00\",\"dateModified\":\"2024-03-29T09:02:26+00:00\",\"description\":\"Avete bisogno di affittare una casa nel quartiere del Porto di Nizza? L'Agence Dumas vi offre un servizio di qualit\u00e0 grazie al suo team di esperti e alla sua esperienza.\",\"inLanguage\":\"it-IT\",\"potentialAction\":[{\"@type\":\"ReadAction\",\"target\":[\"https:\/\/www.agencedumas.fr\/location-maison-nice-port\/\"]}]},{\"@type\":\"WebSite\",\"@id\":\"https:\/\/www.agencedumas.fr\/#website\",\"url\":\"https:\/\/www.agencedumas.fr\/\",\"name\":\"Dumas\",\"description\":\"Agence Immobili\u00e8re Villefranche, Beaulieu et Saint-Jean-Cap-Ferrat\",\"potentialAction\":[{\"@type\":\"SearchAction\",\"target\":{\"@type\":\"EntryPoint\",\"urlTemplate\":\"https:\/\/www.agencedumas.fr\/?s={search_term_string}\"},\"query-input\":{\"@type\":\"PropertyValueSpecification\",\"valueRequired\":true,\"valueName\":\"search_term_string\"}}],\"inLanguage\":\"it-IT\"}]}<\/script>\n<!-- \/ Yoast SEO plugin. -->","yoast_head_json":{"title":"Casa in affitto nel quartiere del Porto di Nizza - Agence Dumas","description":"Avete bisogno di affittare una casa nel quartiere del Porto di Nizza? L'Agence Dumas vi offre un servizio di qualit\u00e0 grazie al suo team di esperti e alla sua esperienza.","robots":{"index":"index","follow":"follow","max-snippet":"max-snippet:-1","max-image-preview":"max-image-preview:large","max-video-preview":"max-video-preview:-1"},"canonical":"https:\/\/www.agencedumas.fr\/location-maison-nice-port\/","og_locale":"it_IT","og_type":"article","og_title":"Casa in affitto nel quartiere del Porto di Nizza - Agence Dumas","og_description":"Avete bisogno di affittare una casa nel quartiere del Porto di Nizza? L'Agence Dumas vi offre un servizio di qualit\u00e0 grazie al suo team di esperti e alla sua esperienza.","og_url":"https:\/\/www.agencedumas.fr\/location-maison-nice-port\/","og_site_name":"Dumas","article_publisher":"https:\/\/www.facebook.com\/Dumas-Realty-100353566141360\/","article_modified_time":"2024-03-29T09:02:26+00:00","twitter_card":"summary_large_image","twitter_misc":{"Tempo di lettura stimato":"4 minuti"},"schema":{"@context":"https:\/\/schema.org","@graph":[{"@type":"WebPage","@id":"https:\/\/www.agencedumas.fr\/location-maison-nice-port\/","url":"https:\/\/www.agencedumas.fr\/location-maison-nice-port\/","name":"Casa in affitto nel quartiere del Porto di Nizza - Agence Dumas","isPartOf":{"@id":"https:\/\/www.agencedumas.fr\/#website"},"datePublished":"2024-03-29T09:02:24+00:00","dateModified":"2024-03-29T09:02:26+00:00","description":"Avete bisogno di affittare una casa nel quartiere del Porto di Nizza? L'Agence Dumas vi offre un servizio di qualit\u00e0 grazie al suo team di esperti e alla sua esperienza.","inLanguage":"it-IT","potentialAction":[{"@type":"ReadAction","target":["https:\/\/www.agencedumas.fr\/location-maison-nice-port\/"]}]},{"@type":"WebSite","@id":"https:\/\/www.agencedumas.fr\/#website","url":"https:\/\/www.agencedumas.fr\/","name":"Dumas","description":"Agence Immobili\u00e8re Villefranche, Beaulieu et Saint-Jean-Cap-Ferrat","potentialAction":[{"@type":"SearchAction","target":{"@type":"EntryPoint","urlTemplate":"https:\/\/www.agencedumas.fr\/?s={search_term_string}"},"query-input":{"@type":"PropertyValueSpecification","valueRequired":true,"valueName":"search_term_string"}}],"inLanguage":"it-IT"}]}},"_links":{"self":[{"href":"https:\/\/www.agencedumas.fr\/it\/wp-json\/wp\/v2\/pages\/1452918","targetHints":{"allow":["GET"]}}],"collection":[{"href":"https:\/\/www.agencedumas.fr\/it\/wp-json\/wp\/v2\/pages"}],"about":[{"href":"https:\/\/www.agencedumas.fr\/it\/wp-json\/wp\/v2\/types\/page"}],"author":[{"embeddable":true,"href":"https:\/\/www.agencedumas.fr\/it\/wp-json\/wp\/v2\/users\/7"}],"replies":[{"embeddable":true,"href":"https:\/\/www.agencedumas.fr\/it\/wp-json\/wp\/v2\/comments?post=1452918"}],"version-history":[{"count":0,"href":"https:\/\/www.agencedumas.fr\/it\/wp-json\/wp\/v2\/pages\/1452918\/revisions"}],"wp:attachment":[{"href":"https:\/\/www.agencedumas.fr\/it\/wp-json\/wp\/v2\/media?parent=1452918"}],"curies":[{"name":"wp","href":"https:\/\/api.w.org\/{rel}","templated":true}]}}