{"id":1452919,"date":"2024-03-29T10:02:25","date_gmt":"2024-03-29T09:02:25","guid":{"rendered":"https:\/\/agencedumas.preprod-s1.cawita.com\/appartamento-in-affitto-nice-port\/"},"modified":"2024-03-29T10:02:26","modified_gmt":"2024-03-29T09:02:26","slug":"appartamento-in-affitto-nice-port","status":"publish","type":"page","link":"https:\/\/www.agencedumas.fr\/it\/appartamento-in-affitto-nice-port\/","title":{"rendered":"Affitta il tuo appartamento a Nizza Quartier du Port"},"content":{"rendered":"\n          \n\n          <p>Volete affittare un appartamento nella regione <strong>Provenza-Alpi-Costa Azzurra<\/strong>? Scegliete Villefranche-sur-Mer! \u00c8 una bella citt\u00e0 di mare dove \u00e8 facile <strong>trovare un appartamento<\/strong> con una splendida vista sul blu del Mediterraneo.<\/p>\n          \n\n          <p>Villefranche-sur-Mer \u00e8 una citt\u00e0 affascinante dove la storia ha lasciato il segno attraverso monumenti pittoreschi e autentici. Villefranche-sur-Mer offre un ambiente accogliente, un paesaggio eccezionale e l&#8217;opportunit\u00e0 di incontrare le celebrit\u00e0, che spesso si fermano nella baia con i loro yacht. Con <a href=\"https:\/\/www.agencedumas.fr\/\">Dumas<\/a>, potrete stabilirvi rapidamente a Villefranche-sur-Mer. Dumas vi offre un&#8217;ampia scelta di appartamenti in affitto.<\/p>\n          \n\n          <h2>Villefranche-sur-Mer: una delle meraviglie della Costa Azzurra<\/h2>\n          \n\n          <p>Situata tra <strong>Nizza<\/strong> e <strong>Monaco<\/strong>, <strong>Villefranche-sur-Mer<\/strong> \u00e8 una nota localit\u00e0 balneare della Costa Azzurra per molti motivi. Il suo ambiente naturale, caratterizzato da dolci colline e da un&#8217;incredibile baia, vi conquister\u00e0 sicuramente. Villefranche-sur-Mer \u00e8 stata viziata dalla natura, con un clima mite che la rende un luogo ideale per vivere tutto l&#8217;anno. Rimarrete stupiti dal contrasto tra l&#8217;architettura antica della citt\u00e0 vecchia e quella moderna dei nuovi edifici di lusso e delle ville contemporanee affacciate sul mare.<\/p>\n          \n\n          <p>Citt\u00e0 di pittori e artisti, Villefranche-sur-Mer \u00e8 una localit\u00e0 dove rilassarsi e trovare ispirazione. Molte celebrit\u00e0 affittano <strong>appartamenti a Villefranche-sur-Mer<\/strong> in estate. La gente cerca pace e tranquillit\u00e0 rispetto alle altre localit\u00e0 balneari della Costa Azzurra.<\/p>\n          \n\n          <h2>Trova un appartamento in affitto con l&#8217;agenzia Dumas<\/h2>\n          \n\n          <p>Avete deciso di trasferirvi a <strong>Villefranche-sur-Mer<\/strong>? L&#8217;agenzia Dumas vi aiuter\u00e0 a trovare rapidamente l&#8217;appartamento in affitto dei vostri sogni. La nostra agenzia immobiliare, che opera a Villefranche-sur-Mer dal 1967, conosce a fondo il mercato immobiliare locale e vi propone la sua selezione di appartamenti in affitto<strong>(monolocali, T1, T2, T3 e T4 +<\/strong>). Il suo autentico patrimonio architettonico, tra cui la cittadella del XVI secolo, la ricchezza della sua cucina locale a base di pesce e il suo clima soleggiato tutto l&#8217;anno vi conquisteranno sicuramente.<\/p>\n          \n\n          <p>Contattate subito l&#8217;<strong>agenzia immobiliare Dumas<\/strong> e siate certi di trovare rapidamente un alloggio a Villefranche-sur-Mer. Tutti gli appartamenti offerti in affitto dalla nostra agenzia immobiliare sono accuratamente selezionati secondo criteri di qualit\u00e0. Inoltre, i nostri appartamenti in affitto sono conformi agli standard di salute, sicurezza e abitabilit\u00e0. Affittare un appartamento con Agence Dumas vi garantisce un buon affare e un alloggio di qualit\u00e0. Se cercate un appartamento in <strong>affitto stagionale<\/strong> o <strong>a lungo termine<\/strong>, non avete che l&#8217;imbarazzo della scelta.<\/p>\n          \n\n        \n","protected":false},"excerpt":{"rendered":"<p>Volete affittare un appartamento nella regione Provenza-Alpi-Costa Azzurra? Scegliete Villefranche-sur-Mer! \u00c8 una bella citt\u00e0 di mare dove \u00e8 facile trovare [&hellip;]<\/p>\n","protected":false},"author":7,"featured_media":0,"parent":0,"menu_order":85,"comment_status":"closed","ping_status":"closed","template":"template-listing.php","meta":{"_acf_changed":false,"footnotes":""},"class_list":["post-1452919","page","type-page","status-publish","hentry"],"acf":[],"yoast_head":"<!-- This site is optimized with the Yoast SEO plugin v26.0 - https:\/\/yoast.com\/wordpress\/plugins\/seo\/ -->\n<title>Appartamento in affitto nel quartiere del porto di Nizza - Agence Dumas<\/title>\n<meta name=\"description\" content=\"Affittare un appartamento nel quartiere del Porto di Nizza significa godere delle meraviglie della Costa Azzurra. L&#039;Agence Dumas \u00e8 il vostro alleato nella scelta giusta.\" \/>\n<meta name=\"robots\" content=\"index, follow, max-snippet:-1, max-image-preview:large, max-video-preview:-1\" \/>\n<link rel=\"canonical\" href=\"https:\/\/www.agencedumas.fr\/location-appartement-nice-port\/\" \/>\n<meta property=\"og:locale\" content=\"it_IT\" \/>\n<meta property=\"og:type\" content=\"article\" \/>\n<meta property=\"og:title\" content=\"Appartamento in affitto nel quartiere del porto di Nizza - Agence Dumas\" \/>\n<meta property=\"og:description\" content=\"Affittare un appartamento nel quartiere del Porto di Nizza significa godere delle meraviglie della Costa Azzurra. L&#039;Agence Dumas \u00e8 il vostro alleato nella scelta giusta.\" \/>\n<meta property=\"og:url\" content=\"https:\/\/www.agencedumas.fr\/location-appartement-nice-port\/\" \/>\n<meta property=\"og:site_name\" content=\"Dumas\" \/>\n<meta property=\"article:publisher\" content=\"https:\/\/www.facebook.com\/Dumas-Realty-100353566141360\/\" \/>\n<meta property=\"article:modified_time\" content=\"2024-03-29T09:02:26+00:00\" \/>\n<meta name=\"twitter:card\" content=\"summary_large_image\" \/>\n<meta name=\"twitter:label1\" content=\"Tempo di lettura stimato\" \/>\n\t<meta name=\"twitter:data1\" content=\"2 minuti\" \/>\n<script type=\"application\/ld+json\" class=\"yoast-schema-graph\">{\"@context\":\"https:\/\/schema.org\",\"@graph\":[{\"@type\":\"WebPage\",\"@id\":\"https:\/\/www.agencedumas.fr\/location-appartement-nice-port\/\",\"url\":\"https:\/\/www.agencedumas.fr\/location-appartement-nice-port\/\",\"name\":\"Appartamento in affitto nel quartiere del porto di Nizza - Agence Dumas\",\"isPartOf\":{\"@id\":\"https:\/\/www.agencedumas.fr\/#website\"},\"datePublished\":\"2024-03-29T09:02:25+00:00\",\"dateModified\":\"2024-03-29T09:02:26+00:00\",\"description\":\"Affittare un appartamento nel quartiere del Porto di Nizza significa godere delle meraviglie della Costa Azzurra. L'Agence Dumas \u00e8 il vostro alleato nella scelta giusta.\",\"inLanguage\":\"it-IT\",\"potentialAction\":[{\"@type\":\"ReadAction\",\"target\":[\"https:\/\/www.agencedumas.fr\/location-appartement-nice-port\/\"]}]},{\"@type\":\"WebSite\",\"@id\":\"https:\/\/www.agencedumas.fr\/#website\",\"url\":\"https:\/\/www.agencedumas.fr\/\",\"name\":\"Dumas\",\"description\":\"Agence Immobili\u00e8re Villefranche, Beaulieu et Saint-Jean-Cap-Ferrat\",\"potentialAction\":[{\"@type\":\"SearchAction\",\"target\":{\"@type\":\"EntryPoint\",\"urlTemplate\":\"https:\/\/www.agencedumas.fr\/?s={search_term_string}\"},\"query-input\":{\"@type\":\"PropertyValueSpecification\",\"valueRequired\":true,\"valueName\":\"search_term_string\"}}],\"inLanguage\":\"it-IT\"}]}<\/script>\n<!-- \/ Yoast SEO plugin. -->","yoast_head_json":{"title":"Appartamento in affitto nel quartiere del porto di Nizza - Agence Dumas","description":"Affittare un appartamento nel quartiere del Porto di Nizza significa godere delle meraviglie della Costa Azzurra. L'Agence Dumas \u00e8 il vostro alleato nella scelta giusta.","robots":{"index":"index","follow":"follow","max-snippet":"max-snippet:-1","max-image-preview":"max-image-preview:large","max-video-preview":"max-video-preview:-1"},"canonical":"https:\/\/www.agencedumas.fr\/location-appartement-nice-port\/","og_locale":"it_IT","og_type":"article","og_title":"Appartamento in affitto nel quartiere del porto di Nizza - Agence Dumas","og_description":"Affittare un appartamento nel quartiere del Porto di Nizza significa godere delle meraviglie della Costa Azzurra. L'Agence Dumas \u00e8 il vostro alleato nella scelta giusta.","og_url":"https:\/\/www.agencedumas.fr\/location-appartement-nice-port\/","og_site_name":"Dumas","article_publisher":"https:\/\/www.facebook.com\/Dumas-Realty-100353566141360\/","article_modified_time":"2024-03-29T09:02:26+00:00","twitter_card":"summary_large_image","twitter_misc":{"Tempo di lettura stimato":"2 minuti"},"schema":{"@context":"https:\/\/schema.org","@graph":[{"@type":"WebPage","@id":"https:\/\/www.agencedumas.fr\/location-appartement-nice-port\/","url":"https:\/\/www.agencedumas.fr\/location-appartement-nice-port\/","name":"Appartamento in affitto nel quartiere del porto di Nizza - Agence Dumas","isPartOf":{"@id":"https:\/\/www.agencedumas.fr\/#website"},"datePublished":"2024-03-29T09:02:25+00:00","dateModified":"2024-03-29T09:02:26+00:00","description":"Affittare un appartamento nel quartiere del Porto di Nizza significa godere delle meraviglie della Costa Azzurra. L'Agence Dumas \u00e8 il vostro alleato nella scelta giusta.","inLanguage":"it-IT","potentialAction":[{"@type":"ReadAction","target":["https:\/\/www.agencedumas.fr\/location-appartement-nice-port\/"]}]},{"@type":"WebSite","@id":"https:\/\/www.agencedumas.fr\/#website","url":"https:\/\/www.agencedumas.fr\/","name":"Dumas","description":"Agence Immobili\u00e8re Villefranche, Beaulieu et Saint-Jean-Cap-Ferrat","potentialAction":[{"@type":"SearchAction","target":{"@type":"EntryPoint","urlTemplate":"https:\/\/www.agencedumas.fr\/?s={search_term_string}"},"query-input":{"@type":"PropertyValueSpecification","valueRequired":true,"valueName":"search_term_string"}}],"inLanguage":"it-IT"}]}},"_links":{"self":[{"href":"https:\/\/www.agencedumas.fr\/it\/wp-json\/wp\/v2\/pages\/1452919","targetHints":{"allow":["GET"]}}],"collection":[{"href":"https:\/\/www.agencedumas.fr\/it\/wp-json\/wp\/v2\/pages"}],"about":[{"href":"https:\/\/www.agencedumas.fr\/it\/wp-json\/wp\/v2\/types\/page"}],"author":[{"embeddable":true,"href":"https:\/\/www.agencedumas.fr\/it\/wp-json\/wp\/v2\/users\/7"}],"replies":[{"embeddable":true,"href":"https:\/\/www.agencedumas.fr\/it\/wp-json\/wp\/v2\/comments?post=1452919"}],"version-history":[{"count":0,"href":"https:\/\/www.agencedumas.fr\/it\/wp-json\/wp\/v2\/pages\/1452919\/revisions"}],"wp:attachment":[{"href":"https:\/\/www.agencedumas.fr\/it\/wp-json\/wp\/v2\/media?parent=1452919"}],"curies":[{"name":"wp","href":"https:\/\/api.w.org\/{rel}","templated":true}]}}