{"id":1452921,"date":"2024-03-29T10:02:26","date_gmt":"2024-03-29T09:02:26","guid":{"rendered":"https:\/\/agencedumas.preprod-s1.cawita.com\/acquistare-appartamento-nice-porto\/"},"modified":"2024-03-29T10:02:26","modified_gmt":"2024-03-29T09:02:26","slug":"acquistare-appartamento-nice-porto","status":"publish","type":"page","link":"https:\/\/www.agencedumas.fr\/it\/acquistare-appartamento-nice-porto\/","title":{"rendered":"Acquistare un appartamento a Nizza nel quartiere del Porto"},"content":{"rendered":"<p>Vous souhaitez <strong>acheter un appartement dans le quartier du port \u00e0 Nice<\/strong>\u2009? Au sein de notre agence immobili\u00e8re, vous disposez d\u2019une \u00e9quipe d\u2019experts locaux qui vous accompagnera efficacement \u00e0 chaque \u00e9tape du processus d\u2019achat. <\/p>\n<p>Notre agence excelle en effet dans l\u2019immobilier haut de gamme depuis <strong>plus d\u2019un demi-si\u00e8cle<\/strong>. Nous comprenons donc parfaitement les sp\u00e9cificit\u00e9s et les tendances du march\u00e9. Pour cela, nous mettons un point d\u2019honneur \u00e0 vous fournir une assistance de qualit\u00e9 pour l\u2019achat d\u2019un logement en <a href=\"https:\/\/www.agencedumas.fr\/ventes\/\">vente<\/a> dans la ville de Nice.<\/p>\n<h2>Trouvez de la pl\u00e9nitude dans le magnifique quartier du port \u00e0 Nice<\/h2>\n<p>Bien plus qu\u2019une simple destination, le quartier du port \u00e0 Nice constitue un v\u00e9ritable <strong>havre de paix<\/strong> o\u00f9 l\u2019authenticit\u00e9 m\u00e9diterran\u00e9enne se manifeste dans toute sa splendeur. Situ\u00e9 entre la grande bleue et les collines verdoyantes de la C\u00f4te d\u2019Azur, ce merveilleux quartier portuaire \u00e0 le pouvoir de vous offrir une exp\u00e9rience unique dans la ville de Nice.<\/p>\n<p>En effet, quoiqu\u2019\u00e9tant \u00e0 proximit\u00e9 du centre-ville, le quartier peut vous apporter la <strong>s\u00e9r\u00e9nit\u00e9<\/strong> et le <strong>calme<\/strong> que vous recherchez. De plus, ses ruelles bord\u00e9es de fa\u00e7ades color\u00e9es invitent \u00e0 la fl\u00e2nerie et \u00e0 la d\u00e9couverte. Vous trouverez aussi de charmantes <strong>places ombrag\u00e9es<\/strong> sous lesquelles vous pourrez savourer un caf\u00e9 ou d\u00e9guster une d\u00e9licieuse cuisine m\u00e9diterran\u00e9enne.<\/p>\n<p>Par ailleurs, <strong>acheter votre appartement dans le quartier du Port \u00e0 Nice<\/strong> pour y vivre vous garantit d\u2019agr\u00e9ables moments de d\u00e9tente \u00e0 la plage avec votre famille. Et si vous souhaitez vous adonner \u00e0 des <strong>activit\u00e9s nautiques<\/strong> ou simplement si vous pr\u00e9f\u00e9rez vous baigner dans les eaux rafra\u00eechissantes de la M\u00e9diterran\u00e9e, tout est \u00e0 votre port\u00e9e.<\/p>\n<h2>Des appartements qui r\u00e9pondent \u00e0 toutes les pr\u00e9f\u00e9rences personnelles<\/h2>\n<p>R\u00e9put\u00e9 pour ses <strong>r\u00e9sidences de luxe<\/strong>, le quartier du port \u00e0 Nice constitue un v\u00e9ritable joyau de la C\u00f4te d\u2019Azur. Oui, ses appartements refl\u00e8tent, avec orgueil \u00e0 travers leurs architectures, la beaut\u00e9 m\u00e9diterran\u00e9enne. Ainsi, vous trouverez des <strong>appartements de prestige<\/strong> offrant une vue imprenable sur la mer m\u00e9diterran\u00e9e, le port et parfois m\u00eame les Alpes. <strong>Spacieux<\/strong>, ils se dotent souvent de terrasses ou de balcons et leurs int\u00e9rieurs restent am\u00e9nag\u00e9s avec des <strong>mat\u00e9riaux de qualit\u00e9 sup\u00e9rieure<\/strong> pour des finitions \u00e9l\u00e9gantes.<\/p>\n<p>Dans ce remarquable quartier, certaines <strong>propri\u00e9t\u00e9s haut de gamme<\/strong> sont de beaux appartements de grande ville, r\u00e9nov\u00e9s pour la plupart avec go\u00fbt et finesse. Ceux-ci apportent un parfait \u00e9quilibre entre l\u2019authenticit\u00e9 des anciennes constructions et le confort moderne. <\/p>\n<p><strong>Vous pouvez aussi opter pour des r\u00e9sidences de standing qui incluent des prestations haut de gamme telles que des :<\/strong><\/p>\n<ul>\n<li>piscine\u2009;<\/li>\n<li>jardin privatif\u2009;<\/li>\n<li>salle de sport\u2009;<\/li>\n<li>services de conciergerie\u2026<\/li>\n<\/ul>\n<p>Et si vous pr\u00e9f\u00e9rez un <strong>appartement en hauteur<\/strong>, vous pouvez vous laisser tenter par un en dernier \u00e9tage. En effet, le quartier reste connu pour ses magnifiques penthouses, ces villas sur le toit qui offrent un effet luxueux particulier et un <strong>panorama<\/strong> plut\u00f4t spectaculaire. <\/p>\n<h2>Faites confiance \u00e0 l\u2019Agence Dumas pour l\u2019achat de votre appartement \u00e0 Nice Quartier du Port<\/h2>\n<p>L\u2019<strong>Agence Dumas<\/strong> peut vous aider \u00e0 acqu\u00e9rir un appartement r\u00e9pondant \u00e0 vos besoins et \u00e0 vos exigences dans le quartier portuaire. En effet, tout au long de ce processus important, vous devez vous entourer d\u2019<strong>experts locaux en immobilier<\/strong> pour vous guider et c\u2019est ce que nous repr\u00e9sentons.<\/p>\n<p>Notre \u00e9quipe poss\u00e8de une <strong>connaissance profonde<\/strong> du quartier du Port \u00e0 Nice. Nous distinguons clairement la finesse de ses rues \u00e9troites et riches en couleurs, mais aussi ses attraits cach\u00e9s. De plus, nous restons constamment \u00e0 l\u2019aff\u00fbt des opportunit\u00e9s et des particularit\u00e9s du march\u00e9 local, gr\u00e2ce \u00e0 nos diverses <a href=\"https:\/\/www.agencedumas.fr\/nos-agences\/\">agences<\/a>.<\/p>\n<p><strong>Nous entretenons \u00e9galement des relations solides avec des professionnels locaux comme des :<\/strong><\/p>\n<ul>\n<li>notaires\u2009;<\/li>\n<li>avocats\u2009;<\/li>\n<li>experts en investissement\u2009;<\/li>\n<li>entrepreneurs.<\/li>\n<\/ul>\n<p>Ce r\u00e9seau nous permet de vous offrir une <strong>assistance compl\u00e8te<\/strong> et <strong>efficace<\/strong> \u00e0 chaque \u00e9tape de votre processus d\u2019achat. Dans notre agence, nous savons que chaque acqu\u00e9reur de biens immobiliers a des pr\u00e9f\u00e9rences uniques. Pour cette raison, notre approche se base sur le client. Ainsi, lors de l\u2019<strong>achat de votre appartement dans le quartier du Port \u00e0 Nice<\/strong>, nous travaillons en \u00e9troite collaboration avec vous afin de r\u00e9pondre \u00e0 vos souhaits.<\/p>\n<h2>Profitez de l\u2019exp\u00e9rience de l\u2019Agence Dumas pour acheter votre bien immobilier<\/h2>\n<p>Avec plus de <strong>50 ann\u00e9es d\u2019exp\u00e9rience<\/strong> dans l\u2019immobilier, nous comprenons toutes les tendances du march\u00e9 local. Pour le reste, nous mettons en \u0153uvre des strat\u00e9gies performantes afin de vous aider \u00e0 obtenir le meilleur appartement en ad\u00e9quation avec vos crit\u00e8res. En outre, nous nous engageons \u00e0 rester <strong>transparents et int\u00e8gres<\/strong> dans toutes nos op\u00e9rations et transactions immobili\u00e8res. <\/p>\n<p>Notre objectif est de vous proposer un service immobilier <strong>sur mesure<\/strong> qui met en avant vos aspirations. Pour cela, nous commen\u00e7ons par \u00e9couter attentivement <strong>vos besoins et vos contraintes<\/strong>. Il s\u2019agit pour nous de la premi\u00e8re \u00e9tape pour concr\u00e9tiser votre r\u00eave immobilier. Ensuite, forts de notre expertise dans le march\u00e9 local, nous vous \u00e9clairons sur les types de biens pour l\u2019<strong>achat de l\u2019appartement \u00e0 Nice Quartier du Port<\/strong>.<br \/>\nAfin de b\u00e9n\u00e9ficier de notre expertise, <a href=\"https:\/\/www.agencedumas.fr\/contact\/\">contactez notre agence<\/a> d\u00e8s maintenant.<\/p>\n","protected":false},"excerpt":{"rendered":"<p>Vous souhaitez acheter un appartement dans le quartier du port \u00e0 Nice\u2009? Au sein de notre agence immobili\u00e8re, vous disposez [&hellip;]<\/p>\n","protected":false},"author":7,"featured_media":0,"parent":0,"menu_order":144,"comment_status":"closed","ping_status":"closed","template":"template-listing.php","meta":{"_acf_changed":false,"footnotes":""},"class_list":["post-1452921","page","type-page","status-publish","hentry"],"acf":[],"yoast_head":"<!-- This site is optimized with the Yoast SEO plugin v26.0 - https:\/\/yoast.com\/wordpress\/plugins\/seo\/ -->\n<title>Acquistare un appartamento nel quartiere del porto a Nizza - Agence Dumas<\/title>\n<meta name=\"description\" content=\"Siete interessati ad acquistare un appartamento nel quartiere del porto di Nizza? L&#039;Agence Dumas \u00e8 il punto di riferimento per raggiungere questo obiettivo in modo sicuro.\" \/>\n<meta name=\"robots\" content=\"index, follow, max-snippet:-1, max-image-preview:large, max-video-preview:-1\" \/>\n<link rel=\"canonical\" href=\"https:\/\/www.agencedumas.fr\/achat-appartement-nice-port\/\" \/>\n<meta property=\"og:locale\" content=\"it_IT\" \/>\n<meta property=\"og:type\" content=\"article\" \/>\n<meta property=\"og:title\" content=\"Acquistare un appartamento nel quartiere del porto a Nizza - Agence Dumas\" \/>\n<meta property=\"og:description\" content=\"Siete interessati ad acquistare un appartamento nel quartiere del porto di Nizza? L&#039;Agence Dumas \u00e8 il punto di riferimento per raggiungere questo obiettivo in modo sicuro.\" \/>\n<meta property=\"og:url\" content=\"https:\/\/www.agencedumas.fr\/achat-appartement-nice-port\/\" \/>\n<meta property=\"og:site_name\" content=\"Dumas\" \/>\n<meta property=\"article:publisher\" content=\"https:\/\/www.facebook.com\/Dumas-Realty-100353566141360\/\" \/>\n<meta name=\"twitter:card\" content=\"summary_large_image\" \/>\n<meta name=\"twitter:label1\" content=\"Tempo di lettura stimato\" \/>\n\t<meta name=\"twitter:data1\" content=\"5 minuti\" \/>\n<script type=\"application\/ld+json\" class=\"yoast-schema-graph\">{\"@context\":\"https:\/\/schema.org\",\"@graph\":[{\"@type\":\"WebPage\",\"@id\":\"https:\/\/www.agencedumas.fr\/achat-appartement-nice-port\/\",\"url\":\"https:\/\/www.agencedumas.fr\/achat-appartement-nice-port\/\",\"name\":\"Acquistare un appartamento nel quartiere del porto a Nizza - Agence Dumas\",\"isPartOf\":{\"@id\":\"https:\/\/www.agencedumas.fr\/#website\"},\"datePublished\":\"2024-03-29T09:02:26+00:00\",\"description\":\"Siete interessati ad acquistare un appartamento nel quartiere del porto di Nizza? L'Agence Dumas \u00e8 il punto di riferimento per raggiungere questo obiettivo in modo sicuro.\",\"inLanguage\":\"it-IT\",\"potentialAction\":[{\"@type\":\"ReadAction\",\"target\":[\"https:\/\/www.agencedumas.fr\/achat-appartement-nice-port\/\"]}]},{\"@type\":\"WebSite\",\"@id\":\"https:\/\/www.agencedumas.fr\/#website\",\"url\":\"https:\/\/www.agencedumas.fr\/\",\"name\":\"Dumas\",\"description\":\"Agence Immobili\u00e8re Villefranche, Beaulieu et Saint-Jean-Cap-Ferrat\",\"potentialAction\":[{\"@type\":\"SearchAction\",\"target\":{\"@type\":\"EntryPoint\",\"urlTemplate\":\"https:\/\/www.agencedumas.fr\/?s={search_term_string}\"},\"query-input\":{\"@type\":\"PropertyValueSpecification\",\"valueRequired\":true,\"valueName\":\"search_term_string\"}}],\"inLanguage\":\"it-IT\"}]}<\/script>\n<!-- \/ Yoast SEO plugin. -->","yoast_head_json":{"title":"Acquistare un appartamento nel quartiere del porto a Nizza - Agence Dumas","description":"Siete interessati ad acquistare un appartamento nel quartiere del porto di Nizza? L'Agence Dumas \u00e8 il punto di riferimento per raggiungere questo obiettivo in modo sicuro.","robots":{"index":"index","follow":"follow","max-snippet":"max-snippet:-1","max-image-preview":"max-image-preview:large","max-video-preview":"max-video-preview:-1"},"canonical":"https:\/\/www.agencedumas.fr\/achat-appartement-nice-port\/","og_locale":"it_IT","og_type":"article","og_title":"Acquistare un appartamento nel quartiere del porto a Nizza - Agence Dumas","og_description":"Siete interessati ad acquistare un appartamento nel quartiere del porto di Nizza? L'Agence Dumas \u00e8 il punto di riferimento per raggiungere questo obiettivo in modo sicuro.","og_url":"https:\/\/www.agencedumas.fr\/achat-appartement-nice-port\/","og_site_name":"Dumas","article_publisher":"https:\/\/www.facebook.com\/Dumas-Realty-100353566141360\/","twitter_card":"summary_large_image","twitter_misc":{"Tempo di lettura stimato":"5 minuti"},"schema":{"@context":"https:\/\/schema.org","@graph":[{"@type":"WebPage","@id":"https:\/\/www.agencedumas.fr\/achat-appartement-nice-port\/","url":"https:\/\/www.agencedumas.fr\/achat-appartement-nice-port\/","name":"Acquistare un appartamento nel quartiere del porto a Nizza - Agence Dumas","isPartOf":{"@id":"https:\/\/www.agencedumas.fr\/#website"},"datePublished":"2024-03-29T09:02:26+00:00","description":"Siete interessati ad acquistare un appartamento nel quartiere del porto di Nizza? L'Agence Dumas \u00e8 il punto di riferimento per raggiungere questo obiettivo in modo sicuro.","inLanguage":"it-IT","potentialAction":[{"@type":"ReadAction","target":["https:\/\/www.agencedumas.fr\/achat-appartement-nice-port\/"]}]},{"@type":"WebSite","@id":"https:\/\/www.agencedumas.fr\/#website","url":"https:\/\/www.agencedumas.fr\/","name":"Dumas","description":"Agence Immobili\u00e8re Villefranche, Beaulieu et Saint-Jean-Cap-Ferrat","potentialAction":[{"@type":"SearchAction","target":{"@type":"EntryPoint","urlTemplate":"https:\/\/www.agencedumas.fr\/?s={search_term_string}"},"query-input":{"@type":"PropertyValueSpecification","valueRequired":true,"valueName":"search_term_string"}}],"inLanguage":"it-IT"}]}},"_links":{"self":[{"href":"https:\/\/www.agencedumas.fr\/it\/wp-json\/wp\/v2\/pages\/1452921","targetHints":{"allow":["GET"]}}],"collection":[{"href":"https:\/\/www.agencedumas.fr\/it\/wp-json\/wp\/v2\/pages"}],"about":[{"href":"https:\/\/www.agencedumas.fr\/it\/wp-json\/wp\/v2\/types\/page"}],"author":[{"embeddable":true,"href":"https:\/\/www.agencedumas.fr\/it\/wp-json\/wp\/v2\/users\/7"}],"replies":[{"embeddable":true,"href":"https:\/\/www.agencedumas.fr\/it\/wp-json\/wp\/v2\/comments?post=1452921"}],"version-history":[{"count":0,"href":"https:\/\/www.agencedumas.fr\/it\/wp-json\/wp\/v2\/pages\/1452921\/revisions"}],"wp:attachment":[{"href":"https:\/\/www.agencedumas.fr\/it\/wp-json\/wp\/v2\/media?parent=1452921"}],"curies":[{"name":"wp","href":"https:\/\/api.w.org\/{rel}","templated":true}]}}