{"id":1452938,"date":"2024-03-29T10:02:31","date_gmt":"2024-03-29T09:02:31","guid":{"rendered":"https:\/\/agencedumas.preprod-s1.cawita.com\/gestione-immobiliare\/"},"modified":"2024-03-29T11:11:49","modified_gmt":"2024-03-29T10:11:49","slug":"gestione-immobiliare","status":"publish","type":"page","link":"https:\/\/www.agencedumas.fr\/it\/gestione-immobiliare\/","title":{"rendered":"Gestione delle attivit\u00e0"},"content":{"rendered":"\r\n<p><br \/>La nostra professione di gestori immobiliari \u00e8 regolamentata. La nostra Agence Dumas deve essere in possesso di una licenza professionale di &#8220;Gestione immobiliare&#8221; rilasciata dalla prefettura dipartimentale. Questa carta deve essere rinnovata ogni dieci anni. Siamo disciplinati dalla Legge n. 70-9 del 2 gennaio 1970 (Legge Hoguet), che regola le condizioni di esecuzione di determinate operazioni immobiliari e commerciali.<\/p>\r\n\r\n\r\n\r\n<p><strong>GESTIONE DELLA PROPRIET\u00c0<\/strong><\/p>\r\n\r\n\r\n\r\n<p>L&#8217;Agence Dumas Gestion \u00e8 in grado di gestire la vostra propriet\u00e0 in Francia e di intraprendere per vostro conto tutte le azioni necessarie per mantenere e preservare la vostra propriet\u00e0. Possiamo anche gestire tutte le vostre esigenze personali durante il vostro soggiorno.<\/p>\r\n\r\n\r\n\r\n<ul class=\"wp-block-list\">\r\n<li>Rappresentanza del proprietario nei rapporti con le varie autorit\u00e0 fiscali (imposte dirette o indirette, registrazioni, ecc.), con le autorit\u00e0 pubbliche (Ministero dell&#8217;Urbanistica e dell&#8217;Edilizia, prefettura, municipio, polizia e autorit\u00e0 sanitarie, catasto, ufficio postale, ecc.), con le aziende private e con tutte le utenze (acqua, gas, elettricit\u00e0).<br \/><br \/><\/li>\r\n<li>Assistenza e consulenza sulla gestione della vostra propriet\u00e0 e sui vostri diritti e doveri.<br \/><br \/><\/li>\r\n<li>Esecuzione e verifica dei lavori necessari (ricerca dei fornitori di servizi, analisi dei preventivi, monitoraggio del sito, ecc.)<br \/><br \/><\/li>\r\n<li>Controllo e pagamento delle bollette (acqua, gas, elettricit\u00e0, telefono, contratti di manutenzione, ecc.)<br \/><br \/><\/li>\r\n<li>Assicurare il patrimonio gestito contro gli incendi e altri rischi, firmare tutte le polizze assicurative e le clausole a tale scopo e pagare i premi.<br \/><br \/><\/li>\r\n<li>Organizzare e gestire la manutenzione della casa, del giardino e della piscina.<br \/><br \/><\/li>\r\n<li>Gestione del personale della propriet\u00e0 (assunzione del personale, definizione degli stipendi, pagamento, licenziamento e sostituzione, se necessario).<br \/><br \/><\/li>\r\n<li>Le controversie vengono risolte in via extragiudiziale, ma in caso di difficolt\u00e0 possiamo intraprendere azioni legali.<br \/><br \/><br \/><\/li>\r\n<\/ul>\r\n\r\n\r\n\r\n<p>L&#8217;Agence Dumas \u00e8 specializzata in diritto immobiliare e pu\u00f2 gestire il vostro immobile per soddisfare tutte le vostre esigenze. Siamo a vostra disposizione per qualsiasi servizio su misura.<\/p>\r\n","protected":false},"excerpt":{"rendered":"<p>La nostra professione di gestori immobiliari \u00e8 regolamentata. La nostra Agence Dumas deve essere in possesso di una licenza professionale [&hellip;]<\/p>\n","protected":false},"author":2,"featured_media":0,"parent":0,"menu_order":76,"comment_status":"closed","ping_status":"closed","template":"","meta":{"_acf_changed":false,"footnotes":""},"class_list":["post-1452938","page","type-page","status-publish","hentry"],"acf":[],"yoast_head":"<!-- This site is optimized with the Yoast SEO plugin v26.0 - https:\/\/yoast.com\/wordpress\/plugins\/seo\/ -->\n<title>Gestione degli affitti a Beaulieu-sur-Mer, Villefranche e Cap Ferrat<\/title>\n<meta name=\"description\" content=\"Quale agenzia di noleggio scegliere? Dumas Immobilier offre un servizio di gestione immobiliare chiavi in mano.\" \/>\n<meta name=\"robots\" content=\"index, follow, max-snippet:-1, max-image-preview:large, max-video-preview:-1\" \/>\n<link rel=\"canonical\" href=\"https:\/\/www.agencedumas.fr\/gestion-de-biens\/\" \/>\n<meta property=\"og:locale\" content=\"it_IT\" \/>\n<meta property=\"og:type\" content=\"article\" \/>\n<meta property=\"og:title\" content=\"Gestione degli affitti a Beaulieu-sur-Mer, Villefranche e Cap Ferrat\" \/>\n<meta property=\"og:description\" content=\"Quale agenzia di noleggio scegliere? Dumas Immobilier offre un servizio di gestione immobiliare chiavi in mano.\" \/>\n<meta property=\"og:url\" content=\"https:\/\/www.agencedumas.fr\/gestion-de-biens\/\" \/>\n<meta property=\"og:site_name\" content=\"Dumas\" \/>\n<meta property=\"article:publisher\" content=\"https:\/\/www.facebook.com\/Dumas-Realty-100353566141360\/\" \/>\n<meta property=\"article:modified_time\" content=\"2024-03-29T10:11:49+00:00\" \/>\n<meta name=\"twitter:card\" content=\"summary_large_image\" \/>\n<meta name=\"twitter:label1\" content=\"Tempo di lettura stimato\" \/>\n\t<meta name=\"twitter:data1\" content=\"1 minuto\" \/>\n<script type=\"application\/ld+json\" class=\"yoast-schema-graph\">{\"@context\":\"https:\/\/schema.org\",\"@graph\":[{\"@type\":\"WebPage\",\"@id\":\"https:\/\/www.agencedumas.fr\/gestion-de-biens\/\",\"url\":\"https:\/\/www.agencedumas.fr\/gestion-de-biens\/\",\"name\":\"Gestione degli affitti a Beaulieu-sur-Mer, Villefranche e Cap Ferrat\",\"isPartOf\":{\"@id\":\"https:\/\/www.agencedumas.fr\/#website\"},\"datePublished\":\"2024-03-29T09:02:31+00:00\",\"dateModified\":\"2024-03-29T10:11:49+00:00\",\"description\":\"Quale agenzia di noleggio scegliere? Dumas Immobilier offre un servizio di gestione immobiliare chiavi in mano.\",\"inLanguage\":\"it-IT\",\"potentialAction\":[{\"@type\":\"ReadAction\",\"target\":[\"https:\/\/www.agencedumas.fr\/gestion-de-biens\/\"]}]},{\"@type\":\"WebSite\",\"@id\":\"https:\/\/www.agencedumas.fr\/#website\",\"url\":\"https:\/\/www.agencedumas.fr\/\",\"name\":\"Dumas\",\"description\":\"Agence Immobili\u00e8re Villefranche, Beaulieu et Saint-Jean-Cap-Ferrat\",\"potentialAction\":[{\"@type\":\"SearchAction\",\"target\":{\"@type\":\"EntryPoint\",\"urlTemplate\":\"https:\/\/www.agencedumas.fr\/?s={search_term_string}\"},\"query-input\":{\"@type\":\"PropertyValueSpecification\",\"valueRequired\":true,\"valueName\":\"search_term_string\"}}],\"inLanguage\":\"it-IT\"}]}<\/script>\n<!-- \/ Yoast SEO plugin. -->","yoast_head_json":{"title":"Gestione degli affitti a Beaulieu-sur-Mer, Villefranche e Cap Ferrat","description":"Quale agenzia di noleggio scegliere? Dumas Immobilier offre un servizio di gestione immobiliare chiavi in mano.","robots":{"index":"index","follow":"follow","max-snippet":"max-snippet:-1","max-image-preview":"max-image-preview:large","max-video-preview":"max-video-preview:-1"},"canonical":"https:\/\/www.agencedumas.fr\/gestion-de-biens\/","og_locale":"it_IT","og_type":"article","og_title":"Gestione degli affitti a Beaulieu-sur-Mer, Villefranche e Cap Ferrat","og_description":"Quale agenzia di noleggio scegliere? Dumas Immobilier offre un servizio di gestione immobiliare chiavi in mano.","og_url":"https:\/\/www.agencedumas.fr\/gestion-de-biens\/","og_site_name":"Dumas","article_publisher":"https:\/\/www.facebook.com\/Dumas-Realty-100353566141360\/","article_modified_time":"2024-03-29T10:11:49+00:00","twitter_card":"summary_large_image","twitter_misc":{"Tempo di lettura stimato":"1 minuto"},"schema":{"@context":"https:\/\/schema.org","@graph":[{"@type":"WebPage","@id":"https:\/\/www.agencedumas.fr\/gestion-de-biens\/","url":"https:\/\/www.agencedumas.fr\/gestion-de-biens\/","name":"Gestione degli affitti a Beaulieu-sur-Mer, Villefranche e Cap Ferrat","isPartOf":{"@id":"https:\/\/www.agencedumas.fr\/#website"},"datePublished":"2024-03-29T09:02:31+00:00","dateModified":"2024-03-29T10:11:49+00:00","description":"Quale agenzia di noleggio scegliere? Dumas Immobilier offre un servizio di gestione immobiliare chiavi in mano.","inLanguage":"it-IT","potentialAction":[{"@type":"ReadAction","target":["https:\/\/www.agencedumas.fr\/gestion-de-biens\/"]}]},{"@type":"WebSite","@id":"https:\/\/www.agencedumas.fr\/#website","url":"https:\/\/www.agencedumas.fr\/","name":"Dumas","description":"Agence Immobili\u00e8re Villefranche, Beaulieu et Saint-Jean-Cap-Ferrat","potentialAction":[{"@type":"SearchAction","target":{"@type":"EntryPoint","urlTemplate":"https:\/\/www.agencedumas.fr\/?s={search_term_string}"},"query-input":{"@type":"PropertyValueSpecification","valueRequired":true,"valueName":"search_term_string"}}],"inLanguage":"it-IT"}]}},"_links":{"self":[{"href":"https:\/\/www.agencedumas.fr\/it\/wp-json\/wp\/v2\/pages\/1452938","targetHints":{"allow":["GET"]}}],"collection":[{"href":"https:\/\/www.agencedumas.fr\/it\/wp-json\/wp\/v2\/pages"}],"about":[{"href":"https:\/\/www.agencedumas.fr\/it\/wp-json\/wp\/v2\/types\/page"}],"author":[{"embeddable":true,"href":"https:\/\/www.agencedumas.fr\/it\/wp-json\/wp\/v2\/users\/2"}],"replies":[{"embeddable":true,"href":"https:\/\/www.agencedumas.fr\/it\/wp-json\/wp\/v2\/comments?post=1452938"}],"version-history":[{"count":0,"href":"https:\/\/www.agencedumas.fr\/it\/wp-json\/wp\/v2\/pages\/1452938\/revisions"}],"wp:attachment":[{"href":"https:\/\/www.agencedumas.fr\/it\/wp-json\/wp\/v2\/media?parent=1452938"}],"curies":[{"name":"wp","href":"https:\/\/api.w.org\/{rel}","templated":true}]}}