{"id":1452939,"date":"2024-03-29T10:02:32","date_gmt":"2024-03-29T09:02:32","guid":{"rendered":"https:\/\/agencedumas.preprod-s1.cawita.com\/posizione-villa-eze\/"},"modified":"2024-03-29T10:02:32","modified_gmt":"2024-03-29T09:02:32","slug":"posizione-villa-eze","status":"publish","type":"page","link":"https:\/\/www.agencedumas.fr\/it\/posizione-villa-eze\/","title":{"rendered":"Affitto Casa Eze"},"content":{"rendered":"<p>Autentica, tranquilla e dotata di un fascino particolare, Eze \u00e8 uno dei pi\u00f9 bei villaggi collinari della Provenza. Questa piccola comunit\u00e0 incastonata tra terra e mare vanta un ambiente naturale mozzafiato, panorami mozzafiato e la vicinanza al mare.<\/p>\n<p>Volete trasferirvi in una citt\u00e0 della Costa Azzurra e cercate un luogo tranquillo e autentico per staccare la spina? Eze \u00e8 davvero il posto giusto per voi. Oltre a essere un luogo ideale per vivere, il comune offre anche alcune propriet\u00e0 eccezionali da affittare a prezzi molto competitivi. Bellissime case vi aspettano nel cuore della citt\u00e0 e nei dintorni. Trovate la casa pi\u00f9 adatta a voi con l&#8217;Agence immobili\u00e8re Dumas. Siamo qui per aiutarvi, quindi contattateci al pi\u00f9 presto.<\/p>\n<h2>Trova la casa ideale in affitto a Eze<\/h2>\n<p>Avete subito l&#8217;incantesimo di questo villaggio e sognate di trasferirvi qui? Oppure sta pensando di trasferirsi l\u00ec per motivi professionali? Qualunque sia il vostro progetto, avete fatto un&#8217;ottima scelta. Il nostro team sar\u00e0 in grado di offrirvi ville di lusso che vi permetteranno di godere dello splendore della citt\u00e0. Qualunque sia il vostro stile di vita e le vostre preferenze, troverete sicuramente la casa che fa per voi. Le case in affitto a Eze sono tutte immerse nelle zone pi\u00f9 belle, nel centro della citt\u00e0 o pi\u00f9 lontano, nel cuore di un ambiente lussureggiante bagnato dalle brezze mediterranee.<\/p>\n<h2>Perch\u00e9 affittare una casa a Eze?<\/h2>\n<p>Citt\u00e0 autentica e ricca di storia e cultura, Eze \u00e8 il luogo ideale per stabilirsi. Si estende verso l&#8217;alto, offrendo una vista spettacolare. Potete contare sul nostro team per trovare case con viste mozzafiato sul mare. Immergetevi in un ambiente naturale e godetevi un cambiamento di scenario rimanendo vicini a tutti i punti della vita. Sia che cerchiate una casa in centro citt\u00e0 o una propriet\u00e0 isolata, possiamo offrirvi le migliori offerte.<\/p>\n<h2>Dumas immobili\u00e8res al vostro fianco<\/h2>\n<p>L&#8217;Agence Dumas \u00e8 presente in Costa Azzurra dal 1967. Grazie alla nostra esperienza pluriennale, il nostro team vi aiuter\u00e0 a sbrigare tutte le formalit\u00e0 necessarie per affittare una casa a Eze. Affidatevi all&#8217;esperienza di un attore chiave del mercato immobiliare di Eze. La nostra agenzia di Eze collabora con numerosi proprietari che offrono le loro prestigiose ville in affitto nelle migliori zone della citt\u00e0.<\/p>\n<p>La maggior parte delle case in affitto nel villaggio di Eze sono seconde case di lusso che i proprietari vogliono sfruttare al meglio. Queste residenze di lusso vengono affittate tutto l&#8217;anno o stagionalmente. Quindi contattateci per trovare rapidamente la casa in affitto pi\u00f9 adatta a voi a Eze, potete contattarci subito, il nostro team rimane a vostra disposizione.<\/p>\n","protected":false},"excerpt":{"rendered":"<p>Autentica, tranquilla e dotata di un fascino particolare, Eze \u00e8 uno dei pi\u00f9 bei villaggi collinari della Provenza. Questa piccola [&hellip;]<\/p>\n","protected":false},"author":2,"featured_media":0,"parent":0,"menu_order":97,"comment_status":"closed","ping_status":"closed","template":"template-listing.php","meta":{"_acf_changed":false,"footnotes":""},"class_list":["post-1452939","page","type-page","status-publish","hentry"],"acf":[],"yoast_head":"<!-- This site is optimized with the Yoast SEO plugin v26.0 - https:\/\/yoast.com\/wordpress\/plugins\/seo\/ -->\n<title>Affitto casa e villa a Eze - Dumas Immobilier<\/title>\n<meta name=\"description\" content=\"Volete affittare una casa a Eze? L&#039;Agence Dumas dispone di numerose case in affitto a Eze, contattateci per fissare una visita.\" \/>\n<meta name=\"robots\" content=\"index, follow, max-snippet:-1, max-image-preview:large, max-video-preview:-1\" \/>\n<link rel=\"canonical\" href=\"https:\/\/www.agencedumas.fr\/location-villa-eze\/\" \/>\n<meta property=\"og:locale\" content=\"it_IT\" \/>\n<meta property=\"og:type\" content=\"article\" \/>\n<meta property=\"og:title\" content=\"Affitto casa e villa a Eze - Dumas Immobilier\" \/>\n<meta property=\"og:description\" content=\"Volete affittare una casa a Eze? L&#039;Agence Dumas dispone di numerose case in affitto a Eze, contattateci per fissare una visita.\" \/>\n<meta property=\"og:url\" content=\"https:\/\/www.agencedumas.fr\/location-villa-eze\/\" \/>\n<meta property=\"og:site_name\" content=\"Dumas\" \/>\n<meta property=\"article:publisher\" content=\"https:\/\/www.facebook.com\/Dumas-Realty-100353566141360\/\" \/>\n<meta name=\"twitter:card\" content=\"summary_large_image\" \/>\n<meta name=\"twitter:label1\" content=\"Tempo di lettura stimato\" \/>\n\t<meta name=\"twitter:data1\" content=\"2 minuti\" \/>\n<script type=\"application\/ld+json\" class=\"yoast-schema-graph\">{\"@context\":\"https:\/\/schema.org\",\"@graph\":[{\"@type\":\"WebPage\",\"@id\":\"https:\/\/www.agencedumas.fr\/location-villa-eze\/\",\"url\":\"https:\/\/www.agencedumas.fr\/location-villa-eze\/\",\"name\":\"Affitto casa e villa a Eze - Dumas Immobilier\",\"isPartOf\":{\"@id\":\"https:\/\/www.agencedumas.fr\/#website\"},\"datePublished\":\"2024-03-29T09:02:32+00:00\",\"description\":\"Volete affittare una casa a Eze? L'Agence Dumas dispone di numerose case in affitto a Eze, contattateci per fissare una visita.\",\"inLanguage\":\"it-IT\",\"potentialAction\":[{\"@type\":\"ReadAction\",\"target\":[\"https:\/\/www.agencedumas.fr\/location-villa-eze\/\"]}]},{\"@type\":\"WebSite\",\"@id\":\"https:\/\/www.agencedumas.fr\/#website\",\"url\":\"https:\/\/www.agencedumas.fr\/\",\"name\":\"Dumas\",\"description\":\"Agence Immobili\u00e8re Villefranche, Beaulieu et Saint-Jean-Cap-Ferrat\",\"potentialAction\":[{\"@type\":\"SearchAction\",\"target\":{\"@type\":\"EntryPoint\",\"urlTemplate\":\"https:\/\/www.agencedumas.fr\/?s={search_term_string}\"},\"query-input\":{\"@type\":\"PropertyValueSpecification\",\"valueRequired\":true,\"valueName\":\"search_term_string\"}}],\"inLanguage\":\"it-IT\"}]}<\/script>\n<!-- \/ Yoast SEO plugin. -->","yoast_head_json":{"title":"Affitto casa e villa a Eze - Dumas Immobilier","description":"Volete affittare una casa a Eze? L'Agence Dumas dispone di numerose case in affitto a Eze, contattateci per fissare una visita.","robots":{"index":"index","follow":"follow","max-snippet":"max-snippet:-1","max-image-preview":"max-image-preview:large","max-video-preview":"max-video-preview:-1"},"canonical":"https:\/\/www.agencedumas.fr\/location-villa-eze\/","og_locale":"it_IT","og_type":"article","og_title":"Affitto casa e villa a Eze - Dumas Immobilier","og_description":"Volete affittare una casa a Eze? L'Agence Dumas dispone di numerose case in affitto a Eze, contattateci per fissare una visita.","og_url":"https:\/\/www.agencedumas.fr\/location-villa-eze\/","og_site_name":"Dumas","article_publisher":"https:\/\/www.facebook.com\/Dumas-Realty-100353566141360\/","twitter_card":"summary_large_image","twitter_misc":{"Tempo di lettura stimato":"2 minuti"},"schema":{"@context":"https:\/\/schema.org","@graph":[{"@type":"WebPage","@id":"https:\/\/www.agencedumas.fr\/location-villa-eze\/","url":"https:\/\/www.agencedumas.fr\/location-villa-eze\/","name":"Affitto casa e villa a Eze - Dumas Immobilier","isPartOf":{"@id":"https:\/\/www.agencedumas.fr\/#website"},"datePublished":"2024-03-29T09:02:32+00:00","description":"Volete affittare una casa a Eze? L'Agence Dumas dispone di numerose case in affitto a Eze, contattateci per fissare una visita.","inLanguage":"it-IT","potentialAction":[{"@type":"ReadAction","target":["https:\/\/www.agencedumas.fr\/location-villa-eze\/"]}]},{"@type":"WebSite","@id":"https:\/\/www.agencedumas.fr\/#website","url":"https:\/\/www.agencedumas.fr\/","name":"Dumas","description":"Agence Immobili\u00e8re Villefranche, Beaulieu et Saint-Jean-Cap-Ferrat","potentialAction":[{"@type":"SearchAction","target":{"@type":"EntryPoint","urlTemplate":"https:\/\/www.agencedumas.fr\/?s={search_term_string}"},"query-input":{"@type":"PropertyValueSpecification","valueRequired":true,"valueName":"search_term_string"}}],"inLanguage":"it-IT"}]}},"_links":{"self":[{"href":"https:\/\/www.agencedumas.fr\/it\/wp-json\/wp\/v2\/pages\/1452939","targetHints":{"allow":["GET"]}}],"collection":[{"href":"https:\/\/www.agencedumas.fr\/it\/wp-json\/wp\/v2\/pages"}],"about":[{"href":"https:\/\/www.agencedumas.fr\/it\/wp-json\/wp\/v2\/types\/page"}],"author":[{"embeddable":true,"href":"https:\/\/www.agencedumas.fr\/it\/wp-json\/wp\/v2\/users\/2"}],"replies":[{"embeddable":true,"href":"https:\/\/www.agencedumas.fr\/it\/wp-json\/wp\/v2\/comments?post=1452939"}],"version-history":[{"count":0,"href":"https:\/\/www.agencedumas.fr\/it\/wp-json\/wp\/v2\/pages\/1452939\/revisions"}],"wp:attachment":[{"href":"https:\/\/www.agencedumas.fr\/it\/wp-json\/wp\/v2\/media?parent=1452939"}],"curies":[{"name":"wp","href":"https:\/\/api.w.org\/{rel}","templated":true}]}}