{"id":1452940,"date":"2024-03-29T10:02:32","date_gmt":"2024-03-29T09:02:32","guid":{"rendered":"https:\/\/agencedumas.preprod-s1.cawita.com\/acquistare-apartment-eze\/"},"modified":"2024-03-29T10:02:32","modified_gmt":"2024-03-29T09:02:32","slug":"acquistare-apartment-eze","status":"publish","type":"page","link":"https:\/\/www.agencedumas.fr\/it\/acquistare-apartment-eze\/","title":{"rendered":"Vendita Appartamento Eze"},"content":{"rendered":"<p>Piccola comunit\u00e0 pacifica e culturale incastonata tra terra e mare, Eze \u00e8 uno dei villaggi pi\u00f9 popolari della Costa Azzurra. Vi lascerete incantare dai suoi magnifici paesaggi e dalle viste mozzafiato sul mare. Se siete alla ricerca di un cambio di scena tranquillo, Eze \u00e8 davvero il posto che fa per voi. Vi aspettano persone amichevoli.<\/p>\n<p>Acquistare un appartamento in questo villaggio in cima alla collina \u00e8 un&#8217;ottima idea se si vuole essere a pochi minuti da tutto il movimento. Sarete vicini a numerose attrazioni turistiche, uffici, scuole e strutture per il tempo libero. Volete trasferirvi a Eze e acquistare un bellissimo appartamento nel cuore del villaggio? La nostra agenzia immobiliare Dumas propone un&#8217;ampia selezione di appartamenti in vendita a Eze.<\/p>\n<h2>Perch\u00e9 acquistare un appartamento a Eze?<\/h2>\n<p>Acquistare un appartamento a Eze \u00e8 una scommessa sicura. Sia che stiate progettando una residenza principale o semplicemente una vacanza in famiglia in questo splendido villaggio provenzale, amerete il perfetto mix di architettura moderna e tradizionale della citt\u00e0.<\/p>\n<p>Eze vanta anche una ricchezza di tesori naturali e culturali. Vi piaceranno i suoi condomini di lusso, che offrono appartamenti di lusso con vista sul mare. Che vogliate stabilirvi nel cuore della citt\u00e0 o in una localit\u00e0 pi\u00f9 remota, amerete sicuramente la tranquillit\u00e0. Il villaggio \u00e8 davvero un angolo di paradiso terrestre, arroccato sulla montagna con una vista mozzafiato sul mare.<\/p>\n<h2>Appartamenti vista mare in vendita a Eze<\/h2>\n<p>Situato in alta montagna, il villaggio offre viste panoramiche perfette per cambiare scenario. Vi piacer\u00e0 il suo ambiente naturale. Gli appartamenti di Eze sono molto tranquilli. Sia che preferiate vivere in centro citt\u00e0 o in collina, l&#8217;agenzia Dumas ha una serie di appartamenti di lusso in vendita. Per l&#8217;acquisto di un appartamento a Eze, avvalersi dell&#8217;esperienza dell&#8217;agenzia Dumas vi consentir\u00e0 di trovare rapidamente la casa che fa per voi. L&#8217;agenzia immobiliare Dumas mette a vostra disposizione la sua esperienza pluriennale e la sua conoscenza del villaggio di Eze e dei suoi dintorni. Dalla sua creazione nel 1967, la nostra agenzia immobiliare opera principalmente a Saint-Jean-Cap-Ferrat, Villefranche-sur-Mer, Beaulieu-sur-Mer ed Eze.<\/p>\n<p>Grazie alla nostra profonda conoscenza del mercato immobiliare, possiamo offrirvi annunci esclusivi: appartamenti all&#8217;ultimo piano, duplex con vista sul mare, piscine, ampie terrazze, balconi e giardini&#8230; Troverete l&#8217;appartamento perfetto per voi, in base alle vostre preferenze, al vostro budget e al vostro stile di vita. Con Agence Dumas, gli appartamenti che offriamo sono selezionati con cura dal nostro team. La loro posizione e le loro caratteristiche (vista mare, ampia terrazza, parcheggio, ecc.) sono state studiate appositamente per aiutarvi a trovare rapidamente il posto ideale in cui stabilirvi. Troverete l&#8217;appartamento di cui avete bisogno nelle migliori condizioni possibili.<\/p>\n","protected":false},"excerpt":{"rendered":"<p>Piccola comunit\u00e0 pacifica e culturale incastonata tra terra e mare, Eze \u00e8 uno dei villaggi pi\u00f9 popolari della Costa Azzurra. [&hellip;]<\/p>\n","protected":false},"author":2,"featured_media":0,"parent":0,"menu_order":139,"comment_status":"closed","ping_status":"closed","template":"template-listing.php","meta":{"_acf_changed":false,"footnotes":""},"class_list":["post-1452940","page","type-page","status-publish","hentry"],"acf":[],"yoast_head":"<!-- This site is optimized with the Yoast SEO plugin v26.0 - https:\/\/yoast.com\/wordpress\/plugins\/seo\/ -->\n<title>Acquisto Appartamento Eze : Terrazza Vista Mare - Dumas Immobilier<\/title>\n<meta name=\"description\" content=\"State pensando di acquistare un appartamento a Eze? L&#039;Agence Dumas vi propone appartamenti di alta gamma in vendita a Eze.\" \/>\n<meta name=\"robots\" content=\"index, follow, max-snippet:-1, max-image-preview:large, max-video-preview:-1\" \/>\n<link rel=\"canonical\" href=\"https:\/\/www.agencedumas.fr\/achat-appartement-eze\/\" \/>\n<meta property=\"og:locale\" content=\"it_IT\" \/>\n<meta property=\"og:type\" content=\"article\" \/>\n<meta property=\"og:title\" content=\"Acquisto Appartamento Eze : Terrazza Vista Mare - Dumas Immobilier\" \/>\n<meta property=\"og:description\" content=\"State pensando di acquistare un appartamento a Eze? L&#039;Agence Dumas vi propone appartamenti di alta gamma in vendita a Eze.\" \/>\n<meta property=\"og:url\" content=\"https:\/\/www.agencedumas.fr\/achat-appartement-eze\/\" \/>\n<meta property=\"og:site_name\" content=\"Dumas\" \/>\n<meta property=\"article:publisher\" content=\"https:\/\/www.facebook.com\/Dumas-Realty-100353566141360\/\" \/>\n<meta name=\"twitter:card\" content=\"summary_large_image\" \/>\n<meta name=\"twitter:label1\" content=\"Tempo di lettura stimato\" \/>\n\t<meta name=\"twitter:data1\" content=\"2 minuti\" \/>\n<script type=\"application\/ld+json\" class=\"yoast-schema-graph\">{\"@context\":\"https:\/\/schema.org\",\"@graph\":[{\"@type\":\"WebPage\",\"@id\":\"https:\/\/www.agencedumas.fr\/achat-appartement-eze\/\",\"url\":\"https:\/\/www.agencedumas.fr\/achat-appartement-eze\/\",\"name\":\"Acquisto Appartamento Eze : Terrazza Vista Mare - Dumas Immobilier\",\"isPartOf\":{\"@id\":\"https:\/\/www.agencedumas.fr\/#website\"},\"datePublished\":\"2024-03-29T09:02:32+00:00\",\"description\":\"State pensando di acquistare un appartamento a Eze? L'Agence Dumas vi propone appartamenti di alta gamma in vendita a Eze.\",\"inLanguage\":\"it-IT\",\"potentialAction\":[{\"@type\":\"ReadAction\",\"target\":[\"https:\/\/www.agencedumas.fr\/achat-appartement-eze\/\"]}]},{\"@type\":\"WebSite\",\"@id\":\"https:\/\/www.agencedumas.fr\/#website\",\"url\":\"https:\/\/www.agencedumas.fr\/\",\"name\":\"Dumas\",\"description\":\"Agence Immobili\u00e8re Villefranche, Beaulieu et Saint-Jean-Cap-Ferrat\",\"potentialAction\":[{\"@type\":\"SearchAction\",\"target\":{\"@type\":\"EntryPoint\",\"urlTemplate\":\"https:\/\/www.agencedumas.fr\/?s={search_term_string}\"},\"query-input\":{\"@type\":\"PropertyValueSpecification\",\"valueRequired\":true,\"valueName\":\"search_term_string\"}}],\"inLanguage\":\"it-IT\"}]}<\/script>\n<!-- \/ Yoast SEO plugin. -->","yoast_head_json":{"title":"Acquisto Appartamento Eze : Terrazza Vista Mare - Dumas Immobilier","description":"State pensando di acquistare un appartamento a Eze? L'Agence Dumas vi propone appartamenti di alta gamma in vendita a Eze.","robots":{"index":"index","follow":"follow","max-snippet":"max-snippet:-1","max-image-preview":"max-image-preview:large","max-video-preview":"max-video-preview:-1"},"canonical":"https:\/\/www.agencedumas.fr\/achat-appartement-eze\/","og_locale":"it_IT","og_type":"article","og_title":"Acquisto Appartamento Eze : Terrazza Vista Mare - Dumas Immobilier","og_description":"State pensando di acquistare un appartamento a Eze? L'Agence Dumas vi propone appartamenti di alta gamma in vendita a Eze.","og_url":"https:\/\/www.agencedumas.fr\/achat-appartement-eze\/","og_site_name":"Dumas","article_publisher":"https:\/\/www.facebook.com\/Dumas-Realty-100353566141360\/","twitter_card":"summary_large_image","twitter_misc":{"Tempo di lettura stimato":"2 minuti"},"schema":{"@context":"https:\/\/schema.org","@graph":[{"@type":"WebPage","@id":"https:\/\/www.agencedumas.fr\/achat-appartement-eze\/","url":"https:\/\/www.agencedumas.fr\/achat-appartement-eze\/","name":"Acquisto Appartamento Eze : Terrazza Vista Mare - Dumas Immobilier","isPartOf":{"@id":"https:\/\/www.agencedumas.fr\/#website"},"datePublished":"2024-03-29T09:02:32+00:00","description":"State pensando di acquistare un appartamento a Eze? L'Agence Dumas vi propone appartamenti di alta gamma in vendita a Eze.","inLanguage":"it-IT","potentialAction":[{"@type":"ReadAction","target":["https:\/\/www.agencedumas.fr\/achat-appartement-eze\/"]}]},{"@type":"WebSite","@id":"https:\/\/www.agencedumas.fr\/#website","url":"https:\/\/www.agencedumas.fr\/","name":"Dumas","description":"Agence Immobili\u00e8re Villefranche, Beaulieu et Saint-Jean-Cap-Ferrat","potentialAction":[{"@type":"SearchAction","target":{"@type":"EntryPoint","urlTemplate":"https:\/\/www.agencedumas.fr\/?s={search_term_string}"},"query-input":{"@type":"PropertyValueSpecification","valueRequired":true,"valueName":"search_term_string"}}],"inLanguage":"it-IT"}]}},"_links":{"self":[{"href":"https:\/\/www.agencedumas.fr\/it\/wp-json\/wp\/v2\/pages\/1452940","targetHints":{"allow":["GET"]}}],"collection":[{"href":"https:\/\/www.agencedumas.fr\/it\/wp-json\/wp\/v2\/pages"}],"about":[{"href":"https:\/\/www.agencedumas.fr\/it\/wp-json\/wp\/v2\/types\/page"}],"author":[{"embeddable":true,"href":"https:\/\/www.agencedumas.fr\/it\/wp-json\/wp\/v2\/users\/2"}],"replies":[{"embeddable":true,"href":"https:\/\/www.agencedumas.fr\/it\/wp-json\/wp\/v2\/comments?post=1452940"}],"version-history":[{"count":0,"href":"https:\/\/www.agencedumas.fr\/it\/wp-json\/wp\/v2\/pages\/1452940\/revisions"}],"wp:attachment":[{"href":"https:\/\/www.agencedumas.fr\/it\/wp-json\/wp\/v2\/media?parent=1452940"}],"curies":[{"name":"wp","href":"https:\/\/api.w.org\/{rel}","templated":true}]}}