{"id":1452941,"date":"2024-03-29T10:02:34","date_gmt":"2024-03-29T09:02:34","guid":{"rendered":"https:\/\/agencedumas.preprod-s1.cawita.com\/acquistare-villa-eze\/"},"modified":"2024-03-29T10:02:34","modified_gmt":"2024-03-29T09:02:34","slug":"acquistare-villa-eze","status":"publish","type":"page","link":"https:\/\/www.agencedumas.fr\/it\/acquistare-villa-eze\/","title":{"rendered":"Vendita Casa Eze"},"content":{"rendered":"<p>Incantevole villaggio incastonato tra Nizza e Monaco, Eze \u00e8 davvero il luogo ideale per stabilirsi. Se state pensando di acquistare una casa in Costa Azzurra, sicuramente vi innamorerete dell&#8217;ambiente naturale e delle spiagge paradisiache del villaggio di Eze. Con il suo clima soleggiato tutto l&#8217;anno, Eze \u00e8 un luogo ideale per vivere e godere delle numerose attivit\u00e0 e dei divertimenti offerti. Che stiate sognando una villa contemporanea con vista sul mare o una casa tradizionale dal fascino provenzale, grazie all&#8217;agenzia immobiliare Dumas troverete sicuramente la propriet\u00e0 che fa per voi.<\/p>\n<p>Contattando l&#8217;Agence Dumas, troverete rapidamente la casa che avete sempre sognato. Siamo con voi in ogni momento. Un intero team di agenti immobiliari sar\u00e0 al vostro fianco per aiutarvi a scoprire la casa ideale per voi alle migliori condizioni possibili, indipendentemente dal vostro budget.<\/p>\n<h2>Acquistare una casa a Eze con l&#8217;agenzia Dumas<\/h2>\n<p>L&#8217;acquisto di una casa comporta una serie di formalit\u00e0 amministrative. La ricerca in s\u00e9 richiede molto tempo. Ecco perch\u00e9 \u00e8 indispensabile rivolgersi a un&#8217;agenzia specializzata come Agence Dumas. Un team esperto ascolter\u00e0 le vostre esigenze e i vostri desideri per trovare rapidamente la casa perfetta per voi.<\/p>\n<p>Sta cercando un agente immobiliare per acquistare una casa a Eze? Saremo lieti di aiutarvi. Vi troveremo le case che corrispondono al vostro budget e ai vostri desideri: posizione, stile, superficie, parcheggio, numero di camere da letto, piscina, ecc. Il comune di Eze ha diverse propriet\u00e0 in vendita, quindi se state cercando una bella villa con vista sul mare, nel cuore della citt\u00e0, o una propriet\u00e0 isolata in un ambiente lussureggiante, la nostra agenzia immobiliare vi trover\u00e0 la vostra futura casa.<\/p>\n<h2>Agenzia immobiliare specializzata nel mercato degli immobili Eze<\/h2>\n<p>L&#8217;Agence Dumas \u00e8 un alleato serio su cui contare per l&#8217;acquisto di una casa a Eze. Il nostro team \u00e8 sempre pronto ad ascoltarvi e, grazie alla nostra esperienza pluriennale, possiamo offrirvi le migliori propriet\u00e0 da scoprire nel comune. Inoltre, vi assisteremo in tutte le formalit\u00e0 amministrative legate all&#8217;acquisto di un immobile. Ci occuperemo di tutto per rendere il vostro acquisto un&#8217;esperienza piacevole. Saremo al vostro fianco per aiutarvi a firmare il compromesso, a eseguire i lavori, a sistemare i dettagli fiscali, a preparare la domanda di prestito, ecc.<\/p>\n<h2>Volete vendere la vostra casa a Eze?<\/h2>\n<p>Possedete una casa a Eze e volete venderla? L&#8217;agenzia Dumas vi offre i suoi servizi per vendere la vostra casa a Eze nelle migliori condizioni e al miglior prezzo. I nostri agenti immobiliari vi aiuteranno a vendere la vostra casa a Eze nel pi\u00f9 breve tempo possibile.<\/p>\n<p>Gli agenti immobiliari dell&#8217;Agence Dumas hanno un&#8217;ampia conoscenza del comune e dell&#8217;area circostante e saranno in grado di valorizzare la vostra propriet\u00e0 per assicurarvi il prezzo pi\u00f9 giusto. Contattateci quindi per avere un preventivo pi\u00f9 accurato.<\/p>\n","protected":false},"excerpt":{"rendered":"<p>Incantevole villaggio incastonato tra Nizza e Monaco, Eze \u00e8 davvero il luogo ideale per stabilirsi. Se state pensando di acquistare [&hellip;]<\/p>\n","protected":false},"author":2,"featured_media":0,"parent":0,"menu_order":159,"comment_status":"closed","ping_status":"closed","template":"template-listing.php","meta":{"_acf_changed":false,"footnotes":""},"class_list":["post-1452941","page","type-page","status-publish","hentry"],"acf":[],"yoast_head":"<!-- This site is optimized with the Yoast SEO plugin v26.0 - https:\/\/yoast.com\/wordpress\/plugins\/seo\/ -->\n<title>Acquisto Casa Eze &amp; Villa in vendita - Dumas Immobilier<\/title>\n<meta name=\"description\" content=\"Volete acquistare una casa a Eze? L&#039;agenzia Dumas vi propone magnifiche case in vendita a Eze.\" \/>\n<meta name=\"robots\" content=\"index, follow, max-snippet:-1, max-image-preview:large, max-video-preview:-1\" \/>\n<link rel=\"canonical\" href=\"https:\/\/www.agencedumas.fr\/achat-villa-eze\/\" \/>\n<meta property=\"og:locale\" content=\"it_IT\" \/>\n<meta property=\"og:type\" content=\"article\" \/>\n<meta property=\"og:title\" content=\"Acquisto Casa Eze &amp; Villa in vendita - Dumas Immobilier\" \/>\n<meta property=\"og:description\" content=\"Volete acquistare una casa a Eze? L&#039;agenzia Dumas vi propone magnifiche case in vendita a Eze.\" \/>\n<meta property=\"og:url\" content=\"https:\/\/www.agencedumas.fr\/achat-villa-eze\/\" \/>\n<meta property=\"og:site_name\" content=\"Dumas\" \/>\n<meta property=\"article:publisher\" content=\"https:\/\/www.facebook.com\/Dumas-Realty-100353566141360\/\" \/>\n<meta name=\"twitter:card\" content=\"summary_large_image\" \/>\n<meta name=\"twitter:label1\" content=\"Tempo di lettura stimato\" \/>\n\t<meta name=\"twitter:data1\" content=\"2 minuti\" \/>\n<script type=\"application\/ld+json\" class=\"yoast-schema-graph\">{\"@context\":\"https:\/\/schema.org\",\"@graph\":[{\"@type\":\"WebPage\",\"@id\":\"https:\/\/www.agencedumas.fr\/achat-villa-eze\/\",\"url\":\"https:\/\/www.agencedumas.fr\/achat-villa-eze\/\",\"name\":\"Acquisto Casa Eze & Villa in vendita - Dumas Immobilier\",\"isPartOf\":{\"@id\":\"https:\/\/www.agencedumas.fr\/#website\"},\"datePublished\":\"2024-03-29T09:02:34+00:00\",\"description\":\"Volete acquistare una casa a Eze? L'agenzia Dumas vi propone magnifiche case in vendita a Eze.\",\"inLanguage\":\"it-IT\",\"potentialAction\":[{\"@type\":\"ReadAction\",\"target\":[\"https:\/\/www.agencedumas.fr\/achat-villa-eze\/\"]}]},{\"@type\":\"WebSite\",\"@id\":\"https:\/\/www.agencedumas.fr\/#website\",\"url\":\"https:\/\/www.agencedumas.fr\/\",\"name\":\"Dumas\",\"description\":\"Agence Immobili\u00e8re Villefranche, Beaulieu et Saint-Jean-Cap-Ferrat\",\"potentialAction\":[{\"@type\":\"SearchAction\",\"target\":{\"@type\":\"EntryPoint\",\"urlTemplate\":\"https:\/\/www.agencedumas.fr\/?s={search_term_string}\"},\"query-input\":{\"@type\":\"PropertyValueSpecification\",\"valueRequired\":true,\"valueName\":\"search_term_string\"}}],\"inLanguage\":\"it-IT\"}]}<\/script>\n<!-- \/ Yoast SEO plugin. -->","yoast_head_json":{"title":"Acquisto Casa Eze & Villa in vendita - Dumas Immobilier","description":"Volete acquistare una casa a Eze? L'agenzia Dumas vi propone magnifiche case in vendita a Eze.","robots":{"index":"index","follow":"follow","max-snippet":"max-snippet:-1","max-image-preview":"max-image-preview:large","max-video-preview":"max-video-preview:-1"},"canonical":"https:\/\/www.agencedumas.fr\/achat-villa-eze\/","og_locale":"it_IT","og_type":"article","og_title":"Acquisto Casa Eze & Villa in vendita - Dumas Immobilier","og_description":"Volete acquistare una casa a Eze? L'agenzia Dumas vi propone magnifiche case in vendita a Eze.","og_url":"https:\/\/www.agencedumas.fr\/achat-villa-eze\/","og_site_name":"Dumas","article_publisher":"https:\/\/www.facebook.com\/Dumas-Realty-100353566141360\/","twitter_card":"summary_large_image","twitter_misc":{"Tempo di lettura stimato":"2 minuti"},"schema":{"@context":"https:\/\/schema.org","@graph":[{"@type":"WebPage","@id":"https:\/\/www.agencedumas.fr\/achat-villa-eze\/","url":"https:\/\/www.agencedumas.fr\/achat-villa-eze\/","name":"Acquisto Casa Eze & Villa in vendita - Dumas Immobilier","isPartOf":{"@id":"https:\/\/www.agencedumas.fr\/#website"},"datePublished":"2024-03-29T09:02:34+00:00","description":"Volete acquistare una casa a Eze? L'agenzia Dumas vi propone magnifiche case in vendita a Eze.","inLanguage":"it-IT","potentialAction":[{"@type":"ReadAction","target":["https:\/\/www.agencedumas.fr\/achat-villa-eze\/"]}]},{"@type":"WebSite","@id":"https:\/\/www.agencedumas.fr\/#website","url":"https:\/\/www.agencedumas.fr\/","name":"Dumas","description":"Agence Immobili\u00e8re Villefranche, Beaulieu et Saint-Jean-Cap-Ferrat","potentialAction":[{"@type":"SearchAction","target":{"@type":"EntryPoint","urlTemplate":"https:\/\/www.agencedumas.fr\/?s={search_term_string}"},"query-input":{"@type":"PropertyValueSpecification","valueRequired":true,"valueName":"search_term_string"}}],"inLanguage":"it-IT"}]}},"_links":{"self":[{"href":"https:\/\/www.agencedumas.fr\/it\/wp-json\/wp\/v2\/pages\/1452941","targetHints":{"allow":["GET"]}}],"collection":[{"href":"https:\/\/www.agencedumas.fr\/it\/wp-json\/wp\/v2\/pages"}],"about":[{"href":"https:\/\/www.agencedumas.fr\/it\/wp-json\/wp\/v2\/types\/page"}],"author":[{"embeddable":true,"href":"https:\/\/www.agencedumas.fr\/it\/wp-json\/wp\/v2\/users\/2"}],"replies":[{"embeddable":true,"href":"https:\/\/www.agencedumas.fr\/it\/wp-json\/wp\/v2\/comments?post=1452941"}],"version-history":[{"count":0,"href":"https:\/\/www.agencedumas.fr\/it\/wp-json\/wp\/v2\/pages\/1452941\/revisions"}],"wp:attachment":[{"href":"https:\/\/www.agencedumas.fr\/it\/wp-json\/wp\/v2\/media?parent=1452941"}],"curies":[{"name":"wp","href":"https:\/\/api.w.org\/{rel}","templated":true}]}}