{"id":1452943,"date":"2024-03-29T10:02:35","date_gmt":"2024-03-29T09:02:35","guid":{"rendered":"https:\/\/agencedumas.preprod-s1.cawita.com\/posizione-appartamento-beaulieu-sur-mer\/"},"modified":"2024-03-29T10:02:36","modified_gmt":"2024-03-29T09:02:36","slug":"posizione-appartamento-beaulieu-sur-mer","status":"publish","type":"page","link":"https:\/\/www.agencedumas.fr\/it\/posizione-appartamento-beaulieu-sur-mer\/","title":{"rendered":"Affitto Appartamento Beaulieu-sur-Mer"},"content":{"rendered":"\n          \n\n          <p>Beaulieu-sur-mer si trova vicino a <a href=\"https:\/\/www.agencedumas.fr\/location-appartement-villefranche-sur-mer\">Villefranche-sur-Mer<\/a>, <a href=\"https:\/\/www.agencedumas.fr\/location-appartement-saint-jean-cap-ferrat\">Saint-Jean-Cap-Ferrat<\/a> e \u00c8ze. Tra mare e montagna, Beaulieu-sur-mer \u00e8 una delle pi\u00f9 belle destinazioni della Costa Azzurra. L&#8217;<strong>agenzia immobiliare Dumas<\/strong> vi propone degli <strong>annunci esclusivi di appartamenti<\/strong> in affitto a Beaulieu-sur-mer.<\/p>\n          \n\n          <p>La citt\u00e0 ha tutto ci\u00f2 che serve per attirare i visitatori: porto turistico, negozi locali, casin\u00f2, hotel, ristoranti stellati Michelin, spiagge da sogno e molto altro. Le teste coronate e le celebrit\u00e0 sono state le prime ad innamorarsi di <strong>Beaulieu-sur-mer<\/strong>. Affittando un <strong>appartamento a Beaulieu-sur-mer<\/strong>, troverete pace e tranquillit\u00e0.<\/p>\n          \n\n          <h2>Beaulieu-sur-mer: cosa la rende speciale?<\/h2>\n          \n\n          <p>Beaulieu-sur-mer vi conquister\u00e0 sicuramente, con le montagne da un lato e il mare dall&#8217;altro. Beaulieu-sur-mer ha qualcosa per tutti, dagli amanti della natura agli appassionati di sport acquatici.<\/p>\n          \n\n          <p>Con un clima mite tutto l&#8217;anno, Beaulieu-sur-mer ha tutte le carte in regola per attirare chi cerca un <strong>appartamento in affitto<\/strong> in una zona tranquilla e vicina al mare. Se volete <strong>affittare un appartamento a Beaulieu-sur-mer<\/strong>, c&#8217;\u00e8 solo una cosa da fare: rivolgersi all&#8217;agenzia immobiliare Dumas, specialista del settore dal 1967.<\/p>\n          \n\n          <p>Che vogliate affittare un monolocale, un bilocale, un trilocale, un quadrilocale o altro ancora, l&#8217;agenzia Dumas vi trover\u00e0 <strong>l&#8217;appartamento in affitto<\/strong> che corrisponde ai vostri criteri di ricerca.<\/p>\n          \n\n          <h2>Affitti stagionali o annuali a Beaulieu-sur-mer<\/h2>\n          \n\n          <p>Presente nella regione dal 1967, l&#8217;agenzia Dumas conosce ogni angolo di Beaulieu-sur-mer. La nostra agenzia immobiliare offre diversi tipi di appartamenti in affitto (T1, T2, T3, T4 +) per affitti stagionali o annuali. Beaulieu-sur-Mer vanta un ricco patrimonio immobiliare con sontuosi <strong>condomini<\/strong> di lusso.<\/p>\n          \n\n          <p>Con l&#8217;<strong>agenzia immobiliare Dumas<\/strong> troverete l&#8217;appartamento ideale da affittare, con una vista mozzafiato sul mare. Potrete inoltre godere di un eccezionale paesaggio soleggiato, con spiagge paradisiache che fanno di Beaulieu-sur-Mer uno dei luoghi pi\u00f9 belli della Costa Azzurra. L&#8217;agenzia immobiliare Dumas si trova in una posizione privilegiata nel <strong>centro di Beaulieu-sur-Mer<\/strong>.<\/p>\n          \n\n          <p>I nostri <strong>agenti immobiliari<\/strong> vi offrono un&#8217;ampia scelta di appartamenti in affitto ad un&#8217;ampia gamma di prezzi. La nostra agenzia immobiliare di Beaulieu-sur-Mer \u00e8 lieta di offrirvi un servizio personalizzato per aiutarvi in ogni fase dell&#8217;<strong>affitto del vostro appartamento<\/strong>.<\/p>\n          \n\n        \n&#13;\n<p>\u00a0<\/p>&#13;\n","protected":false},"excerpt":{"rendered":"<p>Beaulieu-sur-mer si trova vicino a Villefranche-sur-Mer, Saint-Jean-Cap-Ferrat e \u00c8ze. Tra mare e montagna, Beaulieu-sur-mer \u00e8 una delle pi\u00f9 belle destinazioni [&hellip;]<\/p>\n","protected":false},"author":2,"featured_media":0,"parent":0,"menu_order":27,"comment_status":"closed","ping_status":"closed","template":"template-listing.php","meta":{"_acf_changed":false,"footnotes":""},"class_list":["post-1452943","page","type-page","status-publish","hentry"],"acf":[],"yoast_head":"<!-- This site is optimized with the Yoast SEO plugin v26.0 - https:\/\/yoast.com\/wordpress\/plugins\/seo\/ -->\n<title>Comprare un appartamento a Beaulieu-sur-Mer - Dumas Immobilier<\/title>\n<meta name=\"description\" content=\"Avete intenzione di acquistare un appartamento a Beaulieu-sur-Mer? L&#039;Agence Dumas vi propone degli appartamenti a Beaulieu-sur-Mer.\" \/>\n<meta name=\"robots\" content=\"index, follow, max-snippet:-1, max-image-preview:large, max-video-preview:-1\" \/>\n<link rel=\"canonical\" href=\"https:\/\/www.agencedumas.fr\/location-appartement-beaulieu-sur-mer\/\" \/>\n<meta property=\"og:locale\" content=\"it_IT\" \/>\n<meta property=\"og:type\" content=\"article\" \/>\n<meta property=\"og:title\" content=\"Comprare un appartamento a Beaulieu-sur-Mer - Dumas Immobilier\" \/>\n<meta property=\"og:description\" content=\"Avete intenzione di acquistare un appartamento a Beaulieu-sur-Mer? L&#039;Agence Dumas vi propone degli appartamenti a Beaulieu-sur-Mer.\" \/>\n<meta property=\"og:url\" content=\"https:\/\/www.agencedumas.fr\/location-appartement-beaulieu-sur-mer\/\" \/>\n<meta property=\"og:site_name\" content=\"Dumas\" \/>\n<meta property=\"article:publisher\" content=\"https:\/\/www.facebook.com\/Dumas-Realty-100353566141360\/\" \/>\n<meta property=\"article:modified_time\" content=\"2024-03-29T09:02:36+00:00\" \/>\n<meta name=\"twitter:card\" content=\"summary_large_image\" \/>\n<meta name=\"twitter:label1\" content=\"Tempo di lettura stimato\" \/>\n\t<meta name=\"twitter:data1\" content=\"2 minuti\" \/>\n<script type=\"application\/ld+json\" class=\"yoast-schema-graph\">{\"@context\":\"https:\/\/schema.org\",\"@graph\":[{\"@type\":\"WebPage\",\"@id\":\"https:\/\/www.agencedumas.fr\/location-appartement-beaulieu-sur-mer\/\",\"url\":\"https:\/\/www.agencedumas.fr\/location-appartement-beaulieu-sur-mer\/\",\"name\":\"Comprare un appartamento a Beaulieu-sur-Mer - Dumas Immobilier\",\"isPartOf\":{\"@id\":\"https:\/\/www.agencedumas.fr\/#website\"},\"datePublished\":\"2024-03-29T09:02:35+00:00\",\"dateModified\":\"2024-03-29T09:02:36+00:00\",\"description\":\"Avete intenzione di acquistare un appartamento a Beaulieu-sur-Mer? L'Agence Dumas vi propone degli appartamenti a Beaulieu-sur-Mer.\",\"inLanguage\":\"it-IT\",\"potentialAction\":[{\"@type\":\"ReadAction\",\"target\":[\"https:\/\/www.agencedumas.fr\/location-appartement-beaulieu-sur-mer\/\"]}]},{\"@type\":\"WebSite\",\"@id\":\"https:\/\/www.agencedumas.fr\/#website\",\"url\":\"https:\/\/www.agencedumas.fr\/\",\"name\":\"Dumas\",\"description\":\"Agence Immobili\u00e8re Villefranche, Beaulieu et Saint-Jean-Cap-Ferrat\",\"potentialAction\":[{\"@type\":\"SearchAction\",\"target\":{\"@type\":\"EntryPoint\",\"urlTemplate\":\"https:\/\/www.agencedumas.fr\/?s={search_term_string}\"},\"query-input\":{\"@type\":\"PropertyValueSpecification\",\"valueRequired\":true,\"valueName\":\"search_term_string\"}}],\"inLanguage\":\"it-IT\"}]}<\/script>\n<!-- \/ Yoast SEO plugin. -->","yoast_head_json":{"title":"Comprare un appartamento a Beaulieu-sur-Mer - Dumas Immobilier","description":"Avete intenzione di acquistare un appartamento a Beaulieu-sur-Mer? L'Agence Dumas vi propone degli appartamenti a Beaulieu-sur-Mer.","robots":{"index":"index","follow":"follow","max-snippet":"max-snippet:-1","max-image-preview":"max-image-preview:large","max-video-preview":"max-video-preview:-1"},"canonical":"https:\/\/www.agencedumas.fr\/location-appartement-beaulieu-sur-mer\/","og_locale":"it_IT","og_type":"article","og_title":"Comprare un appartamento a Beaulieu-sur-Mer - Dumas Immobilier","og_description":"Avete intenzione di acquistare un appartamento a Beaulieu-sur-Mer? L'Agence Dumas vi propone degli appartamenti a Beaulieu-sur-Mer.","og_url":"https:\/\/www.agencedumas.fr\/location-appartement-beaulieu-sur-mer\/","og_site_name":"Dumas","article_publisher":"https:\/\/www.facebook.com\/Dumas-Realty-100353566141360\/","article_modified_time":"2024-03-29T09:02:36+00:00","twitter_card":"summary_large_image","twitter_misc":{"Tempo di lettura stimato":"2 minuti"},"schema":{"@context":"https:\/\/schema.org","@graph":[{"@type":"WebPage","@id":"https:\/\/www.agencedumas.fr\/location-appartement-beaulieu-sur-mer\/","url":"https:\/\/www.agencedumas.fr\/location-appartement-beaulieu-sur-mer\/","name":"Comprare un appartamento a Beaulieu-sur-Mer - Dumas Immobilier","isPartOf":{"@id":"https:\/\/www.agencedumas.fr\/#website"},"datePublished":"2024-03-29T09:02:35+00:00","dateModified":"2024-03-29T09:02:36+00:00","description":"Avete intenzione di acquistare un appartamento a Beaulieu-sur-Mer? L'Agence Dumas vi propone degli appartamenti a Beaulieu-sur-Mer.","inLanguage":"it-IT","potentialAction":[{"@type":"ReadAction","target":["https:\/\/www.agencedumas.fr\/location-appartement-beaulieu-sur-mer\/"]}]},{"@type":"WebSite","@id":"https:\/\/www.agencedumas.fr\/#website","url":"https:\/\/www.agencedumas.fr\/","name":"Dumas","description":"Agence Immobili\u00e8re Villefranche, Beaulieu et Saint-Jean-Cap-Ferrat","potentialAction":[{"@type":"SearchAction","target":{"@type":"EntryPoint","urlTemplate":"https:\/\/www.agencedumas.fr\/?s={search_term_string}"},"query-input":{"@type":"PropertyValueSpecification","valueRequired":true,"valueName":"search_term_string"}}],"inLanguage":"it-IT"}]}},"_links":{"self":[{"href":"https:\/\/www.agencedumas.fr\/it\/wp-json\/wp\/v2\/pages\/1452943","targetHints":{"allow":["GET"]}}],"collection":[{"href":"https:\/\/www.agencedumas.fr\/it\/wp-json\/wp\/v2\/pages"}],"about":[{"href":"https:\/\/www.agencedumas.fr\/it\/wp-json\/wp\/v2\/types\/page"}],"author":[{"embeddable":true,"href":"https:\/\/www.agencedumas.fr\/it\/wp-json\/wp\/v2\/users\/2"}],"replies":[{"embeddable":true,"href":"https:\/\/www.agencedumas.fr\/it\/wp-json\/wp\/v2\/comments?post=1452943"}],"version-history":[{"count":0,"href":"https:\/\/www.agencedumas.fr\/it\/wp-json\/wp\/v2\/pages\/1452943\/revisions"}],"wp:attachment":[{"href":"https:\/\/www.agencedumas.fr\/it\/wp-json\/wp\/v2\/media?parent=1452943"}],"curies":[{"name":"wp","href":"https:\/\/api.w.org\/{rel}","templated":true}]}}