{"id":1452944,"date":"2024-03-29T10:02:35","date_gmt":"2024-03-29T09:02:35","guid":{"rendered":"https:\/\/agencedumas.preprod-s1.cawita.com\/posizione-appartamento-saint-jean-cap-ferrat\/"},"modified":"2024-03-29T10:02:36","modified_gmt":"2024-03-29T09:02:36","slug":"posizione-appartamento-saint-jean-cap-ferrat","status":"publish","type":"page","link":"https:\/\/www.agencedumas.fr\/it\/posizione-appartamento-saint-jean-cap-ferrat\/","title":{"rendered":"Appartamento in affitto Saint-Jean-Cap-Ferrat"},"content":{"rendered":"\n          \n\n          <p>Situato nel dipartimento delle Alpi Marittime, <strong>Saint-Jean-Cap-Ferrat<\/strong> era un tempo un piccolo villaggio di pescatori. Oggi \u00e8 una destinazione che attira ogni anno molte celebrit\u00e0. Nonostante sia una destinazione turistica popolare, Saint-Jean-Cap-Ferrat ha conservato la sua autenticit\u00e0 e il suo modo di vivere gentile.<\/p>\n          \n\n          <p>Molte persone desiderano <strong>affittare un appartamento a Saint-Jean-Cap-Ferrat<\/strong>, anche solo per la bellezza del paesaggio e la vicinanza al mare. Se desiderate affittare un appartamento a Saint-Jean-Cap-Ferrat, contattate l&#8217;agenzia Dumas. La nostra <strong>agenzia immobiliare<\/strong> \u00e8 presente nella regione dalla fine degli anni Sessanta. Grazie alla nostra profonda conoscenza della zona, l&#8217;agenzia Dumas vi trover\u00e0 rapidamente un <strong>appartamento in affitto a Saint-Jean-Cap-Ferrat<\/strong>.<\/p>\n          \n\n          <h2>Posizione geografica di Saint-Jean-Cap-Ferrat<\/h2>\n          \n\n          <p>Saint-Jean-Cap-Ferrat gode di un clima piacevole tutto l&#8217;anno e la sua vicinanza al mare e la ricchezza dei suoi fondali rendono la regione il luogo ideale per praticare diversi sport acquatici.<\/p>\n          \n\n          <p>Saint-Jean-Cap-Ferrat non \u00e8 solo una localit\u00e0 balneare, ma anche un comune ricco di storia. Nella zona sono ancora visibili molti edifici e monumenti storici, tra cui la <strong>Villa Ephrussi-de-Rothschild<\/strong> e il suo <strong>parco botanico<\/strong>. L&#8217;antica dimora della baronessa Beatrice de Rothschild \u00e8 ora aperta al pubblico, cos\u00ec come gli altri monumenti che rendono Saint-Jean-Cap-Ferrat cos\u00ec affascinante.<\/p>\n          \n\n          <h2>Trova un appartamento in affitto a Saint-Jean-Cap-Ferrat<\/h2>\n          \n\n          <p>Dal 1967, l&#8217;Agence Dumas \u00e8 specializzata nel <strong>mercato immobiliare<\/strong> di Saint-Jean-Cap-Ferrat, <a href=\"https:\/\/www.agencedumas.fr\/location-appartement-beaulieu-sur-mer\">Beaulieu-sur-Mer<\/a> e <a href=\"https:\/\/www.agencedumas.fr\/location-appartement-villefranche-sur-mer\">Villefranche-sur-Mer<\/a>. L&#8217;agenzia collabora con numerosi proprietari che offrono i loro prestigiosi appartamenti in affitto.<\/p>\n          \n\n          <p>La maggior parte delle propriet\u00e0 a Saint-Jean-Cap-Ferrat sono seconde case i cui proprietari cercano di trarre profitto affittandole tutto l&#8217;anno o stagionalmente. Per discutere della vostra <strong>ricerca di un appartamento in affitto a Saint-Jean-Cap-Ferrat<\/strong>, contattate oggi stesso la nostra agenzia immobiliare e consultate i nostri annunci sul nostro sito.<\/p>\n          \n\n        \n","protected":false},"excerpt":{"rendered":"<p>Situato nel dipartimento delle Alpi Marittime, Saint-Jean-Cap-Ferrat era un tempo un piccolo villaggio di pescatori. Oggi \u00e8 una destinazione che [&hellip;]<\/p>\n","protected":false},"author":2,"featured_media":0,"parent":0,"menu_order":88,"comment_status":"closed","ping_status":"closed","template":"template-listing.php","meta":{"_acf_changed":false,"footnotes":""},"class_list":["post-1452944","page","type-page","status-publish","hentry"],"acf":[],"yoast_head":"<!-- This site is optimized with the Yoast SEO plugin v26.0 - https:\/\/yoast.com\/wordpress\/plugins\/seo\/ -->\n<title>Affitto Appartamento a Saint-Jean-Cap-Ferrat - Dumas Immobilier<\/title>\n<meta name=\"description\" content=\"Siete alla ricerca di appartamenti in affitto a Saint-Jean-Cap-Ferrat? L&#039;agenzia Dumas offre appartamenti in affitto.\" \/>\n<meta name=\"robots\" content=\"index, follow, max-snippet:-1, max-image-preview:large, max-video-preview:-1\" \/>\n<link rel=\"canonical\" href=\"https:\/\/www.agencedumas.fr\/location-appartement-saint-jean-cap-ferrat\/\" \/>\n<meta property=\"og:locale\" content=\"it_IT\" \/>\n<meta property=\"og:type\" content=\"article\" \/>\n<meta property=\"og:title\" content=\"Affitto Appartamento a Saint-Jean-Cap-Ferrat - Dumas Immobilier\" \/>\n<meta property=\"og:description\" content=\"Siete alla ricerca di appartamenti in affitto a Saint-Jean-Cap-Ferrat? L&#039;agenzia Dumas offre appartamenti in affitto.\" \/>\n<meta property=\"og:url\" content=\"https:\/\/www.agencedumas.fr\/location-appartement-saint-jean-cap-ferrat\/\" \/>\n<meta property=\"og:site_name\" content=\"Dumas\" \/>\n<meta property=\"article:publisher\" content=\"https:\/\/www.facebook.com\/Dumas-Realty-100353566141360\/\" \/>\n<meta property=\"article:modified_time\" content=\"2024-03-29T09:02:36+00:00\" \/>\n<meta name=\"twitter:card\" content=\"summary_large_image\" \/>\n<meta name=\"twitter:label1\" content=\"Tempo di lettura stimato\" \/>\n\t<meta name=\"twitter:data1\" content=\"1 minuto\" \/>\n<script type=\"application\/ld+json\" class=\"yoast-schema-graph\">{\"@context\":\"https:\/\/schema.org\",\"@graph\":[{\"@type\":\"WebPage\",\"@id\":\"https:\/\/www.agencedumas.fr\/location-appartement-saint-jean-cap-ferrat\/\",\"url\":\"https:\/\/www.agencedumas.fr\/location-appartement-saint-jean-cap-ferrat\/\",\"name\":\"Affitto Appartamento a Saint-Jean-Cap-Ferrat - Dumas Immobilier\",\"isPartOf\":{\"@id\":\"https:\/\/www.agencedumas.fr\/#website\"},\"datePublished\":\"2024-03-29T09:02:35+00:00\",\"dateModified\":\"2024-03-29T09:02:36+00:00\",\"description\":\"Siete alla ricerca di appartamenti in affitto a Saint-Jean-Cap-Ferrat? L'agenzia Dumas offre appartamenti in affitto.\",\"inLanguage\":\"it-IT\",\"potentialAction\":[{\"@type\":\"ReadAction\",\"target\":[\"https:\/\/www.agencedumas.fr\/location-appartement-saint-jean-cap-ferrat\/\"]}]},{\"@type\":\"WebSite\",\"@id\":\"https:\/\/www.agencedumas.fr\/#website\",\"url\":\"https:\/\/www.agencedumas.fr\/\",\"name\":\"Dumas\",\"description\":\"Agence Immobili\u00e8re Villefranche, Beaulieu et Saint-Jean-Cap-Ferrat\",\"potentialAction\":[{\"@type\":\"SearchAction\",\"target\":{\"@type\":\"EntryPoint\",\"urlTemplate\":\"https:\/\/www.agencedumas.fr\/?s={search_term_string}\"},\"query-input\":{\"@type\":\"PropertyValueSpecification\",\"valueRequired\":true,\"valueName\":\"search_term_string\"}}],\"inLanguage\":\"it-IT\"}]}<\/script>\n<!-- \/ Yoast SEO plugin. -->","yoast_head_json":{"title":"Affitto Appartamento a Saint-Jean-Cap-Ferrat - Dumas Immobilier","description":"Siete alla ricerca di appartamenti in affitto a Saint-Jean-Cap-Ferrat? L'agenzia Dumas offre appartamenti in affitto.","robots":{"index":"index","follow":"follow","max-snippet":"max-snippet:-1","max-image-preview":"max-image-preview:large","max-video-preview":"max-video-preview:-1"},"canonical":"https:\/\/www.agencedumas.fr\/location-appartement-saint-jean-cap-ferrat\/","og_locale":"it_IT","og_type":"article","og_title":"Affitto Appartamento a Saint-Jean-Cap-Ferrat - Dumas Immobilier","og_description":"Siete alla ricerca di appartamenti in affitto a Saint-Jean-Cap-Ferrat? L'agenzia Dumas offre appartamenti in affitto.","og_url":"https:\/\/www.agencedumas.fr\/location-appartement-saint-jean-cap-ferrat\/","og_site_name":"Dumas","article_publisher":"https:\/\/www.facebook.com\/Dumas-Realty-100353566141360\/","article_modified_time":"2024-03-29T09:02:36+00:00","twitter_card":"summary_large_image","twitter_misc":{"Tempo di lettura stimato":"1 minuto"},"schema":{"@context":"https:\/\/schema.org","@graph":[{"@type":"WebPage","@id":"https:\/\/www.agencedumas.fr\/location-appartement-saint-jean-cap-ferrat\/","url":"https:\/\/www.agencedumas.fr\/location-appartement-saint-jean-cap-ferrat\/","name":"Affitto Appartamento a Saint-Jean-Cap-Ferrat - Dumas Immobilier","isPartOf":{"@id":"https:\/\/www.agencedumas.fr\/#website"},"datePublished":"2024-03-29T09:02:35+00:00","dateModified":"2024-03-29T09:02:36+00:00","description":"Siete alla ricerca di appartamenti in affitto a Saint-Jean-Cap-Ferrat? L'agenzia Dumas offre appartamenti in affitto.","inLanguage":"it-IT","potentialAction":[{"@type":"ReadAction","target":["https:\/\/www.agencedumas.fr\/location-appartement-saint-jean-cap-ferrat\/"]}]},{"@type":"WebSite","@id":"https:\/\/www.agencedumas.fr\/#website","url":"https:\/\/www.agencedumas.fr\/","name":"Dumas","description":"Agence Immobili\u00e8re Villefranche, Beaulieu et Saint-Jean-Cap-Ferrat","potentialAction":[{"@type":"SearchAction","target":{"@type":"EntryPoint","urlTemplate":"https:\/\/www.agencedumas.fr\/?s={search_term_string}"},"query-input":{"@type":"PropertyValueSpecification","valueRequired":true,"valueName":"search_term_string"}}],"inLanguage":"it-IT"}]}},"_links":{"self":[{"href":"https:\/\/www.agencedumas.fr\/it\/wp-json\/wp\/v2\/pages\/1452944","targetHints":{"allow":["GET"]}}],"collection":[{"href":"https:\/\/www.agencedumas.fr\/it\/wp-json\/wp\/v2\/pages"}],"about":[{"href":"https:\/\/www.agencedumas.fr\/it\/wp-json\/wp\/v2\/types\/page"}],"author":[{"embeddable":true,"href":"https:\/\/www.agencedumas.fr\/it\/wp-json\/wp\/v2\/users\/2"}],"replies":[{"embeddable":true,"href":"https:\/\/www.agencedumas.fr\/it\/wp-json\/wp\/v2\/comments?post=1452944"}],"version-history":[{"count":0,"href":"https:\/\/www.agencedumas.fr\/it\/wp-json\/wp\/v2\/pages\/1452944\/revisions"}],"wp:attachment":[{"href":"https:\/\/www.agencedumas.fr\/it\/wp-json\/wp\/v2\/media?parent=1452944"}],"curies":[{"name":"wp","href":"https:\/\/api.w.org\/{rel}","templated":true}]}}