{"id":1452947,"date":"2024-03-29T10:02:38","date_gmt":"2024-03-29T09:02:38","guid":{"rendered":"https:\/\/agencedumas.preprod-s1.cawita.com\/localita-villa-saint-jean-cap-ferrat\/"},"modified":"2024-03-29T10:02:39","modified_gmt":"2024-03-29T09:02:39","slug":"localita-villa-saint-jean-cap-ferrat","status":"publish","type":"page","link":"https:\/\/www.agencedumas.fr\/it\/localita-villa-saint-jean-cap-ferrat\/","title":{"rendered":"Casa in affitto Saint-Jean-Cap-Ferrat"},"content":{"rendered":"\n          \n\n          <p>Avete deciso di <strong>affittare una villa<\/strong> in Costa Azzurra? Non cercate il mezzogiorno alle due, puntate su Saint-Jean-Cap-Ferrat! Una delle pi\u00f9 belle citt\u00e0 francesi nel dipartimento delle Alpi Marittime, \u00e8 anche una citt\u00e0 ricca di storia.<\/p>\n          \n\n          <p>Siete alla ricerca di pace e tranquillit\u00e0, vicinanza al mare e paesaggi paradisiaci? Se siete appassionati di mare o di immersioni subacquee, vi innamorerete di Saint-Jean-Cap-Ferrat.<\/p>\n          \n\n          <h2>Saint-Jean-Cap-Ferrat, un luogo ideale per vivere<\/h2>\n          \n\n          <p>Nonostante l&#8217;esplosione del turismo a Saint-Jean-Cap-Ferrat, la citt\u00e0 \u00e8 riuscita a conservare tutto il suo fascino e la sua autenticit\u00e0. Saint-Jean-Cap-Ferrat \u00e8 una delle mete pi\u00f9 ambite dalle celebrit\u00e0 del cinema e dai reali.<\/p>\n          \n\n          <p>La Chapelle Saint Hospice, la villa-museo Ephrussi de Rothschild e le numerose <strong>ville Belle Epoque<\/strong> testimoniano un passato ricco di storia e cultura. Alcune delle tenute di Saint-Jean-Cap-Ferrat hanno ospitato celebrit\u00e0 come il re Leopoldo II del Belgio, B\u00e9atrice Ephrussi de Rothschild, Charlie Chaplin e Winston Churchill.<\/p>\n          \n\n          <h2>Affitto villa a Saint-Jean-Cap-Ferrat<\/h2>\n          \n\n          <p>Situata a soli 10 km da Nizza e Monaco, <strong>Saint-Jean-Cap-Ferrat<\/strong>, una piccola penisola di appena 282 ettari, offre il fascino di un sito incontaminato e incantevole. Vera e propria oasi di verde nel cuore della Costa Azzurra, con oltre 300 giorni di sole all&#8217;anno, Saint-Jean-Cap-Ferrat \u00e8 una destinazione molto ambita che offre un ambiente naturale dove <strong>ville di lusso<\/strong> e magnifici giardini coronano questo Eden.<\/p>\n          \n\n          <p>Ti piacerebbe <strong>affittare una villa a Saint-Jean-Cap-Ferrat<\/strong>? Volete trascorrere qualche settimana di vacanza con la vostra famiglia o vivere qui tutto l&#8217;anno? L&#8217;agenzia Dumas offre <strong>ville in affitto stagionale<\/strong> o annuale.<\/p>\n          \n\n          <p>L&#8217;<strong>agenzia Dumas<\/strong> \u00e8 specializzata nella vendita e nell&#8217;affitto di ville nella zona del Triangolo d&#8217;Oro: <a href=\"https:\/\/www.agencedumas.fr\/location-appartement-beaulieu-sur-mer\">Beaulieu-sur-Mer<\/a>, <a href=\"https:\/\/www.agencedumas.fr\/location-villa-villefranche-sur-mer\">Villefranche-sur-Mer<\/a> e Saint-Jean-Cap-Ferrat. Contattate uno dei nostri <strong>agenti immobiliari<\/strong> per discutere le vostre esigenze.<\/p>\n          \n\n        \n","protected":false},"excerpt":{"rendered":"<p>Avete deciso di affittare una villa in Costa Azzurra? Non cercate il mezzogiorno alle due, puntate su Saint-Jean-Cap-Ferrat! Una delle [&hellip;]<\/p>\n","protected":false},"author":2,"featured_media":0,"parent":0,"menu_order":106,"comment_status":"closed","ping_status":"closed","template":"template-listing.php","meta":{"_acf_changed":false,"footnotes":""},"class_list":["post-1452947","page","type-page","status-publish","hentry"],"acf":[],"yoast_head":"<!-- This site is optimized with the Yoast SEO plugin v26.0 - https:\/\/yoast.com\/wordpress\/plugins\/seo\/ -->\n<title>Affitto Villa Saint-Jean-Cap-Ferrat - Dumas Immobilier<\/title>\n<meta name=\"description\" content=\"Ti piacerebbe affittare una villa a Saint-Jean-Cap-Ferrat? L&#039;agenzia Dumas vi propone ville in affitto a Saint-Jean-Cap-Ferrat.\" \/>\n<meta name=\"robots\" content=\"index, follow, max-snippet:-1, max-image-preview:large, max-video-preview:-1\" \/>\n<link rel=\"canonical\" href=\"https:\/\/www.agencedumas.fr\/location-villa-saint-jean-cap-ferrat\/\" \/>\n<meta property=\"og:locale\" content=\"it_IT\" \/>\n<meta property=\"og:type\" content=\"article\" \/>\n<meta property=\"og:title\" content=\"Affitto Villa Saint-Jean-Cap-Ferrat - Dumas Immobilier\" \/>\n<meta property=\"og:description\" content=\"Ti piacerebbe affittare una villa a Saint-Jean-Cap-Ferrat? L&#039;agenzia Dumas vi propone ville in affitto a Saint-Jean-Cap-Ferrat.\" \/>\n<meta property=\"og:url\" content=\"https:\/\/www.agencedumas.fr\/location-villa-saint-jean-cap-ferrat\/\" \/>\n<meta property=\"og:site_name\" content=\"Dumas\" \/>\n<meta property=\"article:publisher\" content=\"https:\/\/www.facebook.com\/Dumas-Realty-100353566141360\/\" \/>\n<meta property=\"article:modified_time\" content=\"2024-03-29T09:02:39+00:00\" \/>\n<meta name=\"twitter:card\" content=\"summary_large_image\" \/>\n<meta name=\"twitter:label1\" content=\"Tempo di lettura stimato\" \/>\n\t<meta name=\"twitter:data1\" content=\"1 minuto\" \/>\n<script type=\"application\/ld+json\" class=\"yoast-schema-graph\">{\"@context\":\"https:\/\/schema.org\",\"@graph\":[{\"@type\":\"WebPage\",\"@id\":\"https:\/\/www.agencedumas.fr\/location-villa-saint-jean-cap-ferrat\/\",\"url\":\"https:\/\/www.agencedumas.fr\/location-villa-saint-jean-cap-ferrat\/\",\"name\":\"Affitto Villa Saint-Jean-Cap-Ferrat - Dumas Immobilier\",\"isPartOf\":{\"@id\":\"https:\/\/www.agencedumas.fr\/#website\"},\"datePublished\":\"2024-03-29T09:02:38+00:00\",\"dateModified\":\"2024-03-29T09:02:39+00:00\",\"description\":\"Ti piacerebbe affittare una villa a Saint-Jean-Cap-Ferrat? L'agenzia Dumas vi propone ville in affitto a Saint-Jean-Cap-Ferrat.\",\"inLanguage\":\"it-IT\",\"potentialAction\":[{\"@type\":\"ReadAction\",\"target\":[\"https:\/\/www.agencedumas.fr\/location-villa-saint-jean-cap-ferrat\/\"]}]},{\"@type\":\"WebSite\",\"@id\":\"https:\/\/www.agencedumas.fr\/#website\",\"url\":\"https:\/\/www.agencedumas.fr\/\",\"name\":\"Dumas\",\"description\":\"Agence Immobili\u00e8re Villefranche, Beaulieu et Saint-Jean-Cap-Ferrat\",\"potentialAction\":[{\"@type\":\"SearchAction\",\"target\":{\"@type\":\"EntryPoint\",\"urlTemplate\":\"https:\/\/www.agencedumas.fr\/?s={search_term_string}\"},\"query-input\":{\"@type\":\"PropertyValueSpecification\",\"valueRequired\":true,\"valueName\":\"search_term_string\"}}],\"inLanguage\":\"it-IT\"}]}<\/script>\n<!-- \/ Yoast SEO plugin. -->","yoast_head_json":{"title":"Affitto Villa Saint-Jean-Cap-Ferrat - Dumas Immobilier","description":"Ti piacerebbe affittare una villa a Saint-Jean-Cap-Ferrat? L'agenzia Dumas vi propone ville in affitto a Saint-Jean-Cap-Ferrat.","robots":{"index":"index","follow":"follow","max-snippet":"max-snippet:-1","max-image-preview":"max-image-preview:large","max-video-preview":"max-video-preview:-1"},"canonical":"https:\/\/www.agencedumas.fr\/location-villa-saint-jean-cap-ferrat\/","og_locale":"it_IT","og_type":"article","og_title":"Affitto Villa Saint-Jean-Cap-Ferrat - Dumas Immobilier","og_description":"Ti piacerebbe affittare una villa a Saint-Jean-Cap-Ferrat? L'agenzia Dumas vi propone ville in affitto a Saint-Jean-Cap-Ferrat.","og_url":"https:\/\/www.agencedumas.fr\/location-villa-saint-jean-cap-ferrat\/","og_site_name":"Dumas","article_publisher":"https:\/\/www.facebook.com\/Dumas-Realty-100353566141360\/","article_modified_time":"2024-03-29T09:02:39+00:00","twitter_card":"summary_large_image","twitter_misc":{"Tempo di lettura stimato":"1 minuto"},"schema":{"@context":"https:\/\/schema.org","@graph":[{"@type":"WebPage","@id":"https:\/\/www.agencedumas.fr\/location-villa-saint-jean-cap-ferrat\/","url":"https:\/\/www.agencedumas.fr\/location-villa-saint-jean-cap-ferrat\/","name":"Affitto Villa Saint-Jean-Cap-Ferrat - Dumas Immobilier","isPartOf":{"@id":"https:\/\/www.agencedumas.fr\/#website"},"datePublished":"2024-03-29T09:02:38+00:00","dateModified":"2024-03-29T09:02:39+00:00","description":"Ti piacerebbe affittare una villa a Saint-Jean-Cap-Ferrat? L'agenzia Dumas vi propone ville in affitto a Saint-Jean-Cap-Ferrat.","inLanguage":"it-IT","potentialAction":[{"@type":"ReadAction","target":["https:\/\/www.agencedumas.fr\/location-villa-saint-jean-cap-ferrat\/"]}]},{"@type":"WebSite","@id":"https:\/\/www.agencedumas.fr\/#website","url":"https:\/\/www.agencedumas.fr\/","name":"Dumas","description":"Agence Immobili\u00e8re Villefranche, Beaulieu et Saint-Jean-Cap-Ferrat","potentialAction":[{"@type":"SearchAction","target":{"@type":"EntryPoint","urlTemplate":"https:\/\/www.agencedumas.fr\/?s={search_term_string}"},"query-input":{"@type":"PropertyValueSpecification","valueRequired":true,"valueName":"search_term_string"}}],"inLanguage":"it-IT"}]}},"_links":{"self":[{"href":"https:\/\/www.agencedumas.fr\/it\/wp-json\/wp\/v2\/pages\/1452947","targetHints":{"allow":["GET"]}}],"collection":[{"href":"https:\/\/www.agencedumas.fr\/it\/wp-json\/wp\/v2\/pages"}],"about":[{"href":"https:\/\/www.agencedumas.fr\/it\/wp-json\/wp\/v2\/types\/page"}],"author":[{"embeddable":true,"href":"https:\/\/www.agencedumas.fr\/it\/wp-json\/wp\/v2\/users\/2"}],"replies":[{"embeddable":true,"href":"https:\/\/www.agencedumas.fr\/it\/wp-json\/wp\/v2\/comments?post=1452947"}],"version-history":[{"count":0,"href":"https:\/\/www.agencedumas.fr\/it\/wp-json\/wp\/v2\/pages\/1452947\/revisions"}],"wp:attachment":[{"href":"https:\/\/www.agencedumas.fr\/it\/wp-json\/wp\/v2\/media?parent=1452947"}],"curies":[{"name":"wp","href":"https:\/\/api.w.org\/{rel}","templated":true}]}}