{"id":1452948,"date":"2024-03-29T10:02:38","date_gmt":"2024-03-29T09:02:38","guid":{"rendered":"https:\/\/agencedumas.preprod-s1.cawita.com\/posizione-villa-villefranche-sur-mer\/"},"modified":"2024-03-29T10:02:39","modified_gmt":"2024-03-29T09:02:39","slug":"posizione-villa-villefranche-sur-mer","status":"publish","type":"page","link":"https:\/\/www.agencedumas.fr\/it\/posizione-villa-villefranche-sur-mer\/","title":{"rendered":"Affitto Casa Villefranche-sur-Mer"},"content":{"rendered":"\n          \n\n          <p>Amate il mare, le spiagge sabbiose e le ville Belle \u00c9poque? <strong>Affittate una villa<\/strong> a Villefranche-sur-Mer! Chi non sognerebbe di vivere in Costa Azzurra, con i piedi nell&#8217;acqua? Potete farlo affittando una villa a Villefranche-sur-Mer per l&#8217;anno o per le vacanze.<\/p>\n          \n\n          <p>Ogni anno Villefranche-sur-Mer attira migliaia di turisti in cerca di tranquillit\u00e0 e di un luogo ideale per vivere. Contattate l&#8217;<strong>Agence Dumas<\/strong> per trovare <strong>la vostra villa in affitto a Villefranche-sur-Mer<\/strong>. La nostra agenzia immobiliare dispone anche di magnifiche <a href=\"https:\/\/www.agencedumas.fr\/achat-villa-villefranche-sur-mer\">ville contemporanee in vendita a Villefranche-sur-Mer<\/a>, Beaulieu-sur-Mer e Saint-Jean-Cap-Ferrat.<\/p>\n          \n\n          <h2>I vantaggi di Villefranche-sur-Mer per l&#8217;affitto di una villa<\/h2>\n          \n\n          <p>Villefranche-sur-Mer \u00e8 una piccola citt\u00e0 che ha molto da offrire ai viaggiatori di tutto il mondo. Scoprirete il centro della citt\u00e0 con le sue <strong>antiche case<\/strong>, i numerosi monumenti storici, le <strong>spiagge da sogno<\/strong> e i paesaggi mozzafiato.<\/p>\n          \n\n          <p>Adagiata all&#8217;estremit\u00e0 di uno dei porti pi\u00f9 profondi del Mediterraneo, Villefranche-sur-Mer si estende su verdi colline che si tuffano nel mare, offrendo una notevole vista panoramica sul mare. <strong>Villefranche-sur-Mer<\/strong> vi conquister\u00e0 anche per il suo clima mite e la sua vicinanza a Beaulieu-sur-Mer e <strong>Saint-Jean-Cap-Ferrat<\/strong>.<\/p>\n          \n\n          <h2>Affitto villa a Villefranche-sur-Mer con agenzia Dumas<\/h2>\n          \n\n          <p><strong>Villefranche-sur-Mer<\/strong> vuole essere una citt\u00e0 sportiva e culturale e il comune organizza una variet\u00e0 di eventi tra cui festival, concerti e mostre di pittura. Dumas conosce ogni angolo di Villefranche-sur-Mer. Un&#8217;<strong>agenzia immobiliare<\/strong> dedicata vi proporr\u00e0 una villa in affitto che corrisponde al vostro budget e ai vostri criteri di ricerca.<\/p>\n          \n\n          <p>Villefranche-sur-Mer \u00e8 anche una localit\u00e0 balneare, quindi c&#8217;\u00e8 qualcosa per tutti gli amanti del mare e degli sport acquatici. La sua posizione naturale, riparata dai venti, ne fa uno dei principali porti crocieristici della <strong>Costa Azzurra<\/strong>. Come i suoi vicini Beaulieu-sur-Mer e Saint-Jean-Cap-Ferrat, Villefranche-sur-Mer \u00e8 impregnata di Belle \u00c9poque, con l&#8217;ex H\u00f4tel Bristol, la Villa K\u00e9rylos e il <strong>Palais des Anglais<\/strong>, solo per citarne alcuni. La nostra agenzia immobiliare si trova al 5, avenue Albert 1er, 06230 Villefranche-sur-Mer. Potete contattarci al numero <strong>04 93 76 60 61<\/strong>.<\/p>\n          \n\n        \n","protected":false},"excerpt":{"rendered":"<p>Amate il mare, le spiagge sabbiose e le ville Belle \u00c9poque? Affittate una villa a Villefranche-sur-Mer! Chi non sognerebbe di [&hellip;]<\/p>\n","protected":false},"author":2,"featured_media":0,"parent":0,"menu_order":109,"comment_status":"closed","ping_status":"closed","template":"template-listing.php","meta":{"_acf_changed":false,"footnotes":""},"class_list":["post-1452948","page","type-page","status-publish","hentry"],"acf":[],"yoast_head":"<!-- This site is optimized with the Yoast SEO plugin v26.0 - https:\/\/yoast.com\/wordpress\/plugins\/seo\/ -->\n<title>Affitto Casa Villefranche-sur-Mer - Dumas Immobilier<\/title>\n<meta name=\"description\" content=\"Vuoi affittare una casa a Villefranche-sur-Mer? L&#039;agenzia Dumas presenta le sue case in affitto a Villefranche-sur-Mer.\" \/>\n<meta name=\"robots\" content=\"index, follow, max-snippet:-1, max-image-preview:large, max-video-preview:-1\" \/>\n<link rel=\"canonical\" href=\"https:\/\/www.agencedumas.fr\/location-villa-villefranche-sur-mer\/\" \/>\n<meta property=\"og:locale\" content=\"it_IT\" \/>\n<meta property=\"og:type\" content=\"article\" \/>\n<meta property=\"og:title\" content=\"Affitto Casa Villefranche-sur-Mer - Dumas Immobilier\" \/>\n<meta property=\"og:description\" content=\"Vuoi affittare una casa a Villefranche-sur-Mer? L&#039;agenzia Dumas presenta le sue case in affitto a Villefranche-sur-Mer.\" \/>\n<meta property=\"og:url\" content=\"https:\/\/www.agencedumas.fr\/location-villa-villefranche-sur-mer\/\" \/>\n<meta property=\"og:site_name\" content=\"Dumas\" \/>\n<meta property=\"article:publisher\" content=\"https:\/\/www.facebook.com\/Dumas-Realty-100353566141360\/\" \/>\n<meta property=\"article:modified_time\" content=\"2024-03-29T09:02:39+00:00\" \/>\n<meta name=\"twitter:card\" content=\"summary_large_image\" \/>\n<meta name=\"twitter:label1\" content=\"Tempo di lettura stimato\" \/>\n\t<meta name=\"twitter:data1\" content=\"2 minuti\" \/>\n<script type=\"application\/ld+json\" class=\"yoast-schema-graph\">{\"@context\":\"https:\/\/schema.org\",\"@graph\":[{\"@type\":\"WebPage\",\"@id\":\"https:\/\/www.agencedumas.fr\/location-villa-villefranche-sur-mer\/\",\"url\":\"https:\/\/www.agencedumas.fr\/location-villa-villefranche-sur-mer\/\",\"name\":\"Affitto Casa Villefranche-sur-Mer - Dumas Immobilier\",\"isPartOf\":{\"@id\":\"https:\/\/www.agencedumas.fr\/#website\"},\"datePublished\":\"2024-03-29T09:02:38+00:00\",\"dateModified\":\"2024-03-29T09:02:39+00:00\",\"description\":\"Vuoi affittare una casa a Villefranche-sur-Mer? L'agenzia Dumas presenta le sue case in affitto a Villefranche-sur-Mer.\",\"inLanguage\":\"it-IT\",\"potentialAction\":[{\"@type\":\"ReadAction\",\"target\":[\"https:\/\/www.agencedumas.fr\/location-villa-villefranche-sur-mer\/\"]}]},{\"@type\":\"WebSite\",\"@id\":\"https:\/\/www.agencedumas.fr\/#website\",\"url\":\"https:\/\/www.agencedumas.fr\/\",\"name\":\"Dumas\",\"description\":\"Agence Immobili\u00e8re Villefranche, Beaulieu et Saint-Jean-Cap-Ferrat\",\"potentialAction\":[{\"@type\":\"SearchAction\",\"target\":{\"@type\":\"EntryPoint\",\"urlTemplate\":\"https:\/\/www.agencedumas.fr\/?s={search_term_string}\"},\"query-input\":{\"@type\":\"PropertyValueSpecification\",\"valueRequired\":true,\"valueName\":\"search_term_string\"}}],\"inLanguage\":\"it-IT\"}]}<\/script>\n<!-- \/ Yoast SEO plugin. -->","yoast_head_json":{"title":"Affitto Casa Villefranche-sur-Mer - Dumas Immobilier","description":"Vuoi affittare una casa a Villefranche-sur-Mer? L'agenzia Dumas presenta le sue case in affitto a Villefranche-sur-Mer.","robots":{"index":"index","follow":"follow","max-snippet":"max-snippet:-1","max-image-preview":"max-image-preview:large","max-video-preview":"max-video-preview:-1"},"canonical":"https:\/\/www.agencedumas.fr\/location-villa-villefranche-sur-mer\/","og_locale":"it_IT","og_type":"article","og_title":"Affitto Casa Villefranche-sur-Mer - Dumas Immobilier","og_description":"Vuoi affittare una casa a Villefranche-sur-Mer? L'agenzia Dumas presenta le sue case in affitto a Villefranche-sur-Mer.","og_url":"https:\/\/www.agencedumas.fr\/location-villa-villefranche-sur-mer\/","og_site_name":"Dumas","article_publisher":"https:\/\/www.facebook.com\/Dumas-Realty-100353566141360\/","article_modified_time":"2024-03-29T09:02:39+00:00","twitter_card":"summary_large_image","twitter_misc":{"Tempo di lettura stimato":"2 minuti"},"schema":{"@context":"https:\/\/schema.org","@graph":[{"@type":"WebPage","@id":"https:\/\/www.agencedumas.fr\/location-villa-villefranche-sur-mer\/","url":"https:\/\/www.agencedumas.fr\/location-villa-villefranche-sur-mer\/","name":"Affitto Casa Villefranche-sur-Mer - Dumas Immobilier","isPartOf":{"@id":"https:\/\/www.agencedumas.fr\/#website"},"datePublished":"2024-03-29T09:02:38+00:00","dateModified":"2024-03-29T09:02:39+00:00","description":"Vuoi affittare una casa a Villefranche-sur-Mer? L'agenzia Dumas presenta le sue case in affitto a Villefranche-sur-Mer.","inLanguage":"it-IT","potentialAction":[{"@type":"ReadAction","target":["https:\/\/www.agencedumas.fr\/location-villa-villefranche-sur-mer\/"]}]},{"@type":"WebSite","@id":"https:\/\/www.agencedumas.fr\/#website","url":"https:\/\/www.agencedumas.fr\/","name":"Dumas","description":"Agence Immobili\u00e8re Villefranche, Beaulieu et Saint-Jean-Cap-Ferrat","potentialAction":[{"@type":"SearchAction","target":{"@type":"EntryPoint","urlTemplate":"https:\/\/www.agencedumas.fr\/?s={search_term_string}"},"query-input":{"@type":"PropertyValueSpecification","valueRequired":true,"valueName":"search_term_string"}}],"inLanguage":"it-IT"}]}},"_links":{"self":[{"href":"https:\/\/www.agencedumas.fr\/it\/wp-json\/wp\/v2\/pages\/1452948","targetHints":{"allow":["GET"]}}],"collection":[{"href":"https:\/\/www.agencedumas.fr\/it\/wp-json\/wp\/v2\/pages"}],"about":[{"href":"https:\/\/www.agencedumas.fr\/it\/wp-json\/wp\/v2\/types\/page"}],"author":[{"embeddable":true,"href":"https:\/\/www.agencedumas.fr\/it\/wp-json\/wp\/v2\/users\/2"}],"replies":[{"embeddable":true,"href":"https:\/\/www.agencedumas.fr\/it\/wp-json\/wp\/v2\/comments?post=1452948"}],"version-history":[{"count":0,"href":"https:\/\/www.agencedumas.fr\/it\/wp-json\/wp\/v2\/pages\/1452948\/revisions"}],"wp:attachment":[{"href":"https:\/\/www.agencedumas.fr\/it\/wp-json\/wp\/v2\/media?parent=1452948"}],"curies":[{"name":"wp","href":"https:\/\/api.w.org\/{rel}","templated":true}]}}