{"id":1452949,"date":"2024-03-29T10:02:38","date_gmt":"2024-03-29T09:02:38","guid":{"rendered":"https:\/\/agencedumas.preprod-s1.cawita.com\/acquistare-appartamento-saint-jean-cap-ferrat\/"},"modified":"2024-03-29T10:02:39","modified_gmt":"2024-03-29T09:02:39","slug":"acquistare-appartamento-saint-jean-cap-ferrat","status":"publish","type":"page","link":"https:\/\/www.agencedumas.fr\/it\/acquistare-appartamento-saint-jean-cap-ferrat\/","title":{"rendered":"Vendita Appartamento Saint-Jean-Cap-Ferrat"},"content":{"rendered":"\n          \n\n          <p>Ti piacerebbe possedere un <strong>appartamento a Saint-Jean-Cap-Ferrat<\/strong>? Per trovare l&#8217;appartamento pi\u00f9 adatto alle vostre esigenze, l&#8217;<strong>agenzia Dumas<\/strong> selezioner\u00e0 <strong>gli annunci<\/strong> che corrispondono ai vostri criteri di ricerca (prezzo, terrazza, <strong>vista mare<\/strong>, parcheggio, ubicazione, ecc.) La citt\u00e0 di Saint-Jean-Cap-Ferrat dispone di un gran numero di appartamenti, uno pi\u00f9 bello dell&#8217;altro.<\/p>\n          \n\n          <p style=\"text-align: justify;\">La nostra <strong>agenzia immobiliare<\/strong> vi trover\u00e0 l&#8217;<strong>appartamento<\/strong> dei vostri sogni. I criteri di ricerca si basano sul luogo esatto in cui si intende acquistare l&#8217;appartamento a <strong>Saint-Jean-Cap-Ferrat<\/strong>. La nostra agenzia prender\u00e0 poi in considerazione i vari dettagli come la vista, il numero di camere da letto richieste e tutti gli altri dettagli per voi importanti (terrazza, piscina, numero di camere da letto, ecc.), rispettando il vostro budget.<\/p>\n          \n\n          <h2 style=\"text-align: justify;\">Appartamenti in vendita a Saint-Jean-Cap-Ferrat<\/h2>\n          \n\n          <p style=\"text-align: justify;\">Saint-Jean-Cap-Ferrat \u00e8 l&#8217;indirizzo perfetto per chi vuole vivere in un ambiente idilliaco. Questi appartamenti di lusso, situati in condomini alberati e completamente protetti, offrono case confortevoli dove la privacy, il comfort e l&#8217;arte di vivere regnano sovrani. Che siate alla ricerca di un <strong>appartamento da ristrutturare<\/strong> o di un immobile <strong>di nuova costruzione<\/strong>, l&#8217;Agence Dumas sar\u00e0 in grado di aiutarvi a trovare ci\u00f2 che state cercando.<\/p>\n          \n\n          <p style=\"text-align: justify;\">Se state cercando di acquistare un appartamento a Saint-Jean-Cap-Ferrat, per finanziare la vostra residenza primaria o secondaria, l&#8217;agenzia Dumas sar\u00e0 il vostro alleato perfetto per il successo del vostro progetto immobiliare.<\/p>\n          \n\n          <p style=\"text-align: justify;\">La nostra <strong>agenzia immobiliare<\/strong> \u00e8 specializzata in ville, case e appartamenti nel Triangolo d&#8217;oro (<u>\n  <a title=\"Appartamenti a Villefranche-sur-mer\" href=\"https:\/\/www.agencedumas.fr\/achat-appartement-villefranche-sur-mer\">Villefranche-sur-mer<\/a>\n<\/u>Beaulieu e Saint-Jean-Cap-Ferrat), i nostri agenti immobiliari saranno in grado di proporvi l&#8217;appartamento che soddisfa le vostre esigenze e aspettative. Situata tra Villefranche sur Mer e Beaulieu sur Mer, Saint-Jean-Cap-Ferrat vanta un <strong>eccezionale portafoglio immobiliare<\/strong> composto principalmente da <strong>splendide ville<\/strong> e<strong>appartamenti di lusso<\/strong>.<\/p>\n          \n\n          <p style=\"text-align: justify;\">Per chi <strong>cerca<\/strong> un vero e proprio piccolo paradiso, questa penisola della Rivera francese \u00e8 l&#8217;indirizzo per eccellenza. Il clima \u00e8 particolarmente mite durante tutto l&#8217;anno e la vicinanza del mare \u00e8 un altro degli innegabili punti di forza della penisola.<\/p>\n          \n\n          <p style=\"text-align: justify;\">L&#8217;<strong>agenzia<\/strong> ha una vasta esperienza nel settore immobiliare locale. Qualunque siano i vostri criteri per l&#8217;acquisto di un <strong>appartamento a Saint-Jean-Cap-Ferrat<\/strong>, l&#8217;agenzia Dumas soddisfer\u00e0 tutte le vostre esigenze, anche le pi\u00f9 insolite.  <strong>Saint-Jean-Cap-Ferrat<\/strong> vanta un patrimonio culturale e storico unico al mondo, tra cui la famosa Villa Les C\u00e8dres, ex residenza di vacanza del re belga Leopoldo, e la Villa Ephrussi de Rotschild.<\/p>\n          \n\n          <h2 style=\"text-align: justify;\">Comprare un appartamento a Cap-Ferrat<\/h2>\n          \n\n          <p style=\"text-align: justify;\">La cornice verde che si estende nel Mediterraneo offre un ambiente di vita in cui la pace e la privacy sono all&#8217;ordine del giorno. Sono stati tracciati notevoli sentieri per raggiungere le bellissime spiagge e per fare un facile tour della penisola. In questa prestigiosa terra di mare, acquistare un appartamento a <strong>Saint-Jean-Cap-Ferrat<\/strong> \u00e8 un vero privilegio. Inoltre, alcuni <strong>appartamenti<\/strong> offrono un&#8217;incredibile <strong>vista sul mare<\/strong>. Contattate la nostra agenzia immobiliare per discutere il vostro progetto immobiliare.<\/p>\n          \n\n          <p style=\"text-align: justify;\">Gli appartamenti, situati nel <strong>cuore del villaggio<\/strong> o sul lungomare, lungo la passeggiata Maurice Rouvier dove un tempo viveva l&#8217;attore americano David Niven, si trovano in residenze sicure immerse in un&#8217;immensa cornice verde con piscina e giardino. I nostri appartamenti in vendita dispongono di una grande cucina completamente attrezzata, di un enorme soggiorno, di diverse ampie camere da letto e persino di una terrazza con vista sul mare.<\/p>\n          \n\n          <p style=\"text-align: justify;\">Scoprirete sul nostro sito gli <strong>annunci di appartamenti in vendita a Saint-Jean-Cap-Ferrat<\/strong>, contattate la nostra agenzia immobiliare per maggiori informazioni. Che siate alla ricerca di un appartamento al primo piano, di un duplex o di una villa sul tetto, i nostri annunci immobiliari accessibili tramite il nostro sito web soddisferanno tutte le vostre esigenze.<\/p>\n          \n\n          <p style=\"text-align: justify;\">Troverete l&#8217;<strong>appartamento<\/strong> dei vostri sogni, con cucina completamente attrezzata, ampio soggiorno o salotto, diverse stanze enormi, terrazza e veranda, ecc. Questi sono solo alcuni dei beni degli <strong>appartamenti<\/strong> pi\u00f9 <strong>belli in vendita a Saint-Jean-Cap-Ferrat<\/strong>. Anche le richieste pi\u00f9 esigenti possono essere soddisfatte dalla nostra agenzia immobiliare specializzata nella zona di Saint-Jean-Cap-Ferrat, <u>\n  <a href=\"https:\/\/www.agencedumas.fr\/achat-appartement-beaulieu-sur-mer\">Beaulieu-sur-Mer<\/a>\n<\/u> e Villefranche-sur-Mer.<\/p>\n          \n\n          <h2 style=\"text-align: justify;\">Informazioni pratiche su Saint-Jean-Cap-Ferrat<\/h2>\n          \n\n          <p style=\"text-align: justify;\"><strong>Quartieri<\/strong>: Le Cap, Le Village, Grasseuil, le Port, La promenade Maurice Rouvier.<br\/><br\/><strong>Localit\u00e0<\/strong>: Villa David Neven, Le s\u00e9maphore, Le Cap, Plage des fosses et des fossettes, H\u00f4tel &#8220;Grand H\u00f4tel du Cap&#8221;, H\u00f4tel &#8220;La Voile d&#8217;Or&#8221;, H\u00f4tel &#8220;Le Royal Riviera&#8221;.<br\/><br\/><strong>Edifici<\/strong>: Wave 6, Parc Palace Audibert, Residence de Grasseuil, La Scaletta, Saint Jean l&#8217;\u00c9glise, Le Mermoz, La Colline, R\u00e9sidence Cap Ferrat, Le Lido.<br\/><br\/><strong>Hotel<\/strong>: Four Season Grand Hotel du Cap, La Voile d&#8217;Or, Le Royal Riviera.<\/p>\n          \n\n        \n","protected":false},"excerpt":{"rendered":"<p>Ti piacerebbe possedere un appartamento a Saint-Jean-Cap-Ferrat? Per trovare l&#8217;appartamento pi\u00f9 adatto alle vostre esigenze, l&#8217;agenzia Dumas selezioner\u00e0 gli annunci [&hellip;]<\/p>\n","protected":false},"author":2,"featured_media":0,"parent":0,"menu_order":147,"comment_status":"closed","ping_status":"closed","template":"template-listing.php","meta":{"_acf_changed":false,"footnotes":""},"class_list":["post-1452949","page","type-page","status-publish","hentry"],"acf":[],"yoast_head":"<!-- This site is optimized with the Yoast SEO plugin v26.0 - https:\/\/yoast.com\/wordpress\/plugins\/seo\/ -->\n<title>Vendita Appartamento Saint-Jean-Cap-Ferrat - Dumas<\/title>\n<meta name=\"robots\" content=\"index, follow, max-snippet:-1, max-image-preview:large, max-video-preview:-1\" \/>\n<link rel=\"canonical\" href=\"https:\/\/www.agencedumas.fr\/achat-appartement-saint-jean-cap-ferrat\/\" \/>\n<meta property=\"og:locale\" content=\"it_IT\" \/>\n<meta property=\"og:type\" content=\"article\" \/>\n<meta property=\"og:title\" content=\"Vendita Appartamento Saint-Jean-Cap-Ferrat - Dumas\" \/>\n<meta property=\"og:description\" content=\"Ti piacerebbe possedere un appartamento a Saint-Jean-Cap-Ferrat? Per trovare l&#8217;appartamento pi\u00f9 adatto alle vostre esigenze, l&#8217;agenzia Dumas selezioner\u00e0 gli annunci [&hellip;]\" \/>\n<meta property=\"og:url\" content=\"https:\/\/www.agencedumas.fr\/achat-appartement-saint-jean-cap-ferrat\/\" \/>\n<meta property=\"og:site_name\" content=\"Dumas\" \/>\n<meta property=\"article:publisher\" content=\"https:\/\/www.facebook.com\/Dumas-Realty-100353566141360\/\" \/>\n<meta property=\"article:modified_time\" content=\"2024-03-29T09:02:39+00:00\" \/>\n<meta name=\"twitter:card\" content=\"summary_large_image\" \/>\n<meta name=\"twitter:label1\" content=\"Tempo di lettura stimato\" \/>\n\t<meta name=\"twitter:data1\" content=\"4 minuti\" \/>\n<script type=\"application\/ld+json\" class=\"yoast-schema-graph\">{\"@context\":\"https:\/\/schema.org\",\"@graph\":[{\"@type\":\"WebPage\",\"@id\":\"https:\/\/www.agencedumas.fr\/achat-appartement-saint-jean-cap-ferrat\/\",\"url\":\"https:\/\/www.agencedumas.fr\/achat-appartement-saint-jean-cap-ferrat\/\",\"name\":\"Vendita Appartamento Saint-Jean-Cap-Ferrat - Dumas\",\"isPartOf\":{\"@id\":\"https:\/\/www.agencedumas.fr\/#website\"},\"datePublished\":\"2024-03-29T09:02:38+00:00\",\"dateModified\":\"2024-03-29T09:02:39+00:00\",\"inLanguage\":\"it-IT\",\"potentialAction\":[{\"@type\":\"ReadAction\",\"target\":[\"https:\/\/www.agencedumas.fr\/achat-appartement-saint-jean-cap-ferrat\/\"]}]},{\"@type\":\"WebSite\",\"@id\":\"https:\/\/www.agencedumas.fr\/#website\",\"url\":\"https:\/\/www.agencedumas.fr\/\",\"name\":\"Dumas\",\"description\":\"Agence Immobili\u00e8re Villefranche, Beaulieu et Saint-Jean-Cap-Ferrat\",\"potentialAction\":[{\"@type\":\"SearchAction\",\"target\":{\"@type\":\"EntryPoint\",\"urlTemplate\":\"https:\/\/www.agencedumas.fr\/?s={search_term_string}\"},\"query-input\":{\"@type\":\"PropertyValueSpecification\",\"valueRequired\":true,\"valueName\":\"search_term_string\"}}],\"inLanguage\":\"it-IT\"}]}<\/script>\n<!-- \/ Yoast SEO plugin. -->","yoast_head_json":{"title":"Vendita Appartamento Saint-Jean-Cap-Ferrat - Dumas","robots":{"index":"index","follow":"follow","max-snippet":"max-snippet:-1","max-image-preview":"max-image-preview:large","max-video-preview":"max-video-preview:-1"},"canonical":"https:\/\/www.agencedumas.fr\/achat-appartement-saint-jean-cap-ferrat\/","og_locale":"it_IT","og_type":"article","og_title":"Vendita Appartamento Saint-Jean-Cap-Ferrat - Dumas","og_description":"Ti piacerebbe possedere un appartamento a Saint-Jean-Cap-Ferrat? Per trovare l&#8217;appartamento pi\u00f9 adatto alle vostre esigenze, l&#8217;agenzia Dumas selezioner\u00e0 gli annunci [&hellip;]","og_url":"https:\/\/www.agencedumas.fr\/achat-appartement-saint-jean-cap-ferrat\/","og_site_name":"Dumas","article_publisher":"https:\/\/www.facebook.com\/Dumas-Realty-100353566141360\/","article_modified_time":"2024-03-29T09:02:39+00:00","twitter_card":"summary_large_image","twitter_misc":{"Tempo di lettura stimato":"4 minuti"},"schema":{"@context":"https:\/\/schema.org","@graph":[{"@type":"WebPage","@id":"https:\/\/www.agencedumas.fr\/achat-appartement-saint-jean-cap-ferrat\/","url":"https:\/\/www.agencedumas.fr\/achat-appartement-saint-jean-cap-ferrat\/","name":"Vendita Appartamento Saint-Jean-Cap-Ferrat - Dumas","isPartOf":{"@id":"https:\/\/www.agencedumas.fr\/#website"},"datePublished":"2024-03-29T09:02:38+00:00","dateModified":"2024-03-29T09:02:39+00:00","inLanguage":"it-IT","potentialAction":[{"@type":"ReadAction","target":["https:\/\/www.agencedumas.fr\/achat-appartement-saint-jean-cap-ferrat\/"]}]},{"@type":"WebSite","@id":"https:\/\/www.agencedumas.fr\/#website","url":"https:\/\/www.agencedumas.fr\/","name":"Dumas","description":"Agence Immobili\u00e8re Villefranche, Beaulieu et Saint-Jean-Cap-Ferrat","potentialAction":[{"@type":"SearchAction","target":{"@type":"EntryPoint","urlTemplate":"https:\/\/www.agencedumas.fr\/?s={search_term_string}"},"query-input":{"@type":"PropertyValueSpecification","valueRequired":true,"valueName":"search_term_string"}}],"inLanguage":"it-IT"}]}},"_links":{"self":[{"href":"https:\/\/www.agencedumas.fr\/it\/wp-json\/wp\/v2\/pages\/1452949","targetHints":{"allow":["GET"]}}],"collection":[{"href":"https:\/\/www.agencedumas.fr\/it\/wp-json\/wp\/v2\/pages"}],"about":[{"href":"https:\/\/www.agencedumas.fr\/it\/wp-json\/wp\/v2\/types\/page"}],"author":[{"embeddable":true,"href":"https:\/\/www.agencedumas.fr\/it\/wp-json\/wp\/v2\/users\/2"}],"replies":[{"embeddable":true,"href":"https:\/\/www.agencedumas.fr\/it\/wp-json\/wp\/v2\/comments?post=1452949"}],"version-history":[{"count":0,"href":"https:\/\/www.agencedumas.fr\/it\/wp-json\/wp\/v2\/pages\/1452949\/revisions"}],"wp:attachment":[{"href":"https:\/\/www.agencedumas.fr\/it\/wp-json\/wp\/v2\/media?parent=1452949"}],"curies":[{"name":"wp","href":"https:\/\/api.w.org\/{rel}","templated":true}]}}