{"id":1452950,"date":"2024-03-29T10:02:39","date_gmt":"2024-03-29T09:02:39","guid":{"rendered":"https:\/\/agencedumas.preprod-s1.cawita.com\/acquistare-appartamento-citta-franche-sur-mer\/"},"modified":"2024-03-29T10:02:39","modified_gmt":"2024-03-29T09:02:39","slug":"acquistare-appartamento-citta-franche-sur-mer","status":"publish","type":"page","link":"https:\/\/www.agencedumas.fr\/it\/acquistare-appartamento-citta-franche-sur-mer\/","title":{"rendered":"Vendita Appartamento Villefranche-sur-Mer"},"content":{"rendered":"\n          \n\n          <p>Con i suoi magnifici paesaggi e le sue viste uniche e senza ostacoli sul mare, <strong>Villefranche-sur-Mer<\/strong> \u00e8 un tesoro tutto da scoprire. Il porto di Villefranche, regolarmente citato come una delle sette meraviglie del mondo, offre viste panoramiche eccezionali e un riparo di qualit\u00e0 per gli yacht di lusso. L&#8217;agenzia immobiliare Dumas propone una selezione di appartamenti in vendita a Saint-Jean-Cap-Ferrat, <u>\n  <a title=\"Vendita Appartamenti a Beaulieu-sur-Mer\" href=\"https:\/\/www.agencedumas.fr\/achat-appartement-beaulieu-sur-mer\">Beaulieu-sur-Mer<\/a>\n<\/u> e Villefranche-sur-Mer, conosciuto come il &#8220;Triangolo d&#8217;oro&#8221;.<\/p>\n          \n\n          <p style=\"text-align: justify;\">Acquistare un <strong>appartamento a Villefranche-sur-Mer<\/strong> \u00e8 una buona idea, poich\u00e9 la citt\u00e0 \u00e8 situata in una posizione ideale. A pochi minuti di auto, troverete una serie di attrazioni turistiche, tra cui il Principato di Monaco e Beaulieu, <u>\n  <a title=\"Appartamenti a Saint-Jean-Cap-Ferrat\" href=\"https:\/\/www.agencedumas.fr\/achat-appartement-saint-jean-cap-ferrat\">Saint-Jean-Cap-Ferrat<\/a>\n<\/u> o la citt\u00e0 di Nizza e il suo aeroporto internazionale. Culturalmente ricca, Villefranche-sur-Mer offre tutto l&#8217;anno attrazioni come mostre d&#8217;arte, spettacoli musicali e attivit\u00e0 sportive.<\/p>\n          \n\n          <h2 style=\"text-align: justify;\">Prezzi degli immobili a Villefranche-sur-Mer<\/h2>\n          \n\n          <p style=\"text-align: justify;\">Vera e propria destinazione turistica, Villefranche-sur-Mer ha molto da offrire tutto l&#8217;anno. In termini di storia, cultura e paesaggio, la posizione \u00e8 ideale. Vi state chiedendo come investire con successo in<strong>immobili a Villefranche-sur-Mer<\/strong>?<\/p>\n          \n\n          <p style=\"text-align: justify;\"><strong>Acquistare un appartamento a Villefranche-sur-Mer<\/strong> per trascorrere le vacanze, per affittarlo o per viverci tutto l&#8217;anno \u00e8 una scommessa sicura. La citt\u00e0 vanta un&#8217;architettura sia moderna che tradizionale e le sue ricchezze naturali e culturali promettono un ambiente di vita piacevole. Siete alla ricerca di una citt\u00e0 in cui godervi la pace e la tranquillit\u00e0 e il mare?<\/p>\n          \n\n          <p style=\"text-align: justify;\">Villefranche-sur-Mer dispone di tutti i servizi necessari e di infrastrutture di alta qualit\u00e0 per uno stile di vita confortevole. Con i suoi magnifici edifici, il suo patrimonio storico e culturale, l&#8217;antico porto di pesca e le sue strade pittoresche, troverete sicuramente l&#8217;appartamento dei vostri sogni. Non vi resta che contattare l<strong>&#8216;Agence Dumas<\/strong> per <strong>acquistare la vostra propriet\u00e0 a Villefranche-sur-Mer<\/strong>.<\/p>\n          \n\n          <p style=\"text-align: justify;\">Villefranche-sur-Mer \u00e8 un piccolo paradiso terrestre, con i suoi condomini di lusso che ospitano <strong>appartamenti<\/strong> di lusso <strong>con vista sul mare<\/strong>. Per decenni, molte star e celebrit\u00e0 sono state sedotte dalla bellezza della citt\u00e0 e hanno deciso di<strong>acquistare un appartamento <\/strong>qui. L&#8217;agenzia Dumas ha un ufficio al 5, avenue Albert 1er. Venite a trovarci per discutere i vostri progetti immobiliari.<\/p>\n          \n\n          <h2 style=\"text-align: justify;\">Comprare un appartamento a Villefranche-sur-Mer<\/h2>\n          \n\n          <p style=\"text-align: justify;\">Situati su un&#8217;altura, alcuni appartamenti offrono una vista mozzafiato sull&#8217;area circostante e sul mare. Il paesaggio e la tranquillit\u00e0 offerti dalle colline della citt\u00e0 conferiscono agli appartamenti un carattere incomparabile. Che sia in centro o in collina, Dumas vi offre appartamenti di alta qualit\u00e0 in vendita.<\/p>\n          \n\n          <p style=\"text-align: justify;\">Per l&#8217;<strong>acquisto di un appartamento a Villefranche-sur-Mer<\/strong>, approfittate dell&#8217;esperienza di Agence Dumas, un&#8217;agenzia immobiliare con una vasta conoscenza del Triangolo d&#8217;Oro. Dalla sua creazione nel 1967, la nostra <strong>agenzia immobiliare<\/strong> opera principalmente a Villefranche-sur-Mer, Saint-Jean-Cap-Ferrat e Beaulieu-sur-Mer.<\/p>\n          \n\n          <p style=\"text-align: justify;\">La vasta conoscenza del territorio e l&#8217;esperienza nel mercato immobiliare consentono all&#8217;agenzia di offrire annunci esclusivi, tra cui appartamenti con vista sul mare, ultimi piani, maisonette, piscine, grandi terrazze e giardini.<\/p>\n          \n\n          <p style=\"text-align: justify;\">Sia che stiate <strong>acquistando una residenza primaria<\/strong> o <strong>secondaria<\/strong>, l&#8217;Agence Dumas \u00e8 in grado di trovare l&#8217;appartamento che soddisfa le vostre aspettative e il vostro budget.<\/p>\n          \n\n          <p style=\"text-align: justify;\">Presso l&#8217;<strong>Agence Dumas<\/strong>, gli <strong>appartamenti<\/strong> in vendita sono stati rigorosamente selezionati in base ai loro punti di forza (posizione, superficie, caratteristiche, terrazza, prezzo, ecc.). Affidateci la ricerca del vostro appartamento e sarete sicuri di avere successo nel vostro <strong>progetto immobiliare<\/strong>.<\/p>\n          \n\n          <h2 style=\"text-align: justify;\">Informazioni utili su Villefranche-sur-Mer<\/h2>\n          \n\n          <p style=\"text-align: justify;\"><strong>Quartieri<\/strong>: L&#8217;octroi, Vieux Villefranche, Le Castellet, Moyenne Corniche, La Corne d&#8217;Or , Les Marini\u00e8res, La darse, Le col de Villefranche.<br\/><br\/><strong>Localit\u00e0<\/strong>: Chapelle Jean Cocteau, Ristorante &#8220;La m\u00e8re Germaine&#8221;, Port de la darse, La Citadelle, La Rade de Villefranche, La vista dalla Corniche centrale, La citt\u00e0 vecchia, H\u00f4tel Welcome, La Villa Leopolda.<br\/><br\/><strong>Edifici<\/strong>: Le Brasilia, L&#8217;Agrianthe, Les Flots Bleus, Les Galets d&#8217;or, Les Embruns, Les Hibiscus.<br\/><br\/><strong>Hotel<\/strong>: Le Versaille, Le Welcome.<\/p>\n          \n\n        \n","protected":false},"excerpt":{"rendered":"<p>Con i suoi magnifici paesaggi e le sue viste uniche e senza ostacoli sul mare, Villefranche-sur-Mer \u00e8 un tesoro tutto [&hellip;]<\/p>\n","protected":false},"author":2,"featured_media":0,"parent":0,"menu_order":149,"comment_status":"closed","ping_status":"closed","template":"template-listing.php","meta":{"_acf_changed":false,"footnotes":""},"class_list":["post-1452950","page","type-page","status-publish","hentry"],"acf":[],"yoast_head":"<!-- This site is optimized with the Yoast SEO plugin v26.0 - https:\/\/yoast.com\/wordpress\/plugins\/seo\/ -->\n<title>Vendita Appartamento Villefranche-sur-Mer - Dumas<\/title>\n<meta name=\"robots\" content=\"index, follow, max-snippet:-1, max-image-preview:large, max-video-preview:-1\" \/>\n<link rel=\"canonical\" href=\"https:\/\/www.agencedumas.fr\/achat-appartement-villefranche-sur-mer\/\" \/>\n<meta property=\"og:locale\" content=\"it_IT\" \/>\n<meta property=\"og:type\" content=\"article\" \/>\n<meta property=\"og:title\" content=\"Vendita Appartamento Villefranche-sur-Mer - Dumas\" \/>\n<meta property=\"og:description\" content=\"Con i suoi magnifici paesaggi e le sue viste uniche e senza ostacoli sul mare, Villefranche-sur-Mer \u00e8 un tesoro tutto [&hellip;]\" \/>\n<meta property=\"og:url\" content=\"https:\/\/www.agencedumas.fr\/achat-appartement-villefranche-sur-mer\/\" \/>\n<meta property=\"og:site_name\" content=\"Dumas\" \/>\n<meta property=\"article:publisher\" content=\"https:\/\/www.facebook.com\/Dumas-Realty-100353566141360\/\" \/>\n<meta name=\"twitter:card\" content=\"summary_large_image\" \/>\n<meta name=\"twitter:label1\" content=\"Tempo di lettura stimato\" \/>\n\t<meta name=\"twitter:data1\" content=\"3 minuti\" \/>\n<script type=\"application\/ld+json\" class=\"yoast-schema-graph\">{\"@context\":\"https:\/\/schema.org\",\"@graph\":[{\"@type\":\"WebPage\",\"@id\":\"https:\/\/www.agencedumas.fr\/achat-appartement-villefranche-sur-mer\/\",\"url\":\"https:\/\/www.agencedumas.fr\/achat-appartement-villefranche-sur-mer\/\",\"name\":\"Vendita Appartamento Villefranche-sur-Mer - Dumas\",\"isPartOf\":{\"@id\":\"https:\/\/www.agencedumas.fr\/#website\"},\"datePublished\":\"2024-03-29T09:02:39+00:00\",\"inLanguage\":\"it-IT\",\"potentialAction\":[{\"@type\":\"ReadAction\",\"target\":[\"https:\/\/www.agencedumas.fr\/achat-appartement-villefranche-sur-mer\/\"]}]},{\"@type\":\"WebSite\",\"@id\":\"https:\/\/www.agencedumas.fr\/#website\",\"url\":\"https:\/\/www.agencedumas.fr\/\",\"name\":\"Dumas\",\"description\":\"Agence Immobili\u00e8re Villefranche, Beaulieu et Saint-Jean-Cap-Ferrat\",\"potentialAction\":[{\"@type\":\"SearchAction\",\"target\":{\"@type\":\"EntryPoint\",\"urlTemplate\":\"https:\/\/www.agencedumas.fr\/?s={search_term_string}\"},\"query-input\":{\"@type\":\"PropertyValueSpecification\",\"valueRequired\":true,\"valueName\":\"search_term_string\"}}],\"inLanguage\":\"it-IT\"}]}<\/script>\n<!-- \/ Yoast SEO plugin. -->","yoast_head_json":{"title":"Vendita Appartamento Villefranche-sur-Mer - Dumas","robots":{"index":"index","follow":"follow","max-snippet":"max-snippet:-1","max-image-preview":"max-image-preview:large","max-video-preview":"max-video-preview:-1"},"canonical":"https:\/\/www.agencedumas.fr\/achat-appartement-villefranche-sur-mer\/","og_locale":"it_IT","og_type":"article","og_title":"Vendita Appartamento Villefranche-sur-Mer - Dumas","og_description":"Con i suoi magnifici paesaggi e le sue viste uniche e senza ostacoli sul mare, Villefranche-sur-Mer \u00e8 un tesoro tutto [&hellip;]","og_url":"https:\/\/www.agencedumas.fr\/achat-appartement-villefranche-sur-mer\/","og_site_name":"Dumas","article_publisher":"https:\/\/www.facebook.com\/Dumas-Realty-100353566141360\/","twitter_card":"summary_large_image","twitter_misc":{"Tempo di lettura stimato":"3 minuti"},"schema":{"@context":"https:\/\/schema.org","@graph":[{"@type":"WebPage","@id":"https:\/\/www.agencedumas.fr\/achat-appartement-villefranche-sur-mer\/","url":"https:\/\/www.agencedumas.fr\/achat-appartement-villefranche-sur-mer\/","name":"Vendita Appartamento Villefranche-sur-Mer - Dumas","isPartOf":{"@id":"https:\/\/www.agencedumas.fr\/#website"},"datePublished":"2024-03-29T09:02:39+00:00","inLanguage":"it-IT","potentialAction":[{"@type":"ReadAction","target":["https:\/\/www.agencedumas.fr\/achat-appartement-villefranche-sur-mer\/"]}]},{"@type":"WebSite","@id":"https:\/\/www.agencedumas.fr\/#website","url":"https:\/\/www.agencedumas.fr\/","name":"Dumas","description":"Agence Immobili\u00e8re Villefranche, Beaulieu et Saint-Jean-Cap-Ferrat","potentialAction":[{"@type":"SearchAction","target":{"@type":"EntryPoint","urlTemplate":"https:\/\/www.agencedumas.fr\/?s={search_term_string}"},"query-input":{"@type":"PropertyValueSpecification","valueRequired":true,"valueName":"search_term_string"}}],"inLanguage":"it-IT"}]}},"_links":{"self":[{"href":"https:\/\/www.agencedumas.fr\/it\/wp-json\/wp\/v2\/pages\/1452950","targetHints":{"allow":["GET"]}}],"collection":[{"href":"https:\/\/www.agencedumas.fr\/it\/wp-json\/wp\/v2\/pages"}],"about":[{"href":"https:\/\/www.agencedumas.fr\/it\/wp-json\/wp\/v2\/types\/page"}],"author":[{"embeddable":true,"href":"https:\/\/www.agencedumas.fr\/it\/wp-json\/wp\/v2\/users\/2"}],"replies":[{"embeddable":true,"href":"https:\/\/www.agencedumas.fr\/it\/wp-json\/wp\/v2\/comments?post=1452950"}],"version-history":[{"count":0,"href":"https:\/\/www.agencedumas.fr\/it\/wp-json\/wp\/v2\/pages\/1452950\/revisions"}],"wp:attachment":[{"href":"https:\/\/www.agencedumas.fr\/it\/wp-json\/wp\/v2\/media?parent=1452950"}],"curies":[{"name":"wp","href":"https:\/\/api.w.org\/{rel}","templated":true}]}}