{"id":1452951,"date":"2024-03-29T10:02:40","date_gmt":"2024-03-29T09:02:40","guid":{"rendered":"https:\/\/agencedumas.preprod-s1.cawita.com\/acquistare-villa-beaulieu-sur-mer\/"},"modified":"2024-03-29T10:02:43","modified_gmt":"2024-03-29T09:02:43","slug":"acquistare-villa-beaulieu-sur-mer","status":"publish","type":"page","link":"https:\/\/www.agencedumas.fr\/it\/acquistare-villa-beaulieu-sur-mer\/","title":{"rendered":"Vendita Casa Beaulieu-sur-Mer"},"content":{"rendered":"\n          \n\n          <p>Cercate una <strong>villa in Costa<\/strong> Azzurra? Beaulieu-sur-Mer \u00e8 un luogo eccezionale, dove mare e montagna si incontrano. <strong>Beaulieu-sur-Mer<\/strong> si trova in una zona privilegiata della Costa Azzurra, dove la vita \u00e8 bella.<\/p>\n          \n\n          <p style=\"text-align: justify;\">Sta pensando di<strong>acquistare una villa a Beaulieu-sur-Mer<\/strong>? La nostra agenzia immobiliare Dumas vi aiuta ad acquistare immobili a Beaulieu-sur-Mer e dintorni (Saint-Jean-Cap-Ferrat, Eze, Villefranche-sur-Mer ecc.) dal 1967.<\/p>\n          \n\n          <h2 style=\"text-align: justify;\">Perch\u00e9 acquistare una villa a Beaulieu-sur-Mer?<\/h2>\n          \n\n          <p style=\"text-align: justify;\">Il principale punto di forza di Beaulieu-sur-Mer \u00e8 senza dubbio la sua <strong>architettura<\/strong> unica, che la citt\u00e0 ha ereditato dalla sua storia, in particolare dalle teste coronate che vi hanno soggiornato durante la Belle \u00c9poque.<\/p>\n          \n\n          <p style=\"text-align: justify;\">Contattate il nostro team di<strong>agenti immobiliari<\/strong> per aiutarvi ad<strong>acquistare la vostra casa<\/strong>: sar\u00e0 nostro piacere accompagnarvi in ogni fase del processo. Oltre a questa ricchezza architettonica, la citt\u00e0 \u00e8 anche ricca di paesaggi e di suggestioni. Beaulieu-sur-Mer vanta bellissime spiagge ornate da una variet\u00e0 di piante esotiche che prosperano in un clima piacevole.<\/p>\n          \n\n          <p style=\"text-align: justify;\">In effetti, Beaulieu-sur-Mer ha parchi punteggiati di ulivi, a due passi dal mare. Per gli amanti dell&#8217;arte di vivere e della belle \u00e9poque, Beaulieu-sur-Mer offre ville in vendita, situate in un ambiente tranquillo e vicino ai servizi (negozi, ottimi ristoranti, spiagge, ecc.).<\/p>\n          \n\n          <p style=\"text-align: justify;\">Grazie ai suoi numerosi punti di forza, la citt\u00e0 attira ogni anno molti turisti internazionali, per cui si pu\u00f2 immaginare di acquistare una villa come parte di un <strong>progetto di investimento per l&#8217;affitto<\/strong>. Infine, ci sono i beni culturali che fanno di Beaulieu-sur-Mer una citt\u00e0 attraente e dinamica, ricca di storia e cultura.<\/p>\n          \n\n          <p style=\"text-align: justify;\">Ogni anno, in particolare a settembre, si svolgono due festival:<strong>&#8220;Les Nuits Guitares<\/strong>&#8221; a luglio e il<strong>&#8220;Beaulieu Classic Festival<\/strong>&#8221; a Beaulieu-sur-Mer. Ci sono anche una serie di monumenti culturali e storici che renderanno i ricordi indimenticabili, tra cui la <strong>Villa K\u00e9rylos<\/strong> e la chiesa di La Chapelle Santa Maria de Olivo.<\/p>\n          \n\n          <p style=\"text-align: justify;\">Beaulieu-sur-Mer \u00e8 anche una localit\u00e0 balneare che offre un&#8217;ampia gamma di sport acquatici (sci nautico, immersioni, noleggio di yacht, ecc.).<\/p>\n          \n\n          <h2 style=\"text-align: justify;\">Ville di lusso in vendita a Beaulieu-sur-Mer<\/h2>\n          \n\n          <p style=\"text-align: justify;\">L&#8217;<strong>agenzia immobiliare Dumas<\/strong> dispone di annunci esclusivi di ville in vendita a <a title=\"Ville in vendita Beaulieu-sur-mer\" href=\"https:\/\/www.agencedumas.fr\/achat-villa-beaulieu-sur-mer\">Beaulieu-sur-Mer<\/a>, Villefranche-sur-Mer e <a title=\"Ville in vendita a Saint-Jean-Cap-Ferrat\" href=\"https:\/\/www.agencedumas.fr\/achat-villa-saint-jean-cap-ferrat\">Saint-Jean-Cap-Ferrat<\/a>. Il fattore pi\u00f9 importante nell&#8217;acquisto di una propriet\u00e0 \u00e8 la scelta della posizione migliore per la vostra villa. Se siete alla ricerca di una <strong>villa contemporanea<\/strong>, Beaulieu-sur-Mer \u00e8 il posto che fa per voi.<\/p>\n          \n\n          <p style=\"text-align: justify;\">Dumas Immobilier vi propone case e ville di charme, arroccate sulle colline o nel cuore del villaggio. Con o senza piscina, su un <strong>terreno piccolo o grande<\/strong>, in stile tradizionale, belle \u00e9poque, art d\u00e9co o contemporaneo, troverete la vostra villa ideale con l&#8217;agenzia immobiliare Dumas.<\/p>\n          \n\n          <p style=\"text-align: justify;\"><strong>Dumas Immobilier<\/strong> offre un&#8217;assistenza personalizzata durante tutto il processo di acquisto. Venite a trovarci al 39, boulevard Marinoni, 06310 Beaulieu-sur-mer, dove un orecchio attento vi aspetta per ascoltare ci\u00f2 che avete da dire.<\/p>\n          \n\n          <h2 style=\"text-align: justify;\">Informazioni su Beaulieu-sur-Mer<\/h2>\n          \n\n          <p style=\"text-align: justify;\"><strong>Quartieri: <\/strong>Port de Beaulieu, Place de la Batterie, La Mairie, la Baie des fourmis, la Petite Afrique, la Place du march\u00e9, l&#8217;Eglise Anglicane, Bd Edouard 7 e Le casino de Beaulieu.<\/p>\n          \n\n          <p style=\"text-align: justify;\"><strong>Localit\u00e0:<\/strong> Port de Beaulieu, Rotonda, Villa K\u00e9rylos, H\u00f4tel La Reserve de Beaulieu, Port des Fourmis, Chiesa anglicana, Ristorante L&#8217;African Queen, Carroussel sulla piazza del mercato, Piazza del mercato completamente rinnovata, Promenade Maurice Rouvier.<br\/><br\/><strong>Edifici :<\/strong>  Immeuble le Bristol, La Tonnelle (nuova costruzione), la Villa Cypa (nuova costruzione), Le palais des anglais, La villa Borghese, Le Marina, la Victoria Residence, La residence eiffel, La villa Albert, Stella Maris, Isola Bella, Belle Etoile, Le Beaulieu Palace, Le Rambouillet, Le Florida, Le St Michel, Le Bonaparte, Gordon Benett, Villa Floridiana, L&#8217;Hermitage, L&#8217;Empress, Ann Valery, Le Fragonard, Les Bananiers, Le Miramar, Les Loggias, Le Panoramic, Le Silmar, Le Monte Carlo, Residence l&#8217;Elys\u00e9e, l&#8217;Helvetia, Villa Themis.<br\/><br\/><strong>Hotel :<\/strong> La r\u00e9serve de Beaulieu, Le Metropole, La Residence Carlton.<\/p>\n          \n\n        \n","protected":false},"excerpt":{"rendered":"<p>Cercate una villa in Costa Azzurra? Beaulieu-sur-Mer \u00e8 un luogo eccezionale, dove mare e montagna si incontrano. Beaulieu-sur-Mer si trova [&hellip;]<\/p>\n","protected":false},"author":2,"featured_media":0,"parent":0,"menu_order":155,"comment_status":"closed","ping_status":"closed","template":"template-listing.php","meta":{"_acf_changed":false,"footnotes":""},"class_list":["post-1452951","page","type-page","status-publish","hentry"],"acf":[],"yoast_head":"<!-- This site is optimized with the Yoast SEO plugin v26.0 - https:\/\/yoast.com\/wordpress\/plugins\/seo\/ -->\n<title>Vendita Casa Beaulieu-sur-Mer - Dumas<\/title>\n<meta name=\"robots\" content=\"index, follow, max-snippet:-1, max-image-preview:large, max-video-preview:-1\" \/>\n<link rel=\"canonical\" href=\"https:\/\/www.agencedumas.fr\/achat-villa-beaulieu-sur-mer\/\" \/>\n<meta property=\"og:locale\" content=\"it_IT\" \/>\n<meta property=\"og:type\" content=\"article\" \/>\n<meta property=\"og:title\" content=\"Vendita Casa Beaulieu-sur-Mer - Dumas\" \/>\n<meta property=\"og:description\" content=\"Cercate una villa in Costa Azzurra? Beaulieu-sur-Mer \u00e8 un luogo eccezionale, dove mare e montagna si incontrano. Beaulieu-sur-Mer si trova [&hellip;]\" \/>\n<meta property=\"og:url\" content=\"https:\/\/www.agencedumas.fr\/achat-villa-beaulieu-sur-mer\/\" \/>\n<meta property=\"og:site_name\" content=\"Dumas\" \/>\n<meta property=\"article:publisher\" content=\"https:\/\/www.facebook.com\/Dumas-Realty-100353566141360\/\" \/>\n<meta property=\"article:modified_time\" content=\"2024-03-29T09:02:43+00:00\" \/>\n<meta name=\"twitter:card\" content=\"summary_large_image\" \/>\n<meta name=\"twitter:label1\" content=\"Tempo di lettura stimato\" \/>\n\t<meta name=\"twitter:data1\" content=\"3 minuti\" \/>\n<script type=\"application\/ld+json\" class=\"yoast-schema-graph\">{\"@context\":\"https:\/\/schema.org\",\"@graph\":[{\"@type\":\"WebPage\",\"@id\":\"https:\/\/www.agencedumas.fr\/achat-villa-beaulieu-sur-mer\/\",\"url\":\"https:\/\/www.agencedumas.fr\/achat-villa-beaulieu-sur-mer\/\",\"name\":\"Vendita Casa Beaulieu-sur-Mer - Dumas\",\"isPartOf\":{\"@id\":\"https:\/\/www.agencedumas.fr\/#website\"},\"datePublished\":\"2024-03-29T09:02:40+00:00\",\"dateModified\":\"2024-03-29T09:02:43+00:00\",\"inLanguage\":\"it-IT\",\"potentialAction\":[{\"@type\":\"ReadAction\",\"target\":[\"https:\/\/www.agencedumas.fr\/achat-villa-beaulieu-sur-mer\/\"]}]},{\"@type\":\"WebSite\",\"@id\":\"https:\/\/www.agencedumas.fr\/#website\",\"url\":\"https:\/\/www.agencedumas.fr\/\",\"name\":\"Dumas\",\"description\":\"Agence Immobili\u00e8re Villefranche, Beaulieu et Saint-Jean-Cap-Ferrat\",\"potentialAction\":[{\"@type\":\"SearchAction\",\"target\":{\"@type\":\"EntryPoint\",\"urlTemplate\":\"https:\/\/www.agencedumas.fr\/?s={search_term_string}\"},\"query-input\":{\"@type\":\"PropertyValueSpecification\",\"valueRequired\":true,\"valueName\":\"search_term_string\"}}],\"inLanguage\":\"it-IT\"}]}<\/script>\n<!-- \/ Yoast SEO plugin. -->","yoast_head_json":{"title":"Vendita Casa Beaulieu-sur-Mer - Dumas","robots":{"index":"index","follow":"follow","max-snippet":"max-snippet:-1","max-image-preview":"max-image-preview:large","max-video-preview":"max-video-preview:-1"},"canonical":"https:\/\/www.agencedumas.fr\/achat-villa-beaulieu-sur-mer\/","og_locale":"it_IT","og_type":"article","og_title":"Vendita Casa Beaulieu-sur-Mer - Dumas","og_description":"Cercate una villa in Costa Azzurra? Beaulieu-sur-Mer \u00e8 un luogo eccezionale, dove mare e montagna si incontrano. Beaulieu-sur-Mer si trova [&hellip;]","og_url":"https:\/\/www.agencedumas.fr\/achat-villa-beaulieu-sur-mer\/","og_site_name":"Dumas","article_publisher":"https:\/\/www.facebook.com\/Dumas-Realty-100353566141360\/","article_modified_time":"2024-03-29T09:02:43+00:00","twitter_card":"summary_large_image","twitter_misc":{"Tempo di lettura stimato":"3 minuti"},"schema":{"@context":"https:\/\/schema.org","@graph":[{"@type":"WebPage","@id":"https:\/\/www.agencedumas.fr\/achat-villa-beaulieu-sur-mer\/","url":"https:\/\/www.agencedumas.fr\/achat-villa-beaulieu-sur-mer\/","name":"Vendita Casa Beaulieu-sur-Mer - Dumas","isPartOf":{"@id":"https:\/\/www.agencedumas.fr\/#website"},"datePublished":"2024-03-29T09:02:40+00:00","dateModified":"2024-03-29T09:02:43+00:00","inLanguage":"it-IT","potentialAction":[{"@type":"ReadAction","target":["https:\/\/www.agencedumas.fr\/achat-villa-beaulieu-sur-mer\/"]}]},{"@type":"WebSite","@id":"https:\/\/www.agencedumas.fr\/#website","url":"https:\/\/www.agencedumas.fr\/","name":"Dumas","description":"Agence Immobili\u00e8re Villefranche, Beaulieu et Saint-Jean-Cap-Ferrat","potentialAction":[{"@type":"SearchAction","target":{"@type":"EntryPoint","urlTemplate":"https:\/\/www.agencedumas.fr\/?s={search_term_string}"},"query-input":{"@type":"PropertyValueSpecification","valueRequired":true,"valueName":"search_term_string"}}],"inLanguage":"it-IT"}]}},"_links":{"self":[{"href":"https:\/\/www.agencedumas.fr\/it\/wp-json\/wp\/v2\/pages\/1452951","targetHints":{"allow":["GET"]}}],"collection":[{"href":"https:\/\/www.agencedumas.fr\/it\/wp-json\/wp\/v2\/pages"}],"about":[{"href":"https:\/\/www.agencedumas.fr\/it\/wp-json\/wp\/v2\/types\/page"}],"author":[{"embeddable":true,"href":"https:\/\/www.agencedumas.fr\/it\/wp-json\/wp\/v2\/users\/2"}],"replies":[{"embeddable":true,"href":"https:\/\/www.agencedumas.fr\/it\/wp-json\/wp\/v2\/comments?post=1452951"}],"version-history":[{"count":0,"href":"https:\/\/www.agencedumas.fr\/it\/wp-json\/wp\/v2\/pages\/1452951\/revisions"}],"wp:attachment":[{"href":"https:\/\/www.agencedumas.fr\/it\/wp-json\/wp\/v2\/media?parent=1452951"}],"curies":[{"name":"wp","href":"https:\/\/api.w.org\/{rel}","templated":true}]}}