{"id":1452952,"date":"2024-03-29T10:02:41","date_gmt":"2024-03-29T09:02:41","guid":{"rendered":"https:\/\/agencedumas.preprod-s1.cawita.com\/acquistare-villa-villefranche-sur-mer\/"},"modified":"2024-03-29T10:02:43","modified_gmt":"2024-03-29T09:02:43","slug":"acquistare-villa-villefranche-sur-mer","status":"publish","type":"page","link":"https:\/\/www.agencedumas.fr\/it\/acquistare-villa-villefranche-sur-mer\/","title":{"rendered":"Vendita Casa Villefranche-sur-Mer"},"content":{"rendered":"\n          \n\n          <p>Volete <strong>acquistare una villa in Costa<\/strong> Azzurra? Sicuramente vi innamorerete di Villefranche-sur-Mer, nota in Costa Azzurra per il suo idilliaco scenario naturale, l&#8217;enorme porto, le spiagge paradisiache, le verdi colline e le <strong>ville contemporanee<\/strong>. Villefanche-sur-Mer vanta un patrimonio architettonico che risale al XVI secolo.<\/p>\n          \n\n          <p style=\"text-align: justify;\">Apprezzerete anche il sole tutto l&#8217;anno, i negozi locali e la cucina locale a base di pesce. Cerchi una villa a Villefranche-sur-Mer? L&#8217;<strong>Agence Dumas<\/strong> pu\u00f2 aiutarvi in ogni fase del vostro progetto immobiliare. Il nostro team di agenti immobiliari \u00e8 a disposizione per aiutarvi a trovare la <strong>villa<\/strong> dei vostri sogni.<\/p>\n          \n\n          <p style=\"text-align: justify;\">La nostra <strong>agenzia immobiliare<\/strong> di Villefranche-sur-Mer (5, avenue Albert 1er) vi offre un supporto personalizzato per l&#8217;acquisto della vostra <strong>casa principale<\/strong> o<strong> secondaria<\/strong>. Che siate alla ricerca di una villa provenzale, belle \u00e9poque, art d\u00e9co o contemporanea, la nostra agenzia vi trover\u00e0 la casa che corrisponde ai vostri criteri di ricerca.<\/p>\n          \n\n          <h2 style=\"text-align: justify;\">Ville in vendita a Villefranche-sur-Mer<\/h2>\n          \n\n          <p style=\"text-align: justify;\">Cercate un <strong>agente immobiliare per acquistare una villa a Villefranche-sur-Mer<\/strong>? L&#8217;acquisto di una villa comporta una serie di formalit\u00e0 amministrative. Ci\u00f2 significa tenere conto delle vostre esigenze in termini di criteri di ricerca.<\/p>\n          \n\n          <p style=\"text-align: justify;\">Uno dei vantaggi della nostra <strong>agenzia immobiliare<\/strong> \u00e8 che sappiamo ascoltare le vostre esigenze: posizione, budget, numero di camere da letto, parcheggio, piscina, ecc. sono tutti criteri che teniamo in considerazione. Villefranche-sur-Mer ha un gran numero di <strong>ville in vendita<\/strong> attraverso la nostra <strong>agenzia immobiliare<\/strong>.<\/p>\n          \n\n          <p style=\"text-align: justify;\">Abbiamo messo insieme un elenco degli <strong>annunci immobiliari<\/strong> pi\u00f9 interessanti per facilitare la vostra ricerca. <strong>Acquistare una villa a Villefranche-sur-Mer<\/strong> \u00e8 una scelta intelligente, perch\u00e9 il mercato immobiliare cresce di valore ogni anno e la domanda rimane forte. Molti scandinavi e anglosassoni sono attratti ogni anno dal fascino di questa citt\u00e0 particolarmente colorata, tranquilla e bucolica.<\/p>\n          \n\n          <p style=\"text-align: justify;\">Per i pi\u00f9 attivi, l&#8217;offerta di attivit\u00e0 sportive e di svago \u00e8 ampia e la citt\u00e0 \u00e8 ricca di cultura. Numerose mostre, spettacoli musicali e attivit\u00e0 sportive sono disponibili tutto l&#8217;anno.<\/p>\n          \n\n          <p style=\"text-align: justify;\">La stagione estiva \u00e8 scandita da proiezioni giornaliere di film nel cinema all&#8217;aperto nel cuore della cittadella. Scoprite gli <strong>annunci di ville in vendita<\/strong> proposti dalla nostra agenzia immobiliare che vi permetteranno di trovare l&#8217;immobile eccezionale dei vostri sogni.<\/p>\n          \n\n          <h2 style=\"text-align: justify;\">Acquistare una villa a Villefranche-sur-Mer<\/h2>\n          \n\n          <p style=\"text-align: justify;\">La nostra missione<strong>agente immobiliare<\/strong>  Non ci limitiamo a trovare la vostra futura villa, ma vi aiutiamo anche a sbrigare tutte le formalit\u00e0 amministrative legate all&#8217;acquisto di un immobile (firma del contratto preliminare di vendita, compilazione della domanda di mutuo, consulenza fiscale, assistenza per i lavori di costruzione, ecc.) Avete in mente una villa specifica?<\/p>\n          \n\n          <p style=\"text-align: justify;\">Diteci cosa volete e di cosa avete bisogno, in modo che possiamo offrirvi una selezione di ville che corrispondono ai vostri criteri di ricerca (superficie, quartiere, numero di camere da letto, parcheggio, ecc.)<\/p>\n          \n\n          <p style=\"text-align: justify;\">Alcune ville si trovano vicino ai negozi, ma in una posizione tranquilla e poco frequentata. La nostra agenzia immobiliare vi guider\u00e0 nelle varie fasi dell&#8217;acquisto.<\/p>\n          \n\n          <p style=\"text-align: justify;\">In questo modo, tutte le procedure amministrative legate all&#8217;acquisto possono essere svolte in tutta tranquillit\u00e0. L&#8217;agenzia immobiliare Dumas vi propone una selezione di ville di lusso a Villefranche-sur-Mer, <u>\n  <a title=\"Ville in vendita Beaulieu-sur-mer\" href=\"https:\/\/www.agencedumas.fr\/achat-villa-beaulieu-sur-mer\">Beaulieu<\/a>\n<\/u> o anche a <u>\n  <a title=\"Vila in vendita Saint-Jean-Cap-Ferrat\" href=\"https:\/\/www.agencedumas.fr\/achat-villa-saint-jean-cap-ferrat\">Saint-Jean-Cap-Ferrat<\/a>\n<\/u>Contattateci per discutere il vostro progetto immobiliare.<\/p>\n          \n\n          <h2 style=\"text-align: justify;\">Informazioni utili su Villefranche-sur-Mer<\/h2>\n          \n\n          <p style=\"text-align: justify;\"><strong>Quartieri<\/strong>: L&#8217;octroi, Vieux Villefranche, Le Castellet, Moyenne Corniche, La Corne d&#8217;Or , Les Marini\u00e8res, La darse, Le col de Villefranche.<br\/><br\/><strong>Localit\u00e0<\/strong>: Chapelle Jean Cocteau, Ristorante &#8220;La m\u00e8re Germaine&#8221;, Port de la darse, La Citadelle, La Rade de Villefranche, La vista dalla Corniche centrale, La citt\u00e0 vecchia, H\u00f4tel Welcome, La Villa Leopolda.<br\/><br\/><strong>Edifici<\/strong>: Le Brasilia, L&#8217;Agrianthe, Les Flots Bleus, Les Galets d&#8217;or, Les Embruns, Les Hibiscus.<br\/><br\/><strong>Hotel<\/strong>: Le Versaille, Le Welcome.<\/p>\n          \n\n        \n","protected":false},"excerpt":{"rendered":"<p>Volete acquistare una villa in Costa Azzurra? Sicuramente vi innamorerete di Villefranche-sur-Mer, nota in Costa Azzurra per il suo idilliaco [&hellip;]<\/p>\n","protected":false},"author":1,"featured_media":0,"parent":0,"menu_order":169,"comment_status":"closed","ping_status":"closed","template":"template-listing.php","meta":{"_acf_changed":false,"footnotes":""},"class_list":["post-1452952","page","type-page","status-publish","hentry"],"acf":[],"yoast_head":"<!-- This site is optimized with the Yoast SEO plugin v26.0 - https:\/\/yoast.com\/wordpress\/plugins\/seo\/ -->\n<title>Acquisto Casa Villefranche-sur-Mer - Dumas Immobilier<\/title>\n<meta name=\"description\" content=\"Siete interessati ad acquistare una casa a Villefranche-sur-Mer? L&#039;Agence Dumas vi propone ville in vendita a Villefranche-sur-Mer.\" \/>\n<meta name=\"robots\" content=\"index, follow, max-snippet:-1, max-image-preview:large, max-video-preview:-1\" \/>\n<link rel=\"canonical\" href=\"https:\/\/www.agencedumas.fr\/achat-villa-villefranche-sur-mer\/\" \/>\n<meta property=\"og:locale\" content=\"it_IT\" \/>\n<meta property=\"og:type\" content=\"article\" \/>\n<meta property=\"og:title\" content=\"Acquisto Casa Villefranche-sur-Mer - Dumas Immobilier\" \/>\n<meta property=\"og:description\" content=\"Siete interessati ad acquistare una casa a Villefranche-sur-Mer? L&#039;Agence Dumas vi propone ville in vendita a Villefranche-sur-Mer.\" \/>\n<meta property=\"og:url\" content=\"https:\/\/www.agencedumas.fr\/achat-villa-villefranche-sur-mer\/\" \/>\n<meta property=\"og:site_name\" content=\"Dumas\" \/>\n<meta property=\"article:publisher\" content=\"https:\/\/www.facebook.com\/Dumas-Realty-100353566141360\/\" \/>\n<meta property=\"article:modified_time\" content=\"2024-03-29T09:02:43+00:00\" \/>\n<meta name=\"twitter:card\" content=\"summary_large_image\" \/>\n<meta name=\"twitter:label1\" content=\"Tempo di lettura stimato\" \/>\n\t<meta name=\"twitter:data1\" content=\"3 minuti\" \/>\n<script type=\"application\/ld+json\" class=\"yoast-schema-graph\">{\"@context\":\"https:\/\/schema.org\",\"@graph\":[{\"@type\":\"WebPage\",\"@id\":\"https:\/\/www.agencedumas.fr\/achat-villa-villefranche-sur-mer\/\",\"url\":\"https:\/\/www.agencedumas.fr\/achat-villa-villefranche-sur-mer\/\",\"name\":\"Acquisto Casa Villefranche-sur-Mer - Dumas Immobilier\",\"isPartOf\":{\"@id\":\"https:\/\/www.agencedumas.fr\/#website\"},\"datePublished\":\"2024-03-29T09:02:41+00:00\",\"dateModified\":\"2024-03-29T09:02:43+00:00\",\"description\":\"Siete interessati ad acquistare una casa a Villefranche-sur-Mer? L'Agence Dumas vi propone ville in vendita a Villefranche-sur-Mer.\",\"inLanguage\":\"it-IT\",\"potentialAction\":[{\"@type\":\"ReadAction\",\"target\":[\"https:\/\/www.agencedumas.fr\/achat-villa-villefranche-sur-mer\/\"]}]},{\"@type\":\"WebSite\",\"@id\":\"https:\/\/www.agencedumas.fr\/#website\",\"url\":\"https:\/\/www.agencedumas.fr\/\",\"name\":\"Dumas\",\"description\":\"Agence Immobili\u00e8re Villefranche, Beaulieu et Saint-Jean-Cap-Ferrat\",\"potentialAction\":[{\"@type\":\"SearchAction\",\"target\":{\"@type\":\"EntryPoint\",\"urlTemplate\":\"https:\/\/www.agencedumas.fr\/?s={search_term_string}\"},\"query-input\":{\"@type\":\"PropertyValueSpecification\",\"valueRequired\":true,\"valueName\":\"search_term_string\"}}],\"inLanguage\":\"it-IT\"}]}<\/script>\n<!-- \/ Yoast SEO plugin. -->","yoast_head_json":{"title":"Acquisto Casa Villefranche-sur-Mer - Dumas Immobilier","description":"Siete interessati ad acquistare una casa a Villefranche-sur-Mer? L'Agence Dumas vi propone ville in vendita a Villefranche-sur-Mer.","robots":{"index":"index","follow":"follow","max-snippet":"max-snippet:-1","max-image-preview":"max-image-preview:large","max-video-preview":"max-video-preview:-1"},"canonical":"https:\/\/www.agencedumas.fr\/achat-villa-villefranche-sur-mer\/","og_locale":"it_IT","og_type":"article","og_title":"Acquisto Casa Villefranche-sur-Mer - Dumas Immobilier","og_description":"Siete interessati ad acquistare una casa a Villefranche-sur-Mer? L'Agence Dumas vi propone ville in vendita a Villefranche-sur-Mer.","og_url":"https:\/\/www.agencedumas.fr\/achat-villa-villefranche-sur-mer\/","og_site_name":"Dumas","article_publisher":"https:\/\/www.facebook.com\/Dumas-Realty-100353566141360\/","article_modified_time":"2024-03-29T09:02:43+00:00","twitter_card":"summary_large_image","twitter_misc":{"Tempo di lettura stimato":"3 minuti"},"schema":{"@context":"https:\/\/schema.org","@graph":[{"@type":"WebPage","@id":"https:\/\/www.agencedumas.fr\/achat-villa-villefranche-sur-mer\/","url":"https:\/\/www.agencedumas.fr\/achat-villa-villefranche-sur-mer\/","name":"Acquisto Casa Villefranche-sur-Mer - Dumas Immobilier","isPartOf":{"@id":"https:\/\/www.agencedumas.fr\/#website"},"datePublished":"2024-03-29T09:02:41+00:00","dateModified":"2024-03-29T09:02:43+00:00","description":"Siete interessati ad acquistare una casa a Villefranche-sur-Mer? L'Agence Dumas vi propone ville in vendita a Villefranche-sur-Mer.","inLanguage":"it-IT","potentialAction":[{"@type":"ReadAction","target":["https:\/\/www.agencedumas.fr\/achat-villa-villefranche-sur-mer\/"]}]},{"@type":"WebSite","@id":"https:\/\/www.agencedumas.fr\/#website","url":"https:\/\/www.agencedumas.fr\/","name":"Dumas","description":"Agence Immobili\u00e8re Villefranche, Beaulieu et Saint-Jean-Cap-Ferrat","potentialAction":[{"@type":"SearchAction","target":{"@type":"EntryPoint","urlTemplate":"https:\/\/www.agencedumas.fr\/?s={search_term_string}"},"query-input":{"@type":"PropertyValueSpecification","valueRequired":true,"valueName":"search_term_string"}}],"inLanguage":"it-IT"}]}},"_links":{"self":[{"href":"https:\/\/www.agencedumas.fr\/it\/wp-json\/wp\/v2\/pages\/1452952","targetHints":{"allow":["GET"]}}],"collection":[{"href":"https:\/\/www.agencedumas.fr\/it\/wp-json\/wp\/v2\/pages"}],"about":[{"href":"https:\/\/www.agencedumas.fr\/it\/wp-json\/wp\/v2\/types\/page"}],"author":[{"embeddable":true,"href":"https:\/\/www.agencedumas.fr\/it\/wp-json\/wp\/v2\/users\/1"}],"replies":[{"embeddable":true,"href":"https:\/\/www.agencedumas.fr\/it\/wp-json\/wp\/v2\/comments?post=1452952"}],"version-history":[{"count":0,"href":"https:\/\/www.agencedumas.fr\/it\/wp-json\/wp\/v2\/pages\/1452952\/revisions"}],"wp:attachment":[{"href":"https:\/\/www.agencedumas.fr\/it\/wp-json\/wp\/v2\/media?parent=1452952"}],"curies":[{"name":"wp","href":"https:\/\/api.w.org\/{rel}","templated":true}]}}