{"id":1453455,"date":"2024-03-29T10:03:03","date_gmt":"2024-03-29T09:03:03","guid":{"rendered":"https:\/\/agencedumas.preprod-s1.cawita.com\/agenzia-villefranche-sur-mer\/"},"modified":"2024-03-29T16:58:53","modified_gmt":"2024-03-29T15:58:53","slug":"agenzia-villefranche-sur-mer","status":"publish","type":"page","link":"https:\/\/www.agencedumas.fr\/it\/agenzia-villefranche-sur-mer\/","title":{"rendered":"Agenzia immobiliare Dumas a Villefranche-sur-Mer"},"content":{"rendered":"<p>Dalla sua fondazione nel 1967, l&#8217;Agence Dumas si \u00e8 affermata come uno dei principali esperti immobiliari della Costa Azzurra. Il nostro ufficio di Villefranche-sur-Mer, situato in posizione strategica, \u00e8 il punto d&#8217;incontro ideale per chiunque voglia acquistare, vendere o investire in questa regione iconica.<\/p>\n<p>Villefranche-sur-Mer, con le sue pittoresche stradine e lo spettacolare porto naturale, \u00e8 uno dei gioielli del Mediterraneo. Il nostro team dedicato conosce ogni angolo di questa citt\u00e0 e vi guider\u00e0 attraverso un mercato immobiliare ricco e variegato. Dalle affascinanti case a schiera ai sontuosi appartamenti con vista sulla baia, siamo qui per realizzare i vostri sogni immobiliari.<\/p>\n<h2>Specialista in immobili di alta gamma a Villefranche-sur-Mer<\/h2>\n<p>Grazie alla nostra esperienza pluriennale e alla nostra vasta rete, abbiamo accesso alle propriet\u00e0 pi\u00f9 esclusive di Villefranche-sur-Mer. Il nostro catalogo riflette la ricchezza e la diversit\u00e0 del mercato locale, assicurando che tutti i nostri clienti trovino la propriet\u00e0 perfetta per loro.<\/p>\n<p>Ogni cliente \u00e8 unico, e con noi lo \u00e8 anche ogni progetto. Ci impegniamo a fornirvi un servizio personalizzato che risponda alle vostre esigenze. Dalla prima visita alla firma finale, il nostro team vi guider\u00e0 in ogni fase del processo, assicurandovi un&#8217;esperienza immobiliare di successo a Villefranche-sur-Mer.<\/p>\n<h2>Esperienza e passione guidano la nostra agenzia immobiliare a Villefranche-sur-Mer<\/h2>\n<p>L&#8217;acquisto o la vendita di un immobile \u00e8 un passo importante. All&#8217;Agence Dumas di Villefranche-sur-Mer siamo profondamente impegnati a fornire un servizio personalizzato ai nostri clienti. Dall&#8217;inizio della ricerca alla firma finale, il nostro team \u00e8 al vostro fianco in ogni fase del processo, garantendovi un&#8217;esperienza senza intoppi e senza stress.<\/p>\n<p>Rinomata per la sua professionalit\u00e0 e integrit\u00e0, l&#8217;Agence Dumas di Villefranche-sur-Mer \u00e8 il vostro partner di fiducia. Vi invitiamo a visitarci o a contattarci per iniziare il vostro viaggio immobiliare con noi.<\/p>\n<p>&nbsp;<\/p>\n<div data-service=\"googlemaps\" data-category=\"analytics\" data-autoscale=\"\" data-id=\"!1m18!1m12!1m3!1d2884.3504575219995!2d7.3062616761794335!3d43.70326547109983!2m3!1f0!2f0!3f0!3m2!1i1024!2i768!4f13.1!3m3!1m2!1s0x12cddb4b5b6f1d05%3A0xda0db04a4555ec67!2sAgence%20Dumas%20Villefranche-sur-mer!5e0!3m2!1sfr!2sfr!4v1694694530747!5m2!1sfr!2sfr\"><\/div>\n<p>&nbsp;<\/p>\n","protected":false},"excerpt":{"rendered":"<p>Dalla sua fondazione nel 1967, l&#8217;Agence Dumas si \u00e8 affermata come uno dei principali esperti immobiliari della Costa Azzurra. Il [&hellip;]<\/p>\n","protected":false},"author":2,"featured_media":0,"parent":0,"menu_order":33,"comment_status":"closed","ping_status":"closed","template":"template-agency.php","meta":{"_acf_changed":false,"footnotes":""},"class_list":["post-1453455","page","type-page","status-publish","hentry"],"acf":[],"yoast_head":"<!-- This site is optimized with the Yoast SEO plugin v26.0 - https:\/\/yoast.com\/wordpress\/plugins\/seo\/ -->\n<title>Villefranche-sur-mer Agenzia immobiliare - Agence Dumas<\/title>\n<meta name=\"description\" content=\"Agence Dumas a Villefranche-sur-Mer: competenza immobiliare dal 1967. Scoprite le nostre propriet\u00e0 esclusive e beneficiate di un servizio su misura.\" \/>\n<meta name=\"robots\" content=\"index, follow, max-snippet:-1, max-image-preview:large, max-video-preview:-1\" \/>\n<link rel=\"canonical\" href=\"https:\/\/www.agencedumas.fr\/agence-villefranche-sur-mer\/\" \/>\n<meta property=\"og:locale\" content=\"it_IT\" \/>\n<meta property=\"og:type\" content=\"article\" \/>\n<meta property=\"og:title\" content=\"Villefranche-sur-mer Agenzia immobiliare - Agence Dumas\" \/>\n<meta property=\"og:description\" content=\"Agence Dumas a Villefranche-sur-Mer: competenza immobiliare dal 1967. Scoprite le nostre propriet\u00e0 esclusive e beneficiate di un servizio su misura.\" \/>\n<meta property=\"og:url\" content=\"https:\/\/www.agencedumas.fr\/agence-villefranche-sur-mer\/\" \/>\n<meta property=\"og:site_name\" content=\"Dumas\" \/>\n<meta property=\"article:publisher\" content=\"https:\/\/www.facebook.com\/Dumas-Realty-100353566141360\/\" \/>\n<meta property=\"article:modified_time\" content=\"2024-03-29T15:58:53+00:00\" \/>\n<meta name=\"twitter:card\" content=\"summary_large_image\" \/>\n<meta name=\"twitter:label1\" content=\"Tempo di lettura stimato\" \/>\n\t<meta name=\"twitter:data1\" content=\"1 minuto\" \/>\n<script type=\"application\/ld+json\" class=\"yoast-schema-graph\">{\"@context\":\"https:\/\/schema.org\",\"@graph\":[{\"@type\":\"WebPage\",\"@id\":\"https:\/\/www.agencedumas.fr\/agence-villefranche-sur-mer\/\",\"url\":\"https:\/\/www.agencedumas.fr\/agence-villefranche-sur-mer\/\",\"name\":\"Villefranche-sur-mer Agenzia immobiliare - Agence Dumas\",\"isPartOf\":{\"@id\":\"https:\/\/www.agencedumas.fr\/#website\"},\"datePublished\":\"2024-03-29T09:03:03+00:00\",\"dateModified\":\"2024-03-29T15:58:53+00:00\",\"description\":\"Agence Dumas a Villefranche-sur-Mer: competenza immobiliare dal 1967. Scoprite le nostre propriet\u00e0 esclusive e beneficiate di un servizio su misura.\",\"inLanguage\":\"it-IT\",\"potentialAction\":[{\"@type\":\"ReadAction\",\"target\":[\"https:\/\/www.agencedumas.fr\/agence-villefranche-sur-mer\/\"]}]},{\"@type\":\"WebSite\",\"@id\":\"https:\/\/www.agencedumas.fr\/#website\",\"url\":\"https:\/\/www.agencedumas.fr\/\",\"name\":\"Dumas\",\"description\":\"Agence Immobili\u00e8re Villefranche, Beaulieu et Saint-Jean-Cap-Ferrat\",\"potentialAction\":[{\"@type\":\"SearchAction\",\"target\":{\"@type\":\"EntryPoint\",\"urlTemplate\":\"https:\/\/www.agencedumas.fr\/?s={search_term_string}\"},\"query-input\":{\"@type\":\"PropertyValueSpecification\",\"valueRequired\":true,\"valueName\":\"search_term_string\"}}],\"inLanguage\":\"it-IT\"}]}<\/script>\n<!-- \/ Yoast SEO plugin. -->","yoast_head_json":{"title":"Villefranche-sur-mer Agenzia immobiliare - Agence Dumas","description":"Agence Dumas a Villefranche-sur-Mer: competenza immobiliare dal 1967. Scoprite le nostre propriet\u00e0 esclusive e beneficiate di un servizio su misura.","robots":{"index":"index","follow":"follow","max-snippet":"max-snippet:-1","max-image-preview":"max-image-preview:large","max-video-preview":"max-video-preview:-1"},"canonical":"https:\/\/www.agencedumas.fr\/agence-villefranche-sur-mer\/","og_locale":"it_IT","og_type":"article","og_title":"Villefranche-sur-mer Agenzia immobiliare - Agence Dumas","og_description":"Agence Dumas a Villefranche-sur-Mer: competenza immobiliare dal 1967. Scoprite le nostre propriet\u00e0 esclusive e beneficiate di un servizio su misura.","og_url":"https:\/\/www.agencedumas.fr\/agence-villefranche-sur-mer\/","og_site_name":"Dumas","article_publisher":"https:\/\/www.facebook.com\/Dumas-Realty-100353566141360\/","article_modified_time":"2024-03-29T15:58:53+00:00","twitter_card":"summary_large_image","twitter_misc":{"Tempo di lettura stimato":"1 minuto"},"schema":{"@context":"https:\/\/schema.org","@graph":[{"@type":"WebPage","@id":"https:\/\/www.agencedumas.fr\/agence-villefranche-sur-mer\/","url":"https:\/\/www.agencedumas.fr\/agence-villefranche-sur-mer\/","name":"Villefranche-sur-mer Agenzia immobiliare - Agence Dumas","isPartOf":{"@id":"https:\/\/www.agencedumas.fr\/#website"},"datePublished":"2024-03-29T09:03:03+00:00","dateModified":"2024-03-29T15:58:53+00:00","description":"Agence Dumas a Villefranche-sur-Mer: competenza immobiliare dal 1967. Scoprite le nostre propriet\u00e0 esclusive e beneficiate di un servizio su misura.","inLanguage":"it-IT","potentialAction":[{"@type":"ReadAction","target":["https:\/\/www.agencedumas.fr\/agence-villefranche-sur-mer\/"]}]},{"@type":"WebSite","@id":"https:\/\/www.agencedumas.fr\/#website","url":"https:\/\/www.agencedumas.fr\/","name":"Dumas","description":"Agence Immobili\u00e8re Villefranche, Beaulieu et Saint-Jean-Cap-Ferrat","potentialAction":[{"@type":"SearchAction","target":{"@type":"EntryPoint","urlTemplate":"https:\/\/www.agencedumas.fr\/?s={search_term_string}"},"query-input":{"@type":"PropertyValueSpecification","valueRequired":true,"valueName":"search_term_string"}}],"inLanguage":"it-IT"}]}},"_links":{"self":[{"href":"https:\/\/www.agencedumas.fr\/it\/wp-json\/wp\/v2\/pages\/1453455","targetHints":{"allow":["GET"]}}],"collection":[{"href":"https:\/\/www.agencedumas.fr\/it\/wp-json\/wp\/v2\/pages"}],"about":[{"href":"https:\/\/www.agencedumas.fr\/it\/wp-json\/wp\/v2\/types\/page"}],"author":[{"embeddable":true,"href":"https:\/\/www.agencedumas.fr\/it\/wp-json\/wp\/v2\/users\/2"}],"replies":[{"embeddable":true,"href":"https:\/\/www.agencedumas.fr\/it\/wp-json\/wp\/v2\/comments?post=1453455"}],"version-history":[{"count":0,"href":"https:\/\/www.agencedumas.fr\/it\/wp-json\/wp\/v2\/pages\/1453455\/revisions"}],"wp:attachment":[{"href":"https:\/\/www.agencedumas.fr\/it\/wp-json\/wp\/v2\/media?parent=1453455"}],"curies":[{"name":"wp","href":"https:\/\/api.w.org\/{rel}","templated":true}]}}