{"id":1453458,"date":"2024-03-29T10:03:05","date_gmt":"2024-03-29T09:03:05","guid":{"rendered":"https:\/\/agencedumas.preprod-s1.cawita.com\/acquistare-con-successo\/"},"modified":"2024-03-29T10:03:05","modified_gmt":"2024-03-29T09:03:05","slug":"acquistare-con-successo","status":"publish","type":"page","link":"https:\/\/www.agencedumas.fr\/it\/acquistare-con-successo\/","title":{"rendered":"Acquistare con successo"},"content":{"rendered":"<p>State cercando di acquistare un immobile e volete sapere quali precauzioni prendere per garantire il successo della transazione? L&#8217;Agence Dumas pu\u00f2 aiutarvi a realizzare con successo il vostro progetto immobiliare. Comprendiamo l&#8217;importanza di un progetto come questo nella vostra vita. Le nostre due agenzie immobiliari di Villefranche-sur-Mer e Beaulieu-sur-Mer vi forniranno tutta l&#8217;assistenza di cui avete bisogno. In questo articolo vi diamo i nostri consigli su come acquistare un immobile con successo e trovare la propriet\u00e0 dei vostri sogni. Vi guideremo in ogni fase.<\/p>\n<h2>Preparazione all&#8217;acquisto di un immobile<\/h2>\n<p>L&#8217;acquisto di un immobile, che sia per la prima volta, come seconda casa o come investimento locativo, richiede un&#8217;attenta preparazione. Questa \u00e8 una fase importante, perch\u00e9 consente di chiarire il progetto. Conoscere i criteri di ricerca vi aiuter\u00e0 a indirizzare le visite in modo pi\u00f9 efficace.<\/p>\n<p>Una buona preparazione inizia con la definizione dei criteri precisi del vostro futuro immobile e del vostro budget massimo. Identificate tutti gli elementi essenziali per la vostra transazione, definendo ci\u00f2 a cui non volete rinunciare.<\/p>\n<h2>Definizione del budget<\/h2>\n<p>Prima di iniziare la ricerca, \u00e8 bene parlare con il proprio banchiere della propria capacit\u00e0 di prestito. In base alle vostre finanze, potete stabilire il vostro budget massimo (comprese le spese notarili e gli eventuali lavori da eseguire).<\/p>\n<p>Se preparate una buona domanda, sarete in grado di ottenere un prestito pi\u00f9 adatto alle vostre esigenze. Misurate la vostra capacit\u00e0 di rimborso rispetto al vostro reddito regolare. A tal fine, cercate di adottare una visione proattiva e di anticipare i cambiamenti del vostro tenore di vita e della vostra situazione finanziaria.<\/p>\n<h2>Organizzarsi e informarsi<\/h2>\n<p>Una buona organizzazione \u00e8 un fattore chiave per il successo dell&#8217;acquisto di un immobile. Data l&#8217;importanza dei fattori che possono influenzare l&#8217;acquisto, sar\u00e0 di grande aiuto fare le cose nel giusto ordine.<\/p>\n<p>Successivamente, \u00e8 il momento di informarsi sulle condizioni attuali del mercato immobiliare e di aggiornare le proprie conoscenze sugli ultimi cambiamenti. Decodificate gli annunci e scoprite in anticipo quali propriet\u00e0 potrebbero piacervi. Dovreste anche dare un&#8217;occhiata al quartiere in cui volete acquistare.<\/p>\n<h2>Optare per eventuali schemi e aiuti per l&#8217;acquisto di una casa<\/h2>\n<p>Sono disponibili numerosi programmi bancari e sovvenzioni governative per aiutarvi a finanziare parte della vostra futura casa. Il sistema pu\u00f2 essere utilizzato a seconda della vostra situazione e del tipo di immobile che state acquistando. I tipi di assistenza che si possono ottenere sono: prestiti per il risparmio abitativo, prestiti a tasso zero, prestiti agevolati, prestiti per l&#8217;edilizia sociale e assistenza abitativa personalizzata.<\/p>\n<h2>Completare l&#8217;acquisto<\/h2>\n<p>Una volta presi in considerazione tutti i dettagli di cui sopra e scelto l&#8217;immobile, \u00e8 il momento di formalizzare la transazione. Questa fase inizia con la firma di un contratto preliminare. Pu\u00f2 trattarsi di un impegno unilaterale di vendita o di un compromis de vente. Sar\u00e0 quindi necessario rivolgersi a un notaio per firmare l&#8217;atto di vendita. \u00c8 quest&#8217;ultimo che regolarizza l&#8217;operazione<\/p>\n<h2>Ottenere assistenza per l&#8217;acquisto<\/h2>\n<p>Rivolgersi a un&#8217;agenzia immobiliare vi fornir\u00e0 rassicurazioni e un grande aiuto per portare a termine il vostro progetto. Grazie alla nostra profonda conoscenza del mercato immobiliare, il nostro team pu\u00f2 aiutarvi a realizzare il vostro progetto immobiliare alle migliori condizioni possibili.<\/p>\n<p>L&#8217;Agence Dumas, con sede a Villefranche-sur-Mer e Beaulieu-sur-Mer, vi offre un&#8217;assistenza personalizzata per aiutarvi ad avere successo nell&#8217;acquisto di un immobile. Fondata nel 1967, l&#8217;agenzia ha la competenza, il know-how e l&#8217;esperienza per portare a compimento il vostro progetto. Possiamo aiutarvi a realizzare un investimento redditizio.<\/p>\n","protected":false},"excerpt":{"rendered":"<p>State cercando di acquistare un immobile e volete sapere quali precauzioni prendere per garantire il successo della transazione? L&#8217;Agence Dumas [&hellip;]<\/p>\n","protected":false},"author":1,"featured_media":2198,"parent":0,"menu_order":41,"comment_status":"closed","ping_status":"closed","template":"","meta":{"_acf_changed":false,"footnotes":""},"class_list":["post-1453458","page","type-page","status-publish","has-post-thumbnail","hentry"],"acf":[],"yoast_head":"<!-- This site is optimized with the Yoast SEO plugin v26.0 - https:\/\/yoast.com\/wordpress\/plugins\/seo\/ -->\n<title>Acquistare un immobile in Costa Azzurra - Dumas Immobilier<\/title>\n<meta name=\"description\" content=\"Siete alla ricerca di una consulenza per l&#039;acquisto di un immobile? Dumas Immobilier pu\u00f2 aiutarvi a realizzare il vostro progetto immobiliare.\" \/>\n<meta name=\"robots\" content=\"index, follow, max-snippet:-1, max-image-preview:large, max-video-preview:-1\" \/>\n<link rel=\"canonical\" href=\"https:\/\/www.agencedumas.fr\/reussir-son-achat\/\" \/>\n<meta property=\"og:locale\" content=\"it_IT\" \/>\n<meta property=\"og:type\" content=\"article\" \/>\n<meta property=\"og:title\" content=\"Acquistare un immobile in Costa Azzurra - Dumas Immobilier\" \/>\n<meta property=\"og:description\" content=\"Siete alla ricerca di una consulenza per l&#039;acquisto di un immobile? Dumas Immobilier pu\u00f2 aiutarvi a realizzare il vostro progetto immobiliare.\" \/>\n<meta property=\"og:url\" content=\"https:\/\/www.agencedumas.fr\/reussir-son-achat\/\" \/>\n<meta property=\"og:site_name\" content=\"Dumas\" \/>\n<meta property=\"article:publisher\" content=\"https:\/\/www.facebook.com\/Dumas-Realty-100353566141360\/\" \/>\n<meta property=\"og:image\" content=\"https:\/\/www.agencedumas.fr\/wp-content\/uploads\/2020\/04\/Visuel-header-Nos-Honoraires.jpg\" \/>\n\t<meta property=\"og:image:width\" content=\"1854\" \/>\n\t<meta property=\"og:image:height\" content=\"526\" \/>\n\t<meta property=\"og:image:type\" content=\"image\/jpeg\" \/>\n<meta name=\"twitter:card\" content=\"summary_large_image\" \/>\n<meta name=\"twitter:label1\" content=\"Tempo di lettura stimato\" \/>\n\t<meta name=\"twitter:data1\" content=\"3 minuti\" \/>\n<script type=\"application\/ld+json\" class=\"yoast-schema-graph\">{\"@context\":\"https:\/\/schema.org\",\"@graph\":[{\"@type\":\"WebPage\",\"@id\":\"https:\/\/www.agencedumas.fr\/reussir-son-achat\/\",\"url\":\"https:\/\/www.agencedumas.fr\/reussir-son-achat\/\",\"name\":\"Acquistare un immobile in Costa Azzurra - Dumas Immobilier\",\"isPartOf\":{\"@id\":\"https:\/\/www.agencedumas.fr\/#website\"},\"primaryImageOfPage\":{\"@id\":\"https:\/\/www.agencedumas.fr\/reussir-son-achat\/#primaryimage\"},\"image\":{\"@id\":\"https:\/\/www.agencedumas.fr\/reussir-son-achat\/#primaryimage\"},\"thumbnailUrl\":\"https:\/\/www.agencedumas.fr\/wp-content\/uploads\/2020\/04\/Visuel-header-Nos-Honoraires.jpg\",\"datePublished\":\"2024-03-29T09:03:05+00:00\",\"description\":\"Siete alla ricerca di una consulenza per l'acquisto di un immobile? Dumas Immobilier pu\u00f2 aiutarvi a realizzare il vostro progetto immobiliare.\",\"inLanguage\":\"it-IT\",\"potentialAction\":[{\"@type\":\"ReadAction\",\"target\":[\"https:\/\/www.agencedumas.fr\/reussir-son-achat\/\"]}]},{\"@type\":\"ImageObject\",\"inLanguage\":\"it-IT\",\"@id\":\"https:\/\/www.agencedumas.fr\/reussir-son-achat\/#primaryimage\",\"url\":\"https:\/\/www.agencedumas.fr\/wp-content\/uploads\/2020\/04\/Visuel-header-Nos-Honoraires.jpg\",\"contentUrl\":\"https:\/\/www.agencedumas.fr\/wp-content\/uploads\/2020\/04\/Visuel-header-Nos-Honoraires.jpg\",\"width\":1854,\"height\":526},{\"@type\":\"WebSite\",\"@id\":\"https:\/\/www.agencedumas.fr\/#website\",\"url\":\"https:\/\/www.agencedumas.fr\/\",\"name\":\"Dumas\",\"description\":\"Agence Immobili\u00e8re Villefranche, Beaulieu et Saint-Jean-Cap-Ferrat\",\"potentialAction\":[{\"@type\":\"SearchAction\",\"target\":{\"@type\":\"EntryPoint\",\"urlTemplate\":\"https:\/\/www.agencedumas.fr\/?s={search_term_string}\"},\"query-input\":{\"@type\":\"PropertyValueSpecification\",\"valueRequired\":true,\"valueName\":\"search_term_string\"}}],\"inLanguage\":\"it-IT\"}]}<\/script>\n<!-- \/ Yoast SEO plugin. -->","yoast_head_json":{"title":"Acquistare un immobile in Costa Azzurra - Dumas Immobilier","description":"Siete alla ricerca di una consulenza per l'acquisto di un immobile? Dumas Immobilier pu\u00f2 aiutarvi a realizzare il vostro progetto immobiliare.","robots":{"index":"index","follow":"follow","max-snippet":"max-snippet:-1","max-image-preview":"max-image-preview:large","max-video-preview":"max-video-preview:-1"},"canonical":"https:\/\/www.agencedumas.fr\/reussir-son-achat\/","og_locale":"it_IT","og_type":"article","og_title":"Acquistare un immobile in Costa Azzurra - Dumas Immobilier","og_description":"Siete alla ricerca di una consulenza per l'acquisto di un immobile? Dumas Immobilier pu\u00f2 aiutarvi a realizzare il vostro progetto immobiliare.","og_url":"https:\/\/www.agencedumas.fr\/reussir-son-achat\/","og_site_name":"Dumas","article_publisher":"https:\/\/www.facebook.com\/Dumas-Realty-100353566141360\/","og_image":[{"width":1854,"height":526,"url":"https:\/\/www.agencedumas.fr\/wp-content\/uploads\/2020\/04\/Visuel-header-Nos-Honoraires.jpg","type":"image\/jpeg"}],"twitter_card":"summary_large_image","twitter_misc":{"Tempo di lettura stimato":"3 minuti"},"schema":{"@context":"https:\/\/schema.org","@graph":[{"@type":"WebPage","@id":"https:\/\/www.agencedumas.fr\/reussir-son-achat\/","url":"https:\/\/www.agencedumas.fr\/reussir-son-achat\/","name":"Acquistare un immobile in Costa Azzurra - Dumas Immobilier","isPartOf":{"@id":"https:\/\/www.agencedumas.fr\/#website"},"primaryImageOfPage":{"@id":"https:\/\/www.agencedumas.fr\/reussir-son-achat\/#primaryimage"},"image":{"@id":"https:\/\/www.agencedumas.fr\/reussir-son-achat\/#primaryimage"},"thumbnailUrl":"https:\/\/www.agencedumas.fr\/wp-content\/uploads\/2020\/04\/Visuel-header-Nos-Honoraires.jpg","datePublished":"2024-03-29T09:03:05+00:00","description":"Siete alla ricerca di una consulenza per l'acquisto di un immobile? Dumas Immobilier pu\u00f2 aiutarvi a realizzare il vostro progetto immobiliare.","inLanguage":"it-IT","potentialAction":[{"@type":"ReadAction","target":["https:\/\/www.agencedumas.fr\/reussir-son-achat\/"]}]},{"@type":"ImageObject","inLanguage":"it-IT","@id":"https:\/\/www.agencedumas.fr\/reussir-son-achat\/#primaryimage","url":"https:\/\/www.agencedumas.fr\/wp-content\/uploads\/2020\/04\/Visuel-header-Nos-Honoraires.jpg","contentUrl":"https:\/\/www.agencedumas.fr\/wp-content\/uploads\/2020\/04\/Visuel-header-Nos-Honoraires.jpg","width":1854,"height":526},{"@type":"WebSite","@id":"https:\/\/www.agencedumas.fr\/#website","url":"https:\/\/www.agencedumas.fr\/","name":"Dumas","description":"Agence Immobili\u00e8re Villefranche, Beaulieu et Saint-Jean-Cap-Ferrat","potentialAction":[{"@type":"SearchAction","target":{"@type":"EntryPoint","urlTemplate":"https:\/\/www.agencedumas.fr\/?s={search_term_string}"},"query-input":{"@type":"PropertyValueSpecification","valueRequired":true,"valueName":"search_term_string"}}],"inLanguage":"it-IT"}]}},"_links":{"self":[{"href":"https:\/\/www.agencedumas.fr\/it\/wp-json\/wp\/v2\/pages\/1453458","targetHints":{"allow":["GET"]}}],"collection":[{"href":"https:\/\/www.agencedumas.fr\/it\/wp-json\/wp\/v2\/pages"}],"about":[{"href":"https:\/\/www.agencedumas.fr\/it\/wp-json\/wp\/v2\/types\/page"}],"author":[{"embeddable":true,"href":"https:\/\/www.agencedumas.fr\/it\/wp-json\/wp\/v2\/users\/1"}],"replies":[{"embeddable":true,"href":"https:\/\/www.agencedumas.fr\/it\/wp-json\/wp\/v2\/comments?post=1453458"}],"version-history":[{"count":0,"href":"https:\/\/www.agencedumas.fr\/it\/wp-json\/wp\/v2\/pages\/1453458\/revisions"}],"wp:featuredmedia":[{"embeddable":true,"href":"https:\/\/www.agencedumas.fr\/it\/wp-json\/wp\/v2\/media\/2198"}],"wp:attachment":[{"href":"https:\/\/www.agencedumas.fr\/it\/wp-json\/wp\/v2\/media?parent=1453458"}],"curies":[{"name":"wp","href":"https:\/\/api.w.org\/{rel}","templated":true}]}}