{"id":1453461,"date":"2024-03-29T10:03:06","date_gmt":"2024-03-29T09:03:06","guid":{"rendered":"https:\/\/agencedumas.preprod-s1.cawita.com\/acquistare-appartamento-beaulieu-sur-mer\/"},"modified":"2024-03-29T10:03:06","modified_gmt":"2024-03-29T09:03:06","slug":"acquistare-appartamento-beaulieu-sur-mer","status":"publish","type":"page","link":"https:\/\/www.agencedumas.fr\/it\/acquistare-appartamento-beaulieu-sur-mer\/","title":{"rendered":"Vendita Appartamento Beaulieu-sur-Mer"},"content":{"rendered":"\n          \n\n          <p>Cercate uno stile di vita gentile? La citt\u00e0 di Beaulieu-sur-Mer sar\u00e0 in grado di offrirvene uno. \u00c8 una bella cittadina della Costa Azzurra, circondata da Villefranche-sur-mer, Saint-Jean-Cap-Ferrat e dal villaggio di Eze. Beaulieu-sur-Mer dispone di tutti i servizi necessari per la vita quotidiana: negozi, scuole, spiagge, ristoranti, ecc.<\/p>\n          \n\n          <p style=\"text-align: justify;\">Beaulieu-sur-Mer \u00e8 un luogo meraviglioso per <strong>acquistare un appartamento<\/strong> in Costa Azzurra. Situata in riva al mare, Beaulieu-sur-mer \u00e8 una magnifica localit\u00e0 balneare con un clima mite tutto l&#8217;anno. <strong>Acquistando un appartamento a Beaulieu-sur-mer<\/strong>, potrete godere di una splendida vista sul mare. L&#8217;agenzia Dumas \u00e8 a vostra disposizione per aiutarvi ad <strong>acquistare un appartamento a Beaulieu-sur-mer<\/strong>.<\/p>\n          \n\n          <h2 style=\"text-align: justify;\">Comprare un appartamento a Beaulieu-sur-Mer<\/h2>\n          \n\n          <p style=\"text-align: justify;\">Acquistando un appartamento a Beaulieu-sur-Mer, potreste diventare i futuri vicini di casa di una star del cinema o della musica. \u00c8 un modo per dirvi che comprare un appartamento a Beaulieu-sur-Mer \u00e8 una scommessa sicura. Vista sul mare, negozi locali, spiaggia e verde: questi sono solo alcuni dei vantaggi di cui potrete godere <strong>acquistando un appartamento a Beaulieu-sur-Mer<\/strong>. Per trovare l&#8217;appartamento dei vostri sogni a Beaulieu-sur-Mer, l&#8217;agenzia immobiliare Dumas \u00e8 pronta ad aiutarvi in ogni modo.<\/p>\n          \n\n          <p style=\"text-align: justify;\">Rivolgersi all&#8217;<strong>agenzia immobiliare Dumas<\/strong> permette anche di risparmiare tempo nella ricerca, grazie alla sua conoscenza dei settori pi\u00f9 favoriti e alla sua esperienza del mercato immobiliare locale. Situato sul lungomare e circondato sul lato ovest dalle citt\u00e0 di Villefranche-sur-Mer e Saint-Jean-Cap-Ferrat. <u>\n  <a title=\"Appartamenti a Saint-Jean-Cap-Ferrat\" href=\"https:\/\/www.agencedumas.fr\/achat-appartement-saint-jean-cap-ferrat\">Saint-Jean-Cap-Ferrat<\/a>\n<\/u> e dal villaggio di Eze a est, gli <strong>appartamenti<\/strong> di <strong>Beaulieu-sur-Mer<\/strong> offrono una <strong>vista panoramica<\/strong> sulla zona circostante.<\/p>\n          \n\n          <p style=\"text-align: justify;\">Alcuni <strong>appartamenti a Beaulieu-sur-Mer<\/strong> si trovano vicino alla spiaggia e alcuni residence hanno addirittura un accesso privato al mare. Con un clima mite e soleggiato tutto l&#8217;anno, vivere a Beaulieu-sur-Mer \u00e8 un vero privilegio che potete permettervi grazie all&#8217;esperienza dell&#8217;<strong>Agence Dumas<\/strong>.<\/p>\n          \n\n          <h2 style=\"text-align: justify;\">Appartamenti in vendita a Beaulieu-sur-Mer<\/h2>\n          \n\n          <p style=\"text-align: justify;\">Beaulieu sur Mer \u00e8 ricca di zone residenziali con <strong>splendidi appartamenti in vendita<\/strong>. In collina o nel cuore del paese, l&#8217;Agence Dumas propone una selezione di<strong>appartamenti in<\/strong> vendita. Se cercate un appartamento di lusso, Beaulieu-sur-Mer \u00e8 il posto giusto.<\/p>\n          \n\n          <p style=\"text-align: justify;\">Arroccati sulle colline o affacciati sul mare, gli <strong>appartamenti pi\u00f9 prestigiosi<\/strong> offrono una vista panoramica sul mare. Alcuni appartamenti si trovano nel cuore di una tenuta boscosa e sono perfettamente sicuri. I <strong>condomini<\/strong> sono spesso dotati di piscina e gli appartamenti di ampie terrazze.<\/p>\n          \n\n          <p style=\"text-align: justify;\">Da oltre 50 anni, l&#8217;<strong>agenzia immobiliare Dumas<\/strong> \u00e8 specializzata nella vendita e nell&#8217;affitto di appartamenti e ville nel settore immobiliare del <strong>Triangolo d&#8217;Oro<\/strong>, formato dalle splendide localit\u00e0 di Beaulieu-sur-Mer, Saint-Jean-Cap-Ferrat e <a title=\"Appartamenti a Villefranche-sur-Mer\" href=\"https:\/\/www.agencedumas.fr\/achat-appartement-villefranche-sur-mer\"><u>Villefranche-sur-Mer<\/u><\/a>. Per l&#8217;acquisto di un appartamento a Beaulieu-sur-Mer, la vasta esperienza dell&#8217;agenzia Dumas sar\u00e0 di grande aiuto.<\/p>\n          \n\n          <h2 style=\"text-align: justify;\">Informazioni pratiche su Beaulieu-sur-Mer<\/h2>\n          \n\n          <p style=\"text-align: justify;\"><strong>Quartieri: <\/strong>Port de Beaulieu, Place de la Batterie, La Mairie, la Baie des fourmis, la Petite Afrique, la Place du march\u00e9, l&#8217;Eglise Anglicane, Bd Edouard 7 e Le casino de Beaulieu.<\/p>\n          \n\n          <p style=\"text-align: justify;\"><strong>Localit\u00e0:<\/strong> Port de Beaulieu, Rotonda, Villa K\u00e9rylos, H\u00f4tel La Reserve de Beaulieu, Port des Fourmis, Chiesa anglicana, Ristorante L&#8217;African Queen, Carroussel sulla piazza del mercato, Piazza del mercato completamente rinnovata, Promenade Maurice Rouvier.<br\/><br\/><strong>Edifici :<\/strong>  Immeuble le Bristol, La Tonnelle (nuova costruzione), la Villa Cypa (nuova costruzione), Le palais des anglais, La villa Borghese, Le Marina, la Victoria Residence, La residence eiffel, La villa Albert, Stella Maris, Isola Bella, Belle Etoile, Le Beaulieu Palace, Le Rambouillet, Le Florida, Le St Michel, Le Bonaparte, Gordon Benett, Villa Floridiana, L&#8217;Hermitage, L&#8217;Empress, Ann Valery, Le Fragonard, Les Bananiers, Le Miramar, Les Loggias, Le Panoramic, Le Silmar, Le Monte Carlo, Residence l&#8217;Elys\u00e9e, l&#8217;Helvetia, Villa Themis.<br\/><br\/><strong>Hotel :<\/strong> La r\u00e9serve de Beaulieu, Le Metropole, La Residence Carlton.<\/p>\n          \n\n        \n","protected":false},"excerpt":{"rendered":"<p>Cercate uno stile di vita gentile? La citt\u00e0 di Beaulieu-sur-Mer sar\u00e0 in grado di offrirvene uno. \u00c8 una bella cittadina [&hellip;]<\/p>\n","protected":false},"author":2,"featured_media":0,"parent":0,"menu_order":134,"comment_status":"closed","ping_status":"closed","template":"template-listing.php","meta":{"_acf_changed":false,"footnotes":""},"class_list":["post-1453461","page","type-page","status-publish","hentry"],"acf":[],"yoast_head":"<!-- This site is optimized with the Yoast SEO plugin v26.0 - https:\/\/yoast.com\/wordpress\/plugins\/seo\/ -->\n<title>Acquisto Appartamento Beaulieu-sur-Mer - Dumas Immobilier<\/title>\n<meta name=\"description\" content=\"Vuoi comprare un appartamento a Beaulieu-sur-Mer? L&#039;Agence Dumas vi propone appartamenti di lusso in vendita.\" \/>\n<meta name=\"robots\" content=\"index, follow, max-snippet:-1, max-image-preview:large, max-video-preview:-1\" \/>\n<link rel=\"canonical\" href=\"https:\/\/www.agencedumas.fr\/achat-appartement-beaulieu-sur-mer\/\" \/>\n<meta property=\"og:locale\" content=\"it_IT\" \/>\n<meta property=\"og:type\" content=\"article\" \/>\n<meta property=\"og:title\" content=\"Acquisto Appartamento Beaulieu-sur-Mer - Dumas Immobilier\" \/>\n<meta property=\"og:description\" content=\"Vuoi comprare un appartamento a Beaulieu-sur-Mer? L&#039;Agence Dumas vi propone appartamenti di lusso in vendita.\" \/>\n<meta property=\"og:url\" content=\"https:\/\/www.agencedumas.fr\/achat-appartement-beaulieu-sur-mer\/\" \/>\n<meta property=\"og:site_name\" content=\"Dumas\" \/>\n<meta property=\"article:publisher\" content=\"https:\/\/www.facebook.com\/Dumas-Realty-100353566141360\/\" \/>\n<meta name=\"twitter:card\" content=\"summary_large_image\" \/>\n<meta name=\"twitter:label1\" content=\"Tempo di lettura stimato\" \/>\n\t<meta name=\"twitter:data1\" content=\"3 minuti\" \/>\n<script type=\"application\/ld+json\" class=\"yoast-schema-graph\">{\"@context\":\"https:\/\/schema.org\",\"@graph\":[{\"@type\":\"WebPage\",\"@id\":\"https:\/\/www.agencedumas.fr\/achat-appartement-beaulieu-sur-mer\/\",\"url\":\"https:\/\/www.agencedumas.fr\/achat-appartement-beaulieu-sur-mer\/\",\"name\":\"Acquisto Appartamento Beaulieu-sur-Mer - Dumas Immobilier\",\"isPartOf\":{\"@id\":\"https:\/\/www.agencedumas.fr\/#website\"},\"datePublished\":\"2024-03-29T09:03:06+00:00\",\"description\":\"Vuoi comprare un appartamento a Beaulieu-sur-Mer? L'Agence Dumas vi propone appartamenti di lusso in vendita.\",\"inLanguage\":\"it-IT\",\"potentialAction\":[{\"@type\":\"ReadAction\",\"target\":[\"https:\/\/www.agencedumas.fr\/achat-appartement-beaulieu-sur-mer\/\"]}]},{\"@type\":\"WebSite\",\"@id\":\"https:\/\/www.agencedumas.fr\/#website\",\"url\":\"https:\/\/www.agencedumas.fr\/\",\"name\":\"Dumas\",\"description\":\"Agence Immobili\u00e8re Villefranche, Beaulieu et Saint-Jean-Cap-Ferrat\",\"potentialAction\":[{\"@type\":\"SearchAction\",\"target\":{\"@type\":\"EntryPoint\",\"urlTemplate\":\"https:\/\/www.agencedumas.fr\/?s={search_term_string}\"},\"query-input\":{\"@type\":\"PropertyValueSpecification\",\"valueRequired\":true,\"valueName\":\"search_term_string\"}}],\"inLanguage\":\"it-IT\"}]}<\/script>\n<!-- \/ Yoast SEO plugin. -->","yoast_head_json":{"title":"Acquisto Appartamento Beaulieu-sur-Mer - Dumas Immobilier","description":"Vuoi comprare un appartamento a Beaulieu-sur-Mer? L'Agence Dumas vi propone appartamenti di lusso in vendita.","robots":{"index":"index","follow":"follow","max-snippet":"max-snippet:-1","max-image-preview":"max-image-preview:large","max-video-preview":"max-video-preview:-1"},"canonical":"https:\/\/www.agencedumas.fr\/achat-appartement-beaulieu-sur-mer\/","og_locale":"it_IT","og_type":"article","og_title":"Acquisto Appartamento Beaulieu-sur-Mer - Dumas Immobilier","og_description":"Vuoi comprare un appartamento a Beaulieu-sur-Mer? L'Agence Dumas vi propone appartamenti di lusso in vendita.","og_url":"https:\/\/www.agencedumas.fr\/achat-appartement-beaulieu-sur-mer\/","og_site_name":"Dumas","article_publisher":"https:\/\/www.facebook.com\/Dumas-Realty-100353566141360\/","twitter_card":"summary_large_image","twitter_misc":{"Tempo di lettura stimato":"3 minuti"},"schema":{"@context":"https:\/\/schema.org","@graph":[{"@type":"WebPage","@id":"https:\/\/www.agencedumas.fr\/achat-appartement-beaulieu-sur-mer\/","url":"https:\/\/www.agencedumas.fr\/achat-appartement-beaulieu-sur-mer\/","name":"Acquisto Appartamento Beaulieu-sur-Mer - Dumas Immobilier","isPartOf":{"@id":"https:\/\/www.agencedumas.fr\/#website"},"datePublished":"2024-03-29T09:03:06+00:00","description":"Vuoi comprare un appartamento a Beaulieu-sur-Mer? L'Agence Dumas vi propone appartamenti di lusso in vendita.","inLanguage":"it-IT","potentialAction":[{"@type":"ReadAction","target":["https:\/\/www.agencedumas.fr\/achat-appartement-beaulieu-sur-mer\/"]}]},{"@type":"WebSite","@id":"https:\/\/www.agencedumas.fr\/#website","url":"https:\/\/www.agencedumas.fr\/","name":"Dumas","description":"Agence Immobili\u00e8re Villefranche, Beaulieu et Saint-Jean-Cap-Ferrat","potentialAction":[{"@type":"SearchAction","target":{"@type":"EntryPoint","urlTemplate":"https:\/\/www.agencedumas.fr\/?s={search_term_string}"},"query-input":{"@type":"PropertyValueSpecification","valueRequired":true,"valueName":"search_term_string"}}],"inLanguage":"it-IT"}]}},"_links":{"self":[{"href":"https:\/\/www.agencedumas.fr\/it\/wp-json\/wp\/v2\/pages\/1453461","targetHints":{"allow":["GET"]}}],"collection":[{"href":"https:\/\/www.agencedumas.fr\/it\/wp-json\/wp\/v2\/pages"}],"about":[{"href":"https:\/\/www.agencedumas.fr\/it\/wp-json\/wp\/v2\/types\/page"}],"author":[{"embeddable":true,"href":"https:\/\/www.agencedumas.fr\/it\/wp-json\/wp\/v2\/users\/2"}],"replies":[{"embeddable":true,"href":"https:\/\/www.agencedumas.fr\/it\/wp-json\/wp\/v2\/comments?post=1453461"}],"version-history":[{"count":0,"href":"https:\/\/www.agencedumas.fr\/it\/wp-json\/wp\/v2\/pages\/1453461\/revisions"}],"wp:attachment":[{"href":"https:\/\/www.agencedumas.fr\/it\/wp-json\/wp\/v2\/media?parent=1453461"}],"curies":[{"name":"wp","href":"https:\/\/api.w.org\/{rel}","templated":true}]}}