{"id":1453463,"date":"2024-03-29T10:03:08","date_gmt":"2024-03-29T09:03:08","guid":{"rendered":"https:\/\/agencedumas.preprod-s1.cawita.com\/competenza-immobiliare\/"},"modified":"2024-03-29T11:12:53","modified_gmt":"2024-03-29T10:12:53","slug":"competenza-immobiliare","status":"publish","type":"page","link":"https:\/\/www.agencedumas.fr\/it\/competenza-immobiliare\/","title":{"rendered":"Competenze immobiliari"},"content":{"rendered":"\r\n<p>Volete vendere un immobile? Avete bisogno di una stima fedele al mercato? La valutazione dell&#8217;immobile \u00e8 un passo essenziale per garantire il successo del progetto e la sua realizzazione nelle migliori condizioni possibili. Cosa comporta? Quanto \u00e8 importante? A chi affidare la sua realizzazione? L&#8217;agenzia Dumas, fondata nel 1967 e specializzata nel settore immobiliare, vi offre la sua esperienza e il suo know-how in questo campo. In questo articolo troverete le risposte a tutte le vostre domande.<\/p>\r\n<p><strong>Che cos&#8217;\u00e8 la valutazione di un immobile?<\/strong><\/p>\r\n<p>La valutazione immobiliare \u00e8 un&#8217;operazione che richiede l&#8217;intervento di un professionista esperto, competente e qualificato, tenuto al segreto professionale. Per questi ultimi, significa svolgere un lavoro approfondito e imparziale e un&#8217;analisi approfondita per stimare il valore di mercato di un edificio, di un terreno o di un immobile. La valutazione si basa su una serie di parametri relativi all&#8217;immobile e a condizioni di mercato ben definite.<\/p>\r\n<p><strong>Chi pu\u00f2 richiedere una perizia e in quali circostanze?<\/strong><\/p>\r\n<p>La perizia pu\u00f2 essere effettuata su richiesta del proprietario dell&#8217;immobile in questione, in particolare se intende venderlo o trasmetterlo agli eredi. Pu\u00f2 anche essere avviata da una terza parte esterna. In caso di controversia, quest&#8217;ultimo pu\u00f2 essere un giudice o un rappresentante delle autorit\u00e0 fiscali. Pu\u00f2 anche essere un notaio in caso di eredit\u00e0 o donazione, o un asset manager o property manager in caso di vendita. Lo stesso pu\u00f2 essere chiesto al vostro assicuratore nel caso di un contratto, o al vostro commercialista quando valutate i vostri beni.<\/p>\r\n<p><strong>Perch\u00e9 commissionare una valutazione immobiliare?<\/strong><\/p>\r\n<p>Ci sono molti motivi per cui dovreste far eseguire una valutazione immobiliare. Fornisce una valutazione accurata del valore di un bene immobiliare, indipendentemente dalla sua tipologia. Le perizie forniscono inoltre un unico documento contenente tutte le informazioni esaustive su un immobile, in modo che l&#8217;acquirente o il venditore possano essere sicuri di acquistare o vendere al giusto prezzo, senza pregiudizi o profitti eccessivi. Infatti, la valutazione aiuta il proprietario a determinare il prezzo di vendita pi\u00f9 appropriato e fornisce al futuro acquirente le informazioni necessarie per effettuare un investimento redditizio.<\/p>\r\n<p>Le stime sono necessarie anche per le donazioni e le eredit\u00e0. La dichiarazione di successione include il valore di mercato dell&#8217;immobile alla data del trasferimento agli eredi. Ecco perch\u00e9 \u00e8 cos\u00ec importante fare un&#8217;indagine. In questo modo si garantisce che tutti gli eredi condividano equamente. \u00c8 inoltre di grande aiuto in caso di divorzio per evitare controversie nella divisione dei beni acquistati in comune dai coniugi.<\/p>\r\n<p>Il preventivo pu\u00f2 essere utilizzato anche per le trattative, in particolare per convincere un banchiere a concedervi un prestito. \u00c8 utile anche in alcuni procedimenti legali, ed \u00e8 altrettanto importante per lo sfratto o l&#8217;esproprio e per la dichiarazione di un&#8217;imposta equa.<\/p>\r\n<p><strong>Lo svolgimento di una perizia<\/strong><\/p>\r\n<p>La valutazione di un immobile si articola in diverse fasi. Realizzato da un esperto, inizia ricevendo la richiesta del cliente. Lo specialista contattato a questo scopo si informer\u00e0 innanzitutto sullo scopo dei lavori da eseguire prima di visitare l&#8217;immobile. In questa fase, prende le misure, controlla lo stato di degrado dell&#8217;immobile, la sua superficie e la sua ubicazione.<\/p>\r\n<p>Incrocia tutte le informazioni raccolte e studia i documenti e le prove fornite dal richiedente (planimetrie, atti di propriet\u00e0, permessi di costruzione, contratti di affitto o di costruzione) per analizzare le caratteristiche dell&#8217;immobile in questione. Una volta completata l&#8217;indagine, il perito immobiliare effettuer\u00e0 una valutazione dell&#8217;immobile, tenendo conto del mercato e delle caratteristiche specifiche dell&#8217;ambiente in cui si trova. Sono disponibili diverse tecniche. Pu\u00f2 applicare: il metodo dell&#8217;indice, il metodo del reddito, il metodo del confronto, il metodo del bilancio promettente, ecc.<\/p>\r\n<p>Al termine della sua valutazione, il perito rediger\u00e0 una relazione ufficiale in cui riferir\u00e0 al richiedente la sua missione. Questo documento, redatto in modo chiaro, preciso e conciso, raccoglie tutti gli studi effettuati sull&#8217;immobile e trascrive le conclusioni dello specialista che li ha eseguiti. Ricco di analisi, calcoli, dimostrazioni e documenti di supporto, servir\u00e0 a chiarire e garantire le decisioni di privati, autorit\u00e0 e tribunali.<\/p>\r\n<p><strong>Affidatevi ad Agence Dumas per tutte le vostre competenze<\/strong><\/p>\r\n<p>Avete bisogno di una valutazione immobiliare a Beaulieu-sur-Mer, Villefrance-sur-Mer o Saint-Jean-Cap-Ferrat? L&#8217;Agence Dumas mette a vostra disposizione un team di esperti qualificati per effettuare la valutazione del vostro immobile. Con oltre 50 anni di esperienza, rimaniamo un punto di riferimento nel nostro settore. Con sede a Villefranche-sur-Mer e Beaulieu-sur-Mer, siamo a disposizione per aiutarvi a realizzare il vostro progetto. Contattateci subito per una stima fedele al mercato.<\/p>\r\n","protected":false},"excerpt":{"rendered":"<p>Volete vendere un immobile? Avete bisogno di una stima fedele al mercato? La valutazione dell&#8217;immobile \u00e8 un passo essenziale per [&hellip;]<\/p>\n","protected":false},"author":1,"featured_media":2218,"parent":0,"menu_order":73,"comment_status":"closed","ping_status":"closed","template":"","meta":{"_acf_changed":false,"footnotes":""},"class_list":["post-1453463","page","type-page","status-publish","has-post-thumbnail","hentry"],"acf":[],"yoast_head":"<!-- This site is optimized with the Yoast SEO plugin v26.0 - https:\/\/yoast.com\/wordpress\/plugins\/seo\/ -->\n<title>Competenza immobiliare in Costa Azzurra - Dumas Immobilier<\/title>\n<meta name=\"description\" content=\"Desiderate far valutare il vostro immobile? Dumas Immobilier vi offre una valutazione che riflette i prezzi di mercato attuali.\" \/>\n<meta name=\"robots\" content=\"index, follow, max-snippet:-1, max-image-preview:large, max-video-preview:-1\" \/>\n<link rel=\"canonical\" href=\"https:\/\/www.agencedumas.fr\/expertise-immobiliere\/\" \/>\n<meta property=\"og:locale\" content=\"it_IT\" \/>\n<meta property=\"og:type\" content=\"article\" \/>\n<meta property=\"og:title\" content=\"Competenza immobiliare in Costa Azzurra - Dumas Immobilier\" \/>\n<meta property=\"og:description\" content=\"Desiderate far valutare il vostro immobile? Dumas Immobilier vi offre una valutazione che riflette i prezzi di mercato attuali.\" \/>\n<meta property=\"og:url\" content=\"https:\/\/www.agencedumas.fr\/expertise-immobiliere\/\" \/>\n<meta property=\"og:site_name\" content=\"Dumas\" \/>\n<meta property=\"article:publisher\" content=\"https:\/\/www.facebook.com\/Dumas-Realty-100353566141360\/\" \/>\n<meta property=\"article:modified_time\" content=\"2024-03-29T10:12:53+00:00\" \/>\n<meta property=\"og:image\" content=\"https:\/\/www.agencedumas.fr\/wp-content\/uploads\/2020\/04\/Visuel_Page-expertise_CMS.jpg\" \/>\n\t<meta property=\"og:image:width\" content=\"1542\" \/>\n\t<meta property=\"og:image:height\" content=\"815\" \/>\n\t<meta property=\"og:image:type\" content=\"image\/jpeg\" \/>\n<meta name=\"twitter:card\" content=\"summary_large_image\" \/>\n<meta name=\"twitter:label1\" content=\"Tempo di lettura stimato\" \/>\n\t<meta name=\"twitter:data1\" content=\"4 minuti\" \/>\n<script type=\"application\/ld+json\" class=\"yoast-schema-graph\">{\"@context\":\"https:\/\/schema.org\",\"@graph\":[{\"@type\":\"WebPage\",\"@id\":\"https:\/\/www.agencedumas.fr\/expertise-immobiliere\/\",\"url\":\"https:\/\/www.agencedumas.fr\/expertise-immobiliere\/\",\"name\":\"Competenza immobiliare in Costa Azzurra - Dumas Immobilier\",\"isPartOf\":{\"@id\":\"https:\/\/www.agencedumas.fr\/#website\"},\"primaryImageOfPage\":{\"@id\":\"https:\/\/www.agencedumas.fr\/expertise-immobiliere\/#primaryimage\"},\"image\":{\"@id\":\"https:\/\/www.agencedumas.fr\/expertise-immobiliere\/#primaryimage\"},\"thumbnailUrl\":\"https:\/\/www.agencedumas.fr\/wp-content\/uploads\/2020\/04\/Visuel_Page-expertise_CMS.jpg\",\"datePublished\":\"2024-03-29T09:03:08+00:00\",\"dateModified\":\"2024-03-29T10:12:53+00:00\",\"description\":\"Desiderate far valutare il vostro immobile? Dumas Immobilier vi offre una valutazione che riflette i prezzi di mercato attuali.\",\"inLanguage\":\"it-IT\",\"potentialAction\":[{\"@type\":\"ReadAction\",\"target\":[\"https:\/\/www.agencedumas.fr\/expertise-immobiliere\/\"]}]},{\"@type\":\"ImageObject\",\"inLanguage\":\"it-IT\",\"@id\":\"https:\/\/www.agencedumas.fr\/expertise-immobiliere\/#primaryimage\",\"url\":\"https:\/\/www.agencedumas.fr\/wp-content\/uploads\/2020\/04\/Visuel_Page-expertise_CMS.jpg\",\"contentUrl\":\"https:\/\/www.agencedumas.fr\/wp-content\/uploads\/2020\/04\/Visuel_Page-expertise_CMS.jpg\",\"width\":1542,\"height\":815},{\"@type\":\"WebSite\",\"@id\":\"https:\/\/www.agencedumas.fr\/#website\",\"url\":\"https:\/\/www.agencedumas.fr\/\",\"name\":\"Dumas\",\"description\":\"Agence Immobili\u00e8re Villefranche, Beaulieu et Saint-Jean-Cap-Ferrat\",\"potentialAction\":[{\"@type\":\"SearchAction\",\"target\":{\"@type\":\"EntryPoint\",\"urlTemplate\":\"https:\/\/www.agencedumas.fr\/?s={search_term_string}\"},\"query-input\":{\"@type\":\"PropertyValueSpecification\",\"valueRequired\":true,\"valueName\":\"search_term_string\"}}],\"inLanguage\":\"it-IT\"}]}<\/script>\n<!-- \/ Yoast SEO plugin. -->","yoast_head_json":{"title":"Competenza immobiliare in Costa Azzurra - Dumas Immobilier","description":"Desiderate far valutare il vostro immobile? Dumas Immobilier vi offre una valutazione che riflette i prezzi di mercato attuali.","robots":{"index":"index","follow":"follow","max-snippet":"max-snippet:-1","max-image-preview":"max-image-preview:large","max-video-preview":"max-video-preview:-1"},"canonical":"https:\/\/www.agencedumas.fr\/expertise-immobiliere\/","og_locale":"it_IT","og_type":"article","og_title":"Competenza immobiliare in Costa Azzurra - Dumas Immobilier","og_description":"Desiderate far valutare il vostro immobile? Dumas Immobilier vi offre una valutazione che riflette i prezzi di mercato attuali.","og_url":"https:\/\/www.agencedumas.fr\/expertise-immobiliere\/","og_site_name":"Dumas","article_publisher":"https:\/\/www.facebook.com\/Dumas-Realty-100353566141360\/","article_modified_time":"2024-03-29T10:12:53+00:00","og_image":[{"width":1542,"height":815,"url":"https:\/\/www.agencedumas.fr\/wp-content\/uploads\/2020\/04\/Visuel_Page-expertise_CMS.jpg","type":"image\/jpeg"}],"twitter_card":"summary_large_image","twitter_misc":{"Tempo di lettura stimato":"4 minuti"},"schema":{"@context":"https:\/\/schema.org","@graph":[{"@type":"WebPage","@id":"https:\/\/www.agencedumas.fr\/expertise-immobiliere\/","url":"https:\/\/www.agencedumas.fr\/expertise-immobiliere\/","name":"Competenza immobiliare in Costa Azzurra - Dumas Immobilier","isPartOf":{"@id":"https:\/\/www.agencedumas.fr\/#website"},"primaryImageOfPage":{"@id":"https:\/\/www.agencedumas.fr\/expertise-immobiliere\/#primaryimage"},"image":{"@id":"https:\/\/www.agencedumas.fr\/expertise-immobiliere\/#primaryimage"},"thumbnailUrl":"https:\/\/www.agencedumas.fr\/wp-content\/uploads\/2020\/04\/Visuel_Page-expertise_CMS.jpg","datePublished":"2024-03-29T09:03:08+00:00","dateModified":"2024-03-29T10:12:53+00:00","description":"Desiderate far valutare il vostro immobile? Dumas Immobilier vi offre una valutazione che riflette i prezzi di mercato attuali.","inLanguage":"it-IT","potentialAction":[{"@type":"ReadAction","target":["https:\/\/www.agencedumas.fr\/expertise-immobiliere\/"]}]},{"@type":"ImageObject","inLanguage":"it-IT","@id":"https:\/\/www.agencedumas.fr\/expertise-immobiliere\/#primaryimage","url":"https:\/\/www.agencedumas.fr\/wp-content\/uploads\/2020\/04\/Visuel_Page-expertise_CMS.jpg","contentUrl":"https:\/\/www.agencedumas.fr\/wp-content\/uploads\/2020\/04\/Visuel_Page-expertise_CMS.jpg","width":1542,"height":815},{"@type":"WebSite","@id":"https:\/\/www.agencedumas.fr\/#website","url":"https:\/\/www.agencedumas.fr\/","name":"Dumas","description":"Agence Immobili\u00e8re Villefranche, Beaulieu et Saint-Jean-Cap-Ferrat","potentialAction":[{"@type":"SearchAction","target":{"@type":"EntryPoint","urlTemplate":"https:\/\/www.agencedumas.fr\/?s={search_term_string}"},"query-input":{"@type":"PropertyValueSpecification","valueRequired":true,"valueName":"search_term_string"}}],"inLanguage":"it-IT"}]}},"_links":{"self":[{"href":"https:\/\/www.agencedumas.fr\/it\/wp-json\/wp\/v2\/pages\/1453463","targetHints":{"allow":["GET"]}}],"collection":[{"href":"https:\/\/www.agencedumas.fr\/it\/wp-json\/wp\/v2\/pages"}],"about":[{"href":"https:\/\/www.agencedumas.fr\/it\/wp-json\/wp\/v2\/types\/page"}],"author":[{"embeddable":true,"href":"https:\/\/www.agencedumas.fr\/it\/wp-json\/wp\/v2\/users\/1"}],"replies":[{"embeddable":true,"href":"https:\/\/www.agencedumas.fr\/it\/wp-json\/wp\/v2\/comments?post=1453463"}],"version-history":[{"count":0,"href":"https:\/\/www.agencedumas.fr\/it\/wp-json\/wp\/v2\/pages\/1453463\/revisions"}],"wp:featuredmedia":[{"embeddable":true,"href":"https:\/\/www.agencedumas.fr\/it\/wp-json\/wp\/v2\/media\/2218"}],"wp:attachment":[{"href":"https:\/\/www.agencedumas.fr\/it\/wp-json\/wp\/v2\/media?parent=1453463"}],"curies":[{"name":"wp","href":"https:\/\/api.w.org\/{rel}","templated":true}]}}