{"id":1416550,"date":"2020-04-27T13:14:10","date_gmt":"2020-04-27T11:14:10","guid":{"rendered":"https:\/\/www.agencedumas.fr\/location-appartement-eze\/"},"modified":"2023-09-14T18:08:44","modified_gmt":"2023-09-14T16:08:44","slug":"location-appartement-eze","status":"publish","type":"page","link":"https:\/\/www.agencedumas.fr\/ru\/location-appartement-eze\/","title":{"rendered":"Location Appartement Eze"},"content":{"rendered":"<p>Cette petite commune nich\u00e9e entre terre et mer est l\u2019une des plus r\u00e9put\u00e9es de la C\u00f4te d\u2019Azur, c&#8217;est l\u2019un des plus beaux villages perch\u00e9s de Provence. Vous allez adorer vous retrouver au c\u0153ur de son paysage \u00e9poustouflant avec vue imprenable sur la mer. Vous souhaitez vous installer dans un endroit d\u00e9pays\u00e9 et tranquille avec un climat doux toute l\u2019ann\u00e9e ? Eze est la ville id\u00e9ale pour vous. Des appartements en location vous y attendent. D\u00e9couvrez au plus vite le logement qui vous convient le plus avec l\u2019Agence immobili\u00e8re Dumas. Toute notre \u00e9quipe est \u00e0 votre enti\u00e8re disposition, alors contactez-nous au plus vite.<\/p>\n<h2>Trouvez l\u2019appartement id\u00e9al \u00e0 vendre \u00e0 Eze<\/h2>\n<p>Vous \u00eates tomb\u00e9(e) sous le charme de la ville ou bien vous voulez vous y installer pour des raisons professionnelles\u00a0? Notre \u00e9quipe vous fera d\u00e9couvrir l\u2019appartement qui convient le plus \u00e0 votre style de vie et vos pr\u00e9f\u00e9rences. Votre agent immobilier vous proposera des appartements nich\u00e9s au c\u0153ur du village ou dans des quartiers plus \u00e9loign\u00e9s, tous s\u00e9lectionn\u00e9s soigneusement suivant des crit\u00e8res pr\u00e9cis.<\/p>\n<p>Village authentique et unique en son genre, le village d\u2019Eze a s\u00e9duit de nombreuses c\u00e9l\u00e9brit\u00e9s gr\u00e2ce \u00e0 sa splendeur. S\u2019\u00e9tendant sur une montagne avec vue sur la mer, le village se d\u00e9marque par sa vue panoramique et son environnement naturel propice au d\u00e9paysement. Les appartements de standing mis en location \u00e0 Eze sont tr\u00e8s tranquilles et modernes. Les diff\u00e9rents points de vie comme les bureaux, les \u00e9coles, les cr\u00e8ches ainsi que les diff\u00e9rents loisirs sont \u00e0 proximit\u00e9. Les activit\u00e9s pour passer du temps en famille y sont \u00e9galement nombreuses. La mer et les magnifiques plages vous y attendent\u00a0!<\/p>\n<p>Pour acheter un appartement \u00e0 Eze, b\u00e9n\u00e9ficier de l\u2019exp\u00e9rience de l\u2019agence Dumas vous permettra de trouver le foyer qui vous correspond rapidement. L\u2019agence immobili\u00e8re Dumas met ses ann\u00e9es d\u2019exp\u00e9rience et sa connaissance du village d\u2019Eze et ses environs \u00e0 votre disposition. Depuis sa cr\u00e9ation en 1967, notre agence immobili\u00e8re op\u00e8re principalement \u00e0 Saint-Jean\u2013Cap-Ferrat, Villefranche-sur-Mer, Beaulieu-sur-Mer et maintenant \u00e0 Eze.<\/p>\n<h2>L\u2019agence immobili\u00e8re Dumas est \u00e0 votre disposition \u00e0 Eze<\/h2>\n<p>L&#8217;agence Dumas et son \u00e9quipe se chargeront de toutes les formalit\u00e9s li\u00e9es \u00e0 la location d\u2019appartement \u00e0 Eze. Nous intervenons sur l&#8217;ensemble du territoire de la C\u00f4te d&#8217;Azur en vous proposant des appartements de standing dans les meilleurs quartiers du village d\u2019Eze.<\/p>\n<p>Riche de plusieurs ann\u00e9es d\u2019exp\u00e9rience, l\u2019agence Dumas existe depuis 1967. Nous sommes aujourd\u2019hui un acteur incontournable du march\u00e9 immobilier local. Notre agence immobili\u00e8re \u00e0 Eze collabore avec de nombreux propri\u00e9taires qui proposent leur appartement en location id\u00e9alement situ\u00e9. La majorit\u00e9 des biens immobiliers du village d\u2019Eze sont des r\u00e9sidences secondaires de luxe que les propri\u00e9taires cherchent \u00e0 rentabiliser. Ils les louent alors \u00e0 l\u2019ann\u00e9e ou les soumettent \u00e0 une location saisonni\u00e8re. Pour discuter de votre recherche d\u2019appartement en location \u00e0 Eze, vous pouvez contacter d\u00e8s maintenant notre agence immobili\u00e8re.<\/p>\n","protected":false},"excerpt":{"rendered":"<p>Cette petite commune nich\u00e9e entre terre et mer est l\u2019une des plus r\u00e9put\u00e9es de la C\u00f4te d\u2019Azur, c&#8217;est l\u2019un des [&hellip;]<\/p>\n","protected":false},"author":2,"featured_media":0,"parent":0,"menu_order":63,"comment_status":"closed","ping_status":"closed","template":"template-listing.php","meta":{"_acf_changed":false,"footnotes":""},"class_list":["post-1416550","page","type-page","status-publish","hentry"],"acf":[],"yoast_head":"<!-- This site is optimized with the Yoast SEO plugin v26.0 - https:\/\/yoast.com\/wordpress\/plugins\/seo\/ -->\n<title>Location Appartement Eze - Dumas Immobilier<\/title>\n<meta name=\"description\" content=\"Vous cherchez \u00e0 louer un appartement \u00e0 Eze ? L&#039;agence Dumas Immobilier vous propose des appartements haut de gamme \u00e0 louer \u00e0 Eze.\" \/>\n<meta name=\"robots\" content=\"index, follow, max-snippet:-1, max-image-preview:large, max-video-preview:-1\" \/>\n<link rel=\"canonical\" href=\"https:\/\/www.agencedumas.fr\/location-appartement-eze\/\" \/>\n<meta property=\"og:locale\" content=\"ru_RU\" \/>\n<meta property=\"og:type\" content=\"article\" \/>\n<meta property=\"og:title\" content=\"Location Appartement Eze - Dumas Immobilier\" \/>\n<meta property=\"og:description\" content=\"Vous cherchez \u00e0 louer un appartement \u00e0 Eze ? L&#039;agence Dumas Immobilier vous propose des appartements haut de gamme \u00e0 louer \u00e0 Eze.\" \/>\n<meta property=\"og:url\" content=\"https:\/\/www.agencedumas.fr\/location-appartement-eze\/\" \/>\n<meta property=\"og:site_name\" content=\"Dumas\" \/>\n<meta property=\"article:publisher\" content=\"https:\/\/www.facebook.com\/Dumas-Realty-100353566141360\/\" \/>\n<meta property=\"article:modified_time\" content=\"2023-09-14T16:08:44+00:00\" \/>\n<meta name=\"twitter:card\" content=\"summary_large_image\" \/>\n<meta name=\"twitter:label1\" content=\"Est. reading time\" \/>\n\t<meta name=\"twitter:data1\" content=\"3 minutes\" \/>\n<script type=\"application\/ld+json\" class=\"yoast-schema-graph\">{\"@context\":\"https:\/\/schema.org\",\"@graph\":[{\"@type\":\"WebPage\",\"@id\":\"https:\/\/www.agencedumas.fr\/location-appartement-eze\/\",\"url\":\"https:\/\/www.agencedumas.fr\/location-appartement-eze\/\",\"name\":\"Location Appartement Eze - Dumas Immobilier\",\"isPartOf\":{\"@id\":\"https:\/\/www.agencedumas.fr\/#website\"},\"datePublished\":\"2020-04-27T11:14:10+00:00\",\"dateModified\":\"2023-09-14T16:08:44+00:00\",\"description\":\"Vous cherchez \u00e0 louer un appartement \u00e0 Eze ? L'agence Dumas Immobilier vous propose des appartements haut de gamme \u00e0 louer \u00e0 Eze.\",\"inLanguage\":\"ru-RU\",\"potentialAction\":[{\"@type\":\"ReadAction\",\"target\":[\"https:\/\/www.agencedumas.fr\/location-appartement-eze\/\"]}]},{\"@type\":\"WebSite\",\"@id\":\"https:\/\/www.agencedumas.fr\/#website\",\"url\":\"https:\/\/www.agencedumas.fr\/\",\"name\":\"Dumas\",\"description\":\"Agence Immobili\u00e8re Villefranche, Beaulieu et Saint-Jean-Cap-Ferrat\",\"potentialAction\":[{\"@type\":\"SearchAction\",\"target\":{\"@type\":\"EntryPoint\",\"urlTemplate\":\"https:\/\/www.agencedumas.fr\/?s={search_term_string}\"},\"query-input\":{\"@type\":\"PropertyValueSpecification\",\"valueRequired\":true,\"valueName\":\"search_term_string\"}}],\"inLanguage\":\"ru-RU\"}]}<\/script>\n<!-- \/ Yoast SEO plugin. -->","yoast_head_json":{"title":"Location Appartement Eze - Dumas Immobilier","description":"Vous cherchez \u00e0 louer un appartement \u00e0 Eze ? L'agence Dumas Immobilier vous propose des appartements haut de gamme \u00e0 louer \u00e0 Eze.","robots":{"index":"index","follow":"follow","max-snippet":"max-snippet:-1","max-image-preview":"max-image-preview:large","max-video-preview":"max-video-preview:-1"},"canonical":"https:\/\/www.agencedumas.fr\/location-appartement-eze\/","og_locale":"ru_RU","og_type":"article","og_title":"Location Appartement Eze - Dumas Immobilier","og_description":"Vous cherchez \u00e0 louer un appartement \u00e0 Eze ? L'agence Dumas Immobilier vous propose des appartements haut de gamme \u00e0 louer \u00e0 Eze.","og_url":"https:\/\/www.agencedumas.fr\/location-appartement-eze\/","og_site_name":"Dumas","article_publisher":"https:\/\/www.facebook.com\/Dumas-Realty-100353566141360\/","article_modified_time":"2023-09-14T16:08:44+00:00","twitter_card":"summary_large_image","twitter_misc":{"Est. reading time":"3 minutes"},"schema":{"@context":"https:\/\/schema.org","@graph":[{"@type":"WebPage","@id":"https:\/\/www.agencedumas.fr\/location-appartement-eze\/","url":"https:\/\/www.agencedumas.fr\/location-appartement-eze\/","name":"Location Appartement Eze - Dumas Immobilier","isPartOf":{"@id":"https:\/\/www.agencedumas.fr\/#website"},"datePublished":"2020-04-27T11:14:10+00:00","dateModified":"2023-09-14T16:08:44+00:00","description":"Vous cherchez \u00e0 louer un appartement \u00e0 Eze ? L'agence Dumas Immobilier vous propose des appartements haut de gamme \u00e0 louer \u00e0 Eze.","inLanguage":"ru-RU","potentialAction":[{"@type":"ReadAction","target":["https:\/\/www.agencedumas.fr\/location-appartement-eze\/"]}]},{"@type":"WebSite","@id":"https:\/\/www.agencedumas.fr\/#website","url":"https:\/\/www.agencedumas.fr\/","name":"Dumas","description":"Agence Immobili\u00e8re Villefranche, Beaulieu et Saint-Jean-Cap-Ferrat","potentialAction":[{"@type":"SearchAction","target":{"@type":"EntryPoint","urlTemplate":"https:\/\/www.agencedumas.fr\/?s={search_term_string}"},"query-input":{"@type":"PropertyValueSpecification","valueRequired":true,"valueName":"search_term_string"}}],"inLanguage":"ru-RU"}]}},"_links":{"self":[{"href":"https:\/\/www.agencedumas.fr\/ru\/wp-json\/wp\/v2\/pages\/1416550","targetHints":{"allow":["GET"]}}],"collection":[{"href":"https:\/\/www.agencedumas.fr\/ru\/wp-json\/wp\/v2\/pages"}],"about":[{"href":"https:\/\/www.agencedumas.fr\/ru\/wp-json\/wp\/v2\/types\/page"}],"author":[{"embeddable":true,"href":"https:\/\/www.agencedumas.fr\/ru\/wp-json\/wp\/v2\/users\/2"}],"replies":[{"embeddable":true,"href":"https:\/\/www.agencedumas.fr\/ru\/wp-json\/wp\/v2\/comments?post=1416550"}],"version-history":[{"count":0,"href":"https:\/\/www.agencedumas.fr\/ru\/wp-json\/wp\/v2\/pages\/1416550\/revisions"}],"wp:attachment":[{"href":"https:\/\/www.agencedumas.fr\/ru\/wp-json\/wp\/v2\/media?parent=1416550"}],"curies":[{"name":"wp","href":"https:\/\/api.w.org\/{rel}","templated":true}]}}