{"id":1416551,"date":"2020-04-16T17:41:12","date_gmt":"2020-04-16T15:41:12","guid":{"rendered":"https:\/\/www.agencedumas.fr\/location-appartement-beaulieu-sur-mer\/"},"modified":"2023-09-14T18:07:38","modified_gmt":"2023-09-14T16:07:38","slug":"location-appartement-beaulieu-sur-mer","status":"publish","type":"page","link":"https:\/\/www.agencedumas.fr\/ru\/location-appartement-beaulieu-sur-mer\/","title":{"rendered":"Location Appartement Beaulieu-sur-Mer"},"content":{"rendered":"\r\n<p>Beaulieu-sur-mer se trouve \u00e0 proximit\u00e9 de <a href=\"https:\/\/www.agencedumas.fr\/ru\/location-appartement-villefranche-sur-mer\/\">Villefranche-sur-Mer<\/a>, <a href=\"https:\/\/www.agencedumas.fr\/ru\/location-appartement-saint-jean-cap-ferrat\/\">Saint-Jean-Cap-Ferrat<\/a> et d\u2019\u00c8ze. Entre mer et Montagne, Beaulieu-sur-mer est l\u2019une des plus belles destinations de la C\u00f4te d\u2019Azur. L\u2019<strong>agence immobili\u00e8re Dumas<\/strong> vous propose des <strong>annonces exclusives d\u2019appartements<\/strong> \u00e0 louer \u00e0 Beaulieu-sur-mer.<\/p>\r\n<p>La ville dispose de tous les atouts pour s\u00e9duire sa client\u00e8le\u00a0: port de plaisance, commerces de proximit\u00e9, casino, h\u00f4tels, restaurants \u00e9toil\u00e9s, plages de r\u00eave etc. Ce sont les t\u00eates couronn\u00e9es et les c\u00e9l\u00e9brit\u00e9s qui ont \u00e9t\u00e9 les premiers \u00e0 avoir un coup de c\u0153ur pour <strong>Beaulieu-sur-mer<\/strong>. En louant un <strong>appartement \u00e0 Beaulieu-sur-mer<\/strong>, vous trouverez calme et qui\u00e9tude.<\/p>\r\n<h2>Beaulieu-sur-mer\u00a0: Quelles sont ses particularit\u00e9s\u00a0?<\/h2>\r\n<p>Beaulieu-sur-mer vous s\u00e9duira \u00e0 coup s\u00fbr, avec d\u2019une part la montagne et d\u2019autre part la mer. Tout le monde trouve son compte \u00e0 Beaulieu-sur-mer, aussi bien les amoureux de la nature que les amateurs de sports nautiques.<\/p>\r\n<p>Avec un climat cl\u00e9ment toute l\u2019ann\u00e9e, Beaulieu-sur-mer dispose de tous les atouts pour s\u00e9duire les personnes qui recherchent \u00e0 <strong>louer un appartement<\/strong> dans un lieu calme et proche de la mer. Si vous souhaitez <strong>louer un appartement \u00e0 Beaulieu-sur-mer<\/strong>, il n\u2019y a qu\u2019un seul mot d\u2019ordre, faites appel \u00e0 l\u2019agence immobili\u00e8re Dumas, sp\u00e9cialiste du secteur depuis 1967.<\/p>\r\n<p>Que ce soit pour louer un studio, un deux pi\u00e8ces, un trois pi\u00e8ces ou un quatre pi\u00e8ces et plus, l\u2019agence Dumas vous trouvera <strong>l\u2019appartement \u00e0 louer<\/strong> qui correspond \u00e0 vos crit\u00e8res de recherche.<\/p>\r\n<h2>Location saisonni\u00e8re ou annuelle \u00e0 Beaulieu-sur-mer<\/h2>\r\n<p>Implant\u00e9e dans la r\u00e9gion depuis 1967, l\u2019agence Dumas conna\u00eet tous les coins et recoins de Beaulieu-sur-mer. Notre agence immobili\u00e8re propose \u00e0 la location diff\u00e9rents types d\u2019appartements (T1, T2, T3, T4 +) pour une location saisonni\u00e8re ou annuelle. Beaulieu-sur-Mer offre un riche patrimoine immobilier avec de somptueuses <strong>copropri\u00e9t\u00e9s de luxe<\/strong>.<\/p>\r\n<p>Avec <strong>l\u2019agence immobili\u00e8re Dumas<\/strong>, vous trouverez l\u2019appartement id\u00e9al en location, avec vue mer \u00e0 couper le souffle. Vous profiterez \u00e9galement d\u2019un paysage ensoleill\u00e9 exceptionnel, les plages paradisiaques font de Beaulieu-sur-Mer l&#8217;un des plus beaux sites de la C\u00f4te d&#8217;Azur. L&#8217;agence immobili\u00e8re Dumas est situ\u00e9e dans un endroit privil\u00e9gi\u00e9 du <strong>centre-ville de Beaulieu-sur-Mer<\/strong>.<\/p>\r\n<p>Nos <strong>agents immobiliers<\/strong> vous proposent un large choix d&#8217;annonces d\u2019appartements en location \u00e0 des prix tr\u00e8s vari\u00e9s. Notre agence immobili\u00e8re situ\u00e9e \u00e0 Beaulieu-sur-Mer est heureuse de vous proposer un service personnalis\u00e9 pour vous accompagner \u00e0 chaque \u00e9tape de la <strong>location de votre appartement<\/strong>.<\/p>\r\n\r\n\r\n\r\n<p>&nbsp;<\/p>\r\n","protected":false},"excerpt":{"rendered":"<p>Beaulieu-sur-mer se trouve \u00e0 proximit\u00e9 de Villefranche-sur-Mer, Saint-Jean-Cap-Ferrat et d\u2019\u00c8ze. Entre mer et Montagne, Beaulieu-sur-mer est l\u2019une des plus belles [&hellip;]<\/p>\n","protected":false},"author":2,"featured_media":0,"parent":0,"menu_order":29,"comment_status":"closed","ping_status":"closed","template":"template-listing.php","meta":{"_acf_changed":false,"footnotes":""},"class_list":["post-1416551","page","type-page","status-publish","hentry"],"acf":[],"yoast_head":"<!-- This site is optimized with the Yoast SEO plugin v26.0 - https:\/\/yoast.com\/wordpress\/plugins\/seo\/ -->\n<title>Acheter un appartement \u00e0 Beaulieu-sur-Mer - Dumas Immobilier<\/title>\n<meta name=\"description\" content=\"Vous avez comme projet d&#039;acheter un appartement \u00e0 Beaulieu-sur-Mer ? L&#039;agence Dumas vous propose des appartements \u00e0 Beaulieu-sur-Mer.\" \/>\n<meta name=\"robots\" content=\"index, follow, max-snippet:-1, max-image-preview:large, max-video-preview:-1\" \/>\n<link rel=\"canonical\" href=\"https:\/\/www.agencedumas.fr\/location-appartement-beaulieu-sur-mer\/\" \/>\n<meta property=\"og:locale\" content=\"ru_RU\" \/>\n<meta property=\"og:type\" content=\"article\" \/>\n<meta property=\"og:title\" content=\"Acheter un appartement \u00e0 Beaulieu-sur-Mer - Dumas Immobilier\" \/>\n<meta property=\"og:description\" content=\"Vous avez comme projet d&#039;acheter un appartement \u00e0 Beaulieu-sur-Mer ? L&#039;agence Dumas vous propose des appartements \u00e0 Beaulieu-sur-Mer.\" \/>\n<meta property=\"og:url\" content=\"https:\/\/www.agencedumas.fr\/location-appartement-beaulieu-sur-mer\/\" \/>\n<meta property=\"og:site_name\" content=\"Dumas\" \/>\n<meta property=\"article:publisher\" content=\"https:\/\/www.facebook.com\/Dumas-Realty-100353566141360\/\" \/>\n<meta property=\"article:modified_time\" content=\"2023-09-14T16:07:38+00:00\" \/>\n<meta name=\"twitter:card\" content=\"summary_large_image\" \/>\n<meta name=\"twitter:label1\" content=\"Est. reading time\" \/>\n\t<meta name=\"twitter:data1\" content=\"2 minutes\" \/>\n<script type=\"application\/ld+json\" class=\"yoast-schema-graph\">{\"@context\":\"https:\/\/schema.org\",\"@graph\":[{\"@type\":\"WebPage\",\"@id\":\"https:\/\/www.agencedumas.fr\/location-appartement-beaulieu-sur-mer\/\",\"url\":\"https:\/\/www.agencedumas.fr\/location-appartement-beaulieu-sur-mer\/\",\"name\":\"Acheter un appartement \u00e0 Beaulieu-sur-Mer - Dumas Immobilier\",\"isPartOf\":{\"@id\":\"https:\/\/www.agencedumas.fr\/#website\"},\"datePublished\":\"2020-04-16T15:41:12+00:00\",\"dateModified\":\"2023-09-14T16:07:38+00:00\",\"description\":\"Vous avez comme projet d'acheter un appartement \u00e0 Beaulieu-sur-Mer ? L'agence Dumas vous propose des appartements \u00e0 Beaulieu-sur-Mer.\",\"inLanguage\":\"ru-RU\",\"potentialAction\":[{\"@type\":\"ReadAction\",\"target\":[\"https:\/\/www.agencedumas.fr\/location-appartement-beaulieu-sur-mer\/\"]}]},{\"@type\":\"WebSite\",\"@id\":\"https:\/\/www.agencedumas.fr\/#website\",\"url\":\"https:\/\/www.agencedumas.fr\/\",\"name\":\"Dumas\",\"description\":\"Agence Immobili\u00e8re Villefranche, Beaulieu et Saint-Jean-Cap-Ferrat\",\"potentialAction\":[{\"@type\":\"SearchAction\",\"target\":{\"@type\":\"EntryPoint\",\"urlTemplate\":\"https:\/\/www.agencedumas.fr\/?s={search_term_string}\"},\"query-input\":{\"@type\":\"PropertyValueSpecification\",\"valueRequired\":true,\"valueName\":\"search_term_string\"}}],\"inLanguage\":\"ru-RU\"}]}<\/script>\n<!-- \/ Yoast SEO plugin. -->","yoast_head_json":{"title":"Acheter un appartement \u00e0 Beaulieu-sur-Mer - Dumas Immobilier","description":"Vous avez comme projet d'acheter un appartement \u00e0 Beaulieu-sur-Mer ? L'agence Dumas vous propose des appartements \u00e0 Beaulieu-sur-Mer.","robots":{"index":"index","follow":"follow","max-snippet":"max-snippet:-1","max-image-preview":"max-image-preview:large","max-video-preview":"max-video-preview:-1"},"canonical":"https:\/\/www.agencedumas.fr\/location-appartement-beaulieu-sur-mer\/","og_locale":"ru_RU","og_type":"article","og_title":"Acheter un appartement \u00e0 Beaulieu-sur-Mer - Dumas Immobilier","og_description":"Vous avez comme projet d'acheter un appartement \u00e0 Beaulieu-sur-Mer ? L'agence Dumas vous propose des appartements \u00e0 Beaulieu-sur-Mer.","og_url":"https:\/\/www.agencedumas.fr\/location-appartement-beaulieu-sur-mer\/","og_site_name":"Dumas","article_publisher":"https:\/\/www.facebook.com\/Dumas-Realty-100353566141360\/","article_modified_time":"2023-09-14T16:07:38+00:00","twitter_card":"summary_large_image","twitter_misc":{"Est. reading time":"2 minutes"},"schema":{"@context":"https:\/\/schema.org","@graph":[{"@type":"WebPage","@id":"https:\/\/www.agencedumas.fr\/location-appartement-beaulieu-sur-mer\/","url":"https:\/\/www.agencedumas.fr\/location-appartement-beaulieu-sur-mer\/","name":"Acheter un appartement \u00e0 Beaulieu-sur-Mer - Dumas Immobilier","isPartOf":{"@id":"https:\/\/www.agencedumas.fr\/#website"},"datePublished":"2020-04-16T15:41:12+00:00","dateModified":"2023-09-14T16:07:38+00:00","description":"Vous avez comme projet d'acheter un appartement \u00e0 Beaulieu-sur-Mer ? L'agence Dumas vous propose des appartements \u00e0 Beaulieu-sur-Mer.","inLanguage":"ru-RU","potentialAction":[{"@type":"ReadAction","target":["https:\/\/www.agencedumas.fr\/location-appartement-beaulieu-sur-mer\/"]}]},{"@type":"WebSite","@id":"https:\/\/www.agencedumas.fr\/#website","url":"https:\/\/www.agencedumas.fr\/","name":"Dumas","description":"Agence Immobili\u00e8re Villefranche, Beaulieu et Saint-Jean-Cap-Ferrat","potentialAction":[{"@type":"SearchAction","target":{"@type":"EntryPoint","urlTemplate":"https:\/\/www.agencedumas.fr\/?s={search_term_string}"},"query-input":{"@type":"PropertyValueSpecification","valueRequired":true,"valueName":"search_term_string"}}],"inLanguage":"ru-RU"}]}},"_links":{"self":[{"href":"https:\/\/www.agencedumas.fr\/ru\/wp-json\/wp\/v2\/pages\/1416551","targetHints":{"allow":["GET"]}}],"collection":[{"href":"https:\/\/www.agencedumas.fr\/ru\/wp-json\/wp\/v2\/pages"}],"about":[{"href":"https:\/\/www.agencedumas.fr\/ru\/wp-json\/wp\/v2\/types\/page"}],"author":[{"embeddable":true,"href":"https:\/\/www.agencedumas.fr\/ru\/wp-json\/wp\/v2\/users\/2"}],"replies":[{"embeddable":true,"href":"https:\/\/www.agencedumas.fr\/ru\/wp-json\/wp\/v2\/comments?post=1416551"}],"version-history":[{"count":0,"href":"https:\/\/www.agencedumas.fr\/ru\/wp-json\/wp\/v2\/pages\/1416551\/revisions"}],"wp:attachment":[{"href":"https:\/\/www.agencedumas.fr\/ru\/wp-json\/wp\/v2\/media?parent=1416551"}],"curies":[{"name":"wp","href":"https:\/\/api.w.org\/{rel}","templated":true}]}}