{"id":1416552,"date":"2020-04-16T17:40:16","date_gmt":"2020-04-16T15:40:16","guid":{"rendered":"https:\/\/www.agencedumas.fr\/location-appartement-saint-jean-cap-ferrat\/"},"modified":"2023-09-14T18:09:01","modified_gmt":"2023-09-14T16:09:01","slug":"location-appartement-saint-jean-cap-ferrat","status":"publish","type":"page","link":"https:\/\/www.agencedumas.fr\/ru\/location-appartement-saint-jean-cap-ferrat\/","title":{"rendered":"Location Appartement Saint-Jean-Cap-Ferrat"},"content":{"rendered":"\r\n<p>Situ\u00e9e dans le d\u00e9partement des Alpes-Maritimes, la commune de <strong>Saint-Jean-Cap-Ferrat<\/strong> \u00e9tait autrefois un petit village de p\u00eacheurs. Aujourd\u2019hui, c\u2019est une destination qui attire chaque ann\u00e9e de nombreuses c\u00e9l\u00e9brit\u00e9s. Malgr\u00e9 sa forte fr\u00e9quentation touristique, Saint-Jean-Cap-Ferrat a conserv\u00e9 son authenticit\u00e9 et sa douceur de vivre.<\/p>\r\n<p>Nombreux sont ceux qui veulent <strong>louer un appartement \u00e0 Saint-Jean-Cap-Ferrat<\/strong>, ne serait-ce que pour la beaut\u00e9 de son paysage et sa proximit\u00e9 avec la mer. Si vous souhaitez louer un appartement \u00e0 Saint-Jean-Cap-Ferrat, contactez l\u2019agence Dumas. Notre <strong>agence immobili\u00e8re<\/strong> est implant\u00e9e dans la r\u00e9gion depuis la fin des ann\u00e9es 60. Connaissant bien le secteur, l\u2019agence Dumas vous trouvera en peu de temps un <strong>appartement en location \u00e0 Saint-Jean-Cap-Ferrat<\/strong>.<\/p>\r\n<h2>La situation g\u00e9ographique de Saint-Jean-Cap-Ferrat<\/h2>\r\n<p>Saint-Jean-Cap-Ferrat b\u00e9n\u00e9ficie d\u2019un climat agr\u00e9able toute l\u2019ann\u00e9e, sa proximit\u00e9 avec la mer, ainsi que la richesse de ses fonds marins font de la r\u00e9gion le lieu id\u00e9al pour s\u2019adonner \u00e0 la pratique de diff\u00e9rents sports nautiques.<\/p>\r\n<p>Saint-Jean-Cap-Ferrat n\u2019est pas uniquement une station baln\u00e9aire, c\u2019est \u00e9galement une commune riche en histoire. En effet, de nombreux monuments et \u00e9difices historiques sont encore visibles sur les lieux, telle que par exemple la <strong>Villa Ephrussi-de-Rothschild<\/strong> et son <strong>parc botanique<\/strong>. Cette ancienne demeure de la baronne B\u00e9atrice de Rothschild est aujourd\u2019hui ouverte au public, tout comme les autres monuments qui font le charme de Saint-Jean-Cap-Ferrat.<\/p>\r\n<h2>Trouver un appartement en location \u00e0 Saint-Jean-Cap-Ferrat<\/h2>\r\n<p>L\u2019agence Dumas est sp\u00e9cialiste depuis 1967 du <strong>march\u00e9 immobilier<\/strong> de Saint-Jean-Cap-Ferrat, <a href=\"https:\/\/www.agencedumas.fr\/ru\/location-appartement-beaulieu-sur-mer\/\">Beaulieu-sur-Mer<\/a> et <a href=\"https:\/\/www.agencedumas.fr\/ru\/location-appartement-villefranche-sur-mer\/\">Villefranche-sur-Mer<\/a>, l\u2019agence collabore avec de nombreux propri\u00e9taires qui proposent leur prestigieux appartement \u00e0 la location.<\/p>\r\n<p>La plupart des biens immobiliers de Saint-Jean-Cap-Ferrat sont des r\u00e9sidences secondaires que les propri\u00e9taires cherchent \u00e0 rentabiliser en les louant \u00e0 l\u2019ann\u00e9e ou en saisonnier. Pour discuter de votre <strong>recherche d\u2019appartement en location \u00e0 Saint-Jean-Cap-Ferrat<\/strong>, contactez d\u00e8s \u00e0 pr\u00e9sent notre agence immobili\u00e8re et d\u00e9couvrez nos annonces sur notre site internet.<\/p>\r\n","protected":false},"excerpt":{"rendered":"<p>Situ\u00e9e dans le d\u00e9partement des Alpes-Maritimes, la commune de Saint-Jean-Cap-Ferrat \u00e9tait autrefois un petit village de p\u00eacheurs. Aujourd\u2019hui, c\u2019est une [&hellip;]<\/p>\n","protected":false},"author":2,"featured_media":0,"parent":0,"menu_order":84,"comment_status":"closed","ping_status":"closed","template":"template-listing.php","meta":{"_acf_changed":false,"footnotes":""},"class_list":["post-1416552","page","type-page","status-publish","hentry"],"acf":[],"yoast_head":"<!-- This site is optimized with the Yoast SEO plugin v26.0 - https:\/\/yoast.com\/wordpress\/plugins\/seo\/ -->\n<title>Location Appartement \u00e0 Saint-Jean-Cap-Ferrat - Dumas Immobilier<\/title>\n<meta name=\"description\" content=\"Vous souhaitez trouver des appartements en location \u00e0 Saint-Jean-Cap-Ferrat ? L&#039;agence Dumas vous propose des appartements \u00e0 louer.\" \/>\n<meta name=\"robots\" content=\"index, follow, max-snippet:-1, max-image-preview:large, max-video-preview:-1\" \/>\n<link rel=\"canonical\" href=\"https:\/\/www.agencedumas.fr\/location-appartement-saint-jean-cap-ferrat\/\" \/>\n<meta property=\"og:locale\" content=\"ru_RU\" \/>\n<meta property=\"og:type\" content=\"article\" \/>\n<meta property=\"og:title\" content=\"Location Appartement \u00e0 Saint-Jean-Cap-Ferrat - Dumas Immobilier\" \/>\n<meta property=\"og:description\" content=\"Vous souhaitez trouver des appartements en location \u00e0 Saint-Jean-Cap-Ferrat ? L&#039;agence Dumas vous propose des appartements \u00e0 louer.\" \/>\n<meta property=\"og:url\" content=\"https:\/\/www.agencedumas.fr\/location-appartement-saint-jean-cap-ferrat\/\" \/>\n<meta property=\"og:site_name\" content=\"Dumas\" \/>\n<meta property=\"article:publisher\" content=\"https:\/\/www.facebook.com\/Dumas-Realty-100353566141360\/\" \/>\n<meta property=\"article:modified_time\" content=\"2023-09-14T16:09:01+00:00\" \/>\n<meta name=\"twitter:card\" content=\"summary_large_image\" \/>\n<meta name=\"twitter:label1\" content=\"Est. reading time\" \/>\n\t<meta name=\"twitter:data1\" content=\"2 minutes\" \/>\n<script type=\"application\/ld+json\" class=\"yoast-schema-graph\">{\"@context\":\"https:\/\/schema.org\",\"@graph\":[{\"@type\":\"WebPage\",\"@id\":\"https:\/\/www.agencedumas.fr\/location-appartement-saint-jean-cap-ferrat\/\",\"url\":\"https:\/\/www.agencedumas.fr\/location-appartement-saint-jean-cap-ferrat\/\",\"name\":\"Location Appartement \u00e0 Saint-Jean-Cap-Ferrat - Dumas Immobilier\",\"isPartOf\":{\"@id\":\"https:\/\/www.agencedumas.fr\/#website\"},\"datePublished\":\"2020-04-16T15:40:16+00:00\",\"dateModified\":\"2023-09-14T16:09:01+00:00\",\"description\":\"Vous souhaitez trouver des appartements en location \u00e0 Saint-Jean-Cap-Ferrat ? L'agence Dumas vous propose des appartements \u00e0 louer.\",\"inLanguage\":\"ru-RU\",\"potentialAction\":[{\"@type\":\"ReadAction\",\"target\":[\"https:\/\/www.agencedumas.fr\/location-appartement-saint-jean-cap-ferrat\/\"]}]},{\"@type\":\"WebSite\",\"@id\":\"https:\/\/www.agencedumas.fr\/#website\",\"url\":\"https:\/\/www.agencedumas.fr\/\",\"name\":\"Dumas\",\"description\":\"Agence Immobili\u00e8re Villefranche, Beaulieu et Saint-Jean-Cap-Ferrat\",\"potentialAction\":[{\"@type\":\"SearchAction\",\"target\":{\"@type\":\"EntryPoint\",\"urlTemplate\":\"https:\/\/www.agencedumas.fr\/?s={search_term_string}\"},\"query-input\":{\"@type\":\"PropertyValueSpecification\",\"valueRequired\":true,\"valueName\":\"search_term_string\"}}],\"inLanguage\":\"ru-RU\"}]}<\/script>\n<!-- \/ Yoast SEO plugin. -->","yoast_head_json":{"title":"Location Appartement \u00e0 Saint-Jean-Cap-Ferrat - Dumas Immobilier","description":"Vous souhaitez trouver des appartements en location \u00e0 Saint-Jean-Cap-Ferrat ? L'agence Dumas vous propose des appartements \u00e0 louer.","robots":{"index":"index","follow":"follow","max-snippet":"max-snippet:-1","max-image-preview":"max-image-preview:large","max-video-preview":"max-video-preview:-1"},"canonical":"https:\/\/www.agencedumas.fr\/location-appartement-saint-jean-cap-ferrat\/","og_locale":"ru_RU","og_type":"article","og_title":"Location Appartement \u00e0 Saint-Jean-Cap-Ferrat - Dumas Immobilier","og_description":"Vous souhaitez trouver des appartements en location \u00e0 Saint-Jean-Cap-Ferrat ? L'agence Dumas vous propose des appartements \u00e0 louer.","og_url":"https:\/\/www.agencedumas.fr\/location-appartement-saint-jean-cap-ferrat\/","og_site_name":"Dumas","article_publisher":"https:\/\/www.facebook.com\/Dumas-Realty-100353566141360\/","article_modified_time":"2023-09-14T16:09:01+00:00","twitter_card":"summary_large_image","twitter_misc":{"Est. reading time":"2 minutes"},"schema":{"@context":"https:\/\/schema.org","@graph":[{"@type":"WebPage","@id":"https:\/\/www.agencedumas.fr\/location-appartement-saint-jean-cap-ferrat\/","url":"https:\/\/www.agencedumas.fr\/location-appartement-saint-jean-cap-ferrat\/","name":"Location Appartement \u00e0 Saint-Jean-Cap-Ferrat - Dumas Immobilier","isPartOf":{"@id":"https:\/\/www.agencedumas.fr\/#website"},"datePublished":"2020-04-16T15:40:16+00:00","dateModified":"2023-09-14T16:09:01+00:00","description":"Vous souhaitez trouver des appartements en location \u00e0 Saint-Jean-Cap-Ferrat ? L'agence Dumas vous propose des appartements \u00e0 louer.","inLanguage":"ru-RU","potentialAction":[{"@type":"ReadAction","target":["https:\/\/www.agencedumas.fr\/location-appartement-saint-jean-cap-ferrat\/"]}]},{"@type":"WebSite","@id":"https:\/\/www.agencedumas.fr\/#website","url":"https:\/\/www.agencedumas.fr\/","name":"Dumas","description":"Agence Immobili\u00e8re Villefranche, Beaulieu et Saint-Jean-Cap-Ferrat","potentialAction":[{"@type":"SearchAction","target":{"@type":"EntryPoint","urlTemplate":"https:\/\/www.agencedumas.fr\/?s={search_term_string}"},"query-input":{"@type":"PropertyValueSpecification","valueRequired":true,"valueName":"search_term_string"}}],"inLanguage":"ru-RU"}]}},"_links":{"self":[{"href":"https:\/\/www.agencedumas.fr\/ru\/wp-json\/wp\/v2\/pages\/1416552","targetHints":{"allow":["GET"]}}],"collection":[{"href":"https:\/\/www.agencedumas.fr\/ru\/wp-json\/wp\/v2\/pages"}],"about":[{"href":"https:\/\/www.agencedumas.fr\/ru\/wp-json\/wp\/v2\/types\/page"}],"author":[{"embeddable":true,"href":"https:\/\/www.agencedumas.fr\/ru\/wp-json\/wp\/v2\/users\/2"}],"replies":[{"embeddable":true,"href":"https:\/\/www.agencedumas.fr\/ru\/wp-json\/wp\/v2\/comments?post=1416552"}],"version-history":[{"count":0,"href":"https:\/\/www.agencedumas.fr\/ru\/wp-json\/wp\/v2\/pages\/1416552\/revisions"}],"wp:attachment":[{"href":"https:\/\/www.agencedumas.fr\/ru\/wp-json\/wp\/v2\/media?parent=1416552"}],"curies":[{"name":"wp","href":"https:\/\/api.w.org\/{rel}","templated":true}]}}