{"id":1416554,"date":"2020-04-16T17:37:46","date_gmt":"2020-04-16T15:37:46","guid":{"rendered":"https:\/\/www.agencedumas.fr\/location-villa-beaulieu-sur-mer\/"},"modified":"2023-09-14T18:15:27","modified_gmt":"2023-09-14T16:15:27","slug":"location-villa-beaulieu-sur-mer","status":"publish","type":"page","link":"https:\/\/www.agencedumas.fr\/ru\/location-villa-beaulieu-sur-mer\/","title":{"rendered":"Location Maison Beaulieu-sur-Mer"},"content":{"rendered":"\r\n<p>Beaulieu-sur-mer, est une des perles de la C\u00f4te d\u2019Azur, c\u2019est l\u2019une des plus belles destinations touristiques de France. Cette petite commune des <strong>Alpes-Maritimes<\/strong> est un excellent choix si vous recherchez le calme et la tranquillit\u00e9.<\/p>\r\n<p>C\u2019est un endroit o\u00f9 on aime passer de bons moments de d\u00e9tente en famille ou entre amis, le soleil est au rendez-vous tout au long de l\u2019ann\u00e9e. Beaulieu-sur-mer est aujourd\u2019hui une destination privil\u00e9gi\u00e9e, contactez l\u2019agence Dumas pour y <strong>louer une villa<\/strong>. On ne peut qu\u2019aimer Beaulieu-sur-mer, ne serait-ce que pour la beaut\u00e9 de son paysage, son architecture et ses plages de r\u00eave. Cette petite commune est devenue le haut lieu de vill\u00e9giature des c\u00e9l\u00e9brit\u00e9s internationales.<\/p>\r\n<h2>Beaulieu-sur-mer et ses atouts<\/h2>\r\n<p>Beaulieu-sur-mer est une tr\u00e8s belle destination touristique, situ\u00e9e \u00e0 proximit\u00e9 de <a href=\"https:\/\/www.agencedumas.fr\/ru\/location-villa-villefranche-sur-mer\/\">Villefranche-sur-mer<\/a> et de <a href=\"https:\/\/www.agencedumas.fr\/ru\/location-villa-saint-jean-cap-ferrat\/\">Saint-Jean-Cap-Ferrat<\/a>. Tous les atouts sont r\u00e9unis pour faire de Beaulieu-sur-mer, l\u2019une des destinations les plus pris\u00e9es de la C\u00f4te d\u2019Azur pour y louer une villa.<\/p>\r\n<p>Si vous souhaitez louer une villa \u00e0 <strong>Beaulieu-sur-mer<\/strong>, l\u2019agence Dumas vous propose de nombreuses <strong>annonces de villas en location<\/strong>. Vous pouvez d\u2019ailleurs d\u00e9couvrir sur notre site web, nos villas disponibles actuellement en location \u00e0 Beaulieu-sur-mer, Saint-Jean-Cap-Ferrat ou encore Villefranche-sur-Mer.<\/p>\r\n<h2>Louer une villa \u00e0 Beaulieu-sur-mer<\/h2>\r\n<p>Beaulieu-sur-mer est la destination id\u00e9ale pour se reposer et se ressourcer. Vous pouvez y louer une maison tout au long de l\u2019ann\u00e9e ou pendant vos vacances. L\u2019agence Dumas propose \u00e0 <strong>la location de villas de haut standing<\/strong> \u00e0 Beaulieu-sur-mer, Eze, Saint-Jean-Cap-Ferrat ou encore Villefranche-sur-mer.<\/p>\r\n<p>Toutes les <strong>villas en location<\/strong> propos\u00e9es par <strong>l\u2019agence Dumas<\/strong> sont s\u00e9lectionn\u00e9es selon des crit\u00e8res de qualit\u00e9 tr\u00e8s strictes\u00a0: prix, exposition, jardin, piscine, nombre de chambres etc. L\u2019agence immobili\u00e8re Dumas est implant\u00e9e \u00e0 Beaulieu-sur-mer depuis 1967. Nos <strong>agents immobiliers<\/strong> vous proposent les plus belles villas \u00e0 la location de la r\u00e9gion\u00a0: pieds dans l\u2019eau, <strong>vue mer panoramique<\/strong>, piscine privative etc, contactez notre agence pour discuter de votre recherche.<\/p>\r\n","protected":false},"excerpt":{"rendered":"<p>Beaulieu-sur-mer, est une des perles de la C\u00f4te d\u2019Azur, c\u2019est l\u2019une des plus belles destinations touristiques de France. Cette petite [&hellip;]<\/p>\n","protected":false},"author":2,"featured_media":0,"parent":0,"menu_order":94,"comment_status":"closed","ping_status":"closed","template":"template-listing.php","meta":{"_acf_changed":false,"footnotes":""},"class_list":["post-1416554","page","type-page","status-publish","hentry"],"acf":[],"yoast_head":"<!-- This site is optimized with the Yoast SEO plugin v26.0 - https:\/\/yoast.com\/wordpress\/plugins\/seo\/ -->\n<title>Location Maison Beaulieu-sur-Mer - Dumas Immobilier<\/title>\n<meta name=\"description\" content=\"Vous \u00eates \u00e0 la recherche d&#039;une villa \u00e0 Beaulieu-sur-Mer ? L&#039;agence Dumas vous propose de magnifiques villas \u00e0 louer \u00e0 Beaulieu-sur-Mer.\" \/>\n<meta name=\"robots\" content=\"index, follow, max-snippet:-1, max-image-preview:large, max-video-preview:-1\" \/>\n<link rel=\"canonical\" href=\"https:\/\/www.agencedumas.fr\/location-villa-beaulieu-sur-mer\/\" \/>\n<meta property=\"og:locale\" content=\"ru_RU\" \/>\n<meta property=\"og:type\" content=\"article\" \/>\n<meta property=\"og:title\" content=\"Location Maison Beaulieu-sur-Mer - Dumas Immobilier\" \/>\n<meta property=\"og:description\" content=\"Vous \u00eates \u00e0 la recherche d&#039;une villa \u00e0 Beaulieu-sur-Mer ? L&#039;agence Dumas vous propose de magnifiques villas \u00e0 louer \u00e0 Beaulieu-sur-Mer.\" \/>\n<meta property=\"og:url\" content=\"https:\/\/www.agencedumas.fr\/location-villa-beaulieu-sur-mer\/\" \/>\n<meta property=\"og:site_name\" content=\"Dumas\" \/>\n<meta property=\"article:publisher\" content=\"https:\/\/www.facebook.com\/Dumas-Realty-100353566141360\/\" \/>\n<meta property=\"article:modified_time\" content=\"2023-09-14T16:15:27+00:00\" \/>\n<meta name=\"twitter:card\" content=\"summary_large_image\" \/>\n<meta name=\"twitter:label1\" content=\"Est. reading time\" \/>\n\t<meta name=\"twitter:data1\" content=\"2 minutes\" \/>\n<script type=\"application\/ld+json\" class=\"yoast-schema-graph\">{\"@context\":\"https:\/\/schema.org\",\"@graph\":[{\"@type\":\"WebPage\",\"@id\":\"https:\/\/www.agencedumas.fr\/location-villa-beaulieu-sur-mer\/\",\"url\":\"https:\/\/www.agencedumas.fr\/location-villa-beaulieu-sur-mer\/\",\"name\":\"Location Maison Beaulieu-sur-Mer - Dumas Immobilier\",\"isPartOf\":{\"@id\":\"https:\/\/www.agencedumas.fr\/#website\"},\"datePublished\":\"2020-04-16T15:37:46+00:00\",\"dateModified\":\"2023-09-14T16:15:27+00:00\",\"description\":\"Vous \u00eates \u00e0 la recherche d'une villa \u00e0 Beaulieu-sur-Mer ? L'agence Dumas vous propose de magnifiques villas \u00e0 louer \u00e0 Beaulieu-sur-Mer.\",\"inLanguage\":\"ru-RU\",\"potentialAction\":[{\"@type\":\"ReadAction\",\"target\":[\"https:\/\/www.agencedumas.fr\/location-villa-beaulieu-sur-mer\/\"]}]},{\"@type\":\"WebSite\",\"@id\":\"https:\/\/www.agencedumas.fr\/#website\",\"url\":\"https:\/\/www.agencedumas.fr\/\",\"name\":\"Dumas\",\"description\":\"Agence Immobili\u00e8re Villefranche, Beaulieu et Saint-Jean-Cap-Ferrat\",\"potentialAction\":[{\"@type\":\"SearchAction\",\"target\":{\"@type\":\"EntryPoint\",\"urlTemplate\":\"https:\/\/www.agencedumas.fr\/?s={search_term_string}\"},\"query-input\":{\"@type\":\"PropertyValueSpecification\",\"valueRequired\":true,\"valueName\":\"search_term_string\"}}],\"inLanguage\":\"ru-RU\"}]}<\/script>\n<!-- \/ Yoast SEO plugin. -->","yoast_head_json":{"title":"Location Maison Beaulieu-sur-Mer - Dumas Immobilier","description":"Vous \u00eates \u00e0 la recherche d'une villa \u00e0 Beaulieu-sur-Mer ? L'agence Dumas vous propose de magnifiques villas \u00e0 louer \u00e0 Beaulieu-sur-Mer.","robots":{"index":"index","follow":"follow","max-snippet":"max-snippet:-1","max-image-preview":"max-image-preview:large","max-video-preview":"max-video-preview:-1"},"canonical":"https:\/\/www.agencedumas.fr\/location-villa-beaulieu-sur-mer\/","og_locale":"ru_RU","og_type":"article","og_title":"Location Maison Beaulieu-sur-Mer - Dumas Immobilier","og_description":"Vous \u00eates \u00e0 la recherche d'une villa \u00e0 Beaulieu-sur-Mer ? L'agence Dumas vous propose de magnifiques villas \u00e0 louer \u00e0 Beaulieu-sur-Mer.","og_url":"https:\/\/www.agencedumas.fr\/location-villa-beaulieu-sur-mer\/","og_site_name":"Dumas","article_publisher":"https:\/\/www.facebook.com\/Dumas-Realty-100353566141360\/","article_modified_time":"2023-09-14T16:15:27+00:00","twitter_card":"summary_large_image","twitter_misc":{"Est. reading time":"2 minutes"},"schema":{"@context":"https:\/\/schema.org","@graph":[{"@type":"WebPage","@id":"https:\/\/www.agencedumas.fr\/location-villa-beaulieu-sur-mer\/","url":"https:\/\/www.agencedumas.fr\/location-villa-beaulieu-sur-mer\/","name":"Location Maison Beaulieu-sur-Mer - Dumas Immobilier","isPartOf":{"@id":"https:\/\/www.agencedumas.fr\/#website"},"datePublished":"2020-04-16T15:37:46+00:00","dateModified":"2023-09-14T16:15:27+00:00","description":"Vous \u00eates \u00e0 la recherche d'une villa \u00e0 Beaulieu-sur-Mer ? L'agence Dumas vous propose de magnifiques villas \u00e0 louer \u00e0 Beaulieu-sur-Mer.","inLanguage":"ru-RU","potentialAction":[{"@type":"ReadAction","target":["https:\/\/www.agencedumas.fr\/location-villa-beaulieu-sur-mer\/"]}]},{"@type":"WebSite","@id":"https:\/\/www.agencedumas.fr\/#website","url":"https:\/\/www.agencedumas.fr\/","name":"Dumas","description":"Agence Immobili\u00e8re Villefranche, Beaulieu et Saint-Jean-Cap-Ferrat","potentialAction":[{"@type":"SearchAction","target":{"@type":"EntryPoint","urlTemplate":"https:\/\/www.agencedumas.fr\/?s={search_term_string}"},"query-input":{"@type":"PropertyValueSpecification","valueRequired":true,"valueName":"search_term_string"}}],"inLanguage":"ru-RU"}]}},"_links":{"self":[{"href":"https:\/\/www.agencedumas.fr\/ru\/wp-json\/wp\/v2\/pages\/1416554","targetHints":{"allow":["GET"]}}],"collection":[{"href":"https:\/\/www.agencedumas.fr\/ru\/wp-json\/wp\/v2\/pages"}],"about":[{"href":"https:\/\/www.agencedumas.fr\/ru\/wp-json\/wp\/v2\/types\/page"}],"author":[{"embeddable":true,"href":"https:\/\/www.agencedumas.fr\/ru\/wp-json\/wp\/v2\/users\/2"}],"replies":[{"embeddable":true,"href":"https:\/\/www.agencedumas.fr\/ru\/wp-json\/wp\/v2\/comments?post=1416554"}],"version-history":[{"count":0,"href":"https:\/\/www.agencedumas.fr\/ru\/wp-json\/wp\/v2\/pages\/1416554\/revisions"}],"wp:attachment":[{"href":"https:\/\/www.agencedumas.fr\/ru\/wp-json\/wp\/v2\/media?parent=1416554"}],"curies":[{"name":"wp","href":"https:\/\/api.w.org\/{rel}","templated":true}]}}