{"id":1416555,"date":"2020-04-27T13:13:34","date_gmt":"2020-04-27T11:13:34","guid":{"rendered":"https:\/\/www.agencedumas.fr\/location-villa-eze\/"},"modified":"2023-09-14T18:10:30","modified_gmt":"2023-09-14T16:10:30","slug":"location-villa-eze","status":"publish","type":"page","link":"https:\/\/www.agencedumas.fr\/ru\/location-villa-eze\/","title":{"rendered":"Location Maison Eze"},"content":{"rendered":"<p>Authentique, calme et dot\u00e9 d\u2019un charme qui lui est particulier, Eze est l\u2019un des plus beaux villages perch\u00e9s de Provence. Cette petite commune nich\u00e9e entre terre et mer se d\u00e9marque par son environnement naturel \u00e9poustouflant, la vue \u00e0 couper le souffle et la proximit\u00e9 de la mer.<\/p>\n<p>Vous souhaitez vous installer dans une ville de la C\u00f4te d\u2019Azur et vous recherchez un endroit paisible, authentique et propice au d\u00e9paysement\u00a0? Eze est v\u00e9ritablement l\u2019endroit id\u00e9al pour vous. Au-del\u00e0 du fait qu\u2019il y fait tr\u00e8s bon \u00e0 vivre, la commune dispose \u00e9galement de propri\u00e9t\u00e9s exceptionnelles \u00e0 louer \u00e0 des prix tr\u00e8s comp\u00e9titifs. De belles maisons vous attendent au c\u0153ur de la ville et dans les alentours. D\u00e9couvrez au plus vite la maison qui vous convient le plus avec l\u2019Agence immobili\u00e8re Dumas. Nous sommes \u00e0 votre enti\u00e8re disposition, alors contactez-nous au plus vite.<\/p>\n<h2>Trouvez la maison \u00e0 louer id\u00e9ale pour vous \u00e0 Eze<\/h2>\n<p>Vous \u00eates tomb\u00e9s sous le charme de ce village\u00a0et vous r\u00eavez de vous y installer\u00a0? Ou bien vous envisagez d\u2019y emm\u00e9nager pour des raisons professionnelles\u00a0? Quel que soit votre projet, vous avez fait un tr\u00e8s bon choix. En effet, notre \u00e9quipe saura vous proposer des villas de standing qui vous permettront de profiter de la splendeur de la ville. Quels que soient votre style de vie et vos pr\u00e9f\u00e9rences, vous allez certainement trouver la maison la plus adapt\u00e9e. Les maisons en location \u00e0 Eze sont toutes nich\u00e9es dans les plus beaux quartiers, en centre-ville ou plus loin,\u00a0au c\u0153ur d\u2019un environnement verdoyant et berc\u00e9 par la brise m\u00e9diterran\u00e9enne.<\/p>\n<h2>Pourquoi louer une maison \u00e0 Eze\u00a0?<\/h2>\n<p>Ville authentique dot\u00e9e d\u2019une richesse historique et culturelle unique en son genre, Eze est l\u2019endroit id\u00e9al pour s\u2019installer. Elle s\u2019\u00e9tend en hauteur, ce qui rend la vue spectaculaire. Vous pouvez compter sur notre \u00e9quipe pour vous trouver des maisons avec vue \u00e9poustouflante sur la mer. Plongez dans un environnement naturel pour \u00eatre d\u00e9pays\u00e9 tout en restant pr\u00e8s de tous les points de vie. Que vous d\u00e9siriez un foyer en centre-ville ou une propri\u00e9t\u00e9 isol\u00e9e, nous saurons vous proposer les meilleures offres.<\/p>\n<h2>L\u2019agence Dumas immobili\u00e8res \u00e0 vos c\u00f4t\u00e9s<\/h2>\n<p>L&#8217;agence Dumas est implant\u00e9e dans la C\u00f4te d\u2019Azur depuis 1967. Gr\u00e2ce \u00e0 nos nombreuses ann\u00e9es d\u2019exp\u00e9rience, notre \u00e9quipe vous aidera dans toutes les d\u00e9marches et formalit\u00e9s li\u00e9es \u00e0 la location de maison \u00e0 Eze. Fiez-vous au savoir-faire d\u2019un acteur incontournable du march\u00e9 immobilier \u00e0 Eze. Notre agence \u00e0 Eze collabore avec de nombreux propri\u00e9taires qui proposent leurs prestigieuses villas en location dans les meilleurs quartiers de la ville.<\/p>\n<p>La majorit\u00e9 des maisons \u00e0 louer dans le village d\u2019Eze sont des r\u00e9sidences secondaires de luxe que les propri\u00e9taires veulent rentabiliser. Ces r\u00e9sidences luxueuses sont lou\u00e9es \u00e0 l\u2019ann\u00e9e ou en location saisonni\u00e8re. Alors, contactez-nous pour trouver rapidement la maison en location qui vous conviendra le mieux \u00e0 Eze, vous pouvez nous contacter d\u00e8s maintenant, notre \u00e9quipe reste \u00e0 votre enti\u00e8re disposition.<\/p>\n","protected":false},"excerpt":{"rendered":"<p>Authentique, calme et dot\u00e9 d\u2019un charme qui lui est particulier, Eze est l\u2019un des plus beaux villages perch\u00e9s de Provence. [&hellip;]<\/p>\n","protected":false},"author":2,"featured_media":0,"parent":0,"menu_order":102,"comment_status":"closed","ping_status":"closed","template":"template-listing.php","meta":{"_acf_changed":false,"footnotes":""},"class_list":["post-1416555","page","type-page","status-publish","hentry"],"acf":[],"yoast_head":"<!-- This site is optimized with the Yoast SEO plugin v26.0 - https:\/\/yoast.com\/wordpress\/plugins\/seo\/ -->\n<title>Location Maison &amp; Villa \u00e0 Eze - Dumas Immobilier<\/title>\n<meta name=\"description\" content=\"Vous souhaitez louer une maison \u00e0 Eze ? L&#039;agence Dumas vous propose des maisons en location \u00e0 Eze, contactez-nous pour visiter.\" \/>\n<meta name=\"robots\" content=\"index, follow, max-snippet:-1, max-image-preview:large, max-video-preview:-1\" \/>\n<link rel=\"canonical\" href=\"https:\/\/www.agencedumas.fr\/location-villa-eze\/\" \/>\n<meta property=\"og:locale\" content=\"ru_RU\" \/>\n<meta property=\"og:type\" content=\"article\" \/>\n<meta property=\"og:title\" content=\"Location Maison &amp; Villa \u00e0 Eze - Dumas Immobilier\" \/>\n<meta property=\"og:description\" content=\"Vous souhaitez louer une maison \u00e0 Eze ? L&#039;agence Dumas vous propose des maisons en location \u00e0 Eze, contactez-nous pour visiter.\" \/>\n<meta property=\"og:url\" content=\"https:\/\/www.agencedumas.fr\/location-villa-eze\/\" \/>\n<meta property=\"og:site_name\" content=\"Dumas\" \/>\n<meta property=\"article:publisher\" content=\"https:\/\/www.facebook.com\/Dumas-Realty-100353566141360\/\" \/>\n<meta property=\"article:modified_time\" content=\"2023-09-14T16:10:30+00:00\" \/>\n<meta name=\"twitter:card\" content=\"summary_large_image\" \/>\n<meta name=\"twitter:label1\" content=\"Est. reading time\" \/>\n\t<meta name=\"twitter:data1\" content=\"3 minutes\" \/>\n<script type=\"application\/ld+json\" class=\"yoast-schema-graph\">{\"@context\":\"https:\/\/schema.org\",\"@graph\":[{\"@type\":\"WebPage\",\"@id\":\"https:\/\/www.agencedumas.fr\/location-villa-eze\/\",\"url\":\"https:\/\/www.agencedumas.fr\/location-villa-eze\/\",\"name\":\"Location Maison & Villa \u00e0 Eze - Dumas Immobilier\",\"isPartOf\":{\"@id\":\"https:\/\/www.agencedumas.fr\/#website\"},\"datePublished\":\"2020-04-27T11:13:34+00:00\",\"dateModified\":\"2023-09-14T16:10:30+00:00\",\"description\":\"Vous souhaitez louer une maison \u00e0 Eze ? L'agence Dumas vous propose des maisons en location \u00e0 Eze, contactez-nous pour visiter.\",\"inLanguage\":\"ru-RU\",\"potentialAction\":[{\"@type\":\"ReadAction\",\"target\":[\"https:\/\/www.agencedumas.fr\/location-villa-eze\/\"]}]},{\"@type\":\"WebSite\",\"@id\":\"https:\/\/www.agencedumas.fr\/#website\",\"url\":\"https:\/\/www.agencedumas.fr\/\",\"name\":\"Dumas\",\"description\":\"Agence Immobili\u00e8re Villefranche, Beaulieu et Saint-Jean-Cap-Ferrat\",\"potentialAction\":[{\"@type\":\"SearchAction\",\"target\":{\"@type\":\"EntryPoint\",\"urlTemplate\":\"https:\/\/www.agencedumas.fr\/?s={search_term_string}\"},\"query-input\":{\"@type\":\"PropertyValueSpecification\",\"valueRequired\":true,\"valueName\":\"search_term_string\"}}],\"inLanguage\":\"ru-RU\"}]}<\/script>\n<!-- \/ Yoast SEO plugin. -->","yoast_head_json":{"title":"Location Maison & Villa \u00e0 Eze - Dumas Immobilier","description":"Vous souhaitez louer une maison \u00e0 Eze ? L'agence Dumas vous propose des maisons en location \u00e0 Eze, contactez-nous pour visiter.","robots":{"index":"index","follow":"follow","max-snippet":"max-snippet:-1","max-image-preview":"max-image-preview:large","max-video-preview":"max-video-preview:-1"},"canonical":"https:\/\/www.agencedumas.fr\/location-villa-eze\/","og_locale":"ru_RU","og_type":"article","og_title":"Location Maison & Villa \u00e0 Eze - Dumas Immobilier","og_description":"Vous souhaitez louer une maison \u00e0 Eze ? L'agence Dumas vous propose des maisons en location \u00e0 Eze, contactez-nous pour visiter.","og_url":"https:\/\/www.agencedumas.fr\/location-villa-eze\/","og_site_name":"Dumas","article_publisher":"https:\/\/www.facebook.com\/Dumas-Realty-100353566141360\/","article_modified_time":"2023-09-14T16:10:30+00:00","twitter_card":"summary_large_image","twitter_misc":{"Est. reading time":"3 minutes"},"schema":{"@context":"https:\/\/schema.org","@graph":[{"@type":"WebPage","@id":"https:\/\/www.agencedumas.fr\/location-villa-eze\/","url":"https:\/\/www.agencedumas.fr\/location-villa-eze\/","name":"Location Maison & Villa \u00e0 Eze - Dumas Immobilier","isPartOf":{"@id":"https:\/\/www.agencedumas.fr\/#website"},"datePublished":"2020-04-27T11:13:34+00:00","dateModified":"2023-09-14T16:10:30+00:00","description":"Vous souhaitez louer une maison \u00e0 Eze ? L'agence Dumas vous propose des maisons en location \u00e0 Eze, contactez-nous pour visiter.","inLanguage":"ru-RU","potentialAction":[{"@type":"ReadAction","target":["https:\/\/www.agencedumas.fr\/location-villa-eze\/"]}]},{"@type":"WebSite","@id":"https:\/\/www.agencedumas.fr\/#website","url":"https:\/\/www.agencedumas.fr\/","name":"Dumas","description":"Agence Immobili\u00e8re Villefranche, Beaulieu et Saint-Jean-Cap-Ferrat","potentialAction":[{"@type":"SearchAction","target":{"@type":"EntryPoint","urlTemplate":"https:\/\/www.agencedumas.fr\/?s={search_term_string}"},"query-input":{"@type":"PropertyValueSpecification","valueRequired":true,"valueName":"search_term_string"}}],"inLanguage":"ru-RU"}]}},"_links":{"self":[{"href":"https:\/\/www.agencedumas.fr\/ru\/wp-json\/wp\/v2\/pages\/1416555","targetHints":{"allow":["GET"]}}],"collection":[{"href":"https:\/\/www.agencedumas.fr\/ru\/wp-json\/wp\/v2\/pages"}],"about":[{"href":"https:\/\/www.agencedumas.fr\/ru\/wp-json\/wp\/v2\/types\/page"}],"author":[{"embeddable":true,"href":"https:\/\/www.agencedumas.fr\/ru\/wp-json\/wp\/v2\/users\/2"}],"replies":[{"embeddable":true,"href":"https:\/\/www.agencedumas.fr\/ru\/wp-json\/wp\/v2\/comments?post=1416555"}],"version-history":[{"count":0,"href":"https:\/\/www.agencedumas.fr\/ru\/wp-json\/wp\/v2\/pages\/1416555\/revisions"}],"wp:attachment":[{"href":"https:\/\/www.agencedumas.fr\/ru\/wp-json\/wp\/v2\/media?parent=1416555"}],"curies":[{"name":"wp","href":"https:\/\/api.w.org\/{rel}","templated":true}]}}