{"id":1416556,"date":"2020-04-16T17:34:59","date_gmt":"2020-04-16T15:34:59","guid":{"rendered":"https:\/\/www.agencedumas.fr\/location-villa-saint-jean-cap-ferrat\/"},"modified":"2023-09-14T18:10:55","modified_gmt":"2023-09-14T16:10:55","slug":"location-villa-saint-jean-cap-ferrat","status":"publish","type":"page","link":"https:\/\/www.agencedumas.fr\/ru\/location-villa-saint-jean-cap-ferrat\/","title":{"rendered":"Location Maison Saint-Jean-Cap-Ferrat"},"content":{"rendered":"\r\n<p>C\u2019est d\u00e9cid\u00e9, vous souhaitez <strong>louer une villa<\/strong> sur la C\u00f4te d\u2019Azur ? N\u2019allez pas chercher midi \u00e0 quatorze heures, mettez le cap sur Saint-Jean-Cap-Ferrat\u00a0! C\u2019est l\u2019une des plus belles communes fran\u00e7aises situ\u00e9e dans le d\u00e9partement des Alpes-Maritimes, c\u2019est aussi une ville riche en histoire.<\/p>\r\n<p>Vous recherchez le calme, la qui\u00e9tude, la proximit\u00e9 avec la mer, ainsi que des paysages paradisiaques\u00a0? Que vous soyez un grand amateur des balades en mer ou de plong\u00e9e, vous tomberez sous le charme de Saint-Jean-Cap-Ferrat.<\/p>\r\n<h2>Saint-Jean-Cap-Ferrat, une commune o\u00f9 il fait bon vivre<\/h2>\r\n<p>Malgr\u00e9 l\u2019explosion du tourisme \u00e0 Saint-Jean-Cap-Ferrat, la commune a su pr\u00e9server tout son charme et son authenticit\u00e9. Saint-Jean-Cap-Ferrat est l\u2019une des destinations privil\u00e9gi\u00e9es des plus grandes c\u00e9l\u00e9brit\u00e9s du cin\u00e9ma et des t\u00eates couronn\u00e9es.<\/p>\r\n<p>La Chapelle Saint Hospice, la villa-mus\u00e9e-mus\u00e9e Ephrussi de Rothschild, les nombreuses <strong>villas Belle Epoque<\/strong> t\u00e9moignent d&#8217;un pass\u00e9 charg\u00e9 d&#8217;histoire et de culture. Certains des domaines de Saint-Jean-Cap-Ferrat ont accueilli des c\u00e9l\u00e9brit\u00e9s, dont le roi L\u00e9opold II de Belgique, B\u00e9atrice Ephrussi de Rothschild, Charlie Chaplin, ou encore Winston Churchill.<\/p>\r\n<h2>Louer une villa \u00e0 Saint-Jean-Cap-Ferrat<\/h2>\r\n<p>Situ\u00e9e \u00e0 seulement 10 km de Nice et Monaco, <strong>Saint-Jean-Cap-Ferrat<\/strong>, petite presqu&#8217;\u00eele de seulement 282 hectares, offre le charme d&#8217;un site pr\u00e9serv\u00e9 et enchanteur. V\u00e9ritable oasis de verdure au c\u0153ur de la C\u00f4te d&#8217;Azur, avec plus de 300 jours de soleil par an, Saint-Jean-Cap-Ferrat est une destination tr\u00e8s recherch\u00e9e qui vous permet d&#8217;\u00e9voluer dans un cadre naturel o\u00f9 <strong>villas de luxe<\/strong> et magnifiques jardins couronnent cet \u00c9den.<\/p>\r\n<p>Vous souhaitez <strong>louer une villa \u00e0 Saint-Jean-Cap-Ferrat<\/strong>\u00a0? Vous souhaitez y passer quelques semaines de vacances en famille\u00a0ou y habiter \u00e0 l\u2019ann\u00e9e ? L\u2019agence Dumas propose des <strong>villas en location saisonni\u00e8re<\/strong> ou annuelle.<\/p>\r\n<p>L\u2019<strong>agence Dumas<\/strong> est sp\u00e9cialis\u00e9e dans la vente et la location de villas dans le secteur du Triangle d&#8217;Or\u00a0: <a href=\"https:\/\/www.agencedumas.fr\/ru\/location-appartement-beaulieu-sur-mer\/\">Beaulieu-sur-Mer<\/a>, <a href=\"https:\/\/www.agencedumas.fr\/ru\/location-villa-villefranche-sur-mer\/\">Villefranche-sur-Mer<\/a> et Saint-Jean-Cap-Ferrat, contactez l&#8217;un de nos <strong>agents immobiliers<\/strong> pour discuter de votre recherche.<\/p>\r\n","protected":false},"excerpt":{"rendered":"<p>C\u2019est d\u00e9cid\u00e9, vous souhaitez louer une villa sur la C\u00f4te d\u2019Azur ? N\u2019allez pas chercher midi \u00e0 quatorze heures, mettez [&hellip;]<\/p>\n","protected":false},"author":2,"featured_media":0,"parent":0,"menu_order":100,"comment_status":"closed","ping_status":"closed","template":"template-listing.php","meta":{"_acf_changed":false,"footnotes":""},"class_list":["post-1416556","page","type-page","status-publish","hentry"],"acf":[],"yoast_head":"<!-- This site is optimized with the Yoast SEO plugin v26.0 - https:\/\/yoast.com\/wordpress\/plugins\/seo\/ -->\n<title>Location Villa Saint-Jean-Cap-Ferrat - Dumas Immobilier<\/title>\n<meta name=\"description\" content=\"Vous souhaitez louer une villa \u00e0 Saint-Jean-Cap-Ferrat ? L&#039;agence Dumas vous propose des villas en location \u00e0 Saint-Jean-Cap-Ferrat.\" \/>\n<meta name=\"robots\" content=\"index, follow, max-snippet:-1, max-image-preview:large, max-video-preview:-1\" \/>\n<link rel=\"canonical\" href=\"https:\/\/www.agencedumas.fr\/location-villa-saint-jean-cap-ferrat\/\" \/>\n<meta property=\"og:locale\" content=\"ru_RU\" \/>\n<meta property=\"og:type\" content=\"article\" \/>\n<meta property=\"og:title\" content=\"Location Villa Saint-Jean-Cap-Ferrat - Dumas Immobilier\" \/>\n<meta property=\"og:description\" content=\"Vous souhaitez louer une villa \u00e0 Saint-Jean-Cap-Ferrat ? L&#039;agence Dumas vous propose des villas en location \u00e0 Saint-Jean-Cap-Ferrat.\" \/>\n<meta property=\"og:url\" content=\"https:\/\/www.agencedumas.fr\/location-villa-saint-jean-cap-ferrat\/\" \/>\n<meta property=\"og:site_name\" content=\"Dumas\" \/>\n<meta property=\"article:publisher\" content=\"https:\/\/www.facebook.com\/Dumas-Realty-100353566141360\/\" \/>\n<meta property=\"article:modified_time\" content=\"2023-09-14T16:10:55+00:00\" \/>\n<meta name=\"twitter:card\" content=\"summary_large_image\" \/>\n<meta name=\"twitter:label1\" content=\"Est. reading time\" \/>\n\t<meta name=\"twitter:data1\" content=\"2 minutes\" \/>\n<script type=\"application\/ld+json\" class=\"yoast-schema-graph\">{\"@context\":\"https:\/\/schema.org\",\"@graph\":[{\"@type\":\"WebPage\",\"@id\":\"https:\/\/www.agencedumas.fr\/location-villa-saint-jean-cap-ferrat\/\",\"url\":\"https:\/\/www.agencedumas.fr\/location-villa-saint-jean-cap-ferrat\/\",\"name\":\"Location Villa Saint-Jean-Cap-Ferrat - Dumas Immobilier\",\"isPartOf\":{\"@id\":\"https:\/\/www.agencedumas.fr\/#website\"},\"datePublished\":\"2020-04-16T15:34:59+00:00\",\"dateModified\":\"2023-09-14T16:10:55+00:00\",\"description\":\"Vous souhaitez louer une villa \u00e0 Saint-Jean-Cap-Ferrat ? L'agence Dumas vous propose des villas en location \u00e0 Saint-Jean-Cap-Ferrat.\",\"inLanguage\":\"ru-RU\",\"potentialAction\":[{\"@type\":\"ReadAction\",\"target\":[\"https:\/\/www.agencedumas.fr\/location-villa-saint-jean-cap-ferrat\/\"]}]},{\"@type\":\"WebSite\",\"@id\":\"https:\/\/www.agencedumas.fr\/#website\",\"url\":\"https:\/\/www.agencedumas.fr\/\",\"name\":\"Dumas\",\"description\":\"Agence Immobili\u00e8re Villefranche, Beaulieu et Saint-Jean-Cap-Ferrat\",\"potentialAction\":[{\"@type\":\"SearchAction\",\"target\":{\"@type\":\"EntryPoint\",\"urlTemplate\":\"https:\/\/www.agencedumas.fr\/?s={search_term_string}\"},\"query-input\":{\"@type\":\"PropertyValueSpecification\",\"valueRequired\":true,\"valueName\":\"search_term_string\"}}],\"inLanguage\":\"ru-RU\"}]}<\/script>\n<!-- \/ Yoast SEO plugin. -->","yoast_head_json":{"title":"Location Villa Saint-Jean-Cap-Ferrat - Dumas Immobilier","description":"Vous souhaitez louer une villa \u00e0 Saint-Jean-Cap-Ferrat ? L'agence Dumas vous propose des villas en location \u00e0 Saint-Jean-Cap-Ferrat.","robots":{"index":"index","follow":"follow","max-snippet":"max-snippet:-1","max-image-preview":"max-image-preview:large","max-video-preview":"max-video-preview:-1"},"canonical":"https:\/\/www.agencedumas.fr\/location-villa-saint-jean-cap-ferrat\/","og_locale":"ru_RU","og_type":"article","og_title":"Location Villa Saint-Jean-Cap-Ferrat - Dumas Immobilier","og_description":"Vous souhaitez louer une villa \u00e0 Saint-Jean-Cap-Ferrat ? L'agence Dumas vous propose des villas en location \u00e0 Saint-Jean-Cap-Ferrat.","og_url":"https:\/\/www.agencedumas.fr\/location-villa-saint-jean-cap-ferrat\/","og_site_name":"Dumas","article_publisher":"https:\/\/www.facebook.com\/Dumas-Realty-100353566141360\/","article_modified_time":"2023-09-14T16:10:55+00:00","twitter_card":"summary_large_image","twitter_misc":{"Est. reading time":"2 minutes"},"schema":{"@context":"https:\/\/schema.org","@graph":[{"@type":"WebPage","@id":"https:\/\/www.agencedumas.fr\/location-villa-saint-jean-cap-ferrat\/","url":"https:\/\/www.agencedumas.fr\/location-villa-saint-jean-cap-ferrat\/","name":"Location Villa Saint-Jean-Cap-Ferrat - Dumas Immobilier","isPartOf":{"@id":"https:\/\/www.agencedumas.fr\/#website"},"datePublished":"2020-04-16T15:34:59+00:00","dateModified":"2023-09-14T16:10:55+00:00","description":"Vous souhaitez louer une villa \u00e0 Saint-Jean-Cap-Ferrat ? L'agence Dumas vous propose des villas en location \u00e0 Saint-Jean-Cap-Ferrat.","inLanguage":"ru-RU","potentialAction":[{"@type":"ReadAction","target":["https:\/\/www.agencedumas.fr\/location-villa-saint-jean-cap-ferrat\/"]}]},{"@type":"WebSite","@id":"https:\/\/www.agencedumas.fr\/#website","url":"https:\/\/www.agencedumas.fr\/","name":"Dumas","description":"Agence Immobili\u00e8re Villefranche, Beaulieu et Saint-Jean-Cap-Ferrat","potentialAction":[{"@type":"SearchAction","target":{"@type":"EntryPoint","urlTemplate":"https:\/\/www.agencedumas.fr\/?s={search_term_string}"},"query-input":{"@type":"PropertyValueSpecification","valueRequired":true,"valueName":"search_term_string"}}],"inLanguage":"ru-RU"}]}},"_links":{"self":[{"href":"https:\/\/www.agencedumas.fr\/ru\/wp-json\/wp\/v2\/pages\/1416556","targetHints":{"allow":["GET"]}}],"collection":[{"href":"https:\/\/www.agencedumas.fr\/ru\/wp-json\/wp\/v2\/pages"}],"about":[{"href":"https:\/\/www.agencedumas.fr\/ru\/wp-json\/wp\/v2\/types\/page"}],"author":[{"embeddable":true,"href":"https:\/\/www.agencedumas.fr\/ru\/wp-json\/wp\/v2\/users\/2"}],"replies":[{"embeddable":true,"href":"https:\/\/www.agencedumas.fr\/ru\/wp-json\/wp\/v2\/comments?post=1416556"}],"version-history":[{"count":0,"href":"https:\/\/www.agencedumas.fr\/ru\/wp-json\/wp\/v2\/pages\/1416556\/revisions"}],"wp:attachment":[{"href":"https:\/\/www.agencedumas.fr\/ru\/wp-json\/wp\/v2\/media?parent=1416556"}],"curies":[{"name":"wp","href":"https:\/\/api.w.org\/{rel}","templated":true}]}}