{"id":1416557,"date":"2020-04-16T17:32:17","date_gmt":"2020-04-16T15:32:17","guid":{"rendered":"https:\/\/www.agencedumas.fr\/location-villa-villefranche-sur-mer\/"},"modified":"2023-09-14T18:11:07","modified_gmt":"2023-09-14T16:11:07","slug":"location-villa-villefranche-sur-mer","status":"publish","type":"page","link":"https:\/\/www.agencedumas.fr\/ru\/location-villa-villefranche-sur-mer\/","title":{"rendered":"Location Maison Villefranche-sur-Mer"},"content":{"rendered":"\r\n<p>Vous aimez la mer, les plages de sable fin et les villas de la Belle \u00c9poque\u00a0? Rendez-vous \u00e0 Villefranche-sur-Mer\u00a0pour y <strong>louer une villa<\/strong> ! Qui ne r\u00eaverait pas de vivre sur la C\u00f4te d\u2019Azur, les pieds dans l\u2019eau\u00a0? C\u2019est possible en louant une villa \u00e0 Villefranche-sur-Mer \u00e0 l\u2019ann\u00e9e ou pour vos vacances.<\/p>\r\n<p>Villefranche-sur-Mer attire chaque ann\u00e9e des milliers de touristes en qu\u00eate de qui\u00e9tude et \u00e0 la recherche d\u2019un endroit o\u00f9 il fait bon vivre. Contactez <strong>l\u2019agence Dumas<\/strong> pour trouver <strong>votre villa \u00e0 louer \u00e0 Villefranche-sur-Mer<\/strong>, nos agents immobiliers vous proposent \u00e9galement de magnifiques <a href=\"https:\/\/www.agencedumas.fr\/ru\/achat-villa-villefranche-sur-mer\/\">villas contemporaines \u00e0 vendre \u00e0 Villefranche-sur-Mer<\/a>, Beaulieu-sur-Mer ou encore Saint-Jean-Cap-Ferrat.<\/p>\r\n<h2>Les atouts de Villefranche-sur-Mer\u00a0pour y louer une villa<\/h2>\r\n<p>Villefranche-sur-Mer est une petite ville qui dispose de grands atouts pour s\u00e9duire les voyageurs du monde entier. Vous d\u00e9couvrirez son centre-ville avec ses <strong>maisons anciennes<\/strong>, ses nombreux monuments historiques, ses <strong>plages de r\u00eaves<\/strong>, et ses paysages \u00e0 couper le souffle.<\/p>\r\n<p>Nich\u00e9e au fond d&#8217;un des ports les plus profonds de la M\u00e9diterran\u00e9e, Villefranche-sur-Mer s&#8217;\u00e9tend sur des collines verdoyantes qui plongent dans la mer, offrant ainsi une vue panoramique remarquable sur la mer. <strong>Villefranche-sur-Mer<\/strong> vous s\u00e9duira \u00e9galement par sa douceur, son climat et par sa proximit\u00e9 avec Beaulieu-sur-Mer et <strong>Saint-Jean-Cap-Ferrat<\/strong>.<\/p>\r\n<h2>Louer une villa \u00e0 Villefranche-sur-Mer\u00a0avec l\u2019agence Dumas<\/h2>\r\n<p><strong>Villefranche-sur-Mer<\/strong> se veut \u00eatre une ville sportive et culturelle, la municipalit\u00e9 organise ainsi diverses manifestations tels que des festivals, des concerts, ou encore des expositions de peinture. L\u2019agence Dumas conna\u00eet les moindres coins et recoins de Villefranche-sur-Mer. Un <strong>agent immobilier<\/strong> d\u00e9di\u00e9 vous proposera en location une villa correspondant \u00e0 votre budget et \u00e0 vos crit\u00e8res de recherche.<\/p>\r\n<p>Villefranche-sur-Mer est aussi une station baln\u00e9aire, ceux qui aiment la mer et les activit\u00e9s nautiques trouveront leur bonheur. Sa position naturelle \u00e0 l&#8217;abri des vents en fait l&#8217;un des principaux ports de croisi\u00e8re de la <strong>C\u00f4te d\u2019Azur<\/strong>. Tout comme ses voisins Beaulieu-sur-Mer et Saint-Jean-Cap-Ferrat, Villefranche-sur-Mer est marqu\u00e9e par la Belle \u00c9poque\u00a0avec par exemple l\u2019ancien H\u00f4tel Bristol, la Villa K\u00e9rylos, ou encore le <strong>Palais des Anglais<\/strong>. Notre agence immobili\u00e8re est situ\u00e9e au 5, avenue Albert 1er, 06230 Villefranche-sur-Mer, vous pouvez nous contacter au <strong>04 93 76 60 61<\/strong>.<\/p>\r\n","protected":false},"excerpt":{"rendered":"<p>Vous aimez la mer, les plages de sable fin et les villas de la Belle \u00c9poque\u00a0? Rendez-vous \u00e0 Villefranche-sur-Mer\u00a0pour y [&hellip;]<\/p>\n","protected":false},"author":2,"featured_media":0,"parent":0,"menu_order":108,"comment_status":"closed","ping_status":"closed","template":"template-listing.php","meta":{"_acf_changed":false,"footnotes":""},"class_list":["post-1416557","page","type-page","status-publish","hentry"],"acf":[],"yoast_head":"<!-- This site is optimized with the Yoast SEO plugin v26.0 - https:\/\/yoast.com\/wordpress\/plugins\/seo\/ -->\n<title>Location Maison Villefranche-sur-Mer - Dumas Immobilier<\/title>\n<meta name=\"description\" content=\"Vous cherchez \u00e0 louer une maison \u00e0 Villefranche-sur-Mer ? L&#039;agence Dumas vous pr\u00e9sente ses maisons en location \u00e0 Villefranche-sur-Mer.\" \/>\n<meta name=\"robots\" content=\"index, follow, max-snippet:-1, max-image-preview:large, max-video-preview:-1\" \/>\n<link rel=\"canonical\" href=\"https:\/\/www.agencedumas.fr\/location-villa-villefranche-sur-mer\/\" \/>\n<meta property=\"og:locale\" content=\"ru_RU\" \/>\n<meta property=\"og:type\" content=\"article\" \/>\n<meta property=\"og:title\" content=\"Location Maison Villefranche-sur-Mer - Dumas Immobilier\" \/>\n<meta property=\"og:description\" content=\"Vous cherchez \u00e0 louer une maison \u00e0 Villefranche-sur-Mer ? L&#039;agence Dumas vous pr\u00e9sente ses maisons en location \u00e0 Villefranche-sur-Mer.\" \/>\n<meta property=\"og:url\" content=\"https:\/\/www.agencedumas.fr\/location-villa-villefranche-sur-mer\/\" \/>\n<meta property=\"og:site_name\" content=\"Dumas\" \/>\n<meta property=\"article:publisher\" content=\"https:\/\/www.facebook.com\/Dumas-Realty-100353566141360\/\" \/>\n<meta property=\"article:modified_time\" content=\"2023-09-14T16:11:07+00:00\" \/>\n<meta name=\"twitter:card\" content=\"summary_large_image\" \/>\n<meta name=\"twitter:label1\" content=\"Est. reading time\" \/>\n\t<meta name=\"twitter:data1\" content=\"2 minutes\" \/>\n<script type=\"application\/ld+json\" class=\"yoast-schema-graph\">{\"@context\":\"https:\/\/schema.org\",\"@graph\":[{\"@type\":\"WebPage\",\"@id\":\"https:\/\/www.agencedumas.fr\/location-villa-villefranche-sur-mer\/\",\"url\":\"https:\/\/www.agencedumas.fr\/location-villa-villefranche-sur-mer\/\",\"name\":\"Location Maison Villefranche-sur-Mer - Dumas Immobilier\",\"isPartOf\":{\"@id\":\"https:\/\/www.agencedumas.fr\/#website\"},\"datePublished\":\"2020-04-16T15:32:17+00:00\",\"dateModified\":\"2023-09-14T16:11:07+00:00\",\"description\":\"Vous cherchez \u00e0 louer une maison \u00e0 Villefranche-sur-Mer ? L'agence Dumas vous pr\u00e9sente ses maisons en location \u00e0 Villefranche-sur-Mer.\",\"inLanguage\":\"ru-RU\",\"potentialAction\":[{\"@type\":\"ReadAction\",\"target\":[\"https:\/\/www.agencedumas.fr\/location-villa-villefranche-sur-mer\/\"]}]},{\"@type\":\"WebSite\",\"@id\":\"https:\/\/www.agencedumas.fr\/#website\",\"url\":\"https:\/\/www.agencedumas.fr\/\",\"name\":\"Dumas\",\"description\":\"Agence Immobili\u00e8re Villefranche, Beaulieu et Saint-Jean-Cap-Ferrat\",\"potentialAction\":[{\"@type\":\"SearchAction\",\"target\":{\"@type\":\"EntryPoint\",\"urlTemplate\":\"https:\/\/www.agencedumas.fr\/?s={search_term_string}\"},\"query-input\":{\"@type\":\"PropertyValueSpecification\",\"valueRequired\":true,\"valueName\":\"search_term_string\"}}],\"inLanguage\":\"ru-RU\"}]}<\/script>\n<!-- \/ Yoast SEO plugin. -->","yoast_head_json":{"title":"Location Maison Villefranche-sur-Mer - Dumas Immobilier","description":"Vous cherchez \u00e0 louer une maison \u00e0 Villefranche-sur-Mer ? L'agence Dumas vous pr\u00e9sente ses maisons en location \u00e0 Villefranche-sur-Mer.","robots":{"index":"index","follow":"follow","max-snippet":"max-snippet:-1","max-image-preview":"max-image-preview:large","max-video-preview":"max-video-preview:-1"},"canonical":"https:\/\/www.agencedumas.fr\/location-villa-villefranche-sur-mer\/","og_locale":"ru_RU","og_type":"article","og_title":"Location Maison Villefranche-sur-Mer - Dumas Immobilier","og_description":"Vous cherchez \u00e0 louer une maison \u00e0 Villefranche-sur-Mer ? L'agence Dumas vous pr\u00e9sente ses maisons en location \u00e0 Villefranche-sur-Mer.","og_url":"https:\/\/www.agencedumas.fr\/location-villa-villefranche-sur-mer\/","og_site_name":"Dumas","article_publisher":"https:\/\/www.facebook.com\/Dumas-Realty-100353566141360\/","article_modified_time":"2023-09-14T16:11:07+00:00","twitter_card":"summary_large_image","twitter_misc":{"Est. reading time":"2 minutes"},"schema":{"@context":"https:\/\/schema.org","@graph":[{"@type":"WebPage","@id":"https:\/\/www.agencedumas.fr\/location-villa-villefranche-sur-mer\/","url":"https:\/\/www.agencedumas.fr\/location-villa-villefranche-sur-mer\/","name":"Location Maison Villefranche-sur-Mer - Dumas Immobilier","isPartOf":{"@id":"https:\/\/www.agencedumas.fr\/#website"},"datePublished":"2020-04-16T15:32:17+00:00","dateModified":"2023-09-14T16:11:07+00:00","description":"Vous cherchez \u00e0 louer une maison \u00e0 Villefranche-sur-Mer ? L'agence Dumas vous pr\u00e9sente ses maisons en location \u00e0 Villefranche-sur-Mer.","inLanguage":"ru-RU","potentialAction":[{"@type":"ReadAction","target":["https:\/\/www.agencedumas.fr\/location-villa-villefranche-sur-mer\/"]}]},{"@type":"WebSite","@id":"https:\/\/www.agencedumas.fr\/#website","url":"https:\/\/www.agencedumas.fr\/","name":"Dumas","description":"Agence Immobili\u00e8re Villefranche, Beaulieu et Saint-Jean-Cap-Ferrat","potentialAction":[{"@type":"SearchAction","target":{"@type":"EntryPoint","urlTemplate":"https:\/\/www.agencedumas.fr\/?s={search_term_string}"},"query-input":{"@type":"PropertyValueSpecification","valueRequired":true,"valueName":"search_term_string"}}],"inLanguage":"ru-RU"}]}},"_links":{"self":[{"href":"https:\/\/www.agencedumas.fr\/ru\/wp-json\/wp\/v2\/pages\/1416557","targetHints":{"allow":["GET"]}}],"collection":[{"href":"https:\/\/www.agencedumas.fr\/ru\/wp-json\/wp\/v2\/pages"}],"about":[{"href":"https:\/\/www.agencedumas.fr\/ru\/wp-json\/wp\/v2\/types\/page"}],"author":[{"embeddable":true,"href":"https:\/\/www.agencedumas.fr\/ru\/wp-json\/wp\/v2\/users\/2"}],"replies":[{"embeddable":true,"href":"https:\/\/www.agencedumas.fr\/ru\/wp-json\/wp\/v2\/comments?post=1416557"}],"version-history":[{"count":0,"href":"https:\/\/www.agencedumas.fr\/ru\/wp-json\/wp\/v2\/pages\/1416557\/revisions"}],"wp:attachment":[{"href":"https:\/\/www.agencedumas.fr\/ru\/wp-json\/wp\/v2\/media?parent=1416557"}],"curies":[{"name":"wp","href":"https:\/\/api.w.org\/{rel}","templated":true}]}}