{"id":1416565,"date":"2020-04-16T17:29:41","date_gmt":"2020-04-16T15:29:41","guid":{"rendered":"https:\/\/www.agencedumas.fr\/achat-appartement-beaulieu-sur-mer\/"},"modified":"2023-09-14T18:11:29","modified_gmt":"2023-09-14T16:11:29","slug":"achat-appartement-beaulieu-sur-mer","status":"publish","type":"page","link":"https:\/\/www.agencedumas.fr\/ru\/achat-appartement-beaulieu-sur-mer\/","title":{"rendered":"Vente Appartement Beaulieu-sur-Mer"},"content":{"rendered":"\r\n<p>Vous recherchez la douceur de vivre\u2009? La ville de Beaulieu-sur-Mer pourra vous l\u2019offrir. Il s\u2019agit d\u2019une belle petite ville de la French Rivera, entour\u00e9e par Villefranche-sur-mer, Saint-Jean-Cap-Ferrat et Eze village. Beaulieu-sur-Mer dispose de toutes les commodit\u00e9s indispensables \u00e0 la vie quotidienne\u00a0: commerces, \u00e9coles, plages, restaurants etc.<\/p>\r\n<p style=\"text-align: justify;\">Beaulieu-sur-Mer est un endroit magnifique de la C\u00f4te d\u2019Azur pour y <strong>acheter un appartement<\/strong>. Commune situ\u00e9e au bord de mer, Beaulieu-sur-mer repr\u00e9sente une magnifique station baln\u00e9aire o\u00f9 le climat est cl\u00e9ment tout au long de l\u2019ann\u00e9e. En <strong>achetant un appartement \u00e0 Beaulieu-sur-mer<\/strong>, vous pourrez b\u00e9n\u00e9ficier d\u2019une splendide vue mer. L\u2019agence Dumas se met d\u2019ailleurs \u00e0 votre disposition pour vous apporter l\u2019assistance n\u00e9cessaire pour <strong>acheter un appartement \u00e0-Beaulieu-sur-mer<\/strong>.<\/p>\r\n<h2 style=\"text-align: justify;\">Acheter un appartement \u00e0 Beaulieu-sur-Mer<\/h2>\r\n<p style=\"text-align: justify;\">En achetant un appartement \u00e0 Beaulieu-sur-Mer, vous pourriez peut-\u00eatre devenir le futur voisin d\u2019une star du cin\u00e9ma ou de la chanson. C\u2019est une mani\u00e8re de vous dire qu\u2019acheter un appartement \u00e0 Beaulieu-sur-Mer est une valeur s\u00fbre. Vue mer, commerces de proximit\u00e9, plage, verdure, tels sont les avantages dont vous pourriez b\u00e9n\u00e9ficier si vous <strong>achetez un appartement \u00e0 Beaulieu-sur-Mer<\/strong>. Pour trouver l\u2019appartement de vos r\u00eaves \u00e0 Beaulieu-sur-Mer, l\u2019agence immobili\u00e8re Dumas est dispos\u00e9e \u00e0 vous aider en mettant en \u0153uvre tous ses moyens possibles.<\/p>\r\n<p style=\"text-align: justify;\">Faire appel \u00e0 l\u2019<strong>agence immobili\u00e8re Dumas<\/strong> vous fait \u00e9galement gagner du temps sur vos recherches gr\u00e2ce \u00e0 sa connaissance des secteurs les plus privil\u00e9gi\u00e9s, et gr\u00e2ce \u00e0 son exp\u00e9rience du march\u00e9 immobilier local. Situ\u00e9s en bord de mer et entour\u00e9s du c\u00f4t\u00e9 ouest par la ville de Villefranche-sur-Mer et de <u><a title=\"Appartements \u00e0 Saint-Jean-Cap-Ferrat\" href=\"https:\/\/www.agencedumas.fr\/ru\/achat-appartement-saint-jean-cap-ferrat\/\">Saint-Jean-Cap-Ferrat<\/a><\/u> et par le village d\u2019Eze du c\u00f4t\u00e9 est, les <strong>appartements de Beaulieu-sur-Mer<\/strong> vous offrent une <strong>vue panoramique<\/strong> sur les environs.<\/p>\r\n<p style=\"text-align: justify;\">Certains <strong>appartements de Beaulieu-sur-Mer<\/strong> sont d\u2019ailleurs situ\u00e9s \u00e0 proximit\u00e9 de la plage, et certaines r\u00e9sidences disposent m\u00eame d\u2019un acc\u00e8s priv\u00e9 \u00e0 la mer. Avec un climat doux et ensoleill\u00e9 tout au long de l\u2019ann\u00e9e, vivre \u00e0 Beaulieu-sur-Mer est un v\u00e9ritable privil\u00e8ge dont vous pouvez vous offrir gr\u00e2ce \u00e0 l\u2019expertise de l\u2019<strong>agence Dumas<\/strong>.<\/p>\r\n<h2 style=\"text-align: justify;\">Vente d&#8217;appartements \u00e0 Beaulieu-sur-Mer<\/h2>\r\n<p style=\"text-align: justify;\">Beaulieu sur Mer regorge de quartiers r\u00e9sidentiels avec de <strong>superbes appartements \u00e0 vendre<\/strong>. Que ce soit dans les collines ou au c\u0153ur du village, l\u2019agence Dumas vous propose une s\u00e9lection d\u2019annonces d\u2019<strong>appartements \u00e0 vendre<\/strong>. Si vous \u00eates \u00e0 la recherche d\u2019un appartement de standing, Beaulieu-sur-Mer est l\u2019endroit par excellence.<\/p>\r\n<p style=\"text-align: justify;\">Perch\u00e9s dans les collines ou face \u00e0 la mer, les <strong>appartements les plus prestigieux<\/strong> offrent une vue panoramique sur la mer. Certains appartements sont install\u00e9s au c\u0153ur d\u2019un domaine arbor\u00e9 et sont parfaitement s\u00e9curis\u00e9s. Les <strong>copropri\u00e9t\u00e9s<\/strong> sont souvent dot\u00e9es d\u2019une piscine, et les appartements sont \u00e9quip\u00e9s d\u2019une grande terrasse.<\/p>\r\n<p style=\"text-align: justify;\">Depuis plus de 50 ans maintenant, l\u2019<strong>agence immobili\u00e8re Dumas<\/strong> se sp\u00e9cialise dans la transaction et la location d\u2019appartements et de villas dans le secteur immobilier du <strong>Triangle d\u2019or<\/strong> que forment les belles villes de Beaulieu-sur-Mer, Saint-Jean-Cap-Ferrat et <a title=\"Appartements \u00e0 Villefranche-sur-Mer\" href=\"https:\/\/www.agencedumas.fr\/ru\/achat-appartement-villefranche-sur-mer\/\"><u>Villefranche-sur-Me<\/u>r<\/a>. Pour l\u2019achat d\u2019un appartement \u00e0 Beaulieu-sur-Mer, la forte expertise de l\u2019agence Dumas vous sera d\u2019une grande aide.<\/p>\r\n<h2 style=\"text-align: justify;\">Informations pratiques sur Beaulieu-sur-Mer<\/h2>\r\n<p style=\"text-align: justify;\"><strong>Quartiers :\u00a0 <\/strong>Port de Beaulieu, Place de la Batterie, La Mairie, la Baie des fourmis, la Petite Afrique, la Place du march\u00e9, l\u2019Eglise Anglicane, Bd Edouard 7 et Le casino de Beaulieu.<\/p>\r\n<p style=\"text-align: justify;\"><strong>Lieux\u00a0:<\/strong> Le port de Beaulieu, La rotonde, La Villa K\u00e9rylos, l\u2019H\u00f4tel \u00ab\u00a0La Reserve de Beaulieu\u00a0\u00bb, Le port des Fourmis, L\u2019Eglise Anglicane, le Restaurant \u00ab\u00a0L\u2019African Queen\u00a0\u00bb, Le carroussel sur la place du march\u00e9, La place du march\u00e9 totalement r\u00e9nov\u00e9e, la Promenade Maurice Rouvier.<br \/><br \/><strong>Immeubles :<\/strong> Immeuble le Bristol, La Tonnelle (programme neuf), la Villa Cypa (programme neuf), Le palais des anglais, La villa Borghese, Le Marina, la Victoria Residence, La residence eiffel, La villa Albert, Stella Maris, Isola Bella, Belle Etoile, Le Beaulieu Palace, Le Rambouillet, Le Florida, Le St Michel, Le Bonaparte, Gordon Benett, Villa Floridiana, L\u2019Hermitage, L\u2019Empress, Ann Valery, Le Fragonard, Les Bananiers, Le Miramar, Les Loggias, Le Panoramic, Le Silmar, Le Monte Carlo, Residence l\u2019Elys\u00e9e, l\u2019Helvetia, Villa Themis.<br \/><br \/><strong>H\u00f4tels\u00a0:<\/strong> La r\u00e9serve de Beaulieu, Le Metropole, La Residence Carlton.<\/p>\r\n","protected":false},"excerpt":{"rendered":"<p>Vous recherchez la douceur de vivre\u2009? La ville de Beaulieu-sur-Mer pourra vous l\u2019offrir. Il s\u2019agit d\u2019une belle petite ville de [&hellip;]<\/p>\n","protected":false},"author":2,"featured_media":0,"parent":0,"menu_order":137,"comment_status":"closed","ping_status":"closed","template":"template-listing.php","meta":{"_acf_changed":false,"footnotes":""},"class_list":["post-1416565","page","type-page","status-publish","hentry"],"acf":[],"yoast_head":"<!-- This site is optimized with the Yoast SEO plugin v26.0 - https:\/\/yoast.com\/wordpress\/plugins\/seo\/ -->\n<title>Achat Appartement Beaulieu-sur-Mer - Dumas Immobilier<\/title>\n<meta name=\"description\" content=\"Vous souhaitez acheter un appartement \u00e0 Beaulieu-sur-Mer ? L&#039;agence Dumas vous propose des appartements de grand standing \u00e0 vendre.\" \/>\n<meta name=\"robots\" content=\"index, follow, max-snippet:-1, max-image-preview:large, max-video-preview:-1\" \/>\n<link rel=\"canonical\" href=\"https:\/\/www.agencedumas.fr\/achat-appartement-beaulieu-sur-mer\/\" \/>\n<meta property=\"og:locale\" content=\"ru_RU\" \/>\n<meta property=\"og:type\" content=\"article\" \/>\n<meta property=\"og:title\" content=\"Achat Appartement Beaulieu-sur-Mer - Dumas Immobilier\" \/>\n<meta property=\"og:description\" content=\"Vous souhaitez acheter un appartement \u00e0 Beaulieu-sur-Mer ? L&#039;agence Dumas vous propose des appartements de grand standing \u00e0 vendre.\" \/>\n<meta property=\"og:url\" content=\"https:\/\/www.agencedumas.fr\/achat-appartement-beaulieu-sur-mer\/\" \/>\n<meta property=\"og:site_name\" content=\"Dumas\" \/>\n<meta property=\"article:publisher\" content=\"https:\/\/www.facebook.com\/Dumas-Realty-100353566141360\/\" \/>\n<meta property=\"article:modified_time\" content=\"2023-09-14T16:11:29+00:00\" \/>\n<meta name=\"twitter:card\" content=\"summary_large_image\" \/>\n<meta name=\"twitter:label1\" content=\"Est. reading time\" \/>\n\t<meta name=\"twitter:data1\" content=\"4 minutes\" \/>\n<script type=\"application\/ld+json\" class=\"yoast-schema-graph\">{\"@context\":\"https:\/\/schema.org\",\"@graph\":[{\"@type\":\"WebPage\",\"@id\":\"https:\/\/www.agencedumas.fr\/achat-appartement-beaulieu-sur-mer\/\",\"url\":\"https:\/\/www.agencedumas.fr\/achat-appartement-beaulieu-sur-mer\/\",\"name\":\"Achat Appartement Beaulieu-sur-Mer - Dumas Immobilier\",\"isPartOf\":{\"@id\":\"https:\/\/www.agencedumas.fr\/#website\"},\"datePublished\":\"2020-04-16T15:29:41+00:00\",\"dateModified\":\"2023-09-14T16:11:29+00:00\",\"description\":\"Vous souhaitez acheter un appartement \u00e0 Beaulieu-sur-Mer ? L'agence Dumas vous propose des appartements de grand standing \u00e0 vendre.\",\"inLanguage\":\"ru-RU\",\"potentialAction\":[{\"@type\":\"ReadAction\",\"target\":[\"https:\/\/www.agencedumas.fr\/achat-appartement-beaulieu-sur-mer\/\"]}]},{\"@type\":\"WebSite\",\"@id\":\"https:\/\/www.agencedumas.fr\/#website\",\"url\":\"https:\/\/www.agencedumas.fr\/\",\"name\":\"Dumas\",\"description\":\"Agence Immobili\u00e8re Villefranche, Beaulieu et Saint-Jean-Cap-Ferrat\",\"potentialAction\":[{\"@type\":\"SearchAction\",\"target\":{\"@type\":\"EntryPoint\",\"urlTemplate\":\"https:\/\/www.agencedumas.fr\/?s={search_term_string}\"},\"query-input\":{\"@type\":\"PropertyValueSpecification\",\"valueRequired\":true,\"valueName\":\"search_term_string\"}}],\"inLanguage\":\"ru-RU\"}]}<\/script>\n<!-- \/ Yoast SEO plugin. -->","yoast_head_json":{"title":"Achat Appartement Beaulieu-sur-Mer - Dumas Immobilier","description":"Vous souhaitez acheter un appartement \u00e0 Beaulieu-sur-Mer ? L'agence Dumas vous propose des appartements de grand standing \u00e0 vendre.","robots":{"index":"index","follow":"follow","max-snippet":"max-snippet:-1","max-image-preview":"max-image-preview:large","max-video-preview":"max-video-preview:-1"},"canonical":"https:\/\/www.agencedumas.fr\/achat-appartement-beaulieu-sur-mer\/","og_locale":"ru_RU","og_type":"article","og_title":"Achat Appartement Beaulieu-sur-Mer - Dumas Immobilier","og_description":"Vous souhaitez acheter un appartement \u00e0 Beaulieu-sur-Mer ? L'agence Dumas vous propose des appartements de grand standing \u00e0 vendre.","og_url":"https:\/\/www.agencedumas.fr\/achat-appartement-beaulieu-sur-mer\/","og_site_name":"Dumas","article_publisher":"https:\/\/www.facebook.com\/Dumas-Realty-100353566141360\/","article_modified_time":"2023-09-14T16:11:29+00:00","twitter_card":"summary_large_image","twitter_misc":{"Est. reading time":"4 minutes"},"schema":{"@context":"https:\/\/schema.org","@graph":[{"@type":"WebPage","@id":"https:\/\/www.agencedumas.fr\/achat-appartement-beaulieu-sur-mer\/","url":"https:\/\/www.agencedumas.fr\/achat-appartement-beaulieu-sur-mer\/","name":"Achat Appartement Beaulieu-sur-Mer - Dumas Immobilier","isPartOf":{"@id":"https:\/\/www.agencedumas.fr\/#website"},"datePublished":"2020-04-16T15:29:41+00:00","dateModified":"2023-09-14T16:11:29+00:00","description":"Vous souhaitez acheter un appartement \u00e0 Beaulieu-sur-Mer ? L'agence Dumas vous propose des appartements de grand standing \u00e0 vendre.","inLanguage":"ru-RU","potentialAction":[{"@type":"ReadAction","target":["https:\/\/www.agencedumas.fr\/achat-appartement-beaulieu-sur-mer\/"]}]},{"@type":"WebSite","@id":"https:\/\/www.agencedumas.fr\/#website","url":"https:\/\/www.agencedumas.fr\/","name":"Dumas","description":"Agence Immobili\u00e8re Villefranche, Beaulieu et Saint-Jean-Cap-Ferrat","potentialAction":[{"@type":"SearchAction","target":{"@type":"EntryPoint","urlTemplate":"https:\/\/www.agencedumas.fr\/?s={search_term_string}"},"query-input":{"@type":"PropertyValueSpecification","valueRequired":true,"valueName":"search_term_string"}}],"inLanguage":"ru-RU"}]}},"_links":{"self":[{"href":"https:\/\/www.agencedumas.fr\/ru\/wp-json\/wp\/v2\/pages\/1416565","targetHints":{"allow":["GET"]}}],"collection":[{"href":"https:\/\/www.agencedumas.fr\/ru\/wp-json\/wp\/v2\/pages"}],"about":[{"href":"https:\/\/www.agencedumas.fr\/ru\/wp-json\/wp\/v2\/types\/page"}],"author":[{"embeddable":true,"href":"https:\/\/www.agencedumas.fr\/ru\/wp-json\/wp\/v2\/users\/2"}],"replies":[{"embeddable":true,"href":"https:\/\/www.agencedumas.fr\/ru\/wp-json\/wp\/v2\/comments?post=1416565"}],"version-history":[{"count":0,"href":"https:\/\/www.agencedumas.fr\/ru\/wp-json\/wp\/v2\/pages\/1416565\/revisions"}],"wp:attachment":[{"href":"https:\/\/www.agencedumas.fr\/ru\/wp-json\/wp\/v2\/media?parent=1416565"}],"curies":[{"name":"wp","href":"https:\/\/api.w.org\/{rel}","templated":true}]}}