{"id":1416566,"date":"2020-04-27T13:09:57","date_gmt":"2020-04-27T11:09:57","guid":{"rendered":"https:\/\/www.agencedumas.fr\/achat-appartement-eze\/"},"modified":"2023-09-14T18:11:47","modified_gmt":"2023-09-14T16:11:47","slug":"achat-appartement-eze","status":"publish","type":"page","link":"https:\/\/www.agencedumas.fr\/ru\/achat-appartement-eze\/","title":{"rendered":"Vente Appartement Eze"},"content":{"rendered":"<p>Petite commune paisible et culturelle nich\u00e9e entre terre et mer, Eze est l\u2019un des villages les plus appr\u00e9ci\u00e9s de la C\u00f4te d\u2019Azur. Vous allez tomber sous le charme de son paysage magnifique et de la vue imprenable sur la mer. Si vous souhaitez vous installer dans un endroit d\u00e9pays\u00e9 et calme, Eze est v\u00e9ritablement la ville id\u00e9ale pour vous. Des habitants accueillants vous y attendent.<\/p>\n<p>L&#8217;achat d&#8217;un appartement dans ce village perch\u00e9 est une tr\u00e8s bonne id\u00e9e si vous voulez vous trouver \u00e0 quelques minutes des points de vie. Vous serez \u00e0 proximit\u00e9 des nombreux sites touristiques, des bureaux, des \u00e9coles et des diff\u00e9rents loisirs. Vous souhaitez vous installer \u00e0 Eze et vous voulez acheter un bel appartement\u00a0au c\u0153ur du village ? Notre agence immobili\u00e8re Dumas propose une large s\u00e9lection d\u2019appartements \u00e0 vendre \u00e0 Eze.<\/p>\n<h2>Pourquoi acheter un appartement \u00e0 Eze\u00a0?<\/h2>\n<p>Acheter un appartement \u00e0 Eze est une valeur s\u00fbre. Que ce soit pour une r\u00e9sidence principale ou seulement pour vos vacances en famille dans ce splendide village au charme proven\u00e7al, vous allez adorer la ville qui allie \u00e0 la perfection architecture moderne et traditionnelle.<\/p>\n<p>Eze est \u00e9galement dot\u00e9e de grandes richesses naturelles et culturelles. Vous allez adorer ses copropri\u00e9t\u00e9s de luxe qui accueillent des appartements de haut standing avec vue sur mer. Que vous ayez envie de vous installer au c\u0153ur de la ville ou dans un endroit plus recul\u00e9, il est s\u00fbr que vous allez adorer la tranquillit\u00e9 qui y r\u00e8gne. Le village est v\u00e9ritablement un bout de paradis sur terre, perch\u00e9 sur la montagne avec vue imprenable sur la mer.<\/p>\n<h2>Des appartements vue mer en vente \u00e0 Eze<\/h2>\n<p>Situ\u00e9 en hauteur, le village offre une vue panoramique propice au d\u00e9paysement. Vous allez adorer son environnement naturel. Les appartements \u00e0 Eze sont tr\u00e8s paisibles. Que vous pr\u00e9f\u00e9riez vous installer en centre-ville ou dans les collines, l\u2019agence Dumas vous propose plusieurs appartements de standing \u00e0 vendre. Pour acheter un appartement \u00e0 Eze, b\u00e9n\u00e9ficier de l\u2019exp\u00e9rience de l\u2019agence Dumas vous permettra de trouver le foyer qui vous correspond rapidement. L\u2019agence immobili\u00e8re Dumas met ses ann\u00e9es d\u2019exp\u00e9rience et sa connaissance du village d\u2019Eze et ses environs \u00e0 votre disposition. Depuis sa cr\u00e9ation en 1967, notre agence immobili\u00e8re op\u00e8re principalement \u00e0 Saint-Jean\u2013Cap-Ferrat, Villefranche-sur-Mer, Beaulieu-sur-Mer et Eze.<\/p>\n<p>Gr\u00e2ce \u00e0 notre ma\u00eetrise du march\u00e9 de l\u2019immobilier, nous vous proposons des annonces exclusives : appartements situ\u00e9s en dernier \u00e9tage, duplex avec vue sur mer, piscine, grande terrasse, balcon et jardin\u2026 Vous allez trouver l\u2019appartement id\u00e9al pour vous en fonction de vos pr\u00e9f\u00e9rences, de votre budget et de votre style de vie. Avec l\u2019agence Dumas, les appartements que nous proposons sont s\u00e9lectionn\u00e9s soigneusement par notre \u00e9quipe. Leur emplacement et leurs atouts (vue mer, grande terrasse, parking etc) sont \u00e9tudi\u00e9s sp\u00e9cifiquement pour que vous trouviez rapidement l\u2019endroit id\u00e9al o\u00f9 s\u2019installer. Vous trouverez l\u2019appartement qu\u2019il vous faut dans les meilleures conditions.<\/p>\n","protected":false},"excerpt":{"rendered":"<p>Petite commune paisible et culturelle nich\u00e9e entre terre et mer, Eze est l\u2019un des villages les plus appr\u00e9ci\u00e9s de la [&hellip;]<\/p>\n","protected":false},"author":2,"featured_media":0,"parent":0,"menu_order":141,"comment_status":"closed","ping_status":"closed","template":"template-listing.php","meta":{"_acf_changed":false,"footnotes":""},"class_list":["post-1416566","page","type-page","status-publish","hentry"],"acf":[],"yoast_head":"<!-- This site is optimized with the Yoast SEO plugin v26.0 - https:\/\/yoast.com\/wordpress\/plugins\/seo\/ -->\n<title>Achat Appartement Eze : Terrasse Vue Mer - Dumas Immobilier<\/title>\n<meta name=\"description\" content=\"Vous envisagez d&#039;acheter un appartement \u00e0 Eze ? L&#039;agence Dumas vous propose des appartements haut de gamme \u00e0 vendre \u00e0 Eze.\" \/>\n<meta name=\"robots\" content=\"index, follow, max-snippet:-1, max-image-preview:large, max-video-preview:-1\" \/>\n<link rel=\"canonical\" href=\"https:\/\/www.agencedumas.fr\/achat-appartement-eze\/\" \/>\n<meta property=\"og:locale\" content=\"ru_RU\" \/>\n<meta property=\"og:type\" content=\"article\" \/>\n<meta property=\"og:title\" content=\"Achat Appartement Eze : Terrasse Vue Mer - Dumas Immobilier\" \/>\n<meta property=\"og:description\" content=\"Vous envisagez d&#039;acheter un appartement \u00e0 Eze ? L&#039;agence Dumas vous propose des appartements haut de gamme \u00e0 vendre \u00e0 Eze.\" \/>\n<meta property=\"og:url\" content=\"https:\/\/www.agencedumas.fr\/achat-appartement-eze\/\" \/>\n<meta property=\"og:site_name\" content=\"Dumas\" \/>\n<meta property=\"article:publisher\" content=\"https:\/\/www.facebook.com\/Dumas-Realty-100353566141360\/\" \/>\n<meta property=\"article:modified_time\" content=\"2023-09-14T16:11:47+00:00\" \/>\n<meta name=\"twitter:card\" content=\"summary_large_image\" \/>\n<meta name=\"twitter:label1\" content=\"Est. reading time\" \/>\n\t<meta name=\"twitter:data1\" content=\"3 minutes\" \/>\n<script type=\"application\/ld+json\" class=\"yoast-schema-graph\">{\"@context\":\"https:\/\/schema.org\",\"@graph\":[{\"@type\":\"WebPage\",\"@id\":\"https:\/\/www.agencedumas.fr\/achat-appartement-eze\/\",\"url\":\"https:\/\/www.agencedumas.fr\/achat-appartement-eze\/\",\"name\":\"Achat Appartement Eze : Terrasse Vue Mer - Dumas Immobilier\",\"isPartOf\":{\"@id\":\"https:\/\/www.agencedumas.fr\/#website\"},\"datePublished\":\"2020-04-27T11:09:57+00:00\",\"dateModified\":\"2023-09-14T16:11:47+00:00\",\"description\":\"Vous envisagez d'acheter un appartement \u00e0 Eze ? L'agence Dumas vous propose des appartements haut de gamme \u00e0 vendre \u00e0 Eze.\",\"inLanguage\":\"ru-RU\",\"potentialAction\":[{\"@type\":\"ReadAction\",\"target\":[\"https:\/\/www.agencedumas.fr\/achat-appartement-eze\/\"]}]},{\"@type\":\"WebSite\",\"@id\":\"https:\/\/www.agencedumas.fr\/#website\",\"url\":\"https:\/\/www.agencedumas.fr\/\",\"name\":\"Dumas\",\"description\":\"Agence Immobili\u00e8re Villefranche, Beaulieu et Saint-Jean-Cap-Ferrat\",\"potentialAction\":[{\"@type\":\"SearchAction\",\"target\":{\"@type\":\"EntryPoint\",\"urlTemplate\":\"https:\/\/www.agencedumas.fr\/?s={search_term_string}\"},\"query-input\":{\"@type\":\"PropertyValueSpecification\",\"valueRequired\":true,\"valueName\":\"search_term_string\"}}],\"inLanguage\":\"ru-RU\"}]}<\/script>\n<!-- \/ Yoast SEO plugin. -->","yoast_head_json":{"title":"Achat Appartement Eze : Terrasse Vue Mer - Dumas Immobilier","description":"Vous envisagez d'acheter un appartement \u00e0 Eze ? L'agence Dumas vous propose des appartements haut de gamme \u00e0 vendre \u00e0 Eze.","robots":{"index":"index","follow":"follow","max-snippet":"max-snippet:-1","max-image-preview":"max-image-preview:large","max-video-preview":"max-video-preview:-1"},"canonical":"https:\/\/www.agencedumas.fr\/achat-appartement-eze\/","og_locale":"ru_RU","og_type":"article","og_title":"Achat Appartement Eze : Terrasse Vue Mer - Dumas Immobilier","og_description":"Vous envisagez d'acheter un appartement \u00e0 Eze ? L'agence Dumas vous propose des appartements haut de gamme \u00e0 vendre \u00e0 Eze.","og_url":"https:\/\/www.agencedumas.fr\/achat-appartement-eze\/","og_site_name":"Dumas","article_publisher":"https:\/\/www.facebook.com\/Dumas-Realty-100353566141360\/","article_modified_time":"2023-09-14T16:11:47+00:00","twitter_card":"summary_large_image","twitter_misc":{"Est. reading time":"3 minutes"},"schema":{"@context":"https:\/\/schema.org","@graph":[{"@type":"WebPage","@id":"https:\/\/www.agencedumas.fr\/achat-appartement-eze\/","url":"https:\/\/www.agencedumas.fr\/achat-appartement-eze\/","name":"Achat Appartement Eze : Terrasse Vue Mer - Dumas Immobilier","isPartOf":{"@id":"https:\/\/www.agencedumas.fr\/#website"},"datePublished":"2020-04-27T11:09:57+00:00","dateModified":"2023-09-14T16:11:47+00:00","description":"Vous envisagez d'acheter un appartement \u00e0 Eze ? L'agence Dumas vous propose des appartements haut de gamme \u00e0 vendre \u00e0 Eze.","inLanguage":"ru-RU","potentialAction":[{"@type":"ReadAction","target":["https:\/\/www.agencedumas.fr\/achat-appartement-eze\/"]}]},{"@type":"WebSite","@id":"https:\/\/www.agencedumas.fr\/#website","url":"https:\/\/www.agencedumas.fr\/","name":"Dumas","description":"Agence Immobili\u00e8re Villefranche, Beaulieu et Saint-Jean-Cap-Ferrat","potentialAction":[{"@type":"SearchAction","target":{"@type":"EntryPoint","urlTemplate":"https:\/\/www.agencedumas.fr\/?s={search_term_string}"},"query-input":{"@type":"PropertyValueSpecification","valueRequired":true,"valueName":"search_term_string"}}],"inLanguage":"ru-RU"}]}},"_links":{"self":[{"href":"https:\/\/www.agencedumas.fr\/ru\/wp-json\/wp\/v2\/pages\/1416566","targetHints":{"allow":["GET"]}}],"collection":[{"href":"https:\/\/www.agencedumas.fr\/ru\/wp-json\/wp\/v2\/pages"}],"about":[{"href":"https:\/\/www.agencedumas.fr\/ru\/wp-json\/wp\/v2\/types\/page"}],"author":[{"embeddable":true,"href":"https:\/\/www.agencedumas.fr\/ru\/wp-json\/wp\/v2\/users\/2"}],"replies":[{"embeddable":true,"href":"https:\/\/www.agencedumas.fr\/ru\/wp-json\/wp\/v2\/comments?post=1416566"}],"version-history":[{"count":0,"href":"https:\/\/www.agencedumas.fr\/ru\/wp-json\/wp\/v2\/pages\/1416566\/revisions"}],"wp:attachment":[{"href":"https:\/\/www.agencedumas.fr\/ru\/wp-json\/wp\/v2\/media?parent=1416566"}],"curies":[{"name":"wp","href":"https:\/\/api.w.org\/{rel}","templated":true}]}}