{"id":1416567,"date":"2020-04-16T17:28:17","date_gmt":"2020-04-16T15:28:17","guid":{"rendered":"https:\/\/www.agencedumas.fr\/achat-appartement-saint-jean-cap-ferrat\/"},"modified":"2023-09-14T18:12:02","modified_gmt":"2023-09-14T16:12:02","slug":"achat-appartement-saint-jean-cap-ferrat","status":"publish","type":"page","link":"https:\/\/www.agencedumas.fr\/ru\/achat-appartement-saint-jean-cap-ferrat\/","title":{"rendered":"Vente Appartement Saint-Jean-Cap-Ferrat"},"content":{"rendered":"\r\n<p>Vous souhaitez devenir propri\u00e9taire d\u2019un <strong>appartement situ\u00e9 \u00e0 Saint-Jean-Cap-Ferrat<\/strong>\u00a0? Pour trouver l\u2019appartement qui vous convient le mieux, l\u2019<strong>agence Dumas<\/strong> s\u00e9lectionnera des <strong>annonces<\/strong> qui correspondent \u00e0 vos crit\u00e8res de recherche (prix, terrasse, <strong>vue mer<\/strong>, parking, emplacement etc). La ville de Saint-Jean-Cap-Ferrat dispose de nombreux appartements aussi beaux les uns que les autres<\/p>\r\n<p style=\"text-align: justify;\">Notre <strong>agence immobili\u00e8re<\/strong> se chargera de vous trouver l\u2019<strong>appartement<\/strong> de vos r\u00eaves. Vos crit\u00e8res de recherche seront bas\u00e9s sur l\u2019endroit pr\u00e9cis o\u00f9 vous envisagez d\u2019acheter votre appartement \u00e0 <strong>Saint-Jean-Cap-Ferrat<\/strong>. Ensuite, notre agence prendra en compte les diff\u00e9rents d\u00e9tails comme la vue, le nombre de chambres n\u00e9cessaires et les diff\u00e9rents d\u00e9tails qui sont pour vous importants (terrasse, piscine, nombre de chambres etc) tout en respectant votre budget.<\/p>\r\n<h2 style=\"text-align: justify;\">Appartements \u00e0 vendre \u00e0 Saint-Jean-Cap-Ferrat<\/h2>\r\n<p style=\"text-align: justify;\">Saint-Jean-Cap-Ferrat est l\u2019adresse par excellence pour ceux qui d\u00e9sirent r\u00e9sider dans un environnement idyllique. Les appartements de standing install\u00e9s au sein de copropri\u00e9t\u00e9s arbor\u00e9es et parfaitement s\u00e9curis\u00e9es, procurent des habitations confortables o\u00f9 l\u2019intimit\u00e9, le confort et l\u2019art de vivre r\u00e8gnent. Que ce soit un <strong>appartement \u00e0 r\u00e9nover<\/strong> ou un <strong>appartement neuf<\/strong>, l&#8217;agence Dumas sera \u00e0 m\u00eame de r\u00e9pondre \u00e0 votre recherche.<\/p>\r\n<p style=\"text-align: justify;\">Si vous souhaitez acheter un appartement \u00e0 Saint-Jean-Cap-Ferrat, que ce soit pour financer votre r\u00e9sidence principale ou secondaire, l\u2019agence Dumas sera l\u2019alli\u00e9e parfait pour la r\u00e9ussite de votre projet immobilier.<\/p>\r\n<p style=\"text-align: justify;\">Notre <strong>agence immobili\u00e8re<\/strong> est sp\u00e9cialis\u00e9e dans le secteur des villas, maisons et appartements situ\u00e9s dans le Triangle d\u2019Or (<u><a title=\"Appartements \u00e0 Villefranche-sur-mer\" href=\"https:\/\/www.agencedumas.fr\/ru\/achat-appartement-villefranche-sur-mer\/\">Villefranche-sur-mer<\/a><\/u>, Beaulieu et Saint-Jean-Cap-Ferrat), nos agents immobiliers sauront vous proposer l\u2019appartement qui r\u00e9pond \u00e0 vos attentes et vos besoins. Situ\u00e9e entre Villefranche sur Mer et Beaulieu sur Mer, Saint-Jean-Cap-Ferrat comporte un <strong>parc immobilier exceptionnel<\/strong> qui se compose essentiellement de <strong>belles villas<\/strong> et d\u2019<strong>appartements de standing<\/strong>.<\/p>\r\n<p style=\"text-align: justify;\">Pour les personnes \u00e0 la <strong>recherche<\/strong> d\u2019un v\u00e9ritable petit paradis, cette presqu\u2019\u00eele de la French Rivera est l\u2019adresse par excellence. Le climat est particuli\u00e8rement doux toute l\u2019ann\u00e9e, et la proximit\u00e9 de la mer repr\u00e9sente \u00e9galement un atout ind\u00e9niable de la presqu\u2019\u00eele.<\/p>\r\n<p style=\"text-align: justify;\">L\u2019<strong>agence<\/strong> dispose ainsi d\u2019une grande expertise du secteur immobilier local. Quels que soient vos crit\u00e8res de recherche pour l\u2019achat d\u2019un <strong>appartement \u00e0 Saint-Jean-Cap-Ferrat<\/strong>, l\u2019agence Dumas r\u00e9pondra parfaitement \u00e0 toutes vos exigences, m\u00eame les plus singuli\u00e8res. <strong>Saint-Jean-Cap-Ferrat<\/strong> poss\u00e8de un patrimoine culturel et historique unique au monde, avec par exemple la fameuse villa Les C\u00e8dres ancienne r\u00e9sidence de vacance du roi des Belges Leopold ou la villa Ephrussi de Rotschild.<\/p>\r\n<h2 style=\"text-align: justify;\">Acheter un appartement \u00e0 Cap-Ferrat<\/h2>\r\n<p style=\"text-align: justify;\">L\u2019\u00e9crin de verdure s\u2019\u00e9lan\u00e7ant dans la m\u00e9diterran\u00e9e offre un cadre de vie o\u00f9 le calme et l\u2019intimit\u00e9 sont au rendez-vous. De remarquables sentiers ont \u00e9t\u00e9 am\u00e9nag\u00e9s pour rejoindre de belles plages et pour faire facilement le tour de la presqu\u2019\u00eele. Dans cette terre prestigieuse jouxtant la mer, acheter un appartement \u00e0 <strong>Saint-Jean-Cap-Ferrat<\/strong> est un v\u00e9ritable privil\u00e8ge. D\u2019ailleurs, certains <strong>appartements<\/strong> offrent une <strong>vue mer<\/strong> incroyable, contactez notre agence immobili\u00e8re pour discuter de votre projet immobilier.<\/p>\r\n<p style=\"text-align: justify;\">Les appartements nich\u00e9s dans le <strong>c\u0153ur du village<\/strong> ou sur le bord de mer, le long de la promenade Maurice Rouvier o\u00f9 l\u2019acteur Americain David Niven avait \u00e9lu r\u00e9sidence, se trouvent dans des r\u00e9sidences s\u00e9curis\u00e9es situ\u00e9es dans un immense \u00e9crin de verdure avec piscine et jardin. Au sein de nos appartements \u00e0 vendre, vous pourrez retrouver une grande cuisine enti\u00e8rement \u00e9quip\u00e9e, un immense s\u00e9jour, plusieurs grandes chambres et m\u00eame une belle terrasse donnant sur la mer.<\/p>\r\n<p style=\"text-align: justify;\">Vous d\u00e9couvrirez sur notre site web, nos <strong>annonces d\u2019appartements \u00e0 vendre \u00e0 Saint-Jean-Cap-Ferrat<\/strong>, contactez notre agence immobili\u00e8re pour de plus amples renseignements. Que vous soyez \u00e0 la recherche d\u2019un appartement au 1er \u00e9tage, d\u2019un duplex ou encore d\u2019une villa sur le toit, nos annonces immobili\u00e8res accessibles via notre site web sauront parfaitement r\u00e9pondre \u00e0 toutes vos envies.<\/p>\r\n<p style=\"text-align: justify;\">Vous trouverez l&#8217;<strong>appartement<\/strong> de vos r\u00eaves, avec sa cuisine enti\u00e8rement \u00e9quip\u00e9e, son grand salon ou s\u00e9jour, plusieurs pi\u00e8ces immenses, terrasse et v\u00e9randa etc. Ce sont autant d\u2019atouts que poss\u00e8dent les plus <strong>beaux appartements \u00e0 vendre \u00e0 Saint-Jean-Cap-Ferrat<\/strong>. M\u00eame les demandes les plus exigeantes pourront \u00eatre exauc\u00e9es par notre agence immobili\u00e8re sp\u00e9cialiste du secteur de Saint-Jean-Cap-Ferrat, <u><a href=\"https:\/\/www.agencedumas.fr\/ru\/achat-appartement-beaulieu-sur-mer\/\">Beaulieu-sur-Mer<\/a><\/u> et Villefranche-sur-Mer.<\/p>\r\n<h2 style=\"text-align: justify;\">Informations pratiques sur Saint-Jean-Cap-Ferrat<\/h2>\r\n<p style=\"text-align: justify;\"><strong>Quartiers<\/strong>\u00a0: Le Cap, Le Village, Grasseuil, le Port, La promenade Maurice Rouvier.<br \/><br \/><strong>Lieux<\/strong>\u00a0: Villa David Neven, Le s\u00e9maphore, Le Cap, Plage des fosses et des fossettes, H\u00f4tel \u00ab\u00a0Grand H\u00f4tel du Cap\u00a0\u00bb, H\u00f4tel \u00ab\u00a0La Voile d\u2019Or\u00a0\u00bb, H\u00f4tel \u00ab\u00a0Le Royal Riviera\u00a0\u00bb.<br \/><br \/><strong>Immeubles<\/strong> : Wave 6, Parc Palace Audibert, Residence de Grasseuil, La Scaletta, Saint Jean l\u2019\u00c9glise, Le Mermoz, La Colline, R\u00e9sidence Cap Ferrat, Le Lido.<br \/><br \/><strong>H\u00f4tels<\/strong>\u00a0: Four Season Grand Hotel du Cap, La Voile d\u2019Or, Le Royal Riviera.<\/p>\r\n","protected":false},"excerpt":{"rendered":"<p>Vous souhaitez devenir propri\u00e9taire d\u2019un appartement situ\u00e9 \u00e0 Saint-Jean-Cap-Ferrat\u00a0? Pour trouver l\u2019appartement qui vous convient le mieux, l\u2019agence Dumas s\u00e9lectionnera [&hellip;]<\/p>\n","protected":false},"author":2,"featured_media":0,"parent":0,"menu_order":142,"comment_status":"closed","ping_status":"closed","template":"template-listing.php","meta":{"_acf_changed":false,"footnotes":""},"class_list":["post-1416567","page","type-page","status-publish","hentry"],"acf":[],"yoast_head":"<!-- This site is optimized with the Yoast SEO plugin v26.0 - https:\/\/yoast.com\/wordpress\/plugins\/seo\/ -->\n<title>Vente Appartement Saint-Jean-Cap-Ferrat - Dumas<\/title>\n<meta name=\"robots\" content=\"index, follow, max-snippet:-1, max-image-preview:large, max-video-preview:-1\" \/>\n<link rel=\"canonical\" href=\"https:\/\/www.agencedumas.fr\/achat-appartement-saint-jean-cap-ferrat\/\" \/>\n<meta property=\"og:locale\" content=\"ru_RU\" \/>\n<meta property=\"og:type\" content=\"article\" \/>\n<meta property=\"og:title\" content=\"Vente Appartement Saint-Jean-Cap-Ferrat - Dumas\" \/>\n<meta property=\"og:description\" content=\"Vous souhaitez devenir propri\u00e9taire d\u2019un appartement situ\u00e9 \u00e0 Saint-Jean-Cap-Ferrat\u00a0? Pour trouver l\u2019appartement qui vous convient le mieux, l\u2019agence Dumas s\u00e9lectionnera [&hellip;]\" \/>\n<meta property=\"og:url\" content=\"https:\/\/www.agencedumas.fr\/achat-appartement-saint-jean-cap-ferrat\/\" \/>\n<meta property=\"og:site_name\" content=\"Dumas\" \/>\n<meta property=\"article:publisher\" content=\"https:\/\/www.facebook.com\/Dumas-Realty-100353566141360\/\" \/>\n<meta property=\"article:modified_time\" content=\"2023-09-14T16:12:02+00:00\" \/>\n<meta name=\"twitter:card\" content=\"summary_large_image\" \/>\n<meta name=\"twitter:label1\" content=\"Est. reading time\" \/>\n\t<meta name=\"twitter:data1\" content=\"4 minutes\" \/>\n<script type=\"application\/ld+json\" class=\"yoast-schema-graph\">{\"@context\":\"https:\/\/schema.org\",\"@graph\":[{\"@type\":\"WebPage\",\"@id\":\"https:\/\/www.agencedumas.fr\/achat-appartement-saint-jean-cap-ferrat\/\",\"url\":\"https:\/\/www.agencedumas.fr\/achat-appartement-saint-jean-cap-ferrat\/\",\"name\":\"Vente Appartement Saint-Jean-Cap-Ferrat - Dumas\",\"isPartOf\":{\"@id\":\"https:\/\/www.agencedumas.fr\/#website\"},\"datePublished\":\"2020-04-16T15:28:17+00:00\",\"dateModified\":\"2023-09-14T16:12:02+00:00\",\"inLanguage\":\"ru-RU\",\"potentialAction\":[{\"@type\":\"ReadAction\",\"target\":[\"https:\/\/www.agencedumas.fr\/achat-appartement-saint-jean-cap-ferrat\/\"]}]},{\"@type\":\"WebSite\",\"@id\":\"https:\/\/www.agencedumas.fr\/#website\",\"url\":\"https:\/\/www.agencedumas.fr\/\",\"name\":\"Dumas\",\"description\":\"Agence Immobili\u00e8re Villefranche, Beaulieu et Saint-Jean-Cap-Ferrat\",\"potentialAction\":[{\"@type\":\"SearchAction\",\"target\":{\"@type\":\"EntryPoint\",\"urlTemplate\":\"https:\/\/www.agencedumas.fr\/?s={search_term_string}\"},\"query-input\":{\"@type\":\"PropertyValueSpecification\",\"valueRequired\":true,\"valueName\":\"search_term_string\"}}],\"inLanguage\":\"ru-RU\"}]}<\/script>\n<!-- \/ Yoast SEO plugin. -->","yoast_head_json":{"title":"Vente Appartement Saint-Jean-Cap-Ferrat - Dumas","robots":{"index":"index","follow":"follow","max-snippet":"max-snippet:-1","max-image-preview":"max-image-preview:large","max-video-preview":"max-video-preview:-1"},"canonical":"https:\/\/www.agencedumas.fr\/achat-appartement-saint-jean-cap-ferrat\/","og_locale":"ru_RU","og_type":"article","og_title":"Vente Appartement Saint-Jean-Cap-Ferrat - Dumas","og_description":"Vous souhaitez devenir propri\u00e9taire d\u2019un appartement situ\u00e9 \u00e0 Saint-Jean-Cap-Ferrat\u00a0? Pour trouver l\u2019appartement qui vous convient le mieux, l\u2019agence Dumas s\u00e9lectionnera [&hellip;]","og_url":"https:\/\/www.agencedumas.fr\/achat-appartement-saint-jean-cap-ferrat\/","og_site_name":"Dumas","article_publisher":"https:\/\/www.facebook.com\/Dumas-Realty-100353566141360\/","article_modified_time":"2023-09-14T16:12:02+00:00","twitter_card":"summary_large_image","twitter_misc":{"Est. reading time":"4 minutes"},"schema":{"@context":"https:\/\/schema.org","@graph":[{"@type":"WebPage","@id":"https:\/\/www.agencedumas.fr\/achat-appartement-saint-jean-cap-ferrat\/","url":"https:\/\/www.agencedumas.fr\/achat-appartement-saint-jean-cap-ferrat\/","name":"Vente Appartement Saint-Jean-Cap-Ferrat - Dumas","isPartOf":{"@id":"https:\/\/www.agencedumas.fr\/#website"},"datePublished":"2020-04-16T15:28:17+00:00","dateModified":"2023-09-14T16:12:02+00:00","inLanguage":"ru-RU","potentialAction":[{"@type":"ReadAction","target":["https:\/\/www.agencedumas.fr\/achat-appartement-saint-jean-cap-ferrat\/"]}]},{"@type":"WebSite","@id":"https:\/\/www.agencedumas.fr\/#website","url":"https:\/\/www.agencedumas.fr\/","name":"Dumas","description":"Agence Immobili\u00e8re Villefranche, Beaulieu et Saint-Jean-Cap-Ferrat","potentialAction":[{"@type":"SearchAction","target":{"@type":"EntryPoint","urlTemplate":"https:\/\/www.agencedumas.fr\/?s={search_term_string}"},"query-input":{"@type":"PropertyValueSpecification","valueRequired":true,"valueName":"search_term_string"}}],"inLanguage":"ru-RU"}]}},"_links":{"self":[{"href":"https:\/\/www.agencedumas.fr\/ru\/wp-json\/wp\/v2\/pages\/1416567","targetHints":{"allow":["GET"]}}],"collection":[{"href":"https:\/\/www.agencedumas.fr\/ru\/wp-json\/wp\/v2\/pages"}],"about":[{"href":"https:\/\/www.agencedumas.fr\/ru\/wp-json\/wp\/v2\/types\/page"}],"author":[{"embeddable":true,"href":"https:\/\/www.agencedumas.fr\/ru\/wp-json\/wp\/v2\/users\/2"}],"replies":[{"embeddable":true,"href":"https:\/\/www.agencedumas.fr\/ru\/wp-json\/wp\/v2\/comments?post=1416567"}],"version-history":[{"count":0,"href":"https:\/\/www.agencedumas.fr\/ru\/wp-json\/wp\/v2\/pages\/1416567\/revisions"}],"wp:attachment":[{"href":"https:\/\/www.agencedumas.fr\/ru\/wp-json\/wp\/v2\/media?parent=1416567"}],"curies":[{"name":"wp","href":"https:\/\/api.w.org\/{rel}","templated":true}]}}