{"id":1416568,"date":"2020-04-16T17:26:36","date_gmt":"2020-04-16T15:26:36","guid":{"rendered":"https:\/\/www.agencedumas.fr\/achat-appartement-villefranche-sur-mer\/"},"modified":"2023-09-14T18:12:21","modified_gmt":"2023-09-14T16:12:21","slug":"achat-appartement-villefranche-sur-mer","status":"publish","type":"page","link":"https:\/\/www.agencedumas.fr\/ru\/achat-appartement-villefranche-sur-mer\/","title":{"rendered":"Vente Appartement Villefranche-sur-Mer"},"content":{"rendered":"\r\n<p>Avec un paysage magnifique et une vue unique et imprenable sur la mer, <strong>Villefranche-sur-Mer<\/strong> se d\u00e9couvre comme un tr\u00e9sor. La rade de Villefranche est r\u00e9guli\u00e8rement cit\u00e9e comme une des sept merveilles du monde offrant un panorama exceptionnel et un abri de qualit\u00e9 pour les yachts de luxe. L\u2019agence immobili\u00e8re Dumas propose une s\u00e9lection d\u2019appartements \u00e0 vendre \u00e0 Saint-Jean-Cap-Ferrat, <u><a title=\"Vente Appartements \u00e0 Beaulieu-sur-Mer\" href=\"https:\/\/www.agencedumas.fr\/ru\/achat-appartement-beaulieu-sur-mer\/\">Beaulieu-sur-Mer<\/a><\/u> et Villefranche-sur-Mer, ce trio est appel\u00e9 le \u00ab\u00a0Triangle d\u2019or\u00a0\u00bb.<\/p>\r\n<p style=\"text-align: justify;\">L&#8217;achat d&#8217;un <strong>appartement \u00e0 Villefranche-sur-Mer<\/strong> est une bonne id\u00e9e dans la mesure o\u00f9 la commune est id\u00e9alement situ\u00e9e. En effet, \u00e0 seulement quelques minutes en voiture se trouvent de nombreux sites touristiques comme la Principaut\u00e9 de Monaco, Beaulieu, <u><a title=\"Appartements \u00e0 Saint-Jean-Cap-Ferrat\" href=\"https:\/\/www.agencedumas.fr\/ru\/achat-appartement-saint-jean-cap-ferrat\/\">Saint-Jean-Cap-Ferrat<\/a><\/u> ou la ville de Nice et son a\u00e9roport international. Riche culturellement, Villefranche-sur-Mer propose toute l\u2019ann\u00e9e des attractions tels que des expositions artistiques, des spectacles de musique ou encore des activit\u00e9s sportives.<\/p>\r\n<h2 style=\"text-align: justify;\">Le prix de l\u2019immobilier \u00e0 Villefranche-sur-Mer<\/h2>\r\n<p style=\"text-align: justify;\">V\u00e9ritable site touristique, Villefranche-sur-Mer poss\u00e8de de nombreux atouts pour y vivre toute l\u2019ann\u00e9e. Sur le plan historique, culturel et en mati\u00e8re de paysage, l\u2019emplacement est id\u00e9al. Vous vous demandez alors comment investir avec succ\u00e8s dans l\u2019<strong>immobilier \u00e0 Villefranche-sur-Mer<\/strong>\u00a0?<\/p>\r\n<p style=\"text-align: justify;\"><strong>Acheter un appartement \u00e0 Villefranche-sur-Mer<\/strong> pour y passer ses vacances, pour le louer ou pour y vivre \u00e0 l\u2019ann\u00e9e, est une valeur s\u00fbre. La ville couve \u00e0 la fois une architecture moderne et traditionnelle, ses richesses naturelles et culturelles promettent un cadre de vie agr\u00e9able. Vous \u00eates \u00e0 la recherche d\u2019une ville o\u00f9 la tranquillit\u00e9 et la mer sont au rendez-vous\u00a0?<\/p>\r\n<p style=\"text-align: justify;\">Villefranche-sur-Mer dispose de toutes les commodit\u00e9s, ainsi que des infrastructures de qualit\u00e9 pour une vie dans le confort optimal. Entre ses magnifiques \u00e9difices, son patrimoine historique et culturel, son ancien port de p\u00eache et ses ruelles pittoresques, vous trouverez l\u2019appartement de vos r\u00eaves. Il ne vous reste plus qu\u2019\u00e0 prendre contact avec l\u2019<strong>agence Dumas<\/strong> pour <strong>acheter votre appartement \u00e0 Villefranche-sur-Mer<\/strong>.<\/p>\r\n<p style=\"text-align: justify;\">Villefranche-sur-Mer est un petit paradis sur terre, ses copropri\u00e9t\u00e9s de luxe accueillent des <strong>appartements vue mer<\/strong> de haut standing. Depuis des d\u00e9cennies, nombreuses sont les stars et les personnalit\u00e9s qui ont \u00e9t\u00e9 s\u00e9duites par la beaut\u00e9 de la ville, et qui ont d\u00e9cid\u00e9 d\u2019<strong>acheter un appartement <\/strong>sur place. L\u2019agence Dumas dispose d\u2019un bureau situ\u00e9 au 5, avenue Albert 1er, passez nous voir pour nous pr\u00e9senter votre projet immobilier.<\/p>\r\n<h2 style=\"text-align: justify;\">Acheter un appartement \u00e0 Villefranche-sur-Mer<\/h2>\r\n<p style=\"text-align: justify;\">Situ\u00e9s en hauteur, certains appartements offrent une vue \u00e0 couper le souffle sur les environs et la mer. Le paysage et la tranquillit\u00e9 offerts par les collines de la ville engendrent un cachet incomparable aux appartements qui s\u2019y trouvent. Au centre-ville, comme dans les collines, l\u2019agence Dumas vous propose des appartements \u00e0 vendre de grand standing.<\/p>\r\n<p style=\"text-align: justify;\">Pour l\u2019<strong>achat d\u2019un appartement \u00e0 Villefranche-sur-Mer<\/strong>, b\u00e9n\u00e9ficiez de l\u2019exp\u00e9rience de l\u2019agence Dumas, une agence immobili\u00e8re qui vous fera profiter de sa connaissance du Triangle d\u2019Or. Depuis sa cr\u00e9ation en 1967, notre <strong>agence immobili\u00e8re<\/strong> op\u00e8re principalement \u00e0 Villefranche-sur-Mer, Saint-Jean-Cap-Ferrat et Beaulieu-sur-Mer.<\/p>\r\n<p style=\"text-align: justify;\">La grande connaissance des lieux et la ma\u00eetrise du march\u00e9 de l\u2019immobilier permettent \u00e0 l\u2019agence de proposer en exclusivit\u00e9 des annonces immobili\u00e8res\u00a0: appartement avec vue mer, dernier \u00e9tage, duplex, piscine, grande terrasse, jardin etc.<\/p>\r\n<p style=\"text-align: justify;\">Que ce soit pour un <strong>achat d\u2019une r\u00e9sidence principale<\/strong> ou <strong>secondaire<\/strong>, l\u2019agence Dumas est apte \u00e0 vous trouver l\u2019appartement qui correspond \u00e0 vos attentes et \u00e0 votre budget.<\/p>\r\n<p style=\"text-align: justify;\">Chez l\u2019<strong>agence Dumas<\/strong>, les <strong>appartements propos\u00e9s \u00e0 la vente<\/strong> ont \u00e9t\u00e9 rigoureusement s\u00e9lectionn\u00e9 pour leurs atouts (emplacement, superficie, prestations, terrasse, prix etc). Confiez-nous votre recherche d\u2019appartement, vous serez ainsi certain de r\u00e9ussir votre <strong>projet immobilier<\/strong>.<\/p>\r\n<h2 style=\"text-align: justify;\">Informations utiles sur Villefranche-sur-Mer<\/h2>\r\n<p style=\"text-align: justify;\"><strong>Quartiers<\/strong>\u00a0: L\u2019octroi, Vieux Villefranche, Le Castellet, Moyenne Corniche, La Corne d\u2019Or\u00a0, Les Marini\u00e8res, La darse, Le col de Villefranche.<br \/><br \/><strong>Lieux<\/strong>\u00a0: Chapelle Jean Cocteau, Restaurant \u00ab\u00a0La m\u00e8re Germaine\u00a0\u00bb, Port de la darse, La Citadelle, La Rade de Villefranche, Le point de vue de la moyenne Corniche, La vieille ville, H\u00f4tel Welcome, La Villa Leopolda.<br \/><br \/><strong>Immeubles<\/strong>\u00a0: Le Brasilia, L\u2019Agrianthe, Les Flots Bleus, Les Galets d\u2019or, Les Embruns, Les Hibiscus.<br \/><br \/><strong>H\u00f4tels<\/strong>\u00a0: Le Versaille, Le Welcome.<\/p>\r\n","protected":false},"excerpt":{"rendered":"<p>Avec un paysage magnifique et une vue unique et imprenable sur la mer, Villefranche-sur-Mer se d\u00e9couvre comme un tr\u00e9sor. La [&hellip;]<\/p>\n","protected":false},"author":2,"featured_media":0,"parent":0,"menu_order":151,"comment_status":"closed","ping_status":"closed","template":"template-listing.php","meta":{"_acf_changed":false,"footnotes":""},"class_list":["post-1416568","page","type-page","status-publish","hentry"],"acf":[],"yoast_head":"<!-- This site is optimized with the Yoast SEO plugin v26.0 - https:\/\/yoast.com\/wordpress\/plugins\/seo\/ -->\n<title>Vente Appartement Villefranche-sur-Mer - Dumas<\/title>\n<meta name=\"robots\" content=\"index, follow, max-snippet:-1, max-image-preview:large, max-video-preview:-1\" \/>\n<link rel=\"canonical\" href=\"https:\/\/www.agencedumas.fr\/achat-appartement-villefranche-sur-mer\/\" \/>\n<meta property=\"og:locale\" content=\"ru_RU\" \/>\n<meta property=\"og:type\" content=\"article\" \/>\n<meta property=\"og:title\" content=\"Vente Appartement Villefranche-sur-Mer - Dumas\" \/>\n<meta property=\"og:description\" content=\"Avec un paysage magnifique et une vue unique et imprenable sur la mer, Villefranche-sur-Mer se d\u00e9couvre comme un tr\u00e9sor. La [&hellip;]\" \/>\n<meta property=\"og:url\" content=\"https:\/\/www.agencedumas.fr\/achat-appartement-villefranche-sur-mer\/\" \/>\n<meta property=\"og:site_name\" content=\"Dumas\" \/>\n<meta property=\"article:publisher\" content=\"https:\/\/www.facebook.com\/Dumas-Realty-100353566141360\/\" \/>\n<meta property=\"article:modified_time\" content=\"2023-09-14T16:12:21+00:00\" \/>\n<meta name=\"twitter:card\" content=\"summary_large_image\" \/>\n<meta name=\"twitter:label1\" content=\"Est. reading time\" \/>\n\t<meta name=\"twitter:data1\" content=\"4 minutes\" \/>\n<script type=\"application\/ld+json\" class=\"yoast-schema-graph\">{\"@context\":\"https:\/\/schema.org\",\"@graph\":[{\"@type\":\"WebPage\",\"@id\":\"https:\/\/www.agencedumas.fr\/achat-appartement-villefranche-sur-mer\/\",\"url\":\"https:\/\/www.agencedumas.fr\/achat-appartement-villefranche-sur-mer\/\",\"name\":\"Vente Appartement Villefranche-sur-Mer - Dumas\",\"isPartOf\":{\"@id\":\"https:\/\/www.agencedumas.fr\/#website\"},\"datePublished\":\"2020-04-16T15:26:36+00:00\",\"dateModified\":\"2023-09-14T16:12:21+00:00\",\"inLanguage\":\"ru-RU\",\"potentialAction\":[{\"@type\":\"ReadAction\",\"target\":[\"https:\/\/www.agencedumas.fr\/achat-appartement-villefranche-sur-mer\/\"]}]},{\"@type\":\"WebSite\",\"@id\":\"https:\/\/www.agencedumas.fr\/#website\",\"url\":\"https:\/\/www.agencedumas.fr\/\",\"name\":\"Dumas\",\"description\":\"Agence Immobili\u00e8re Villefranche, Beaulieu et Saint-Jean-Cap-Ferrat\",\"potentialAction\":[{\"@type\":\"SearchAction\",\"target\":{\"@type\":\"EntryPoint\",\"urlTemplate\":\"https:\/\/www.agencedumas.fr\/?s={search_term_string}\"},\"query-input\":{\"@type\":\"PropertyValueSpecification\",\"valueRequired\":true,\"valueName\":\"search_term_string\"}}],\"inLanguage\":\"ru-RU\"}]}<\/script>\n<!-- \/ Yoast SEO plugin. -->","yoast_head_json":{"title":"Vente Appartement Villefranche-sur-Mer - Dumas","robots":{"index":"index","follow":"follow","max-snippet":"max-snippet:-1","max-image-preview":"max-image-preview:large","max-video-preview":"max-video-preview:-1"},"canonical":"https:\/\/www.agencedumas.fr\/achat-appartement-villefranche-sur-mer\/","og_locale":"ru_RU","og_type":"article","og_title":"Vente Appartement Villefranche-sur-Mer - Dumas","og_description":"Avec un paysage magnifique et une vue unique et imprenable sur la mer, Villefranche-sur-Mer se d\u00e9couvre comme un tr\u00e9sor. La [&hellip;]","og_url":"https:\/\/www.agencedumas.fr\/achat-appartement-villefranche-sur-mer\/","og_site_name":"Dumas","article_publisher":"https:\/\/www.facebook.com\/Dumas-Realty-100353566141360\/","article_modified_time":"2023-09-14T16:12:21+00:00","twitter_card":"summary_large_image","twitter_misc":{"Est. reading time":"4 minutes"},"schema":{"@context":"https:\/\/schema.org","@graph":[{"@type":"WebPage","@id":"https:\/\/www.agencedumas.fr\/achat-appartement-villefranche-sur-mer\/","url":"https:\/\/www.agencedumas.fr\/achat-appartement-villefranche-sur-mer\/","name":"Vente Appartement Villefranche-sur-Mer - Dumas","isPartOf":{"@id":"https:\/\/www.agencedumas.fr\/#website"},"datePublished":"2020-04-16T15:26:36+00:00","dateModified":"2023-09-14T16:12:21+00:00","inLanguage":"ru-RU","potentialAction":[{"@type":"ReadAction","target":["https:\/\/www.agencedumas.fr\/achat-appartement-villefranche-sur-mer\/"]}]},{"@type":"WebSite","@id":"https:\/\/www.agencedumas.fr\/#website","url":"https:\/\/www.agencedumas.fr\/","name":"Dumas","description":"Agence Immobili\u00e8re Villefranche, Beaulieu et Saint-Jean-Cap-Ferrat","potentialAction":[{"@type":"SearchAction","target":{"@type":"EntryPoint","urlTemplate":"https:\/\/www.agencedumas.fr\/?s={search_term_string}"},"query-input":{"@type":"PropertyValueSpecification","valueRequired":true,"valueName":"search_term_string"}}],"inLanguage":"ru-RU"}]}},"_links":{"self":[{"href":"https:\/\/www.agencedumas.fr\/ru\/wp-json\/wp\/v2\/pages\/1416568","targetHints":{"allow":["GET"]}}],"collection":[{"href":"https:\/\/www.agencedumas.fr\/ru\/wp-json\/wp\/v2\/pages"}],"about":[{"href":"https:\/\/www.agencedumas.fr\/ru\/wp-json\/wp\/v2\/types\/page"}],"author":[{"embeddable":true,"href":"https:\/\/www.agencedumas.fr\/ru\/wp-json\/wp\/v2\/users\/2"}],"replies":[{"embeddable":true,"href":"https:\/\/www.agencedumas.fr\/ru\/wp-json\/wp\/v2\/comments?post=1416568"}],"version-history":[{"count":0,"href":"https:\/\/www.agencedumas.fr\/ru\/wp-json\/wp\/v2\/pages\/1416568\/revisions"}],"wp:attachment":[{"href":"https:\/\/www.agencedumas.fr\/ru\/wp-json\/wp\/v2\/media?parent=1416568"}],"curies":[{"name":"wp","href":"https:\/\/api.w.org\/{rel}","templated":true}]}}