{"id":1416569,"date":"2020-04-16T17:17:41","date_gmt":"2020-04-16T15:17:41","guid":{"rendered":"https:\/\/www.agencedumas.fr\/achat-villa-beaulieu-sur-mer\/"},"modified":"2023-09-14T18:12:48","modified_gmt":"2023-09-14T16:12:48","slug":"achat-villa-beaulieu-sur-mer","status":"publish","type":"page","link":"https:\/\/www.agencedumas.fr\/ru\/achat-villa-beaulieu-sur-mer\/","title":{"rendered":"Vente Maison Beaulieu-sur-Mer"},"content":{"rendered":"\r\n<p>Vous cherchez une <strong>villa sur la C\u00f4te d\u2019Azur<\/strong>\u00a0? Beaulieu-sur-Mer est un endroit exceptionnel, o\u00f9 mer et montagne sont appel\u00e9es \u00e0 se c\u00f4toyer. Situ\u00e9e dans un cadre hors pair et un rivage pr\u00e9serv\u00e9, <strong>Beaulieu-sur-Mer<\/strong> est situ\u00e9e dans un espace privil\u00e9gi\u00e9e de la C\u00f4te d\u2019Azur, o\u00f9 il fait bon de vivre.<\/p>\r\n<p style=\"text-align: justify;\">Vous avez comme projet d\u2019<strong>acheter une villa \u00e0 Beaulieu-sur-Mer<\/strong> ? Notre agence immobili\u00e8re Dumas vous accompagne depuis 1967 dans votre achat immobilier \u00e0 Beaulieu-sur-Mer et ses alentours (Saint-Jean-Cap-Ferrat, Eze, Villefranche-sur-Mer etc).<\/p>\r\n<h2 style=\"text-align: justify;\">Pourquoi acheter une villa \u00e0 Beaulieu-sur-Mer ?<\/h2>\r\n<p style=\"text-align: justify;\">Le premier atout de Beaulieu-sur-Mer est s\u00fbrement son <strong>architecture<\/strong> unique, dont la ville a h\u00e9rit\u00e9 de son histoire, \u00e0 travers notamment les t\u00eates couronn\u00e9es qui ont autrefois, \u00e0 la Belle \u00c9poque s\u00e9journ\u00e9es \u00e0 cet endroit.<\/p>\r\n<p style=\"text-align: justify;\">Contactez notre \u00e9quipe d<strong>\u2019agent immobilier<\/strong> pour vous accompagner dans l\u2019<strong>achat de votre maison<\/strong>, nous nous ferons un plaisir de vous accompagner \u00e0 chaque \u00e9tape de votre projet immobilier. \u00c0 c\u00f4t\u00e9 de cette richesse architecturale, il s\u2019agit d\u2019une ville riche en d\u00e9cor et en paysage. Beaulieu-sur-Mer est dot\u00e9e de belles plages orn\u00e9es de toute une vari\u00e9t\u00e9 de plantes exotiques qui vivent dans un climat agr\u00e9able.<\/p>\r\n<p style=\"text-align: justify;\">D\u2019ailleurs, Beaulieu-sur-Mer compte des parcs parsem\u00e9s d\u2019oliviers et situ\u00e9s \u00e0 quelques pas seulement de la mer. Pour les amoureux de l\u2019art de vivre et de la belle \u00e9poque, Beaulieu-sur-Mer offre des villas \u00e0 vendre, situ\u00e9es au calme et \u00e0 proximit\u00e9 des commodit\u00e9s (commerces, grands restaurants, plages etc).<\/p>\r\n<p style=\"text-align: justify;\">Par ses nombreux atouts, la ville assure chaque ann\u00e9e la venue de nombreux touristes internationaux, vous pouvez ainsi imaginer acheter une villa dans un <strong>projet d\u2019investissement locatif<\/strong>. Et enfin, on peut \u00e9galement citer les atouts culturels qui font de Beaulieu-sur-Mer, une ville \u00e0 la fois attrayante et dynamique, riche en histoire et en culture.<\/p>\r\n<p style=\"text-align: justify;\">Chaque ann\u00e9e et plus particuli\u00e8rement en septembre, deux festivals ont lieu &#8220;<strong>Les Nuits Guitares<\/strong>&#8221; en juillet et &#8220;<strong>Beaulieu Classic Festival<\/strong>&#8221; \u00e0 Beaulieu-sur-Mer. Nombreux sont \u00e9galement les monuments culturels et historiques qui constitueront un souvenir inoubliable notamment la <strong>Villa K\u00e9rylos<\/strong> par exemple ou encore l\u2019\u00e9glise de La chapelle Santa Maria de Olivo.<\/p>\r\n<p style=\"text-align: justify;\">Par ailleurs, Beaulieu-sur-Mer est une station baln\u00e9aire o\u00f9 de nombreuses activit\u00e9s nautiques sont possibles (ski nautique, plong\u00e9e, location de yachts etc).<\/p>\r\n<h2 style=\"text-align: justify;\">Villas de luxe \u00e0 vendre \u00e0 Beaulieu-sur-Mer<\/h2>\r\n<p style=\"text-align: justify;\">L\u2019<strong>agence immobili\u00e8re Dumas<\/strong>, vous propose en exclusivit\u00e9 des annonces de villas \u00e0 vendre \u00e0 <a title=\"Villas \u00e0 vendre Beaulieu-sur-mer\" href=\"https:\/\/www.agencedumas.fr\/ru\/achat-villa-beaulieu-sur-mer\/\">Beaulieu-sur-Mer<\/a>, Villefranche-sur-Mer ou encore <a title=\"Villas \u00e0 vendre \u00e0 Saint-Jean-Cap-Ferrat\" href=\"https:\/\/www.agencedumas.fr\/ru\/achat-villa-saint-jean-cap-ferrat\/\">Saint-Jean-Cap-Ferrat<\/a>. Le crit\u00e8re le plus important dans l\u2019achat d\u2019un bien immobilier, reste le choix du meilleur emplacement pour votre villa. Si vous cherchez une <strong>villa contemporaine<\/strong>, vous trouverez votre bonheur \u00e0 Beaulieu-sur-Mer.<\/p>\r\n<p style=\"text-align: justify;\">L\u2019agence Dumas Immobilier vous propose des maisons et des villas de charme, perch\u00e9es dans les collines ou implant\u00e9es au c\u0153ur du village. Avec ou sans piscine, <strong>avec un petit ou un grand terrain<\/strong>, de style traditionnel, belle \u00e9poque, art d\u00e9co ou contemporain, vous trouverez votre villa id\u00e9ale avec l\u2019agence immobili\u00e8re Dumas.<\/p>\r\n<p style=\"text-align: justify;\">Vous trouverez aupr\u00e8s de l\u2019<strong>agence Dumas Immobilier<\/strong>, un accompagnement personnalis\u00e9 tout au long de votre processus d\u2019achat. Venez-nous rencontrer au 39, boulevard Marinoni, 06310 Beaulieu-sur-mer, une oreille attentive prendra soin de vous \u00e9couter.<\/p>\r\n<h2 style=\"text-align: justify;\">Informations sur Beaulieu-sur-Mer<\/h2>\r\n<p style=\"text-align: justify;\"><strong>Quartiers :\u00a0 <\/strong>Port de Beaulieu, Place de la Batterie, La Mairie, la Baie des fourmis, la Petite Afrique, la Place du march\u00e9, l\u2019Eglise Anglicane, Bd Edouard 7 et Le casino de Beaulieu.<\/p>\r\n<p style=\"text-align: justify;\"><strong>Lieux\u00a0:<\/strong> Le port de Beaulieu, La rotonde, La Villa K\u00e9rylos, l\u2019H\u00f4tel \u00ab\u00a0La Reserve de Beaulieu\u00a0\u00bb, Le port des Fourmis, L\u2019Eglise Anglicane, le Restaurant \u00ab\u00a0L\u2019African Queen\u00a0\u00bb, Le carroussel sur la place du march\u00e9, La place du march\u00e9 totalement r\u00e9nov\u00e9e, la Promenade Maurice Rouvier.<br \/><br \/><strong>Immeubles :<\/strong> Immeuble le Bristol, La Tonnelle (programme neuf), la Villa Cypa (programme neuf), Le palais des anglais, La villa Borghese, Le Marina, la Victoria Residence, La residence eiffel, La villa Albert, Stella Maris, Isola Bella, Belle Etoile, Le Beaulieu Palace, Le Rambouillet, Le Florida, Le St Michel, Le Bonaparte, Gordon Benett, Villa Floridiana, L\u2019Hermitage, L\u2019Empress, Ann Valery, Le Fragonard, Les Bananiers, Le Miramar, Les Loggias, Le Panoramic, Le Silmar, Le Monte Carlo, Residence l\u2019Elys\u00e9e, l\u2019Helvetia, Villa Themis.<br \/><br \/><strong>H\u00f4tels\u00a0:<\/strong> La r\u00e9serve de Beaulieu, Le Metropole, La Residence Carlton.<\/p>\r\n","protected":false},"excerpt":{"rendered":"<p>Vous cherchez une villa sur la C\u00f4te d\u2019Azur\u00a0? Beaulieu-sur-Mer est un endroit exceptionnel, o\u00f9 mer et montagne sont appel\u00e9es \u00e0 [&hellip;]<\/p>\n","protected":false},"author":2,"featured_media":0,"parent":0,"menu_order":153,"comment_status":"closed","ping_status":"closed","template":"template-listing.php","meta":{"_acf_changed":false,"footnotes":""},"class_list":["post-1416569","page","type-page","status-publish","hentry"],"acf":[],"yoast_head":"<!-- This site is optimized with the Yoast SEO plugin v26.0 - https:\/\/yoast.com\/wordpress\/plugins\/seo\/ -->\n<title>Vente Maison Beaulieu-sur-Mer - Dumas<\/title>\n<meta name=\"robots\" content=\"index, follow, max-snippet:-1, max-image-preview:large, max-video-preview:-1\" \/>\n<link rel=\"canonical\" href=\"https:\/\/www.agencedumas.fr\/achat-villa-beaulieu-sur-mer\/\" \/>\n<meta property=\"og:locale\" content=\"ru_RU\" \/>\n<meta property=\"og:type\" content=\"article\" \/>\n<meta property=\"og:title\" content=\"Vente Maison Beaulieu-sur-Mer - Dumas\" \/>\n<meta property=\"og:description\" content=\"Vous cherchez une villa sur la C\u00f4te d\u2019Azur\u00a0? Beaulieu-sur-Mer est un endroit exceptionnel, o\u00f9 mer et montagne sont appel\u00e9es \u00e0 [&hellip;]\" \/>\n<meta property=\"og:url\" content=\"https:\/\/www.agencedumas.fr\/achat-villa-beaulieu-sur-mer\/\" \/>\n<meta property=\"og:site_name\" content=\"Dumas\" \/>\n<meta property=\"article:publisher\" content=\"https:\/\/www.facebook.com\/Dumas-Realty-100353566141360\/\" \/>\n<meta property=\"article:modified_time\" content=\"2023-09-14T16:12:48+00:00\" \/>\n<meta name=\"twitter:card\" content=\"summary_large_image\" \/>\n<meta name=\"twitter:label1\" content=\"Est. reading time\" \/>\n\t<meta name=\"twitter:data1\" content=\"4 minutes\" \/>\n<script type=\"application\/ld+json\" class=\"yoast-schema-graph\">{\"@context\":\"https:\/\/schema.org\",\"@graph\":[{\"@type\":\"WebPage\",\"@id\":\"https:\/\/www.agencedumas.fr\/achat-villa-beaulieu-sur-mer\/\",\"url\":\"https:\/\/www.agencedumas.fr\/achat-villa-beaulieu-sur-mer\/\",\"name\":\"Vente Maison Beaulieu-sur-Mer - Dumas\",\"isPartOf\":{\"@id\":\"https:\/\/www.agencedumas.fr\/#website\"},\"datePublished\":\"2020-04-16T15:17:41+00:00\",\"dateModified\":\"2023-09-14T16:12:48+00:00\",\"inLanguage\":\"ru-RU\",\"potentialAction\":[{\"@type\":\"ReadAction\",\"target\":[\"https:\/\/www.agencedumas.fr\/achat-villa-beaulieu-sur-mer\/\"]}]},{\"@type\":\"WebSite\",\"@id\":\"https:\/\/www.agencedumas.fr\/#website\",\"url\":\"https:\/\/www.agencedumas.fr\/\",\"name\":\"Dumas\",\"description\":\"Agence Immobili\u00e8re Villefranche, Beaulieu et Saint-Jean-Cap-Ferrat\",\"potentialAction\":[{\"@type\":\"SearchAction\",\"target\":{\"@type\":\"EntryPoint\",\"urlTemplate\":\"https:\/\/www.agencedumas.fr\/?s={search_term_string}\"},\"query-input\":{\"@type\":\"PropertyValueSpecification\",\"valueRequired\":true,\"valueName\":\"search_term_string\"}}],\"inLanguage\":\"ru-RU\"}]}<\/script>\n<!-- \/ Yoast SEO plugin. -->","yoast_head_json":{"title":"Vente Maison Beaulieu-sur-Mer - Dumas","robots":{"index":"index","follow":"follow","max-snippet":"max-snippet:-1","max-image-preview":"max-image-preview:large","max-video-preview":"max-video-preview:-1"},"canonical":"https:\/\/www.agencedumas.fr\/achat-villa-beaulieu-sur-mer\/","og_locale":"ru_RU","og_type":"article","og_title":"Vente Maison Beaulieu-sur-Mer - Dumas","og_description":"Vous cherchez une villa sur la C\u00f4te d\u2019Azur\u00a0? Beaulieu-sur-Mer est un endroit exceptionnel, o\u00f9 mer et montagne sont appel\u00e9es \u00e0 [&hellip;]","og_url":"https:\/\/www.agencedumas.fr\/achat-villa-beaulieu-sur-mer\/","og_site_name":"Dumas","article_publisher":"https:\/\/www.facebook.com\/Dumas-Realty-100353566141360\/","article_modified_time":"2023-09-14T16:12:48+00:00","twitter_card":"summary_large_image","twitter_misc":{"Est. reading time":"4 minutes"},"schema":{"@context":"https:\/\/schema.org","@graph":[{"@type":"WebPage","@id":"https:\/\/www.agencedumas.fr\/achat-villa-beaulieu-sur-mer\/","url":"https:\/\/www.agencedumas.fr\/achat-villa-beaulieu-sur-mer\/","name":"Vente Maison Beaulieu-sur-Mer - Dumas","isPartOf":{"@id":"https:\/\/www.agencedumas.fr\/#website"},"datePublished":"2020-04-16T15:17:41+00:00","dateModified":"2023-09-14T16:12:48+00:00","inLanguage":"ru-RU","potentialAction":[{"@type":"ReadAction","target":["https:\/\/www.agencedumas.fr\/achat-villa-beaulieu-sur-mer\/"]}]},{"@type":"WebSite","@id":"https:\/\/www.agencedumas.fr\/#website","url":"https:\/\/www.agencedumas.fr\/","name":"Dumas","description":"Agence Immobili\u00e8re Villefranche, Beaulieu et Saint-Jean-Cap-Ferrat","potentialAction":[{"@type":"SearchAction","target":{"@type":"EntryPoint","urlTemplate":"https:\/\/www.agencedumas.fr\/?s={search_term_string}"},"query-input":{"@type":"PropertyValueSpecification","valueRequired":true,"valueName":"search_term_string"}}],"inLanguage":"ru-RU"}]}},"_links":{"self":[{"href":"https:\/\/www.agencedumas.fr\/ru\/wp-json\/wp\/v2\/pages\/1416569","targetHints":{"allow":["GET"]}}],"collection":[{"href":"https:\/\/www.agencedumas.fr\/ru\/wp-json\/wp\/v2\/pages"}],"about":[{"href":"https:\/\/www.agencedumas.fr\/ru\/wp-json\/wp\/v2\/types\/page"}],"author":[{"embeddable":true,"href":"https:\/\/www.agencedumas.fr\/ru\/wp-json\/wp\/v2\/users\/2"}],"replies":[{"embeddable":true,"href":"https:\/\/www.agencedumas.fr\/ru\/wp-json\/wp\/v2\/comments?post=1416569"}],"version-history":[{"count":0,"href":"https:\/\/www.agencedumas.fr\/ru\/wp-json\/wp\/v2\/pages\/1416569\/revisions"}],"wp:attachment":[{"href":"https:\/\/www.agencedumas.fr\/ru\/wp-json\/wp\/v2\/media?parent=1416569"}],"curies":[{"name":"wp","href":"https:\/\/api.w.org\/{rel}","templated":true}]}}