{"id":1416570,"date":"2020-04-27T13:07:56","date_gmt":"2020-04-27T11:07:56","guid":{"rendered":"https:\/\/www.agencedumas.fr\/achat-villa-eze\/"},"modified":"2023-09-14T18:13:06","modified_gmt":"2023-09-14T16:13:06","slug":"achat-villa-eze","status":"publish","type":"page","link":"https:\/\/www.agencedumas.fr\/ru\/achat-villa-eze\/","title":{"rendered":"Vente Maison Eze"},"content":{"rendered":"<p>Charmant village nich\u00e9 entre Nice et Monaco, Eze est v\u00e9ritablement l\u2019endroit id\u00e9al pour s\u2019installer. Si vous envisagez d\u2019acheter une maison sur la C\u00f4te d\u2019Azur, vous allez tomber sous le charme de l\u2019environnement naturel et des plages paradisiaques du village d\u2019Eze. Avec son climat ensoleill\u00e9 toute l\u2019ann\u00e9e, Eze fait tr\u00e8s bon vivre avec les diff\u00e9rentes activit\u00e9s et distractions propos\u00e9es. Que vous r\u00eaviez d\u2019une villa contemporaine avec vue sur la mer ou d\u2019une maison traditionnelle au charme proven\u00e7al, vous allez trouver la propri\u00e9t\u00e9 qu\u2019il vous faut gr\u00e2ce \u00e0 l\u2019agence immobili\u00e8re Dumas.<\/p>\n<p>En contactant l\u2019Agence Dumas, vous allez trouver rapidement la maison dont vous avez toujours r\u00eav\u00e9. Nous vous accompagnons \u00e0 chaque \u00e9tape de votre projet immobilier. Toute une \u00e9quipe d\u2019agents immobiliers sera \u00e0 vos c\u00f4t\u00e9s pour vous faire d\u00e9couvrir le foyer id\u00e9al pour vous dans les meilleures conditions, quel que soit votre budget.<\/p>\n<h2>Acheter une maison \u00e0 Eze avec l\u2019agence Dumas<\/h2>\n<p>L\u2019achat d\u2019une\u00a0maison implique plusieurs d\u00e9marches administratives. La recherche en elle-m\u00eame prend beaucoup de temps. C\u2019est la raison pour laquelle faire appel \u00e0 une agence sp\u00e9cialis\u00e9e comme l\u2019Agence Dumas est incontournable. Une \u00e9quipe exp\u00e9riment\u00e9e sera \u00e0 l\u2019\u00e9coute de vos besoins et envies pour que vous puissiez trouver rapidement la maison parfaite pour vous.<\/p>\n<p>Vous cherchez un agent immobilier pour acheter une maison \u00e0 Eze ? Nous sommes \u00e0 votre enti\u00e8re disposition. Nous vous proposerons des maisons qui correspondent \u00e0 votre budget et \u00e0 vos envies : emplacement, style, superficie, parking, nombre de chambres, piscine\u2026 La commune d\u2019Eze compte plusieurs propri\u00e9t\u00e9s \u00e0 vendre, que vous souhaitiez une belle villa vue mer, au c\u0153ur de la ville ou une belle propri\u00e9t\u00e9 isol\u00e9e au c\u0153ur d&#8217;un environnement verdoyant, notre agence immobili\u00e8re vous trouvera votre future maison.<\/p>\n<h2>Agence immobili\u00e8re sp\u00e9cialiste du march\u00e9 immobilier d\u2019Eze<\/h2>\n<p>L\u2019Agence Dumas se pr\u00e9sente comme un alli\u00e9 s\u00e9rieux en qui vous pouvez compter lors de l\u2019achat de votre maison \u00e0 Eze. Notre \u00e9quipe est \u00e0 l\u2019\u00e9coute et gr\u00e2ce \u00e0 nos ann\u00e9es d\u2019exp\u00e9rience, nous pouvons vous proposer les meilleures propri\u00e9t\u00e9s \u00e0 d\u00e9couvrir dans la commune. Par ailleurs, nous allons vous soutenir tout au long des d\u00e9marches administratives li\u00e9es \u00e0 votre achat immobilier. Nous nous occupons de tout pour que l\u2019achat soit une exp\u00e9rience agr\u00e9able pour vous. Nous serons \u00e0 vos c\u00f4t\u00e9s pour la signature du compromis, la r\u00e9alisation de travaux, les d\u00e9tails fiscaux, la constitution de votre dossier de pr\u00eat\u2026<\/p>\n<h2>Vous voulez vendre votre maison \u00e0 Eze\u00a0?<\/h2>\n<p>Vous \u00eates propri\u00e9taire d\u2019une maison \u00e0 Eze et vous d\u00e9sirez la vendre\u2009? L\u2019agence Dumas vous propose ses services pour vendre votre maison \u00e0 Eze dans les meilleures conditions et au meilleur prix. Nos agents immobiliers vous accompagnent dans toutes les d\u00e9marches pour vendre une maison \u00e0 Eze dans les plus brefs d\u00e9lais.<\/p>\n<p>Les agents immobiliers de l\u2019Agence Dumas disposent d\u2019une grande connaissance de la commune et de ses environs et sauront mettre en valeur voter propri\u00e9t\u00e9 pour en tirer le prix le plus juste. Alors, contactez-nous\u00a0pour une estimation au plus juste.<\/p>\n","protected":false},"excerpt":{"rendered":"<p>Charmant village nich\u00e9 entre Nice et Monaco, Eze est v\u00e9ritablement l\u2019endroit id\u00e9al pour s\u2019installer. Si vous envisagez d\u2019acheter une maison [&hellip;]<\/p>\n","protected":false},"author":2,"featured_media":0,"parent":0,"menu_order":158,"comment_status":"closed","ping_status":"closed","template":"template-listing.php","meta":{"_acf_changed":false,"footnotes":""},"class_list":["post-1416570","page","type-page","status-publish","hentry"],"acf":[],"yoast_head":"<!-- This site is optimized with the Yoast SEO plugin v26.0 - https:\/\/yoast.com\/wordpress\/plugins\/seo\/ -->\n<title>Achat Maison Eze &amp; Villa \u00e0 vendre - Dumas Immobilier<\/title>\n<meta name=\"description\" content=\"Vous cherchez \u00e0 acheter une maison \u00e0 Eze ? L&#039;agence Dumas vous propose de magnifiques maisons \u00e0 vendre \u00e0 Eze.\" \/>\n<meta name=\"robots\" content=\"index, follow, max-snippet:-1, max-image-preview:large, max-video-preview:-1\" \/>\n<link rel=\"canonical\" href=\"https:\/\/www.agencedumas.fr\/achat-villa-eze\/\" \/>\n<meta property=\"og:locale\" content=\"ru_RU\" \/>\n<meta property=\"og:type\" content=\"article\" \/>\n<meta property=\"og:title\" content=\"Achat Maison Eze &amp; Villa \u00e0 vendre - Dumas Immobilier\" \/>\n<meta property=\"og:description\" content=\"Vous cherchez \u00e0 acheter une maison \u00e0 Eze ? L&#039;agence Dumas vous propose de magnifiques maisons \u00e0 vendre \u00e0 Eze.\" \/>\n<meta property=\"og:url\" content=\"https:\/\/www.agencedumas.fr\/achat-villa-eze\/\" \/>\n<meta property=\"og:site_name\" content=\"Dumas\" \/>\n<meta property=\"article:publisher\" content=\"https:\/\/www.facebook.com\/Dumas-Realty-100353566141360\/\" \/>\n<meta property=\"article:modified_time\" content=\"2023-09-14T16:13:06+00:00\" \/>\n<meta name=\"twitter:card\" content=\"summary_large_image\" \/>\n<meta name=\"twitter:label1\" content=\"Est. reading time\" \/>\n\t<meta name=\"twitter:data1\" content=\"3 minutes\" \/>\n<script type=\"application\/ld+json\" class=\"yoast-schema-graph\">{\"@context\":\"https:\/\/schema.org\",\"@graph\":[{\"@type\":\"WebPage\",\"@id\":\"https:\/\/www.agencedumas.fr\/achat-villa-eze\/\",\"url\":\"https:\/\/www.agencedumas.fr\/achat-villa-eze\/\",\"name\":\"Achat Maison Eze & Villa \u00e0 vendre - Dumas Immobilier\",\"isPartOf\":{\"@id\":\"https:\/\/www.agencedumas.fr\/#website\"},\"datePublished\":\"2020-04-27T11:07:56+00:00\",\"dateModified\":\"2023-09-14T16:13:06+00:00\",\"description\":\"Vous cherchez \u00e0 acheter une maison \u00e0 Eze ? L'agence Dumas vous propose de magnifiques maisons \u00e0 vendre \u00e0 Eze.\",\"inLanguage\":\"ru-RU\",\"potentialAction\":[{\"@type\":\"ReadAction\",\"target\":[\"https:\/\/www.agencedumas.fr\/achat-villa-eze\/\"]}]},{\"@type\":\"WebSite\",\"@id\":\"https:\/\/www.agencedumas.fr\/#website\",\"url\":\"https:\/\/www.agencedumas.fr\/\",\"name\":\"Dumas\",\"description\":\"Agence Immobili\u00e8re Villefranche, Beaulieu et Saint-Jean-Cap-Ferrat\",\"potentialAction\":[{\"@type\":\"SearchAction\",\"target\":{\"@type\":\"EntryPoint\",\"urlTemplate\":\"https:\/\/www.agencedumas.fr\/?s={search_term_string}\"},\"query-input\":{\"@type\":\"PropertyValueSpecification\",\"valueRequired\":true,\"valueName\":\"search_term_string\"}}],\"inLanguage\":\"ru-RU\"}]}<\/script>\n<!-- \/ Yoast SEO plugin. -->","yoast_head_json":{"title":"Achat Maison Eze & Villa \u00e0 vendre - Dumas Immobilier","description":"Vous cherchez \u00e0 acheter une maison \u00e0 Eze ? L'agence Dumas vous propose de magnifiques maisons \u00e0 vendre \u00e0 Eze.","robots":{"index":"index","follow":"follow","max-snippet":"max-snippet:-1","max-image-preview":"max-image-preview:large","max-video-preview":"max-video-preview:-1"},"canonical":"https:\/\/www.agencedumas.fr\/achat-villa-eze\/","og_locale":"ru_RU","og_type":"article","og_title":"Achat Maison Eze & Villa \u00e0 vendre - Dumas Immobilier","og_description":"Vous cherchez \u00e0 acheter une maison \u00e0 Eze ? L'agence Dumas vous propose de magnifiques maisons \u00e0 vendre \u00e0 Eze.","og_url":"https:\/\/www.agencedumas.fr\/achat-villa-eze\/","og_site_name":"Dumas","article_publisher":"https:\/\/www.facebook.com\/Dumas-Realty-100353566141360\/","article_modified_time":"2023-09-14T16:13:06+00:00","twitter_card":"summary_large_image","twitter_misc":{"Est. reading time":"3 minutes"},"schema":{"@context":"https:\/\/schema.org","@graph":[{"@type":"WebPage","@id":"https:\/\/www.agencedumas.fr\/achat-villa-eze\/","url":"https:\/\/www.agencedumas.fr\/achat-villa-eze\/","name":"Achat Maison Eze & Villa \u00e0 vendre - Dumas Immobilier","isPartOf":{"@id":"https:\/\/www.agencedumas.fr\/#website"},"datePublished":"2020-04-27T11:07:56+00:00","dateModified":"2023-09-14T16:13:06+00:00","description":"Vous cherchez \u00e0 acheter une maison \u00e0 Eze ? L'agence Dumas vous propose de magnifiques maisons \u00e0 vendre \u00e0 Eze.","inLanguage":"ru-RU","potentialAction":[{"@type":"ReadAction","target":["https:\/\/www.agencedumas.fr\/achat-villa-eze\/"]}]},{"@type":"WebSite","@id":"https:\/\/www.agencedumas.fr\/#website","url":"https:\/\/www.agencedumas.fr\/","name":"Dumas","description":"Agence Immobili\u00e8re Villefranche, Beaulieu et Saint-Jean-Cap-Ferrat","potentialAction":[{"@type":"SearchAction","target":{"@type":"EntryPoint","urlTemplate":"https:\/\/www.agencedumas.fr\/?s={search_term_string}"},"query-input":{"@type":"PropertyValueSpecification","valueRequired":true,"valueName":"search_term_string"}}],"inLanguage":"ru-RU"}]}},"_links":{"self":[{"href":"https:\/\/www.agencedumas.fr\/ru\/wp-json\/wp\/v2\/pages\/1416570","targetHints":{"allow":["GET"]}}],"collection":[{"href":"https:\/\/www.agencedumas.fr\/ru\/wp-json\/wp\/v2\/pages"}],"about":[{"href":"https:\/\/www.agencedumas.fr\/ru\/wp-json\/wp\/v2\/types\/page"}],"author":[{"embeddable":true,"href":"https:\/\/www.agencedumas.fr\/ru\/wp-json\/wp\/v2\/users\/2"}],"replies":[{"embeddable":true,"href":"https:\/\/www.agencedumas.fr\/ru\/wp-json\/wp\/v2\/comments?post=1416570"}],"version-history":[{"count":0,"href":"https:\/\/www.agencedumas.fr\/ru\/wp-json\/wp\/v2\/pages\/1416570\/revisions"}],"wp:attachment":[{"href":"https:\/\/www.agencedumas.fr\/ru\/wp-json\/wp\/v2\/media?parent=1416570"}],"curies":[{"name":"wp","href":"https:\/\/api.w.org\/{rel}","templated":true}]}}